{"id":63,"date":"2021-02-09T17:02:26","date_gmt":"2021-02-09T16:02:26","guid":{"rendered":"https:\/\/blogs.uni-bremen.de\/zuhausewaehrendcorona\/?page_id=63"},"modified":"2021-04-14T12:55:32","modified_gmt":"2021-04-14T10:55:32","slug":"einblicke-definitionen-von-zuhause","status":"publish","type":"page","link":"https:\/\/blogs.uni-bremen.de\/zuhausewaehrendcorona\/einblicke-definitionen-von-zuhause\/","title":{"rendered":"Einblicke: Definitionen von Zuhause"},"content":{"rendered":"<blockquote><p>Anna: &#8222;F\u00fcr mich ist zuhause der Ort an dem ich mich am Meisten wohl und geborgen f\u00fchle, an dem ich mich zur\u00fcckziehen und abschalten kann. Aber auch meine Familie f\u00fchlt sich an wie zuhause, auch wenn das keine vier W\u00e4nde sind. Zuhause ist ein Ort und zuhause ist kein Ort. Zuhause ist wo ich ganz ich sein kann und keine Angst vor Verurteilung haben muss und ich mich so ausleben kann wie ich m\u00f6chte.&#8220;<\/p>\n<p>Nele: &#8222;F\u00fcr mich ist mein Zuhause viel mehr als nur ein Ort oder ein Gef\u00fchl. Ich habe mehr als einen Ort an dem ich mich wie zuhause f\u00fchle: bei meiner Mutter in dem Haus in dem ich aufgewachsen bin, in der Wohnung meines Vaters auf Helgoland und jetzt auch in meiner <span style=\"font-size: 14pt\">eigenen kleinen Wohnung mitten in Bremen.<\/span><\/p>\n<p><span style=\"font-size: 14pt\"> Jeder dieser Orte<\/span> f\u00fchlt sich aber ganz anders an, ein Wohlbefinden, dass irgendwie schwer zu definieren ist und f\u00fcr jeden sicherlich ganz anders wahrzunehmen. Manchmal denke ich, dass dieser Ort nicht nur in vier W\u00e4nde einzuschr\u00e4nken ist, auch die Stadt die um einen herum ist, kann dieses heimelige Gef\u00fchl hervorrufen.&#8220;<\/p>\n<p>Saihan: &#8222;Meines Erachtens nach gibt es keine klare, eindeutige Definition f\u00fcr das Zuhause. Das Zuhause muss nicht unbedingt ein Ort, ein Zimmer oder eine Umgebung sein. F\u00fcr mich bedeutet Zuhause, wenn ich bei meinen liebsten Personen bin und ich mich bei denen wohl und sicher f\u00fchle. Mit einem Zuhause verbinde ich Gl\u00fcck und Freude, denn sobald ich diese Emotionen empfinde, bin ich zu hause.&#8220;<\/p>\n<p>Mara: &#8222;Ich habe so zwei Orte, die ich als Zuhause definiere. Bei meiner Mutter, wo ich auch aufgewachsen bin und auf der anderen Seite bei mir in der WG. Ich glaube, dass wo man aufgewachsen ist, das kommt nat\u00fcrlich auf die pers\u00f6nlichen Umst\u00e4nde an, wie das Verh\u00e4ltnis zu den eigenen Eltern ist, aber wenn man sich dort wohlgef\u00fchlt hat, dann wird es immer dieses Gef\u00fchl von Zuhause in einem ausl\u00f6sen. Vermutlich bleibt es dann auch immer \u201edas\u201c Zuhause.&#8220;<\/p>\n<p>Ameel: &#8222;Zuhause kann man nicht einfach so definieren und ich denke, dass jeder das Zuhause anders definiert. Aber meiner Meinung nach ist das Zuhause kein Ort, sondern da, wo die Menschen sind, die man liebt.&#8220;<\/p>\n<p>Jaqueline: &#8222;Ich w\u00fcrde sagen, dass das Zuhause da ist, wo ich mich wohl und sicher f\u00fchle, wo ich die meiste Zeit verbringe.&#8220;<\/p>\n<p>Jenni: &#8222;Ich glaube Zuhause ist tats\u00e4chlich da, wo man sich am wohlsten f\u00fchlt und wo man man selbst sein kann. Also kann das ein Ort sein, aber auch mit bestimmten Menschen zusammenh\u00e4ngen.&#8220;<\/p>\n<p>Martina: &#8220; Ganz eng gefasst ist Zuhause mein Haus. Mein Nest. Das ist der Ort wo ich mich sicher f\u00fchle, wo ich mich wohl f\u00fchle, aber Zuhause ist f\u00fcr mich nicht nur an den Ort gebunden, sondern auch ganz stark an die Menschen, die drum herum sind.&#8220;<\/p><\/blockquote>\n","protected":false},"excerpt":{"rendered":"<p>Anna: &#8222;F\u00fcr mich ist zuhause der Ort an dem ich mich am Meisten wohl und geborgen f\u00fchle, an dem ich mich zur\u00fcckziehen und abschalten kann. Aber auch meine Familie f\u00fchlt sich an wie zuhause, auch wenn das keine vier W\u00e4nde sind. Zuhause ist ein Ort und zuhause ist kein Ort. Zuhause ist wo ich ganz &hellip; <\/p>\n<p class=\"link-more\"><a href=\"https:\/\/blogs.uni-bremen.de\/zuhausewaehrendcorona\/einblicke-definitionen-von-zuhause\/\" class=\"more-link\"><span class=\"screen-reader-text\">\u201eEinblicke: Definitionen von Zuhause\u201c <\/span>weiterlesen<\/a><\/p>\n","protected":false},"author":12730,"featured_media":0,"parent":0,"menu_order":0,"comment_status":"closed","ping_status":"closed","template":"","meta":{"_bbp_topic_count":0,"_bbp_reply_count":0,"_bbp_total_topic_count":0,"_bbp_total_reply_count":0,"_bbp_voice_count":0,"_bbp_anonymous_reply_count":0,"_bbp_topic_count_hidden":0,"_bbp_reply_count_hidden":0,"_bbp_forum_subforum_count":0,"footnotes":""},"class_list":["post-63","page","type-page","status-publish","hentry"],"_links":{"self":[{"href":"https:\/\/blogs.uni-bremen.de\/zuhausewaehrendcorona\/wp-json\/wp\/v2\/pages\/63","targetHints":{"allow":["GET"]}}],"collection":[{"href":"https:\/\/blogs.uni-bremen.de\/zuhausewaehrendcorona\/wp-json\/wp\/v2\/pages"}],"about":[{"href":"https:\/\/blogs.uni-bremen.de\/zuhausewaehrendcorona\/wp-json\/wp\/v2\/types\/page"}],"author":[{"embeddable":true,"href":"https:\/\/blogs.uni-bremen.de\/zuhausewaehrendcorona\/wp-json\/wp\/v2\/users\/12730"}],"replies":[{"embeddable":true,"href":"https:\/\/blogs.uni-bremen.de\/zuhausewaehrendcorona\/wp-json\/wp\/v2\/comments?post=63"}],"version-history":[{"count":6,"href":"https:\/\/blogs.uni-bremen.de\/zuhausewaehrendcorona\/wp-json\/wp\/v2\/pages\/63\/revisions"}],"predecessor-version":[{"id":123,"href":"https:\/\/blogs.uni-bremen.de\/zuhausewaehrendcorona\/wp-json\/wp\/v2\/pages\/63\/revisions\/123"}],"wp:attachment":[{"href":"https:\/\/blogs.uni-bremen.de\/zuhausewaehrendcorona\/wp-json\/wp\/v2\/media?parent=63"}],"curies":[{"name":"wp","href":"https:\/\/api.w.org\/{rel}","templated":true}]}}