{"id":28,"date":"2021-10-21T21:11:33","date_gmt":"2021-10-21T19:11:33","guid":{"rendered":"https:\/\/blogs.uni-bremen.de\/zouera\/?page_id=28"},"modified":"2022-02-03T10:55:23","modified_gmt":"2022-02-03T09:55:23","slug":"ethnoblog-was","status":"publish","type":"page","link":"https:\/\/blogs.uni-bremen.de\/zouera\/","title":{"rendered":"Ethnoblog &#8211; Was?"},"content":{"rendered":"<p>Hallo an Alle die diesen Blog gefunden haben!<\/p>\n<p>Wir studieren Kulturwissenschaft mit verschiedenen Kompliment\u00e4rf\u00e4chern gepaart und haben die Aufgabe aus unserem Tutorium, in einem Blog \u00fcber unsere Gedanken, unser erlangtes Wissen und unsere Empfindungen zu schreiben.<\/p>\n<p>Also: Machen wir das!<\/p>\n<p>&nbsp;<\/p>\n<p>Kurze Vorstellungsrunde unserer Truppe:<\/p>\n<p><strong>Nelli<\/strong><\/p>\n<p>Alter: 21<\/p>\n<p>Wohnsituation: 8er WG im Wohnheim<\/p>\n<p>KF: Wirtschaftswissenschaft<\/p>\n<p>&#8211;\u00a0 gef\u00fchlte Ersti<\/p>\n<p>&nbsp;<\/p>\n<p><strong>Britt<\/strong><\/p>\n<p>Alter: 19<\/p>\n<p>Wohnsituation: WG in Bremerhaven<\/p>\n<p>KF: Kunst, Medien und \u00c4sthetische Bildung<\/p>\n<p>Ersti<\/p>\n<p>&nbsp;<\/p>\n<p><strong>Zouera<\/strong><\/p>\n<p>Alter: 23<\/p>\n<p>Wohnsituation: Seit vier Jahren in Bremen, eigene Wohnung<\/p>\n<p>KF: Kommunikations- und Medienwissenschaft<\/p>\n<p>&#8211; gef\u00fchlte Ersti<\/p>\n<p>&nbsp;<\/p>\n<p><strong>Ella<\/strong><\/p>\n<p>Alter: 21<\/p>\n<p>Wohnsituation: frisch nach Bremen gezogen, eigene Wohnung<\/p>\n<p>KF: Erziehungs- und Bildungswissenschaften<\/p>\n<p>Erstsemstlerin und Erststudentin<\/p>\n","protected":false},"excerpt":{"rendered":"<p>Hallo an Alle die diesen Blog gefunden haben! Wir studieren Kulturwissenschaft mit verschiedenen Kompliment\u00e4rf\u00e4chern gepaart und haben die Aufgabe aus unserem Tutorium, in einem Blog \u00fcber unsere Gedanken, unser erlangtes Wissen und unsere Empfindungen zu schreiben. Also: Machen wir das! &nbsp; Kurze Vorstellungsrunde unserer Truppe: Nelli Alter: 21 Wohnsituation: 8er WG im Wohnheim KF: Wirtschaftswissenschaft [&hellip;]<\/p>\n","protected":false},"author":13618,"featured_media":0,"parent":0,"menu_order":0,"comment_status":"closed","ping_status":"closed","template":"","meta":{"_bbp_topic_count":0,"_bbp_reply_count":0,"_bbp_total_topic_count":0,"_bbp_total_reply_count":0,"_bbp_voice_count":0,"_bbp_anonymous_reply_count":0,"_bbp_topic_count_hidden":0,"_bbp_reply_count_hidden":0,"_bbp_forum_subforum_count":0,"footnotes":""},"class_list":["post-28","page","type-page","status-publish","hentry"],"_links":{"self":[{"href":"https:\/\/blogs.uni-bremen.de\/zouera\/wp-json\/wp\/v2\/pages\/28","targetHints":{"allow":["GET"]}}],"collection":[{"href":"https:\/\/blogs.uni-bremen.de\/zouera\/wp-json\/wp\/v2\/pages"}],"about":[{"href":"https:\/\/blogs.uni-bremen.de\/zouera\/wp-json\/wp\/v2\/types\/page"}],"author":[{"embeddable":true,"href":"https:\/\/blogs.uni-bremen.de\/zouera\/wp-json\/wp\/v2\/users\/13618"}],"replies":[{"embeddable":true,"href":"https:\/\/blogs.uni-bremen.de\/zouera\/wp-json\/wp\/v2\/comments?post=28"}],"version-history":[{"count":10,"href":"https:\/\/blogs.uni-bremen.de\/zouera\/wp-json\/wp\/v2\/pages\/28\/revisions"}],"predecessor-version":[{"id":424,"href":"https:\/\/blogs.uni-bremen.de\/zouera\/wp-json\/wp\/v2\/pages\/28\/revisions\/424"}],"wp:attachment":[{"href":"https:\/\/blogs.uni-bremen.de\/zouera\/wp-json\/wp\/v2\/media?parent=28"}],"curies":[{"name":"wp","href":"https:\/\/api.w.org\/{rel}","templated":true}]}}