{"id":35,"date":"2021-03-25T15:31:17","date_gmt":"2021-03-25T14:31:17","guid":{"rendered":"https:\/\/blogs.uni-bremen.de\/wirsinddieuni\/?page_id=35"},"modified":"2021-04-01T19:12:34","modified_gmt":"2021-04-01T17:12:34","slug":"5-folge","status":"publish","type":"page","link":"https:\/\/blogs.uni-bremen.de\/wirsinddieuni\/5-folge\/","title":{"rendered":"2010er"},"content":{"rendered":"<div class=\"et_d4_element et_pb_section et_pb_section_0  et_pb_css_mix_blend_mode et_section_regular et_block_section\" >\n\t\t\t\t\n\t\t\t\t\n\t\t\t\t\n\t\t\t\t\n\t\t\t\t\n\t\t\t\t\n\t\t\t\t<div class=\"et_d4_element et_pb_row et_pb_row_0  et_pb_css_mix_blend_mode et_block_row\">\n\t\t\t\t<div class=\"et_d4_element et_pb_column_4_4 et_pb_column et_pb_column_0  et_pb_css_mix_blend_mode et-last-child et_block_column\">\n\t\t\t\t\n\t\t\t\t\n\t\t\t\t\n\t\t\t\t\n\t\t\t\t<div class=\"et_pb_module et_d4_element et_pb_text et_pb_text_0  et_pb_text_align_left et_pb_bg_layout_light\">\n\t\t\t\t\n\t\t\t\t\n\t\t\t\t\n\t\t\t\t\n\t\t\t\t<div class=\"et_pb_text_inner\"><h1>5. Folge: 2010er Jahre<\/h1><\/div>\n\t\t\t<\/div><div class=\"et_pb_with_border et_pb_module et_d4_element et_pb_audio_0 et_pb_audio_module clearfix et_pb_bg_layout_dark et_pb_audio_no_image  et_pb_css_mix_blend_mode\">\n\t\t\t\t\n\t\t\t\t\n\t\t\t\t\n\t\t\t\t\n\t\t\t\t\n\t\t\t\t<div class=\"et_pb_audio_module_content et_audio_container\">\n\t\t\t\t\t<h2 class=\"et_pb_module_header\">\u201eKeine Uni dem Rassismus!\u201c \u2013 Populismus und Rechtsextremismus in den 2010ern<\/h2>\n\t\t\t\t\t<p class=\"et_audio_module_meta\">von <strong>Wir sind die Uni - 50 Jahre Aktivismus<\/strong><\/p>\n\t\t\t\t\t<audio class=\"wp-audio-shortcode\" id=\"audio-0-1\" preload=\"none\" style=\"width: 100%;\" controls=\"controls\"><source type=\"audio\/mpeg\" src=\"https:\/\/blogs.uni-bremen.de\/wirsinddieuni\/files\/Folge-5_2010er_final.mp3?_=1\" \/><a href=\"https:\/\/blogs.uni-bremen.de\/wirsinddieuni\/files\/Folge-5_2010er_final.mp3\">https:\/\/blogs.uni-bremen.de\/wirsinddieuni\/files\/Folge-5_2010er_final.mp3<\/a><\/audio>\n\t\t\t\t<\/div>\n\t\t\t<\/div>\n\t\t\t<\/div>\n\t\t\t\t\n\t\t\t\t\n\t\t\t\t\n\t\t\t\t\n\t\t\t<\/div><div class=\"et_d4_element et_pb_row et_pb_row_1  et_pb_css_mix_blend_mode et_block_row\">\n\t\t\t\t<div class=\"et_d4_element et_pb_column_3_5 et_pb_column et_pb_column_1  et_pb_css_mix_blend_mode et_block_column\">\n\t\t\t\t\n\t\t\t\t\n\t\t\t\t\n\t\t\t\t\n\t\t\t\t<div class=\"et_pb_module et_d4_element et_pb_text et_pb_text_1  et_pb_text_align_left et_pb_bg_layout_light\">\n\t\t\t\t\n\t\t\t\t\n\t\t\t\t\n\t\t\t\t\n\t\t\t\t<div class=\"et_pb_text_inner\"><p style=\"text-align: justify\">Die f\u00fcnfte und letzte Folge von \u201cWir sind die Uni!\u201d sprechen wir mit Irina Kyburz \u00fcber die 2010er Jahre. Der Prozess zwischen dem Bremer AStA und dem umstrittenen Historiker J\u00f6rg Baberowski sorgte in ganz Deutschland f\u00fcr Schlagzeilen. Au\u00dferdem kam es zu vermehrten Auseinandersetzungen mit Rechtsextremen. Zum Abschluss der Serie besch\u00e4ftigen wir uns noch mit der Frage, wie es heute um den Aktivismus an der Uni Bremen steht.<\/p><\/div>\n\t\t\t<\/div><div class=\"et_pb_module et_d4_element et_pb_text et_pb_text_2  et_pb_text_align_left et_pb_bg_layout_light\">\n\t\t\t\t\n\t\t\t\t\n\t\t\t\t\n\t\t\t\t\n\t\t\t\t<div class=\"et_pb_text_inner\"><p><strong><\/strong><\/p>\n<p><strong><\/strong><\/p>\n<p><strong><\/strong><\/p>\n<p><strong><\/strong><\/p>\n<p><strong><\/strong><\/p>\n<p><strong><\/strong><\/p>\n<p><strong><\/strong><\/p>\n<p style=\"text-align: right\"><strong>Informationsplakat des Asta Bremen 2017<\/strong><br \/><span style=\"font-size: 10pt\">Zur Verf\u00fcgung gestellt vom Asta Bremen<br \/><\/span><\/p><\/div>\n\t\t\t<\/div>\n\t\t\t<\/div><div class=\"et_d4_element et_pb_column_2_5 et_pb_column et_pb_column_2  et_pb_css_mix_blend_mode et-last-child et_block_column\">\n\t\t\t\t\n\t\t\t\t\n\t\t\t\t\n\t\t\t\t\n\t\t\t\t<div class=\"et_pb_module et_d4_element et_pb_image et_pb_image_0\">\n\t\t\t\t\n\t\t\t\t\n\t\t\t\t\n\t\t\t\t\n\t\t\t\t<a href=\"https:\/\/blogs.uni-bremen.de\/wirsinddieuni\/files\/Baberowski-Bremen_Foto-AStA-Bremen.jpg\" class=\"et_pb_lightbox_image\" title=\"\" data-rel=\"lightbox-image-0\" data-rl_title=\"\" data-rl_caption=\"\"><span class=\"et_pb_image_wrap \"><img loading=\"lazy\" decoding=\"async\" width=\"1150\" height=\"1280\" src=\"https:\/\/blogs.uni-bremen.de\/wirsinddieuni\/files\/Baberowski-Bremen_Foto-AStA-Bremen.jpg\" alt=\"\" title=\"Informationsplakat des Asta Bremen\" srcset=\"https:\/\/blogs.uni-bremen.de\/wirsinddieuni\/files\/Baberowski-Bremen_Foto-AStA-Bremen.jpg 1150w, https:\/\/blogs.uni-bremen.de\/wirsinddieuni\/files\/Baberowski-Bremen_Foto-AStA-Bremen-980x1091.jpg 980w, https:\/\/blogs.uni-bremen.de\/wirsinddieuni\/files\/Baberowski-Bremen_Foto-AStA-Bremen-480x534.jpg 480w\" sizes=\"(min-width: 0px) and (max-width: 480px) 480px, (min-width: 481px) and (max-width: 980px) 980px, (min-width: 981px) 1150px, 100vw\" class=\"wp-image-103\" \/><\/span><\/a>\n\t\t\t<\/div>\n\t\t\t<\/div>\n\t\t\t\t\n\t\t\t\t\n\t\t\t\t\n\t\t\t\t\n\t\t\t<\/div>\n\t\t\t\t\n\t\t\t\t\n\t\t\t<\/div>\n","protected":false},"excerpt":{"rendered":"","protected":false},"author":12905,"featured_media":0,"parent":0,"menu_order":0,"comment_status":"closed","ping_status":"closed","template":"","meta":{"_bbp_topic_count":0,"_bbp_reply_count":0,"_bbp_total_topic_count":0,"_bbp_total_reply_count":0,"_bbp_voice_count":0,"_bbp_anonymous_reply_count":0,"_bbp_topic_count_hidden":0,"_bbp_reply_count_hidden":0,"_bbp_forum_subforum_count":0,"_et_pb_use_builder":"on","_et_pb_old_content":"","_et_gb_content_width":"","footnotes":""},"class_list":["post-35","page","type-page","status-publish","hentry"],"_links":{"self":[{"href":"https:\/\/blogs.uni-bremen.de\/wirsinddieuni\/wp-json\/wp\/v2\/pages\/35","targetHints":{"allow":["GET"]}}],"collection":[{"href":"https:\/\/blogs.uni-bremen.de\/wirsinddieuni\/wp-json\/wp\/v2\/pages"}],"about":[{"href":"https:\/\/blogs.uni-bremen.de\/wirsinddieuni\/wp-json\/wp\/v2\/types\/page"}],"author":[{"embeddable":true,"href":"https:\/\/blogs.uni-bremen.de\/wirsinddieuni\/wp-json\/wp\/v2\/users\/12905"}],"replies":[{"embeddable":true,"href":"https:\/\/blogs.uni-bremen.de\/wirsinddieuni\/wp-json\/wp\/v2\/comments?post=35"}],"version-history":[{"count":10,"href":"https:\/\/blogs.uni-bremen.de\/wirsinddieuni\/wp-json\/wp\/v2\/pages\/35\/revisions"}],"predecessor-version":[{"id":221,"href":"https:\/\/blogs.uni-bremen.de\/wirsinddieuni\/wp-json\/wp\/v2\/pages\/35\/revisions\/221"}],"wp:attachment":[{"href":"https:\/\/blogs.uni-bremen.de\/wirsinddieuni\/wp-json\/wp\/v2\/media?parent=35"}],"curies":[{"name":"wp","href":"https:\/\/api.w.org\/{rel}","templated":true}]}}