{"id":9,"date":"2014-05-14T19:59:08","date_gmt":"2014-05-14T17:59:08","guid":{"rendered":"http:\/\/blogs.uni-bremen.de\/webblognicklas\/?page_id=9"},"modified":"2014-05-14T19:59:08","modified_gmt":"2014-05-14T17:59:08","slug":"meine-bachelorarbeit","status":"publish","type":"page","link":"https:\/\/blogs.uni-bremen.de\/webblognicklas\/meine-bachelorarbeit\/","title":{"rendered":"Meine Bachelorarbeit"},"content":{"rendered":"<p>In meinem Lernprojekt m\u00f6chte ich mich gerne mit der Organisation meiner Bachelorarbeit besch\u00e4ftigen. In diesem Semster werde ich im Fachbereich \u00d6kologie die\u00a0 pH-Wert-Pr\u00e4ferenzen einiger Seggenarten im Bremer Umland untersuchen. D.h. ich werde die Arten suchen, eine Bodenprobe nehmen, diese im Labor auf den ph-Wert untersuchen (ich gucke also, ob der Boden eher sauer oder alkalisch ist) und erstelle dann Grafiken, die zeigen sollen, welchen pH-Wert die Arten bevorzugen.<\/p>\n<p>Da ich beim Schreiben von Hausarbeiten h\u00e4ufig in Zeitnot gerate, habe ich die bef\u00fcrchtung, dass mir das auch bei meiner Bachelorarbeit passieren k\u00f6nnte. Da man eine Bachelorarbeit aber nicht eben schnell in 2-3 Nachtschichten runterschreiben kann, m\u00f6chte ich dieses lernprojekt nutzen, um meine Bachelorarbeit besser zu planen und zu strukturieren. Hinzu kommt, dass ich einige neue Sachen erlernen muss, wie z.B. der Umgang mit speziellen Statistik- und Grafikprogrammen und das schnelle Bestimmen der einzelnen Seggenarten. Darum m\u00f6chte ich das Programm Wunderlist nutzen, um immer einen \u00dcberblick zu haben, was ich noch machen muss und was ich schon erledigt habe.\u00a0 Ich habe mir jetzt erstmal einen groben Zeitplan mit dem Programm erstellt und werde die einzelnen Arbeitsprozesse noch mit Fristen und Erinnerungen versehen, sobald ich den offiziellen Starttermin meiner Arbeit erfahre.<\/p>\n<p>Hier ist eine erste \u00dcbersicht meines Planes:<a href=\"http:\/\/blogs.uni-bremen.de\/webblognicklas\/files\/2014\/05\/Screenshot-4.png\" data-rel=\"lightbox-image-0\" data-rl_title=\"\" data-rl_caption=\"\" title=\"\"><img loading=\"lazy\" decoding=\"async\" class=\"alignnone  wp-image-11\" src=\"http:\/\/blogs.uni-bremen.de\/webblognicklas\/files\/2014\/05\/Screenshot-4-300x122.png\" alt=\"Screenshot (4)\" width=\"502\" height=\"204\" srcset=\"https:\/\/blogs.uni-bremen.de\/webblognicklas\/files\/2014\/05\/Screenshot-4-300x122.png 300w, https:\/\/blogs.uni-bremen.de\/webblognicklas\/files\/2014\/05\/Screenshot-4-1024x419.png 1024w\" sizes=\"auto, (max-width: 502px) 100vw, 502px\" \/><\/a><\/p>\n","protected":false},"excerpt":{"rendered":"<p>In meinem Lernprojekt m\u00f6chte ich mich gerne mit der Organisation meiner Bachelorarbeit besch\u00e4ftigen. In diesem Semster werde ich im Fachbereich \u00d6kologie die\u00a0 pH-Wert-Pr\u00e4ferenzen einiger Seggenarten im Bremer Umland untersuchen. D.h. ich werde die Arten suchen, eine Bodenprobe nehmen, diese im Labor auf den ph-Wert untersuchen (ich gucke also, ob der Boden eher sauer oder alkalisch &hellip; <a href=\"https:\/\/blogs.uni-bremen.de\/webblognicklas\/meine-bachelorarbeit\/\" class=\"more-link\"><span class=\"screen-reader-text\">Meine Bachelorarbeit<\/span> weiterlesen <span class=\"meta-nav\">&rarr;<\/span><\/a><\/p>\n","protected":false},"author":2650,"featured_media":13,"parent":0,"menu_order":0,"comment_status":"open","ping_status":"open","template":"","meta":{"_bbp_topic_count":0,"_bbp_reply_count":0,"_bbp_total_topic_count":0,"_bbp_total_reply_count":0,"_bbp_voice_count":0,"_bbp_anonymous_reply_count":0,"_bbp_topic_count_hidden":0,"_bbp_reply_count_hidden":0,"_bbp_forum_subforum_count":0,"footnotes":"","_links_to":"","_links_to_target":""},"class_list":["post-9","page","type-page","status-publish","has-post-thumbnail","hentry"],"_links":{"self":[{"href":"https:\/\/blogs.uni-bremen.de\/webblognicklas\/wp-json\/wp\/v2\/pages\/9","targetHints":{"allow":["GET"]}}],"collection":[{"href":"https:\/\/blogs.uni-bremen.de\/webblognicklas\/wp-json\/wp\/v2\/pages"}],"about":[{"href":"https:\/\/blogs.uni-bremen.de\/webblognicklas\/wp-json\/wp\/v2\/types\/page"}],"author":[{"embeddable":true,"href":"https:\/\/blogs.uni-bremen.de\/webblognicklas\/wp-json\/wp\/v2\/users\/2650"}],"replies":[{"embeddable":true,"href":"https:\/\/blogs.uni-bremen.de\/webblognicklas\/wp-json\/wp\/v2\/comments?post=9"}],"version-history":[{"count":0,"href":"https:\/\/blogs.uni-bremen.de\/webblognicklas\/wp-json\/wp\/v2\/pages\/9\/revisions"}],"wp:featuredmedia":[{"embeddable":true,"href":"https:\/\/blogs.uni-bremen.de\/webblognicklas\/wp-json\/wp\/v2\/media\/13"}],"wp:attachment":[{"href":"https:\/\/blogs.uni-bremen.de\/webblognicklas\/wp-json\/wp\/v2\/media?parent=9"}],"curies":[{"name":"wp","href":"https:\/\/api.w.org\/{rel}","templated":true}]}}