{"id":414,"date":"2021-03-22T10:33:04","date_gmt":"2021-03-22T09:33:04","guid":{"rendered":"https:\/\/blogs.uni-bremen.de\/verschluesselung\/?page_id=414"},"modified":"2022-10-26T16:05:34","modified_gmt":"2022-10-26T14:05:34","slug":"symmetrisch","status":"publish","type":"page","link":"https:\/\/blogs.uni-bremen.de\/verschluesselung\/grundlagen\/symmetrisch\/","title":{"rendered":"Symmetrische Verschl\u00fcsselung"},"content":{"rendered":"<p><div class=\"et_d4_element et_pb_section et_pb_section_0  et_pb_css_mix_blend_mode et_pb_fullwidth_section et_section_regular et_block_section\" >\n\t\t\t\t\n\t\t\t\t\n\t\t\t\t\n\t\t\t\t\n\t\t\t\t\n\t\t\t\t\n\t\t\t\t<section class=\"et_pb_module et_d4_element et_pb_fullwidth_header et_pb_fullwidth_header_0  et_pb_css_mix_blend_mode et_pb_text_align_left et_pb_bg_layout_dark\">\n\t\t\t\t\n\t\t\t\t\n\t\t\t\t\n\t\t\t\t\n\t\t\t\t<div class=\"et_pb_fullwidth_header_container left\">\n\t\t\t\t\t<div class=\"header-content-container center\">\n\t\t\t\t\t<div class=\"header-content\">\n\t\t\t\t\t\t\n\t\t\t\t\t\t<h1 class=\"et_pb_module_header\">Grundlagen<\/h1>\n\t\t\t\t\t\t<span class=\"et_pb_fullwidth_header_subhead\">Symmetrische Verschl\u00fcsselung<\/span>\n\t\t\t\t\t\t<div class=\"et_pb_header_content_wrapper\"><\/div>\n\t\t\t\t\t\t\n\t\t\t\t\t<\/div>\n\t\t\t\t<\/div>\n\t\t\t\t\t\n\t\t\t\t<\/div>\n\t\t\t\t<div class=\"et_pb_fullwidth_header_overlay\"><\/div>\n\t\t\t\t<div class=\"et_pb_fullwidth_header_scroll\"><\/div>\n\t\t\t<\/section>\n\t\t\t\t\n\t\t\t\t\n\t\t\t<\/div><div class=\"et_d4_element et_pb_section et_pb_section_1  et_pb_css_mix_blend_mode et_pb_fullwidth_section et_section_regular et_block_section\" >\n\t\t\t\t\n\t\t\t\t\n\t\t\t\t\n\t\t\t\t\n\t\t\t\t\n\t\t\t\t\n\t\t\t\t<div class=\"et_pb_module et_d4_element et_pb_fullwidth_image et_pb_fullwidth_image_0\">\n\t\t\t\t\n\t\t\t\t\n\t\t\t\t\n\t\t\t\t\n\t\t\t\t<img loading=\"lazy\" decoding=\"async\" width=\"1999\" height=\"366\" src=\"https:\/\/blogs.uni-bremen.de\/verschluesselung\/files\/freestocks-vcPtHBqHnKk-unsplash_headerzuschnitt_verkleinert.png\" alt=\"\" title=\"freestocks-vcPtHBqHnKk-unsplash_headerzuschnitt_verkleinert\" srcset=\"https:\/\/blogs.uni-bremen.de\/verschluesselung\/files\/freestocks-vcPtHBqHnKk-unsplash_headerzuschnitt_verkleinert.png 1999w, https:\/\/blogs.uni-bremen.de\/verschluesselung\/files\/freestocks-vcPtHBqHnKk-unsplash_headerzuschnitt_verkleinert-1280x234.png 1280w, https:\/\/blogs.uni-bremen.de\/verschluesselung\/files\/freestocks-vcPtHBqHnKk-unsplash_headerzuschnitt_verkleinert-980x179.png 980w, https:\/\/blogs.uni-bremen.de\/verschluesselung\/files\/freestocks-vcPtHBqHnKk-unsplash_headerzuschnitt_verkleinert-480x88.png 480w\" sizes=\"(min-width: 0px) and (max-width: 480px) 480px, (min-width: 481px) and (max-width: 980px) 980px, (min-width: 981px) and (max-width: 1280px) 1280px, (min-width: 1281px) 1999px, 100vw\" class=\"wp-image-339\" \/>\n\t\t\t\n\t\t\t<\/div>\n\t\t\t\t\n\t\t\t\t\n\t\t\t<\/div><div class=\"et_d4_element et_pb_section et_pb_section_2  et_pb_css_mix_blend_mode et_section_specialty et_pb_section--with-menu et_block_section\" >\n\t\t\t\t\n\t\t\t\t\n\t\t\t\t\n\t\t\t\t\n\t\t\t\t\n\t\t\t\t<div class=\"et_pb_row et_block_row et_d4_element\">\n\t\t\t\t<div class=\"et_d4_element et_pb_column_3_4 et_pb_column et_pb_column_0   et_pb_specialty_column  et_pb_css_mix_blend_mode et_block_column\">\n\t\t\t\t\n\t\t\t\t\n\t\t\t\t\n\t\t\t\t\n\t\t\t\t<div class=\"et_d4_element et_pb_row_inner et_pb_row_inner_0  et_pb_css_mix_blend_mode et_block_row\">\n\t\t\t\t<div class=\"et_pb_column et_pb_column_4_4 et_d4_element et_pb_column_inner et_pb_column_inner_0  et_pb_css_mix_blend_mode et-last-child et_block_column\">\n\t\t\t\t\n\t\t\t\t\n\t\t\t\t\n\t\t\t\t\n\t\t\t\t<div class=\"et_pb_module et_d4_element et_pb_text et_pb_text_0  et_pb_text_align_left et_pb_bg_layout_light\">\n\t\t\t\t\n\t\t\t\t\n\t\t\t\t\n\t\t\t\t\n\t\t\t\t<div class=\"et_pb_text_inner\"><p>In Computersystemen werden Daten auf Bin\u00e4rebene verarbeitet, d.h. alle Daten (egal ob Text, Bild, Audio, Computerspiel oder Video) sind f\u00fcr den Computer eine Aneinanderreihung von Nullen und Einsen. Die Zahl 42 im Dezimalsystem entspricht so der 101010 im Bin\u00e4rsystem (siehe auch <a href=\"https:\/\/www.youtube.com\/watch?v=I3-cmqbVF0Y\" target=\"_blank\" rel=\"noopener\">Lehrer Schmidt auf Youtube<\/a>), der Buchstabe D der Folge 0100\u202f0100 und als Kleinbuchstabe d dann 0110 0100 (gem\u00e4\u00df der \u201e<a href=\"https:\/\/de.wikipedia.org\/wiki\/American_Standard_Code_for_Information_Interchange#ASCII-Tabelle\" target=\"_blank\" rel=\"noopener\">ASCII-Tabelle<\/a>\u201c; Siehe auch <a href=\"https:\/\/www.youtube.com\/watch?v=N3ZLZRqAYC0\" target=\"_blank\" rel=\"noopener\">Studyflix auf Youtube<\/a>). Eine Symmetrische Verschl\u00fcsselung kann dabei beispielsweise mit der XOR-Operation durchgef\u00fchrt werden. XOR, auch \u2295, bedeutet, dass zwei Bit (so werden die einzelnen Nullen und Einsen genannt) so verkn\u00fcpft werden, dass aus 1\u22951=0, 0\u22950=0, 1\u22950=1 und 0\u22951=1 entsteht.<\/p>\n<p>Nehmen wir nun die Nachricht \u201eHallo!\u201c und den Schl\u00fcssel \u201eGEHEIM \u201c dann k\u00f6nnen wir wie folgt Verschl\u00fcsseln.<\/p>\n<table>\n<tbody>\n<tr>\n<td width=\"96\"><strong>Klartext<\/strong><\/td>\n<td style=\"text-align: center\" width=\"79\">H<\/td>\n<td style=\"text-align: center\" width=\"79\">a<\/td>\n<td style=\"text-align: center\" width=\"79\">l<\/td>\n<td style=\"text-align: center\" width=\"79\">l<\/td>\n<td style=\"text-align: center\" width=\"79\">o<\/td>\n<td style=\"text-align: center\" width=\"79\">!<\/td>\n<\/tr>\n<tr>\n<td width=\"96\"><strong>Klartext (Bin\u00e4r)<\/strong><\/td>\n<td style=\"text-align: center\" width=\"79\">01001000<\/td>\n<td style=\"text-align: center\" width=\"79\">01100001<\/td>\n<td style=\"text-align: center\" width=\"79\">01101100<\/td>\n<td style=\"text-align: center\" width=\"79\">01101100<\/td>\n<td style=\"text-align: center\" width=\"79\">01101111<\/td>\n<td style=\"text-align: center\" width=\"79\">00100001<\/td>\n<\/tr>\n<tr>\n<td width=\"96\"><strong>Schl\u00fcssel<\/strong><\/td>\n<td style=\"text-align: center\" width=\"79\">G<\/td>\n<td style=\"text-align: center\" width=\"79\">E<\/td>\n<td style=\"text-align: center\" width=\"79\">H<\/td>\n<td style=\"text-align: center\" width=\"79\">E<\/td>\n<td style=\"text-align: center\" width=\"79\">I<\/td>\n<td style=\"text-align: center\" width=\"79\">M<\/td>\n<\/tr>\n<tr>\n<td width=\"96\"><strong>Schl\u00fcssel (Bin\u00e4r)<\/strong><\/td>\n<td style=\"text-align: center\" width=\"79\">01000111<\/td>\n<td style=\"text-align: center\" width=\"79\">01000101<\/td>\n<td style=\"text-align: center\" width=\"79\">01001000<\/td>\n<td style=\"text-align: center\" width=\"79\">01000101<\/td>\n<td style=\"text-align: center\" width=\"79\">01001001<\/td>\n<td style=\"text-align: center\" width=\"79\">01001101<\/td>\n<\/tr>\n<tr>\n<td width=\"96\"><strong>XOR (\u2295) [Geheimtext (Bin\u00e4r)]<\/strong><\/td>\n<td style=\"text-align: center\" width=\"79\">00001111<\/td>\n<td style=\"text-align: center\" width=\"79\">00100100<\/td>\n<td style=\"text-align: center\" width=\"79\">00100100<\/td>\n<td style=\"text-align: center\" width=\"79\">00101001<\/td>\n<td style=\"text-align: center\" width=\"79\">00100110<\/td>\n<td style=\"text-align: center\" width=\"79\">01101100<\/td>\n<\/tr>\n<tr>\n<td width=\"96\"><strong>XOR (\u2295) [Geheimtext (ASCII)]<\/strong><\/td>\n<td style=\"text-align: center\" width=\"79\">\u00a0<\/td>\n<td style=\"text-align: center\" width=\"79\">$<\/td>\n<td style=\"text-align: center\" width=\"79\">$<\/td>\n<td style=\"text-align: center\" width=\"79\">)<\/td>\n<td style=\"text-align: center\" width=\"79\">&amp;<\/td>\n<td style=\"text-align: center\" width=\"79\">l<\/td>\n<\/tr>\n<\/tbody>\n<\/table>\n<p>Wie in der Tabelle zu sehen l\u00e4sst sich nicht jedes verschl\u00fcsselte Ergebnis wieder als Text darstellen - das ist aber auch nicht Schlimm: F\u00fcr den Computer und die \u00dcbertragung bspw. durch das Internet ist nur der Bin\u00e4rcode relevant. Nun kann das Gegen\u00fcber mit dem selben Schl\u00fcssel den Klartext wiederherstellen. Daher nennt man diese Verschl\u00fcsselung, wie auch die Caesar-Chiffre im vorherigen Abschnitt, symmetrisch.<\/p>\n<table>\n<tbody>\n<tr>\n<td width=\"91\"><strong>Geheimtext (Bin\u00e4r)<\/strong><\/td>\n<td style=\"text-align: center\" width=\"79\">00001111<\/td>\n<td style=\"text-align: center\" width=\"79\">00100100<\/td>\n<td style=\"text-align: center\" width=\"79\">00100100<\/td>\n<td style=\"text-align: center\" width=\"79\">00101001<\/td>\n<td style=\"text-align: center\" width=\"79\">00100110<\/td>\n<td style=\"text-align: center\" width=\"79\">01101100<\/td>\n<\/tr>\n<tr>\n<td width=\"91\"><strong>Schl\u00fcssel<\/strong><\/td>\n<td style=\"text-align: center\" width=\"79\">G<\/td>\n<td style=\"text-align: center\" width=\"79\">E<\/td>\n<td style=\"text-align: center\" width=\"79\">H<\/td>\n<td style=\"text-align: center\" width=\"79\">E<\/td>\n<td style=\"text-align: center\" width=\"79\">I<\/td>\n<td style=\"text-align: center\" width=\"79\">M<\/td>\n<\/tr>\n<tr>\n<td width=\"91\"><strong>Schl\u00fcssel (Bin\u00e4r)<\/strong><\/td>\n<td style=\"text-align: center\" width=\"79\">01000111<\/td>\n<td style=\"text-align: center\" width=\"79\">01000101<\/td>\n<td style=\"text-align: center\" width=\"79\">01001000<\/td>\n<td style=\"text-align: center\" width=\"79\">01000101<\/td>\n<td style=\"text-align: center\" width=\"79\">01001001<\/td>\n<td style=\"text-align: center\" width=\"79\">01001101<\/td>\n<\/tr>\n<tr>\n<td width=\"91\"><strong>XOR (\u2295) [Klartext (Bin\u00e4r)]<\/strong><\/td>\n<td style=\"text-align: center\" width=\"79\">01001000<\/td>\n<td style=\"text-align: center\" width=\"79\">01100001<\/td>\n<td style=\"text-align: center\" width=\"79\">01101100<\/td>\n<td style=\"text-align: center\" width=\"79\">01101100<\/td>\n<td style=\"text-align: center\" width=\"79\">01101111<\/td>\n<td style=\"text-align: center\" width=\"79\">00100001<\/td>\n<\/tr>\n<tr>\n<td width=\"91\"><strong>XOR (\u2295) [Klartext (ASCII)]<\/strong><\/td>\n<td style=\"text-align: center\" width=\"79\">H<\/td>\n<td style=\"text-align: center\" width=\"79\">a<\/td>\n<td style=\"text-align: center\" width=\"79\">l<\/td>\n<td style=\"text-align: center\" width=\"79\">l<\/td>\n<td style=\"text-align: center\" width=\"79\">o<\/td>\n<td style=\"text-align: center\" width=\"79\">!<\/td>\n<\/tr>\n<\/tbody>\n<\/table>\n<p>&nbsp;<\/p><\/div>\n\t\t\t<\/div><div class=\"et_pb_module et_d4_element et_pb_text et_pb_text_1  et_pb_text_align_left et_pb_bg_layout_light\">\n\t\t\t\t\n\t\t\t\t\n\t\t\t\t\n\t\t\t\t\n\t\t\t\t<div class=\"et_pb_text_inner\"><p>Diese Art der Verschl\u00fcsselung hat noch immer die Nachteile, dass die L\u00e4nge des Klartextes aus dem Geheimtext bekannt ist. Au\u00dferdem muss der Schl\u00fcssel z.B. Wiederholt werden um Lange Nachrichten wie \u201eHallo, diese Nachricht soll geheim bleiben!\u201c zu Verschl\u00fcsseln. Nach dem obigen Schema k\u00f6nnte man weiterhin den Schl\u00fcssel \u201eGEHEIM\u201c verwenden indem er einfach bis zur L\u00e4nge des Klartextes (43 Zeichen) wiederholt wird: \u201eGEHEIMGEHEIMGEHEIMGEHEIMGEHEIMGEHEIMGEHEIMG\u201c. Das ist auch nicht ideal. Es gibt daher in der Praxis relevante Verfahren wie AES (<em>Advanced Encryption Standard<\/em>) die einen Klartext in Bl\u00f6cke zu bspw. 128 Bit (also 16 Zeichen) aufteilen und durch so genanntes \u201ePadding\u201c zu kurze Klartexte auf ein Vielfaches von 16 Zeichen auff\u00fcllen. Au\u00dferdem sind dabei die Operationen zum Verschl\u00fcsseln und Entschl\u00fcsseln komplexer als das im vorherigen Beispiel verwendete XOR.<\/p>\n<p>Gleich ist diesen Verfahren, dass sie einen gemeinsamen Schl\u00fcsseln wenden, der nur den Gespr\u00e4chspartnern bekannt und dar\u00fcber hinaus privat ist. Es bleiben dabei einige Fragen:<\/p>\n<ul>\n<li>Wie tauscht man einen solchen Schl\u00fcssel aus bzw. einigt sich auf einen Schl\u00fcssel?<\/li>\n<li>Wenn mehrere Menschen oder Systeme miteinander verschl\u00fcsselt kommunizieren sollen und dabei jeweils zwei einen gemeinsamen geheimen Schl\u00fcssel ben\u00f6tigen, wie viele Schl\u00fcssel braucht man dann?<\/li>\n<li>Was passiert, wenn aus einer Kommunikation einmal der Schl\u00fcssel \u00f6ffentlich bekannt wird?<\/li>\n<\/ul>\n<p>Die Frage nach der ben\u00f6tigten Anzahl an Schl\u00fcsseln l\u00e4sst sich einfach beantworten, jeweils zwei Teilnehmer ben\u00f6tigen einen geheimen Schl\u00fcssel sodass jeder Teilnehmer einen gemeinsamen Schl\u00fcssel mit jedem anderen Teilnehmer hat. Das bedeutet also, dass 2 Teilnehmer (Alice und Bob) einen Schl\u00fcssel brauchen, 3 Teilnehmer (Alice, Bob und Charly) dann schon 3 Schl\u00fcssel (A-B, B-C, A-C) ben\u00f6tigen, usw.<\/p>\n<p>Bei 6 Teilnehmern wird das schon etwas weniger \u00fcberschaubar - im folgenden Bild sind die dabei ben\u00f6tigten 15 Schl\u00fcssel als Linien zwischen den Teilnehmern markiert.<\/p>\n<p><a href=\"https:\/\/commons.wikimedia.org\/wiki\/File:FullMeshNetwork.svg\" target=\"_blank\" rel=\"noopener\"><img decoding=\"async\" class=\"aligncenter\" src=\"https:\/\/upload.wikimedia.org\/wikipedia\/commons\/thumb\/b\/b8\/FullMeshNetwork.svg\/1200px-FullMeshNetwork.svg.png\" alt=\"Schaubild mit 6 Teilnehmern und 15 Schl\u00fcsseln.\" width=\"600\" \/><\/a><\/p><\/div>\n\t\t\t<\/div><div class=\"et_pb_module et_d4_element et_pb_text et_pb_text_2  et_pb_text_align_left et_pb_bg_layout_light\">\n\t\t\t\t\n\t\t\t\t\n\t\t\t\t\n\t\t\t\t\n\t\t\t\t<div class=\"et_pb_text_inner\"><p><code><div class=\"h5p-iframe-wrapper\"><iframe id=\"h5p-iframe-6\" class=\"h5p-iframe\" data-content-id=\"6\" style=\"height:1px\" src=\"about:blank\" frameBorder=\"0\" scrolling=\"no\" title=\"Symmetrische Verschl\u00fcsselung\"><\/iframe><\/div><\/code><\/p><\/div>\n\t\t\t<\/div>\n\t\t\t<\/div>\n\t\t\t\t\n\t\t\t\t\n\t\t\t\t\n\t\t\t\t\n\t\t\t<\/div>\n\t\t\t<\/div><div class=\"et_d4_element et_pb_column_1_4 et_pb_column et_pb_column_1    et_pb_css_mix_blend_mode et_pb_column--with-menu et_block_column\">\n\t\t\t\t\n\t\t\t\t\n\t\t\t\t\n\t\t\t\t\n\t\t\t\t<div class=\"et_pb_module et_d4_element et_pb_menu et_pb_menu_0 et_pb_menu_vert et_pb_bg_layout_light  et_pb_text_align_left et_dropdown_animation_fade et_pb_menu--without-logo et_pb_menu--style-left_aligned\">\n\t\t\t\t\t\n\t\t\t\t\t\n\t\t\t\t\t\n\t\t\t\t\t\n\t\t\t\t\t<div class=\"et_pb_menu_inner_container clearfix\">\n\t\t\t\t\t\t\n\t\t\t\t\t\t<div class=\"et_pb_menu__wrap\">\n\t\t\t\t\t\t\t<div class=\"et_pb_menu__menu\">\n\t\t\t\t\t\t\t\t<nav class=\"et-menu-nav\"><ul id=\"menu-grundlagen\" class=\"et-menu nav\"><li id=\"menu-item-304\" class=\"et_pb_menu_page_id-200 menu-item menu-item-type-post_type menu-item-object-page menu-item-304\"><a href=\"https:\/\/blogs.uni-bremen.de\/verschluesselung\/grundlagen\/\">1. Einf\u00fchrung<\/a><\/li>\n<li id=\"menu-item-314\" class=\"et_pb_menu_page_id-294 menu-item menu-item-type-post_type menu-item-object-page menu-item-314\"><a href=\"https:\/\/blogs.uni-bremen.de\/verschluesselung\/grundlagen\/caesar\/\">2. Caesar-Chiffre<\/a><\/li>\n<li id=\"menu-item-421\" class=\"et_pb_menu_page_id-414 menu-item menu-item-type-post_type menu-item-object-page menu-item-421\"><a href=\"https:\/\/blogs.uni-bremen.de\/verschluesselung\/grundlagen\/symmetrisch\/\">3. Symmetrische Verschl\u00fcsselung<\/a><\/li>\n<li id=\"menu-item-505\" class=\"et_pb_menu_page_id-496 menu-item menu-item-type-post_type menu-item-object-page menu-item-505\"><a href=\"https:\/\/blogs.uni-bremen.de\/verschluesselung\/grundlagen\/diffie-hellman-schluesseltausch\/\">4. Diffie-Hellman-Schl\u00fcsseltausch<\/a><\/li>\n<\/ul><\/nav>\n\t\t\t\t\t\t\t<\/div>\n\t\t\t\t\t\t\t\n\t\t\t\t\t\t\t\n\t\t\t\t\t\t\t<div class=\"et_mobile_nav_menu\">\n\t\t\t\t<div class=\"mobile_nav closed\">\n\t\t\t\t\t<span class=\"mobile_menu_bar\"><\/span>\n\t\t\t\t<\/div>\n\t\t\t<\/div>\n\t\t\t\t\t\t<\/div>\n\t\t\t\t\t\t\n\t\t\t\t\t<\/div>\n\t\t\t\t<\/div><div class=\"et_pb_module et_d4_element et_pb_text et_pb_text_3  et_pb_text_align_left et_pb_bg_layout_light\">\n\t\t\t\t\n\t\t\t\t\n\t\t\t\t\n\t\t\t\t\n\t\t\t\t<div class=\"et_pb_text_inner\"><p>Lizenz: <a href=\"https:\/\/creativecommons.org\/licenses\/by\/4.0\/\" target=\"_blank\" rel=\"noopener\">CC BY 4.0 International<\/a><br \/>Autor: Dennis Sch\u00fcrholz<br \/>Diese Lizenzangabe bezieht sich ausschlie\u00dflich auf diese Unterseite. Allgemeine Angaben sind <a href=\"https:\/\/blogs.uni-bremen.de\/verschluesselung\/lizenzen\/\">hier<\/a> zu finden.<\/p><\/div>\n\t\t\t<\/div>\n\t\t\t<\/div>\n\t\t\t\t<\/div>\n\t\t\t\t\n\t\t\t<\/div><div class=\"et_d4_element et_pb_section et_pb_section_3  et_pb_css_mix_blend_mode et_section_regular et_block_section\" >\n\t\t\t\t\n\t\t\t\t\n\t\t\t\t\n\t\t\t\t\n\t\t\t\t\n\t\t\t\t\n\t\t\t\t<div class=\"et_d4_element et_pb_row et_pb_row_0  et_pb_css_mix_blend_mode et_block_row\">\n\t\t\t\t<div class=\"et_d4_element et_pb_column_4_4 et_pb_column et_pb_column_2  et_pb_css_mix_blend_mode et-last-child et_block_column\">\n\t\t\t\t\n\t\t\t\t\n\t\t\t\t\n\t\t\t\t\n\t\t\t\t<div class=\"et_pb_module et_d4_element et_pb_divider et_pb_divider_0 et_pb_space\"><div class=\"et_pb_divider_internal\"><\/div><\/div>\n\t\t\t<\/div>\n\t\t\t\t\n\t\t\t\t\n\t\t\t\t\n\t\t\t\t\n\t\t\t<\/div><div class=\"et_d4_element et_pb_row et_pb_row_1  et_pb_css_mix_blend_mode et_block_row\">\n\t\t\t\t<div class=\"et_d4_element et_pb_column_1_4 et_pb_column et_pb_column_3  et_pb_css_mix_blend_mode et_block_column\">\n\t\t\t\t\n\t\t\t\t\n\t\t\t\t\n\t\t\t\t\n\t\t\t\t<div class=\"et_pb_module et_d4_element et_pb_text et_pb_text_4 et_clickable  et_pb_text_align_left et_pb_bg_layout_light\">\n\t\t\t\t\n\t\t\t\t\n\t\t\t\t\n\t\t\t\t\n\t\t\t\t<div class=\"et_pb_text_inner\"><p style=\"text-align: center\"><strong>Hier geht deine Entdeckungsreise weiter im n\u00e4chsten Abschnitt!<\/strong><\/p><\/div>\n\t\t\t<\/div>\n\t\t\t<\/div><div class=\"et_d4_element et_pb_column_1_4 et_pb_column et_pb_column_4  et_pb_css_mix_blend_mode et_block_column\">\n\t\t\t\t\n\t\t\t\t\n\t\t\t\t\n\t\t\t\t\n\t\t\t\t<div class=\"et_pb_module et_d4_element et_pb_text et_pb_text_5 et_clickable  et_pb_text_align_left et_pb_bg_layout_light\">\n\t\t\t\t\n\t\t\t\t\n\t\t\t\t\n\t\t\t\t\n\t\t\t\t<div class=\"et_pb_text_inner\"><p style=\"text-align: center\"><strong>Hier gelangst du zum vorherigen Thema: <\/strong><strong>\"Warum verschl\u00fcsseln?\"!<\/strong><\/p><\/div>\n\t\t\t<\/div>\n\t\t\t<\/div><div class=\"et_d4_element et_pb_column_1_4 et_pb_column et_pb_column_5  et_pb_css_mix_blend_mode et_block_column\">\n\t\t\t\t\n\t\t\t\t\n\t\t\t\t\n\t\t\t\t\n\t\t\t\t<div class=\"et_pb_module et_d4_element et_pb_text et_pb_text_6 et_clickable  et_pb_text_align_left et_pb_bg_layout_light\">\n\t\t\t\t\n\t\t\t\t\n\t\t\t\t\n\t\t\t\t\n\t\t\t\t<div class=\"et_pb_text_inner\"><p style=\"text-align: center\"><strong>Du befindest dich im zweiten Modul: \"Grundlagen\"<\/strong><\/p><\/div>\n\t\t\t<\/div>\n\t\t\t<\/div><div class=\"et_d4_element et_pb_column_1_4 et_pb_column et_pb_column_6  et_pb_css_mix_blend_mode et-last-child et_block_column\">\n\t\t\t\t\n\t\t\t\t\n\t\t\t\t\n\t\t\t\t\n\t\t\t\t<div class=\"et_pb_module et_d4_element et_pb_text et_pb_text_7 et_clickable  et_pb_text_align_left et_pb_bg_layout_light\">\n\t\t\t\t\n\t\t\t\t\n\t\t\t\t\n\t\t\t\t\n\t\t\t\t<div class=\"et_pb_text_inner\"><p style=\"text-align: center\"><strong>Hier gelangst du direkt zum letzten Thema: \"Anwendung im Alltag\"!<\/strong><\/p><\/div>\n\t\t\t<\/div>\n\t\t\t<\/div>\n\t\t\t\t\n\t\t\t\t\n\t\t\t\t\n\t\t\t\t\n\t\t\t<\/div>\n\t\t\t\t\n\t\t\t\t\n\t\t\t<\/div><\/p>\n","protected":false},"excerpt":{"rendered":"","protected":false},"author":3102,"featured_media":0,"parent":200,"menu_order":0,"comment_status":"closed","ping_status":"closed","template":"","meta":{"_bbp_topic_count":0,"_bbp_reply_count":0,"_bbp_total_topic_count":0,"_bbp_total_reply_count":0,"_bbp_voice_count":0,"_bbp_anonymous_reply_count":0,"_bbp_topic_count_hidden":0,"_bbp_reply_count_hidden":0,"_bbp_forum_subforum_count":0,"_et_pb_use_builder":"on","_et_pb_old_content":"","_et_gb_content_width":"","footnotes":""},"class_list":["post-414","page","type-page","status-publish","hentry"],"_links":{"self":[{"href":"https:\/\/blogs.uni-bremen.de\/verschluesselung\/wp-json\/wp\/v2\/pages\/414","targetHints":{"allow":["GET"]}}],"collection":[{"href":"https:\/\/blogs.uni-bremen.de\/verschluesselung\/wp-json\/wp\/v2\/pages"}],"about":[{"href":"https:\/\/blogs.uni-bremen.de\/verschluesselung\/wp-json\/wp\/v2\/types\/page"}],"author":[{"embeddable":true,"href":"https:\/\/blogs.uni-bremen.de\/verschluesselung\/wp-json\/wp\/v2\/users\/3102"}],"replies":[{"embeddable":true,"href":"https:\/\/blogs.uni-bremen.de\/verschluesselung\/wp-json\/wp\/v2\/comments?post=414"}],"version-history":[{"count":10,"href":"https:\/\/blogs.uni-bremen.de\/verschluesselung\/wp-json\/wp\/v2\/pages\/414\/revisions"}],"predecessor-version":[{"id":511,"href":"https:\/\/blogs.uni-bremen.de\/verschluesselung\/wp-json\/wp\/v2\/pages\/414\/revisions\/511"}],"up":[{"embeddable":true,"href":"https:\/\/blogs.uni-bremen.de\/verschluesselung\/wp-json\/wp\/v2\/pages\/200"}],"wp:attachment":[{"href":"https:\/\/blogs.uni-bremen.de\/verschluesselung\/wp-json\/wp\/v2\/media?parent=414"}],"curies":[{"name":"wp","href":"https:\/\/api.w.org\/{rel}","templated":true}]}}