{"id":73,"date":"2016-08-10T11:02:08","date_gmt":"2016-08-10T09:02:08","guid":{"rendered":"https:\/\/blogs.uni-bremen.de\/varieties\/?page_id=73"},"modified":"2021-05-31T08:43:01","modified_gmt":"2021-05-31T06:43:01","slug":"projektteam","status":"publish","type":"page","link":"https:\/\/blogs.uni-bremen.de\/varieties\/projektteam\/","title":{"rendered":"Projektteam"},"content":{"rendered":"<p><strong>AntragstellerInnen<\/strong><\/p>\n<ul>\n<li style=\"text-align: left\"><a href=\"http:\/\/www.fb10.uni-bremen.de\/lehrpersonal\/callies.aspx\" target=\"_blank\" rel=\"noopener noreferrer\">Prof. Dr. Marcus Callies<\/a> (Englische Sprachwissenschaft, FB 10 der Universit\u00e4t Bremen)<\/li>\n<li style=\"text-align: left\"><a href=\"http:\/\/www.fb10.uni-bremen.de\/lehrpersonal\/haase.aspx\" target=\"_blank\" rel=\"noopener noreferrer\">Heather Haase<\/a> (Fremdsprachendidaktik Englisch, FB 10 der Universit\u00e4t Bremen;\u00a0 Englischlehrerin am Schulzentrum Walle, Bremen)<\/li>\n<li style=\"text-align: left\"><a href=\"http:\/\/www.fb10.uni-bremen.de\/lehrpersonal\/wiemeyer.aspx\" target=\"_blank\" rel=\"noopener noreferrer\">Leonie Wiemeyer<\/a> (Englische Sprachwissenschaft, FB 10 der Universit\u00e4t Bremen)<\/li>\n<\/ul>\n<p><strong>Projektmitarbeiterin \/ Promovendin<br \/>\n<\/strong><\/p>\n<ul>\n<li><a href=\"http:\/\/www.fb10.uni-bremen.de\/lehrpersonal\/hehner.aspx\" target=\"_blank\" rel=\"noopener noreferrer\">Stefanie Hehner<\/a> (Englische Sprachwissenschaft, FB 10 der Universit\u00e4t Bremen)<\/li>\n<\/ul>\n<p><strong>studentische Hilfskr\u00e4fte<br \/>\n<\/strong><\/p>\n<ul>\n<li>Sandra Boateng; fr\u00fchere Hilfskr\u00e4fte: Anna Lingemann-K\u00f6nig, Helena Gaubiz, Marie K\u00fchl<\/li>\n<\/ul>\n<p><strong>derzeitige Partnerschulen<\/strong><\/p>\n<ul>\n<li><a href=\"https:\/\/www.rockwinkel.schule.bremen.de\" target=\"_blank\" rel=\"noopener noreferrer\">Oberschule Rockwinkel<\/a><\/li>\n<li><a href=\"http:\/\/www.sz-ronzelen.de\/\" target=\"_blank\" rel=\"noopener noreferrer\">Oberschule Ronzelenstrasse<\/a><\/li>\n<li><a href=\"http:\/\/szwalle.de\/gymnasium\/\" target=\"_blank\" rel=\"noopener noreferrer\">Schulzentrum Walle<\/a><\/li>\n<\/ul>\n","protected":false},"excerpt":{"rendered":"<p>AntragstellerInnen Prof. Dr. Marcus Callies (Englische Sprachwissenschaft, FB 10 der Universit\u00e4t Bremen) Heather Haase (Fremdsprachendidaktik Englisch, FB 10 der Universit\u00e4t Bremen;\u00a0 Englischlehrerin am Schulzentrum Walle, Bremen) Leonie Wiemeyer (Englische Sprachwissenschaft, FB 10 der Universit\u00e4t Bremen) Projektmitarbeiterin \/ Promovendin Stefanie Hehner &hellip; <a href=\"https:\/\/blogs.uni-bremen.de\/varieties\/projektteam\/\">Weiterlesen <span class=\"meta-nav\">&rarr;<\/span><\/a><\/p>\n","protected":false},"author":5245,"featured_media":0,"parent":0,"menu_order":3,"comment_status":"closed","ping_status":"closed","template":"","meta":{"_bbp_topic_count":0,"_bbp_reply_count":0,"_bbp_total_topic_count":0,"_bbp_total_reply_count":0,"_bbp_voice_count":0,"_bbp_anonymous_reply_count":0,"_bbp_topic_count_hidden":0,"_bbp_reply_count_hidden":0,"_bbp_forum_subforum_count":0,"footnotes":""},"class_list":["post-73","page","type-page","status-publish","hentry"],"_links":{"self":[{"href":"https:\/\/blogs.uni-bremen.de\/varieties\/wp-json\/wp\/v2\/pages\/73","targetHints":{"allow":["GET"]}}],"collection":[{"href":"https:\/\/blogs.uni-bremen.de\/varieties\/wp-json\/wp\/v2\/pages"}],"about":[{"href":"https:\/\/blogs.uni-bremen.de\/varieties\/wp-json\/wp\/v2\/types\/page"}],"author":[{"embeddable":true,"href":"https:\/\/blogs.uni-bremen.de\/varieties\/wp-json\/wp\/v2\/users\/5245"}],"replies":[{"embeddable":true,"href":"https:\/\/blogs.uni-bremen.de\/varieties\/wp-json\/wp\/v2\/comments?post=73"}],"version-history":[{"count":3,"href":"https:\/\/blogs.uni-bremen.de\/varieties\/wp-json\/wp\/v2\/pages\/73\/revisions"}],"predecessor-version":[{"id":559,"href":"https:\/\/blogs.uni-bremen.de\/varieties\/wp-json\/wp\/v2\/pages\/73\/revisions\/559"}],"wp:attachment":[{"href":"https:\/\/blogs.uni-bremen.de\/varieties\/wp-json\/wp\/v2\/media?parent=73"}],"curies":[{"name":"wp","href":"https:\/\/api.w.org\/{rel}","templated":true}]}}