{"id":59,"date":"2016-08-10T11:02:45","date_gmt":"2016-08-10T09:02:45","guid":{"rendered":"https:\/\/blogs.uni-bremen.de\/varieties\/?page_id=59"},"modified":"2019-06-24T09:20:59","modified_gmt":"2019-06-24T07:20:59","slug":"projektbeschreibung","status":"publish","type":"page","link":"https:\/\/blogs.uni-bremen.de\/varieties\/projektbeschreibung\/","title":{"rendered":"Projektbeschreibung"},"content":{"rendered":"<p>Das Englische als globale Lingua Franca verf\u00fcgt \u00fcber eine enorme Variationsbreite. Wie alle Sprachen zeigt es Variation entlang sozialer, funktionaler und regionaler Dimensionen, kommt aber dar\u00fcber hinaus weit mehr als andere Sprachen in einer Vielzahl nationaler und regionaler Erscheinungsformen vor. Der traditionelle Englischunterricht orientiert sich aber noch immer nahezu ausschlie\u00dflich an den beiden gro\u00dfen Referenzvariet\u00e4ten, dem britischen und amerikanischen Englisch, wohingegen andere nationale Standardvariet\u00e4ten, regionale Variet\u00e4ten oder die \u201ePostcolonial Englishes\u201c dagegen kaum Ber\u00fccksichtigung finden.<\/p>\n<p>Vor diesem Hintergrund stellt sich deshalb f\u00fcr die Ausbildung von EnglischlehrerInnen, die \u00fcberwiegend selbst keine MuttersprachlerInnen des Englischen sind, sowie f\u00fcr den schulischen Englischunterricht die Frage nach der zu verwendenden Standardvariet\u00e4t bzw. den -variet\u00e4ten und wie diese Variet\u00e4tenvielfalt (inklusive von Nicht-Standardvariet\u00e4ten) in der LehrerInnenausbildung sowie sp\u00e4ter im Unterricht thematisiert werden soll. Diese Projekt greift diese Fragestellungen explizit auf.<\/p>\n<p>Es werden zun\u00e4chst zentrale Forschungsergebnisse zu Standard- und postkolonialen Variet\u00e4ten des Englischen zusammengetragen, die f\u00fcr die LehrerInnenausbildung im Fach Englisch relevant und f\u00fcr das Verst\u00e4ndnis der Rolle des Englischen als weltweite Lingua Franca sowie der verschiedenen Variet\u00e4ten von Bedeutung sind. Anschliessend sollen existierende Lehrmaterialien f\u00fcr den Schulunterricht evaluiert und auf ihre Nutzbarkeit hin untersucht werden. Die daraus gewonnenen Erkenntnisse werden in R\u00fcckbezug auf gegenw\u00e4rtige Bildungsstandards aufgearbeitet und nutzbar gemacht.<\/p>\n<p><a href=\"https:\/\/blogs.uni-bremen.de\/varieties\/files\/2018\/12\/verzahnung.jpg\" data-rel=\"lightbox-image-0\" data-rl_title=\"\" data-rl_caption=\"\" title=\"\"><img loading=\"lazy\" decoding=\"async\" class=\"alignleft wp-image-449 size-large\" src=\"https:\/\/blogs.uni-bremen.de\/varieties\/files\/2018\/12\/verzahnung-1024x642.jpg\" alt=\"\" width=\"584\" height=\"366\" srcset=\"https:\/\/blogs.uni-bremen.de\/varieties\/files\/2018\/12\/verzahnung-1024x642.jpg 1024w, https:\/\/blogs.uni-bremen.de\/varieties\/files\/2018\/12\/verzahnung-300x188.jpg 300w, https:\/\/blogs.uni-bremen.de\/varieties\/files\/2018\/12\/verzahnung-768x481.jpg 768w, https:\/\/blogs.uni-bremen.de\/varieties\/files\/2018\/12\/verzahnung-479x300.jpg 479w, https:\/\/blogs.uni-bremen.de\/varieties\/files\/2018\/12\/verzahnung.jpg 1435w\" sizes=\"auto, (max-width: 584px) 100vw, 584px\" \/><\/a>In einer praktischen Phase werden dann Unterrichtsdesigns und Lehr- und Lernmaterialien entwickelt und in schulischen Praxisphasen in Zusammenarbeit mit einer Bremer Partnerschule erprobt. Aus dem Projekt werden eine Disseration sowie forschungsbasierte Masterarbeiten an der Schnittstelle von Sprachwissenschaft und Fremdsprachendidaktik entwickelt.<\/p>\n<p>&nbsp;<\/p>\n<p>Ein Informationsblatt finden zum Projekt finden Sie [<a href=\"https:\/\/blogs.uni-bremen.de\/varieties\/files\/2019\/06\/VAR.flyer_ENG_05_2019.pdf\">hier<\/a>].<\/p>\n<a href=\"https:\/\/blogs.uni-bremen.de\/varieties\/files\/2019\/06\/VAR.flyer_ENG_05_2019.pdf\" class=\"pdfemb-viewer\" style=\"\" data-width=\"max\" data-height=\"max\" data-toolbar=\"bottom\" data-toolbar-fixed=\"off\">VAR.flyer_ENG_05_2019<\/a>\n<p>&nbsp;<\/p>\n<p>&nbsp;<\/p>\n","protected":false},"excerpt":{"rendered":"<p>Das Englische als globale Lingua Franca verf\u00fcgt \u00fcber eine enorme Variationsbreite. Wie alle Sprachen zeigt es Variation entlang sozialer, funktionaler und regionaler Dimensionen, kommt aber dar\u00fcber hinaus weit mehr als andere Sprachen in einer Vielzahl nationaler und regionaler Erscheinungsformen vor. &hellip; <a href=\"https:\/\/blogs.uni-bremen.de\/varieties\/projektbeschreibung\/\">Weiterlesen <span class=\"meta-nav\">&rarr;<\/span><\/a><\/p>\n","protected":false},"author":5245,"featured_media":0,"parent":0,"menu_order":2,"comment_status":"closed","ping_status":"closed","template":"","meta":{"_bbp_topic_count":0,"_bbp_reply_count":0,"_bbp_total_topic_count":0,"_bbp_total_reply_count":0,"_bbp_voice_count":0,"_bbp_anonymous_reply_count":0,"_bbp_topic_count_hidden":0,"_bbp_reply_count_hidden":0,"_bbp_forum_subforum_count":0,"footnotes":""},"class_list":["post-59","page","type-page","status-publish","hentry"],"_links":{"self":[{"href":"https:\/\/blogs.uni-bremen.de\/varieties\/wp-json\/wp\/v2\/pages\/59","targetHints":{"allow":["GET"]}}],"collection":[{"href":"https:\/\/blogs.uni-bremen.de\/varieties\/wp-json\/wp\/v2\/pages"}],"about":[{"href":"https:\/\/blogs.uni-bremen.de\/varieties\/wp-json\/wp\/v2\/types\/page"}],"author":[{"embeddable":true,"href":"https:\/\/blogs.uni-bremen.de\/varieties\/wp-json\/wp\/v2\/users\/5245"}],"replies":[{"embeddable":true,"href":"https:\/\/blogs.uni-bremen.de\/varieties\/wp-json\/wp\/v2\/comments?post=59"}],"version-history":[{"count":6,"href":"https:\/\/blogs.uni-bremen.de\/varieties\/wp-json\/wp\/v2\/pages\/59\/revisions"}],"predecessor-version":[{"id":478,"href":"https:\/\/blogs.uni-bremen.de\/varieties\/wp-json\/wp\/v2\/pages\/59\/revisions\/478"}],"wp:attachment":[{"href":"https:\/\/blogs.uni-bremen.de\/varieties\/wp-json\/wp\/v2\/media?parent=59"}],"curies":[{"name":"wp","href":"https:\/\/api.w.org\/{rel}","templated":true}]}}