{"id":3,"date":"2016-08-10T09:44:01","date_gmt":"2016-08-10T07:44:01","guid":{"rendered":"https:\/\/blogs.uni-bremen.de\/varieties\/?page_id=2"},"modified":"2024-02-14T09:51:43","modified_gmt":"2024-02-14T08:51:43","slug":"beispiel-seite","status":"publish","type":"page","link":"https:\/\/blogs.uni-bremen.de\/varieties\/beispiel-seite\/","title":{"rendered":"\u00dcber das Projekt"},"content":{"rendered":"<p style=\"text-align: left\"><a href=\"https:\/\/blogs.uni-bremen.de\/varieties\/files\/2016\/08\/BMBF_gef\u00f6rdert-vom_deutsch.jpg\" data-rel=\"lightbox-image-0\" data-rl_title=\"\" data-rl_caption=\"\" title=\"\"><img loading=\"lazy\" decoding=\"async\" class=\"alignnone wp-image-370\" src=\"https:\/\/blogs.uni-bremen.de\/varieties\/files\/2016\/08\/BMBF_gef\u00f6rdert-vom_deutsch-300x213.jpg\" alt=\"\" width=\"218\" height=\"158\" \/><\/a><\/p>\n<p style=\"text-align: left\">&#8222;Varieties of English in Foreign Language Teacher Education &#8211; Digital&#8220; ist ein Lehr- und Forschungsprojekt zur Ausbildung von Englischlehrkr\u00e4ften an der Schnittstelle von englischer Sprachwissenschaft und Fremdsprachendidaktik. Es wurde von 2016-2022 gef\u00f6rdert vom Bundesministerium f\u00fcr Bildung und Forschung (BMBF) im Rahmen der <a href=\"https:\/\/www.qualitaetsoffensive-lehrerbildung.de\/schnittstellen\" target=\"_blank\" rel=\"noopener noreferrer\">Qualit\u00e4tsoffensive Lehrerbildung<\/a>.<\/p>\n<p style=\"text-align: left\"><img loading=\"lazy\" decoding=\"async\" class=\"alignnone wp-image-151\" src=\"https:\/\/blogs.uni-bremen.de\/varieties\/files\/2016\/08\/Logo_Schnittstellen-gestalten_4c-300x180.jpg\" alt=\"logo_schnittstellen-gestalten_4c\" width=\"167\" height=\"100\" \/><img loading=\"lazy\" decoding=\"async\" class=\"alignnone wp-image-153\" src=\"https:\/\/blogs.uni-bremen.de\/varieties\/files\/2016\/08\/spotlights.lehre_.logo_-300x149.jpg\" alt=\"spotlights-lehre-logo\" width=\"202\" height=\"100\" \/><\/p>\n<p style=\"text-align: left\">Im Zukunftskonzept f\u00fcr die Lehrerbildung an der Universit\u00e4t Bremen <a href=\"https:\/\/www.uni-bremen.de\/zflb\/projekte-forschung\/schnittstellen-gestalten-qualitaetsoffensive-lehrerbildung\" target=\"_blank\" rel=\"noopener noreferrer\">&#8222;Schnittstellen gestalten&#8220;<\/a> war es eines von zwei innovativen Lehrprojekten im <a href=\"https:\/\/www.uni-bremen.de\/zflb\/projekte-forschung\/schnittstellen-gestalten-qualitaetsoffensive-lehrerbildung\/teilprojekte\/digi-spotlights\" target=\"_blank\" rel=\"noopener noreferrer\">Teilprojekt 4 &#8222;Digi-Spotlights&#8220;<\/a>.<\/p>\n","protected":false},"excerpt":{"rendered":"<p>&#8222;Varieties of English in Foreign Language Teacher Education &#8211; Digital&#8220; ist ein Lehr- und Forschungsprojekt zur Ausbildung von Englischlehrkr\u00e4ften an der Schnittstelle von englischer Sprachwissenschaft und Fremdsprachendidaktik. Es wurde von 2016-2022 gef\u00f6rdert vom Bundesministerium f\u00fcr Bildung und Forschung (BMBF) im &hellip; <a href=\"https:\/\/blogs.uni-bremen.de\/varieties\/beispiel-seite\/\">Weiterlesen <span class=\"meta-nav\">&rarr;<\/span><\/a><\/p>\n","protected":false},"author":5245,"featured_media":0,"parent":0,"menu_order":1,"comment_status":"closed","ping_status":"closed","template":"","meta":{"_bbp_topic_count":0,"_bbp_reply_count":0,"_bbp_total_topic_count":0,"_bbp_total_reply_count":0,"_bbp_voice_count":0,"_bbp_anonymous_reply_count":0,"_bbp_topic_count_hidden":0,"_bbp_reply_count_hidden":0,"_bbp_forum_subforum_count":0,"footnotes":""},"class_list":["post-3","page","type-page","status-publish","hentry"],"_links":{"self":[{"href":"https:\/\/blogs.uni-bremen.de\/varieties\/wp-json\/wp\/v2\/pages\/3","targetHints":{"allow":["GET"]}}],"collection":[{"href":"https:\/\/blogs.uni-bremen.de\/varieties\/wp-json\/wp\/v2\/pages"}],"about":[{"href":"https:\/\/blogs.uni-bremen.de\/varieties\/wp-json\/wp\/v2\/types\/page"}],"author":[{"embeddable":true,"href":"https:\/\/blogs.uni-bremen.de\/varieties\/wp-json\/wp\/v2\/users\/5245"}],"replies":[{"embeddable":true,"href":"https:\/\/blogs.uni-bremen.de\/varieties\/wp-json\/wp\/v2\/comments?post=3"}],"version-history":[{"count":8,"href":"https:\/\/blogs.uni-bremen.de\/varieties\/wp-json\/wp\/v2\/pages\/3\/revisions"}],"predecessor-version":[{"id":634,"href":"https:\/\/blogs.uni-bremen.de\/varieties\/wp-json\/wp\/v2\/pages\/3\/revisions\/634"}],"wp:attachment":[{"href":"https:\/\/blogs.uni-bremen.de\/varieties\/wp-json\/wp\/v2\/media?parent=3"}],"curies":[{"name":"wp","href":"https:\/\/api.w.org\/{rel}","templated":true}]}}