{"id":135,"date":"2016-08-16T13:35:41","date_gmt":"2016-08-16T11:35:41","guid":{"rendered":"https:\/\/blogs.uni-bremen.de\/varieties\/?page_id=135"},"modified":"2023-09-29T09:20:07","modified_gmt":"2023-09-29T07:20:07","slug":"presse","status":"publish","type":"page","link":"https:\/\/blogs.uni-bremen.de\/varieties\/presse\/","title":{"rendered":"Presse"},"content":{"rendered":"<p>&nbsp;<\/p>\n<p>September 2023: Bericht im Onlinemagsazin der Universit\u00e4t Bremen <a href=\"https:\/\/up2date.uni-bremen.de\/artikel\/digi-spotlights-innovative-und-digitale-lehrkonzepte-fuer-das-lehramtsstudium\" target=\"_blank\" rel=\"noopener\">&#8222;Digi-Spotlights: innovative und digitale Lehrkonzepte f\u00fcr das Lehramtsstudium&#8220;<\/a><\/p>\n<p>01.03.2017: Bericht zur Infoveranstaltung und Minivorlesung zum Thema &#8222;English around the World&#8220; an der Oberschule Ronzelenstrasse (von der Website der Schule<\/p>\n<a href=\"https:\/\/blogs.uni-bremen.de\/varieties\/files\/2016\/08\/InfoveranstaltungOSRonzelenstrM\u00e4rz2017.pdf\" class=\"pdfemb-viewer\" style=\"\" data-width=\"max\" data-height=\"max\" data-toolbar=\"bottom\" data-toolbar-fixed=\"off\">InfoveranstaltungOSRonzelenstrM\u00e4rz2017<\/a>\n<p>&nbsp;<\/p>\n<p>22.02.2017: Bericht zur Qualit\u00e4tsoffensive Lehrerbildung an der Universit\u00e4t Bremen und zu den &#8222;Spotlights Lehre&#8220; Teilprojekten im Jahrbuch der Universit\u00e4t Bremen; 1) <a href=\"http:\/\/www.uni-bremen.de\/universitaet\/presseservice\/pressemitteilungen\/einzelanzeige\/news\/detail\/News\/das-neue-jahrbuch-der-universitaet-bremen-ist-da-3.html?cHash=97952660ac19d38f22be1d69dcf6bddc\" target=\"_blank\" rel=\"noopener\">Pressemitteilung der Universit\u00e4t<\/a>; 2) <a href=\"http:\/\/www.uni-bremen.de\/fileadmin\/user_upload\/single_sites\/jahrbuch\/PDFs\/UB097_Jahrbuch_2016-2017_WEB.pdf\" target=\"_blank\" rel=\"noopener\">Link zur PDF-Version des Jahrbuchs<\/a> (Kurzbericht zum Projekt auf S. 30)<\/p>\n<p>02.02.2017: <a href=\"http:\/\/www.weser-kurier.de\/bremen_artikel,-Englischstunde-an-der-Uni-_arid,1542706.html\" target=\"_blank\" rel=\"noopener\">Bericht zur Kooperation zwischen der Oberschule Rockwinkel und der Englischen Sprachwissenschaft der Universit\u00e4t Bremen (Weserkurier)<\/a><\/p>\n<a href=\"https:\/\/blogs.uni-bremen.de\/varieties\/files\/2016\/08\/Englischstunde-an-der-Uni-Bremen_-Aktuelle-Nachrichten-WESER-KURIER-1.pdf\" class=\"pdfemb-viewer\" style=\"\" data-width=\"max\" data-height=\"max\" data-toolbar=\"bottom\" data-toolbar-fixed=\"off\">Englischstunde an der Uni - Bremen_ Aktuelle Nachrichten - WESER-KURIER<\/a>\n<p>&nbsp;<\/p>\n<p>16.10.2016: <a href=\"http:\/\/www.uni-bremen.de\/bus-aktuell\/einzelanzeige\/news\/detail\/News\/die-vielfalt-des-englischen-in-der-schule-vermitteln.html?cHash=b5831f5c4046da64c8758bcf6863cd6b\" target=\"_blank\" rel=\"noopener\">Kurzbericht \u00fcber das Projekt im Online-Magazin der Universit\u00e4t Bremen &#8222;BUS aktuell&#8220; (Bremer Uni Schl\u00fcssel)<\/a><\/p>\n<a href=\"https:\/\/blogs.uni-bremen.de\/varieties\/files\/2016\/08\/BUS.15082016.pdf\" class=\"pdfemb-viewer\" style=\"\" data-width=\"max\" data-height=\"max\" data-toolbar=\"bottom\" data-toolbar-fixed=\"off\">BUS.15082016<\/a>\n","protected":false},"excerpt":{"rendered":"<p>&nbsp; September 2023: Bericht im Onlinemagsazin der Universit\u00e4t Bremen &#8222;Digi-Spotlights: innovative und digitale Lehrkonzepte f\u00fcr das Lehramtsstudium&#8220; 01.03.2017: Bericht zur Infoveranstaltung und Minivorlesung zum Thema &#8222;English around the World&#8220; an der Oberschule Ronzelenstrasse (von der Website der Schule &nbsp; 22.02.2017: &hellip; <a href=\"https:\/\/blogs.uni-bremen.de\/varieties\/presse\/\">Weiterlesen <span class=\"meta-nav\">&rarr;<\/span><\/a><\/p>\n","protected":false},"author":5245,"featured_media":0,"parent":0,"menu_order":6,"comment_status":"closed","ping_status":"closed","template":"","meta":{"_bbp_topic_count":0,"_bbp_reply_count":0,"_bbp_total_topic_count":0,"_bbp_total_reply_count":0,"_bbp_voice_count":0,"_bbp_anonymous_reply_count":0,"_bbp_topic_count_hidden":0,"_bbp_reply_count_hidden":0,"_bbp_forum_subforum_count":0,"footnotes":""},"class_list":["post-135","page","type-page","status-publish","hentry"],"_links":{"self":[{"href":"https:\/\/blogs.uni-bremen.de\/varieties\/wp-json\/wp\/v2\/pages\/135","targetHints":{"allow":["GET"]}}],"collection":[{"href":"https:\/\/blogs.uni-bremen.de\/varieties\/wp-json\/wp\/v2\/pages"}],"about":[{"href":"https:\/\/blogs.uni-bremen.de\/varieties\/wp-json\/wp\/v2\/types\/page"}],"author":[{"embeddable":true,"href":"https:\/\/blogs.uni-bremen.de\/varieties\/wp-json\/wp\/v2\/users\/5245"}],"replies":[{"embeddable":true,"href":"https:\/\/blogs.uni-bremen.de\/varieties\/wp-json\/wp\/v2\/comments?post=135"}],"version-history":[{"count":5,"href":"https:\/\/blogs.uni-bremen.de\/varieties\/wp-json\/wp\/v2\/pages\/135\/revisions"}],"predecessor-version":[{"id":627,"href":"https:\/\/blogs.uni-bremen.de\/varieties\/wp-json\/wp\/v2\/pages\/135\/revisions\/627"}],"wp:attachment":[{"href":"https:\/\/blogs.uni-bremen.de\/varieties\/wp-json\/wp\/v2\/media?parent=135"}],"curies":[{"name":"wp","href":"https:\/\/api.w.org\/{rel}","templated":true}]}}