{"id":57,"date":"2022-12-04T11:25:16","date_gmt":"2022-12-04T10:25:16","guid":{"rendered":"https:\/\/blogs.uni-bremen.de\/unifutter\/?page_id=57"},"modified":"2023-01-21T13:46:36","modified_gmt":"2023-01-21T12:46:36","slug":"studenten-kueche","status":"publish","type":"page","link":"https:\/\/blogs.uni-bremen.de\/unifutter\/","title":{"rendered":"Studenten K\u00fcche"},"content":{"rendered":"<p><span style=\"font-size: 18pt\"><strong>Leckere Rezepte Hier zu finden !<\/strong><\/span><br \/>\nDu bist auch Studenten und stehts manchmal einfach planlos in der K\u00fcche herum? dann bist bei Unifutter genau richtig! Denn hier auf unserem Blog schlagen wir dir tolle, g\u00fcnstige Rezepte f\u00fcr die Studenten K\u00fcche vor, die auch noch ganz einfach und schnell gehen.<\/p>\n<p>Unsere Mealpreps und <span style=\"font-size: 24pt\"><strong><a href=\"https:\/\/blogs.uni-bremen.de\/unifutter\/twix-riegel-vegan-rezept\/\">Rezepte<\/a> <\/strong><\/span>orientieren sich vor allem daran, was der Studenten so in seiner K\u00fcche hat\u2026 denn sein wir mal ganz ehrlich, mit unserem low-budget Einkommen, haben wir als Studis nicht einfach mal die fancysten Sachen herumliegen.<\/p>\n<p>Sondern wir m\u00fcssen planen und brauchen Struktur. Trotz sich wiederholender Zutaten, bieten wir euch Kreativit\u00e4t bei der Zubereitung, denn eine Packung eingelegte Tomaten kann zum Beispiel auch so vielseitig sein. Suppen, So\u00dfen, Aufl\u00e4ufe etc. hier wirst du hoffentlich alles finden was Dein Herz begehrt und nicht zu vergessen, nicht nur ist uns einfaches Kochen sowie schnelles Kochen wichtig, sondern nat\u00fcrlich soll die Gesundheit auch nicht drunter leiden \u2013 Stichwort gesunde Ern\u00e4hrung, vegetarisch und auch das eine oder andere vegane Studenten Rezept wirst du bei uns finden.<\/p>\n<p>Also ihr lieben, ist eure Studenten K\u00fcche, sei es in einer WG oder im Studentenheim auch nicht immer top ausgestattet, dann klickt euch doch mal bei uns durch und probiert das eine oder andere Rezept f\u00fcr wenig Geld und gro\u00dfen Hunger aus.<\/p>\n<p>Unser Motto lautet, simple muss nicht gleich schlecht sein, sondern kann auch mega geil sein.<\/p>\n","protected":false},"excerpt":{"rendered":"<div class=\"entry-summary\">\nLeckere Rezepte Hier zu finden ! Du bist auch Studenten und stehts manchmal einfach planlos in der K\u00fcche herum? dann&hellip;\n<\/div>\n<div class=\"link-more\"><a href=\"https:\/\/blogs.uni-bremen.de\/unifutter\/\" class=\"more-link\">Continue reading<span class=\"screen-reader-text\"> &ldquo;Studenten K\u00fcche&rdquo;<\/span>&hellip;<\/a><\/div>\n","protected":false},"author":2693,"featured_media":75,"parent":0,"menu_order":0,"comment_status":"closed","ping_status":"closed","template":"","meta":{"_bbp_topic_count":0,"_bbp_reply_count":0,"_bbp_total_topic_count":0,"_bbp_total_reply_count":0,"_bbp_voice_count":0,"_bbp_anonymous_reply_count":0,"_bbp_topic_count_hidden":0,"_bbp_reply_count_hidden":0,"_bbp_forum_subforum_count":0,"footnotes":""},"class_list":["post-57","page","type-page","status-publish","has-post-thumbnail","hentry","entry"],"yoast_head":"<!-- This site is optimized with the Yoast SEO plugin v27.3 - https:\/\/yoast.com\/product\/yoast-seo-wordpress\/ -->\n<title>Studenten K\u00fcche - UNIFUTTER<\/title>\n<meta name=\"description\" content=\"Der Blog welcher DEINE Studenten K\u00fcche \ud83c\udf7d zum Leben erweckt. Probiere JETZT die abwechslungsreiche, neue, tolle Rezepte!!! UNIFUTTER\" class=\"yoast-seo-meta-tag\" \/>\n<meta name=\"robots\" content=\"index, follow, max-snippet:-1, max-image-preview:large, max-video-preview:-1\" \/>\n<link rel=\"canonical\" href=\"https:\/\/blogs.uni-bremen.de\/unifutter\/\" class=\"yoast-seo-meta-tag\" \/>\n<meta property=\"og:locale\" content=\"de_DE\" class=\"yoast-seo-meta-tag\" \/>\n<meta property=\"og:type\" content=\"article\" class=\"yoast-seo-meta-tag\" \/>\n<meta property=\"og:title\" content=\"Studenten K\u00fcche - UNIFUTTER\" class=\"yoast-seo-meta-tag\" \/>\n<meta property=\"og:description\" content=\"Der Blog welcher DEINE Studenten K\u00fcche \ud83c\udf7d zum Leben erweckt. Probiere JETZT die abwechslungsreiche, neue, tolle Rezepte!!! UNIFUTTER\" class=\"yoast-seo-meta-tag\" \/>\n<meta property=\"og:url\" content=\"https:\/\/blogs.uni-bremen.de\/unifutter\/\" class=\"yoast-seo-meta-tag\" \/>\n<meta property=\"og:site_name\" content=\"UNIFUTTER\" class=\"yoast-seo-meta-tag\" \/>\n<meta property=\"article:modified_time\" content=\"2023-01-21T12:46:36+00:00\" class=\"yoast-seo-meta-tag\" \/>\n<meta property=\"og:image\" content=\"https:\/\/blogs.uni-bremen.de\/unifutter\/files\/zutaten-e1670152309696.jpg\" class=\"yoast-seo-meta-tag\" \/>\n\t<meta property=\"og:image:width\" content=\"1000\" class=\"yoast-seo-meta-tag\" \/>\n\t<meta property=\"og:image:height\" content=\"665\" class=\"yoast-seo-meta-tag\" \/>\n\t<meta property=\"og:image:type\" content=\"image\/jpeg\" class=\"yoast-seo-meta-tag\" \/>\n<meta name=\"twitter:card\" content=\"summary_large_image\" class=\"yoast-seo-meta-tag\" \/>\n<meta name=\"twitter:label1\" content=\"Gesch\u00e4tzte Lesezeit\" class=\"yoast-seo-meta-tag\" \/>\n\t<meta name=\"twitter:data1\" content=\"2\u00a0Minuten\" class=\"yoast-seo-meta-tag\" \/>\n<script type=\"application\/ld+json\" class=\"yoast-schema-graph\">{\"@context\":\"https:\\\/\\\/schema.org\",\"@graph\":[{\"@type\":\"WebPage\",\"@id\":\"https:\\\/\\\/blogs.uni-bremen.de\\\/unifutter\\\/\",\"url\":\"https:\\\/\\\/blogs.uni-bremen.de\\\/unifutter\\\/\",\"name\":\"Studenten K\u00fcche - UNIFUTTER\",\"isPartOf\":{\"@id\":\"https:\\\/\\\/blogs.uni-bremen.de\\\/unifutter\\\/#website\"},\"primaryImageOfPage\":{\"@id\":\"https:\\\/\\\/blogs.uni-bremen.de\\\/unifutter\\\/#primaryimage\"},\"image\":{\"@id\":\"https:\\\/\\\/blogs.uni-bremen.de\\\/unifutter\\\/#primaryimage\"},\"thumbnailUrl\":\"https:\\\/\\\/blogs.uni-bremen.de\\\/unifutter\\\/files\\\/zutaten-e1670152309696.jpg\",\"datePublished\":\"2022-12-04T10:25:16+00:00\",\"dateModified\":\"2023-01-21T12:46:36+00:00\",\"description\":\"Der Blog welcher DEINE Studenten K\u00fcche \ud83c\udf7d zum Leben erweckt. Probiere JETZT die abwechslungsreiche, neue, tolle Rezepte!!! UNIFUTTER\",\"breadcrumb\":{\"@id\":\"https:\\\/\\\/blogs.uni-bremen.de\\\/unifutter\\\/#breadcrumb\"},\"inLanguage\":\"de\",\"potentialAction\":[{\"@type\":\"ReadAction\",\"target\":[\"https:\\\/\\\/blogs.uni-bremen.de\\\/unifutter\\\/\"]}]},{\"@type\":\"ImageObject\",\"inLanguage\":\"de\",\"@id\":\"https:\\\/\\\/blogs.uni-bremen.de\\\/unifutter\\\/#primaryimage\",\"url\":\"https:\\\/\\\/blogs.uni-bremen.de\\\/unifutter\\\/files\\\/zutaten-e1670152309696.jpg\",\"contentUrl\":\"https:\\\/\\\/blogs.uni-bremen.de\\\/unifutter\\\/files\\\/zutaten-e1670152309696.jpg\",\"width\":1000,\"height\":665,\"caption\":\"Zutaten, Rezepte und Tipps\"},{\"@type\":\"BreadcrumbList\",\"@id\":\"https:\\\/\\\/blogs.uni-bremen.de\\\/unifutter\\\/#breadcrumb\",\"itemListElement\":[{\"@type\":\"ListItem\",\"position\":1,\"name\":\"Startseite\",\"item\":\"https:\\\/\\\/blogs.uni-bremen.de\\\/unifutter\\\/\"},{\"@type\":\"ListItem\",\"position\":2,\"name\":\"Studenten K&#252;che\"}]},{\"@type\":\"WebSite\",\"@id\":\"https:\\\/\\\/blogs.uni-bremen.de\\\/unifutter\\\/#website\",\"url\":\"https:\\\/\\\/blogs.uni-bremen.de\\\/unifutter\\\/\",\"name\":\"UNIFUTTER\",\"description\":\"\",\"potentialAction\":[{\"@type\":\"SearchAction\",\"target\":{\"@type\":\"EntryPoint\",\"urlTemplate\":\"https:\\\/\\\/blogs.uni-bremen.de\\\/unifutter\\\/?s={search_term_string}\"},\"query-input\":{\"@type\":\"PropertyValueSpecification\",\"valueRequired\":true,\"valueName\":\"search_term_string\"}}],\"inLanguage\":\"de\"}]}<\/script>\n<!-- \/ Yoast SEO plugin. -->","yoast_head_json":{"title":"Studenten K\u00fcche - UNIFUTTER","description":"Der Blog welcher DEINE Studenten K\u00fcche \ud83c\udf7d zum Leben erweckt. Probiere JETZT die abwechslungsreiche, neue, tolle Rezepte!!! UNIFUTTER","robots":{"index":"index","follow":"follow","max-snippet":"max-snippet:-1","max-image-preview":"max-image-preview:large","max-video-preview":"max-video-preview:-1"},"canonical":"https:\/\/blogs.uni-bremen.de\/unifutter\/","og_locale":"de_DE","og_type":"article","og_title":"Studenten K\u00fcche - UNIFUTTER","og_description":"Der Blog welcher DEINE Studenten K\u00fcche \ud83c\udf7d zum Leben erweckt. Probiere JETZT die abwechslungsreiche, neue, tolle Rezepte!!! UNIFUTTER","og_url":"https:\/\/blogs.uni-bremen.de\/unifutter\/","og_site_name":"UNIFUTTER","article_modified_time":"2023-01-21T12:46:36+00:00","og_image":[{"width":1000,"height":665,"url":"https:\/\/blogs.uni-bremen.de\/unifutter\/files\/zutaten-e1670152309696.jpg","type":"image\/jpeg"}],"twitter_card":"summary_large_image","twitter_misc":{"Gesch\u00e4tzte Lesezeit":"2\u00a0Minuten"},"schema":{"@context":"https:\/\/schema.org","@graph":[{"@type":"WebPage","@id":"https:\/\/blogs.uni-bremen.de\/unifutter\/","url":"https:\/\/blogs.uni-bremen.de\/unifutter\/","name":"Studenten K\u00fcche - UNIFUTTER","isPartOf":{"@id":"https:\/\/blogs.uni-bremen.de\/unifutter\/#website"},"primaryImageOfPage":{"@id":"https:\/\/blogs.uni-bremen.de\/unifutter\/#primaryimage"},"image":{"@id":"https:\/\/blogs.uni-bremen.de\/unifutter\/#primaryimage"},"thumbnailUrl":"https:\/\/blogs.uni-bremen.de\/unifutter\/files\/zutaten-e1670152309696.jpg","datePublished":"2022-12-04T10:25:16+00:00","dateModified":"2023-01-21T12:46:36+00:00","description":"Der Blog welcher DEINE Studenten K\u00fcche \ud83c\udf7d zum Leben erweckt. Probiere JETZT die abwechslungsreiche, neue, tolle Rezepte!!! UNIFUTTER","breadcrumb":{"@id":"https:\/\/blogs.uni-bremen.de\/unifutter\/#breadcrumb"},"inLanguage":"de","potentialAction":[{"@type":"ReadAction","target":["https:\/\/blogs.uni-bremen.de\/unifutter\/"]}]},{"@type":"ImageObject","inLanguage":"de","@id":"https:\/\/blogs.uni-bremen.de\/unifutter\/#primaryimage","url":"https:\/\/blogs.uni-bremen.de\/unifutter\/files\/zutaten-e1670152309696.jpg","contentUrl":"https:\/\/blogs.uni-bremen.de\/unifutter\/files\/zutaten-e1670152309696.jpg","width":1000,"height":665,"caption":"Zutaten, Rezepte und Tipps"},{"@type":"BreadcrumbList","@id":"https:\/\/blogs.uni-bremen.de\/unifutter\/#breadcrumb","itemListElement":[{"@type":"ListItem","position":1,"name":"Startseite","item":"https:\/\/blogs.uni-bremen.de\/unifutter\/"},{"@type":"ListItem","position":2,"name":"Studenten K&#252;che"}]},{"@type":"WebSite","@id":"https:\/\/blogs.uni-bremen.de\/unifutter\/#website","url":"https:\/\/blogs.uni-bremen.de\/unifutter\/","name":"UNIFUTTER","description":"","potentialAction":[{"@type":"SearchAction","target":{"@type":"EntryPoint","urlTemplate":"https:\/\/blogs.uni-bremen.de\/unifutter\/?s={search_term_string}"},"query-input":{"@type":"PropertyValueSpecification","valueRequired":true,"valueName":"search_term_string"}}],"inLanguage":"de"}]}},"_links":{"self":[{"href":"https:\/\/blogs.uni-bremen.de\/unifutter\/wp-json\/wp\/v2\/pages\/57","targetHints":{"allow":["GET"]}}],"collection":[{"href":"https:\/\/blogs.uni-bremen.de\/unifutter\/wp-json\/wp\/v2\/pages"}],"about":[{"href":"https:\/\/blogs.uni-bremen.de\/unifutter\/wp-json\/wp\/v2\/types\/page"}],"author":[{"embeddable":true,"href":"https:\/\/blogs.uni-bremen.de\/unifutter\/wp-json\/wp\/v2\/users\/2693"}],"replies":[{"embeddable":true,"href":"https:\/\/blogs.uni-bremen.de\/unifutter\/wp-json\/wp\/v2\/comments?post=57"}],"version-history":[{"count":8,"href":"https:\/\/blogs.uni-bremen.de\/unifutter\/wp-json\/wp\/v2\/pages\/57\/revisions"}],"predecessor-version":[{"id":132,"href":"https:\/\/blogs.uni-bremen.de\/unifutter\/wp-json\/wp\/v2\/pages\/57\/revisions\/132"}],"wp:featuredmedia":[{"embeddable":true,"href":"https:\/\/blogs.uni-bremen.de\/unifutter\/wp-json\/wp\/v2\/media\/75"}],"wp:attachment":[{"href":"https:\/\/blogs.uni-bremen.de\/unifutter\/wp-json\/wp\/v2\/media?parent=57"}],"curies":[{"name":"wp","href":"https:\/\/api.w.org\/{rel}","templated":true}]}}