{"id":6,"date":"2013-02-26T01:01:47","date_gmt":"2013-02-25T23:01:47","guid":{"rendered":"http:\/\/blogs.uni-bremen.de\/uncanny\/?page_id=6"},"modified":"2013-03-15T13:37:38","modified_gmt":"2013-03-15T11:37:38","slug":"gegenstand","status":"publish","type":"page","link":"https:\/\/blogs.uni-bremen.de\/uncanny\/gegenstand\/","title":{"rendered":"Das Unheimliche"},"content":{"rendered":"<p style=\"text-align: left\" align=\"right\"><span style=\"font-size: medium\"><b><a href=\"http:\/\/blogs.uni-bremen.de\/uncanny\/files\/2013\/02\/Tragischer-Wiederg\u00e4nger-eines-Transvestiten-mit-Klumpfu\u00df001.jpg\" data-rel=\"lightbox-image-0\" data-rl_title=\"\" data-rl_caption=\"\" title=\"\">\u00a0<\/a><\/b><\/span><\/p>\n<p style=\"text-align: left\" align=\"right\"><span style=\"font-size: medium\"><span style=\"color: #8e2315;font-size: large\"><b>\u201e<\/b><b>Unheimlich<\/b><b>:\u00a0<\/b><\/span><b><span style=\"color: #8e2315;font-size: large\">&#8230;unheimisch, fremd, bedenklich, ungeheuer, grauenvoll&#8230;\u201c<\/span>\u00a0\u00a0<\/b><\/span><span style=\"font-size: x-small\">(Grimmsches W\u00f6rterbuch 1936\/1999)<\/span><\/p>\n<p>&nbsp;<\/p>\n<p>Das <span style=\"font-size: small\">Unheimliche<\/span> ist das uns nicht Vertraute, das aus dem Verborgenen tritt, doch besser dort bleiben sollte. Mittelalterliche D\u00e4monen und Bestien, magische und okkulte Praxen, Anormale und Freaks und die Horrormonster der Popkultur z\u00e4hlen zu den Figuren des Unheimlichen. In Erscheinung treten sie durch Abweichungen von K\u00f6rpernormen, durch Grenz\u00fcberschreitungen und Regel\u00fcbertretungen. Sie bedrohen und inszenieren die geltenden Ordnungsmuster in einer unheimlichen Performance der Umkehrung und \u00dcberschreitung. In ihrer Fremdheit erinnern sie an Vertrautes und das macht sie so unheimlich. Sigmund Freud (1999) vermutete im Unheimlichen das \u201eHeimlich-Heimische, das eine Verdr\u00e4ngung erfahren hat und aus ihr wiedergekehrt ist.\u201c Das Ungeheuer tritt auf und verr\u00e4t, was uns \u201egeheuer\u201c ist. Und dass dem so ist, ist uns nicht geheuer.<\/p>\n<p><em id=\"__mceDel\"> <a href=\"http:\/\/blogs.uni-bremen.de\/uncanny\/files\/2013\/02\/Tragischer-Wiederg\u00e4nger-eines-Transvestiten-mit-Klumpfu\u00df001.jpg\" data-rel=\"lightbox-image-1\" data-rl_title=\"\" data-rl_caption=\"\" title=\"\"><br \/>\n<\/a><\/em>Welche Praxen empfinden wir als unheimlich \u2013 und was verr\u00e4t das \u00fcber unsere Kultur? Wie sehen die unheimlichen Figuren in der eigenen Kultur aus und wie in anderen Kulturen? Was erschreckt und fasziniert uns an ihnen?\u00a0Und: Wie kann man das Unheimliche \u00fcberhaupt erforschen?<\/p>\n<p>Eine wachsende Zahl fachwissenschaftlicher Studien befasst sich mit Figuren und Praxen des Unheimlichen und Monstr\u00f6sen. Die \u00f6ffentliche Vortragsreihe dokumentiert den aktuellen Forschungsstand anhand ausgew\u00e4hlter Beispiele. Jeweils Donnerstags um 19:00 Uhr berichten Wissenschaftler aus Ethnologie, Psychologie, Kultur- und Religionswissenschaften \u00fcber Aliens, Orks und afrokubanische Totengeister, \u00fcber Pygm\u00e4en und Bartfrauen, asiatischen Filmhorror, therapiebed\u00fcrftige Geister, Ghosthuntings und \u201eHex in the City\u201c. Zum Auftakt stellen Studierende der Kulturwissenschaft Ergebnisse ihrer Arbeiten aus dem Projekt \u201eAnthropologie der Monster\u201c vor.<\/p>\n<p>Interessierte Studierende, Lehrende und neugierige G\u00e4ste der Universit\u00e4t Bremen sind herzlich zu den Veranstaltungen dieser Vortragsreihe eingeladen!<\/p>\n<p>&nbsp;<\/p>\n<p>&nbsp;<\/p>\n<p><span style=\"color: #7a2414\"><strong><span style=\"font-size: medium\">Anthropology of the Uncanny <\/span><\/strong><\/span><\/p>\n<p><span style=\"color: #7a2414\"><strong><span style=\"font-size: medium\">Anthropologie des Unheimlichen und Monstr\u00f6sen<\/span><\/strong><\/span><\/p>\n<p><span style=\"color: #7a2414\">Eine \u00f6ffentliche Vortragsreihe des Instituts f\u00fcr Ethnologie und Kulturwissenschaft<\/span><\/p>\n<p><span style=\"color: #7a2414\">FB 9, Universit\u00e4t Bremen, Do 19:00 Uhr, GW 2 B3009<\/span><\/p>\n<p>&nbsp;<\/p>\n<p style=\"text-align: right\">Kontakt: &#106;&#x63;&#x6f;&#98;&#x65;&#x72;&#103;&#x40;&#x75;&#110;&#x69;&#x2d;&#98;&#x72;&#x65;&#109;&#x65;&#x6e;&#46;&#x64;&#x65;<\/p>\n<p style=\"text-align: right\"><b><a href=\"http:\/\/blogs.uni-bremen.de\/uncanny\/files\/2013\/02\/Tragischer-Wiederg\u00e4nger-eines-Transvestiten-mit-Klumpfu\u00df001.jpg\" data-rel=\"lightbox-image-2\" data-rl_title=\"\" data-rl_caption=\"\" title=\"\"><img loading=\"lazy\" decoding=\"async\" class=\"alignright\" alt=\"Tragischer Wiederg\u00e4nger eines Transvestiten mit Klumpfu\u00df001\" src=\"http:\/\/blogs.uni-bremen.de\/uncanny\/files\/2013\/02\/Tragischer-Wiederg\u00e4nger-eines-Transvestiten-mit-Klumpfu\u00df001-150x150.jpg\" width=\"120\" height=\"120\" \/><\/a><\/b><\/p>\n<p>&nbsp;<\/p>\n<p>&nbsp;<\/p>\n","protected":false},"excerpt":{"rendered":"<p>\u00a0 \u201eUnheimlich:\u00a0&#8230;unheimisch, fremd, bedenklich, ungeheuer, grauenvoll&#8230;\u201c\u00a0\u00a0(Grimmsches W\u00f6rterbuch 1936\/1999) &nbsp; Das Unheimliche ist das uns nicht Vertraute, das aus dem Verborgenen tritt, doch besser dort bleiben sollte. Mittelalterliche D\u00e4monen und Bestien, magische und okkulte Praxen, Anormale und Freaks und die Horrormonster der Popkultur z\u00e4hlen zu den Figuren des Unheimlichen. In Erscheinung treten sie durch Abweichungen von [&hellip;]<\/p>\n","protected":false},"author":1015,"featured_media":0,"parent":0,"menu_order":0,"comment_status":"open","ping_status":"open","template":"","meta":{"_bbp_topic_count":0,"_bbp_reply_count":0,"_bbp_total_topic_count":0,"_bbp_total_reply_count":0,"_bbp_voice_count":0,"_bbp_anonymous_reply_count":0,"_bbp_topic_count_hidden":0,"_bbp_reply_count_hidden":0,"_bbp_forum_subforum_count":0,"footnotes":""},"class_list":["post-6","page","type-page","status-publish","hentry"],"_links":{"self":[{"href":"https:\/\/blogs.uni-bremen.de\/uncanny\/wp-json\/wp\/v2\/pages\/6","targetHints":{"allow":["GET"]}}],"collection":[{"href":"https:\/\/blogs.uni-bremen.de\/uncanny\/wp-json\/wp\/v2\/pages"}],"about":[{"href":"https:\/\/blogs.uni-bremen.de\/uncanny\/wp-json\/wp\/v2\/types\/page"}],"author":[{"embeddable":true,"href":"https:\/\/blogs.uni-bremen.de\/uncanny\/wp-json\/wp\/v2\/users\/1015"}],"replies":[{"embeddable":true,"href":"https:\/\/blogs.uni-bremen.de\/uncanny\/wp-json\/wp\/v2\/comments?post=6"}],"version-history":[{"count":1,"href":"https:\/\/blogs.uni-bremen.de\/uncanny\/wp-json\/wp\/v2\/pages\/6\/revisions"}],"predecessor-version":[{"id":12,"href":"https:\/\/blogs.uni-bremen.de\/uncanny\/wp-json\/wp\/v2\/pages\/6\/revisions\/12"}],"wp:attachment":[{"href":"https:\/\/blogs.uni-bremen.de\/uncanny\/wp-json\/wp\/v2\/media?parent=6"}],"curies":[{"name":"wp","href":"https:\/\/api.w.org\/{rel}","templated":true}]}}