{"id":5,"date":"2013-02-26T01:00:03","date_gmt":"2013-02-25T23:00:03","guid":{"rendered":"http:\/\/blogs.uni-bremen.de\/uncanny\/?page_id=5"},"modified":"2013-04-09T01:02:44","modified_gmt":"2013-04-08T23:02:44","slug":"referenten","status":"publish","type":"page","link":"https:\/\/blogs.uni-bremen.de\/uncanny\/referenten\/","title":{"rendered":"ReferentInnen"},"content":{"rendered":"<p>&nbsp;<\/p>\n<p><span style=\"color: #d03b2e;font-size: large\"><a title=\"Dr. Cora Bender\" href=\"http:\/\/www.uni-siegen.de\/phil\/medienwissenschaft\/personal\/lehrende\/bender_cora\/?lang=ene\" target=\"_blank\"><span style=\"color: #d03b2e\"><strong>Dr. Cora Bender<\/strong><\/span><\/a><\/span><\/p>\n<p>Ethnologin,\u00a0Zentrum f\u00fcr Vergleichende Medien- und Sozialforschung,\u00a0Universit\u00e4t Siegen<\/p>\n<p>Arbeitsschwerpunkte: Visuelle Anthropologie, Indigene Moderne<\/p>\n<p>&nbsp;<\/p>\n<p><span style=\"color: #d03b2e;font-size: large\"><a title=\"Prof. Dr. Peter J. Br\u00e4unlein\" href=\"http:\/\/www.uni-goettingen.de\/de\/131789.html\" target=\"_blank\"><span style=\"color: #d03b2e\"><strong>Prof. Dr. Peter J. Br\u00e4unlein<\/strong><\/span><\/a><\/span><\/p>\n<p>Ethnologe und Religionswissenschaftler,\u00a0wissenschaftlicher Mitarbeiter im Kompetenznetzwerk Dynamiken von Religion\u00a0in\u00a0S\u00fcdostasien<em> (DORISEA)<\/em> an der Universit\u00e4t G\u00f6ttingen<\/p>\n<p>Arbeitsschwerpunkte:\u00a0Religionspluralismus S\u00fcdostasiens,\u00a0Theorie und Methode der Religionswissenschaft,\u00a0Christentum in Europa und S\u00fcdostasien,\u00a0Museum, Film, Ethnologie und Religionswissenschaft im Dialog mit Bild- und Medienwissenschaften<\/p>\n<p>Derzeitiges Forschungsprojekt: Geister in der Moderne (hierzu\u00a0www.dorisea.de\/de\/node\/76)<\/p>\n<p>&nbsp;<\/p>\n<p><span style=\"color: #d03b2e;font-size: large\"><a title=\"Prof. Dr. Dorle Drackl\u00e9\" href=\"http:\/\/www.kultur.uni-bremen.de\/de\/forschung\/bik\/mitglieder\/detail\/drackle.html\" target=\"_blank\"><span style=\"color: #d03b2e\"><strong>Prof. Dr. Dorle Drackl\u00e9<\/strong><\/span><\/a><\/span><\/p>\n<p>Ethnologin,\u00a0Institut f\u00fcr Ethnologie und Kulturwissenschaft, Universit\u00e4t Bremen<\/p>\n<p>Arbeitsschwerpunkte:\u00a0Empirische Kulturforschung mit dem Schwerpunkt interkulturelle Prozesse, Interkulturalit\u00e4t, Medien<\/p>\n<p>&nbsp;<\/p>\n<p><span style=\"font-size: large\"><strong><span style=\"color: #d03b2e\"><a title=\"Dr. phil. Victoria Hegner\" href=\"http:\/\/www.uni-goettingen.de\/de\/196090.html\" target=\"_blank\"><span style=\"color: #d03b2e\">Dr. phil. Victoria Hegner<\/span><\/a><\/span><\/strong><\/span><\/p>\n<p><strong><\/strong>Ethnologin,\u00a0Institut f\u00fcr Kulturanthropologie\/Europ\u00e4ische Ethnologie,\u00a0G\u00f6ttingen<\/p>\n<p>Arbeitsschwerpunkte<b>:\u00a0<\/b>Stadtforschung,\u00a0Neue Religi\u00f6se Bewegungen,\u00a0Geschlechterforschung<\/p>\n<p>Aktuelles Forschungsprojekt: \u201eDie neuheidnische Hexenreligion im urbanen Kontext \u2013 eine ethnografische Studie\u201c<\/p>\n<p>&nbsp;<\/p>\n<p><span style=\"color: #d03b2e;font-size: large\"><a title=\"Dr. Gerhard Mayer\" href=\"http:\/\/www.igpp.de\/german\/eks\/cv\/gerhard_mayer.htm\" target=\"_blank\"><span style=\"color: #d03b2e\"><strong>Dr. Gerhard Mayer<\/strong><\/span><\/a><\/span><\/p>\n<p>Psychologe,\u00a0Institut f\u00fcr Grenzgebiete der Psychologie und Psychohygiene e.V. (IGPP), Freiburg<\/p>\n<p>Arbeitsschwerpunkte: Kulturwissenschaftliche Fragestellungen aus dem Bereich der &#8222;Grenzgebiete&#8220;, Medienpsychologie, Neoschamanismus, magische Handlungspraktiken und -beliefs, biografische Bedeutung und Integration au\u00dfergew\u00f6hnlicher Erfahrungen, soziale Stigmatisierung von au\u00dfergew\u00f6hnlichen Erfahrungen, Methodik anomalistischer Forschung.<\/p>\n<p>&nbsp;<\/p>\n<p><span style=\"color: #c44e3a;font-size: large\"><a title=\"Dr. Jan C. Oberg\" href=\"http:\/\/www.kultur.uni-bremen.de\/de\/personen\/alphabetische-liste\/detail\/oberg.html\" target=\"_blank\"><span style=\"color: #c44e3a\"><strong>Dr. Jan C. Oberg<\/strong><\/span><\/a><\/span><\/p>\n<p>Kulturwissenschaftler,\u00a0Institut f\u00fcr Ethnologie und Kulturwissenschaft, Universit\u00e4t Bremen<\/p>\n<p>Arbeitsschwerpunkte:\u00a0Kulturwissenschaftliche Regional- und Bremenforschung,\u00a0maritime Anthropologie,\u00a0Ethnologie des Raums, Historische Anthropologie, Kindheitsforschung und Anthropologie der Monster<\/p>\n<p>&nbsp;<\/p>\n<p><span style=\"color: #d03b2e;font-size: large\"><a title=\"Dr. Lioba Rossbach de Olmos\" href=\"http:\/\/www.uni-marburg.de\/fb03\/ivk\/vk\/fachgebiet\/personalia\/rossbach\" target=\"_blank\"><span style=\"color: #d03b2e\"><strong>Dr. Lioba Rossbach de Olmos<\/strong><\/span><\/a><\/span><\/p>\n<p>Ethnologin,\u00a0Institut f\u00fcr Kultur- und Sozialanthropologie, Universit\u00e4t Marburg<\/p>\n<p>Arbeitsschwerpunkte: Afroamerika, Lateinamerika,\u00a0Religion, Sozialorganisation, Umwelt, indigene Rechte<\/p>\n<p>Forschungsprojekt: Grenz\u00fcberschreitungen: Die afrokubanische Santer\u00eda\u00a0in Deutschland im Spannungsfeld transnationaler Dynamiken<\/p>\n<p>&nbsp;<\/p>\n<p><span style=\"font-size: large\"><strong><span style=\"color: #d03b2e\"><a title=\"Dr. phil. Birgit Stammberger\" href=\"http:\/\/www.leuphana.de\/birgit-stammberger.html\" target=\"_blank\"><span style=\"color: #d03b2e\">Dr. phil. Birgit Stammberger<\/span><\/a><\/span><\/strong><\/span><\/p>\n<p><strong><\/strong>Kulturwissenschaftlerin,\u00a0Philosophin,\u00a0Institut f\u00fcr Philosophie und Kunstwissenschaften an der Leuphana\u00a0Universit\u00e4t L\u00fcneburg<\/p>\n<p>Arbeitsschwerpunkte: Gender Studies, Wissenschaftsgeschichte,<br \/>\nKulturtheorie, Geschichte und Theorien des Computers,<br \/>\nK\u00f6rpergeschichte (z.B.\u00a0\u201eMonster und Freaks. Eine Wissensgeschichte\u00a0au\u00dfergew\u00f6hnlicher K\u00f6rper im 19. Jahrhundert.\u201c Bielefeld: 2011.)<\/p>\n<p>&nbsp;<\/p>\n<p><span style=\"font-size: large\"><strong><span style=\"color: #d03b2e\"><a title=\"Dr. Michael Toggweiler\" href=\"http:\/\/www.iash.unibe.ch\/content\/doktorierenden___sammlung\/2009\/toggweiler_michael\/index_ger.html\" target=\"_blank\"><span style=\"color: #d03b2e\">Dr. Michael Toggweiler<\/span><\/a><\/span><\/strong><\/span><\/p>\n<p><strong>\u00a0<\/strong>Sozialanthropologe,\u00a0Institut f\u00fcr Sozialanthropologie,\u00a0Universit\u00e4t Bern \/\u00a0<em id=\"__mceDel\"><em id=\"__mceDel\"><em id=\"__mceDel\">Institute of Advanced Study in the Humanities and the Social Sciences (IASH)<\/em><\/em><\/em><\/p>\n<p>Arbeitsschwerpunkte:\u00a0Anthropology of Knowledge, Structural Anthropology, Conceptualizing Difference, Stranger, Other, The Monstrous<\/p>\n<p>Aktuelles Forschungsprojekt: Die Odyssee der Pygm\u00e4en. Eine prek\u00e4re Figur auf den neuzeitlichen Spieltischen anthropologischer Differenz<\/p>\n<p>&nbsp;<\/p>\n","protected":false},"excerpt":{"rendered":"<p>&nbsp; Dr. Cora Bender Ethnologin,\u00a0Zentrum f\u00fcr Vergleichende Medien- und Sozialforschung,\u00a0Universit\u00e4t Siegen Arbeitsschwerpunkte: Visuelle Anthropologie, Indigene Moderne &nbsp; Prof. Dr. Peter J. Br\u00e4unlein Ethnologe und Religionswissenschaftler,\u00a0wissenschaftlicher Mitarbeiter im Kompetenznetzwerk Dynamiken von Religion\u00a0in\u00a0S\u00fcdostasien (DORISEA) an der Universit\u00e4t G\u00f6ttingen Arbeitsschwerpunkte:\u00a0Religionspluralismus S\u00fcdostasiens,\u00a0Theorie und Methode der Religionswissenschaft,\u00a0Christentum in Europa und S\u00fcdostasien,\u00a0Museum, Film, Ethnologie und Religionswissenschaft im Dialog mit Bild- und [&hellip;]<\/p>\n","protected":false},"author":1015,"featured_media":0,"parent":0,"menu_order":0,"comment_status":"open","ping_status":"open","template":"","meta":{"_bbp_topic_count":0,"_bbp_reply_count":0,"_bbp_total_topic_count":0,"_bbp_total_reply_count":0,"_bbp_voice_count":0,"_bbp_anonymous_reply_count":0,"_bbp_topic_count_hidden":0,"_bbp_reply_count_hidden":0,"_bbp_forum_subforum_count":0,"footnotes":""},"class_list":["post-5","page","type-page","status-publish","hentry"],"_links":{"self":[{"href":"https:\/\/blogs.uni-bremen.de\/uncanny\/wp-json\/wp\/v2\/pages\/5","targetHints":{"allow":["GET"]}}],"collection":[{"href":"https:\/\/blogs.uni-bremen.de\/uncanny\/wp-json\/wp\/v2\/pages"}],"about":[{"href":"https:\/\/blogs.uni-bremen.de\/uncanny\/wp-json\/wp\/v2\/types\/page"}],"author":[{"embeddable":true,"href":"https:\/\/blogs.uni-bremen.de\/uncanny\/wp-json\/wp\/v2\/users\/1015"}],"replies":[{"embeddable":true,"href":"https:\/\/blogs.uni-bremen.de\/uncanny\/wp-json\/wp\/v2\/comments?post=5"}],"version-history":[{"count":1,"href":"https:\/\/blogs.uni-bremen.de\/uncanny\/wp-json\/wp\/v2\/pages\/5\/revisions"}],"predecessor-version":[{"id":16,"href":"https:\/\/blogs.uni-bremen.de\/uncanny\/wp-json\/wp\/v2\/pages\/5\/revisions\/16"}],"wp:attachment":[{"href":"https:\/\/blogs.uni-bremen.de\/uncanny\/wp-json\/wp\/v2\/media?parent=5"}],"curies":[{"name":"wp","href":"https:\/\/api.w.org\/{rel}","templated":true}]}}