{"id":286,"date":"2024-03-12T18:11:10","date_gmt":"2024-03-12T17:11:10","guid":{"rendered":"https:\/\/blogs.uni-bremen.de\/therealityofthefilmindustry\/?page_id=286"},"modified":"2024-03-14T18:12:42","modified_gmt":"2024-03-14T17:12:42","slug":"fazit","status":"publish","type":"page","link":"https:\/\/blogs.uni-bremen.de\/therealityofthefilmindustry\/fazit\/","title":{"rendered":"Fazit"},"content":{"rendered":"<p>Die Entwicklung der Disney-Prinzessinnen im Laufe der Zeit spiegelt eine bemerkenswerte Ver\u00e4nderung in den gesellschaftlichen Normen und Werten wider. Von den fr\u00fchen Tagen, in denen Prinzessinnen oft passiv, auf ihre Rettung wartend und durch stereotype Geschlechterrollen definiert waren, bis zu den neueren Interpretationen, die Vielfalt, St\u00e4rke und Selbstbestimmung betonen, ist ein deutlicher Fortschritt erkennbar.<\/p>\n<p>Die ersten Disney-Prinzessinnen wie Schneewittchen, Cinderella und Aurora wurden oft als passive Opfer dargestellt, die darauf warteten, von einem Prinzen gerettet zu werden. Ihre Geschichten waren stark von romantischer Liebe gepr\u00e4gt und ihre Handlungen waren stark durch traditionelle Geschlechterrollen gepr\u00e4gt.<\/p>\n<p>Mit dem Aufkommen von Filmen wie &#8222;Die Sch\u00f6ne und das Biest&#8220;, &#8222;Die kleine Meerjungfrau&#8220; und &#8222;Aladdin&#8220; begann sich das Bild der Disney-Prinzessinnen zu ver\u00e4ndern. Belle, Arielle und Jasmin waren mutiger und eigenst\u00e4ndiger. Sie strebten nach Unabh\u00e4ngigkeit und hatten ihre eigenen Tr\u00e4ume und Ziele, die \u00fcber romantische Beziehungen hinausgingen.<\/p>\n<p>In den j\u00fcngeren Filmen wie &#8222;Die Eisk\u00f6nigin \u2013 V\u00f6llig unverfroren&#8220;, &#8222;Vaiana&#8220; und &#8222;Merida &#8211; Legende der Highlands&#8220; wird die Vielfalt der weiblichen Erfahrungen und die Bedeutung von Selbstbestimmung und Individualit\u00e4t noch st\u00e4rker betont. Diese Prinzessinnen sind nicht nur stark und mutig, sondern auch vielseitig und entschlossen. Sie brechen mit traditionellen Rollenbildern und zeigen, dass Frauen die F\u00e4higkeit haben, ihre eigenen Wege zu gehen und ihre eigenen Tr\u00e4ume zu verfolgen.<\/p>\n<p>Insgesamt haben sich die Disney-Prinzessinnen im Laufe der Zeit erheblich weiterentwickelt, und ihre Geschichten sind zu einem wichtigen Medium geworden, um junge M\u00e4dchen zu ermutigen, selbstbewusst, unabh\u00e4ngig und stark zu sein. Durch die Darstellung von vielf\u00e4ltigen weiblichen Charakteren tragen die Disney-Prinzessinnen dazu bei, stereotype Geschlechterrollen herauszufordern und eine Welt zu schaffen, in der Frauen und M\u00e4dchen in all ihrer Vielfalt und St\u00e4rke repr\u00e4sentiert werden.<\/p>\n","protected":false},"excerpt":{"rendered":"<p>Die Entwicklung der Disney-Prinzessinnen im Laufe der Zeit spiegelt eine bemerkenswerte Ver\u00e4nderung in den gesellschaftlichen Normen und Werten wider. Von den fr\u00fchen Tagen, in denen Prinzessinnen oft passiv, auf ihre Rettung wartend und durch stereotype Geschlechterrollen definiert waren, bis zu den neueren Interpretationen, die Vielfalt, St\u00e4rke und Selbstbestimmung betonen, ist ein deutlicher Fortschritt erkennbar. Die &hellip; <\/p>\n<p class=\"link-more\"><a href=\"https:\/\/blogs.uni-bremen.de\/therealityofthefilmindustry\/fazit\/\" class=\"more-link\"><span class=\"screen-reader-text\">\u201eFazit\u201c <\/span>weiterlesen<\/a><\/p>\n","protected":false},"author":15183,"featured_media":0,"parent":0,"menu_order":0,"comment_status":"closed","ping_status":"closed","template":"","meta":{"_bbp_topic_count":0,"_bbp_reply_count":0,"_bbp_total_topic_count":0,"_bbp_total_reply_count":0,"_bbp_voice_count":0,"_bbp_anonymous_reply_count":0,"_bbp_topic_count_hidden":0,"_bbp_reply_count_hidden":0,"_bbp_forum_subforum_count":0,"footnotes":""},"class_list":["post-286","page","type-page","status-publish","hentry"],"_links":{"self":[{"href":"https:\/\/blogs.uni-bremen.de\/therealityofthefilmindustry\/wp-json\/wp\/v2\/pages\/286","targetHints":{"allow":["GET"]}}],"collection":[{"href":"https:\/\/blogs.uni-bremen.de\/therealityofthefilmindustry\/wp-json\/wp\/v2\/pages"}],"about":[{"href":"https:\/\/blogs.uni-bremen.de\/therealityofthefilmindustry\/wp-json\/wp\/v2\/types\/page"}],"author":[{"embeddable":true,"href":"https:\/\/blogs.uni-bremen.de\/therealityofthefilmindustry\/wp-json\/wp\/v2\/users\/15183"}],"replies":[{"embeddable":true,"href":"https:\/\/blogs.uni-bremen.de\/therealityofthefilmindustry\/wp-json\/wp\/v2\/comments?post=286"}],"version-history":[{"count":2,"href":"https:\/\/blogs.uni-bremen.de\/therealityofthefilmindustry\/wp-json\/wp\/v2\/pages\/286\/revisions"}],"predecessor-version":[{"id":291,"href":"https:\/\/blogs.uni-bremen.de\/therealityofthefilmindustry\/wp-json\/wp\/v2\/pages\/286\/revisions\/291"}],"wp:attachment":[{"href":"https:\/\/blogs.uni-bremen.de\/therealityofthefilmindustry\/wp-json\/wp\/v2\/media?parent=286"}],"curies":[{"name":"wp","href":"https:\/\/api.w.org\/{rel}","templated":true}]}}