{"id":151,"date":"2024-03-10T10:13:57","date_gmt":"2024-03-10T09:13:57","guid":{"rendered":"https:\/\/blogs.uni-bremen.de\/therealityofthefilmindustry\/?page_id=151"},"modified":"2024-03-13T16:14:11","modified_gmt":"2024-03-13T15:14:11","slug":"verheiratet","status":"publish","type":"page","link":"https:\/\/blogs.uni-bremen.de\/therealityofthefilmindustry\/verheiratet\/","title":{"rendered":"Verheiratet?"},"content":{"rendered":"<p><strong>Moderne \u00c4ra:<\/strong> Diese \u00c4ra begann in den sp\u00e4ten 2000er Jahren und dauert bis heute an. In dieser \u00c4ra sind die Disney-Prinzessinnen diverser und zeigen eine st\u00e4rkere Unabh\u00e4ngigkeit und Individualit\u00e4t. Zu den Prinzessinnen dieser \u00c4ra geh\u00f6ren Tiana, Rapunzel, Merida, Anna, Elsa und Vaiana.<\/p>\n","protected":false},"excerpt":{"rendered":"<p>Moderne \u00c4ra: Diese \u00c4ra begann in den sp\u00e4ten 2000er Jahren und dauert bis heute an. In dieser \u00c4ra sind die Disney-Prinzessinnen diverser und zeigen eine st\u00e4rkere Unabh\u00e4ngigkeit und Individualit\u00e4t. Zu den Prinzessinnen dieser \u00c4ra geh\u00f6ren Tiana, Rapunzel, Merida, Anna, Elsa und Vaiana.<\/p>\n","protected":false},"author":15183,"featured_media":171,"parent":0,"menu_order":0,"comment_status":"closed","ping_status":"closed","template":"","meta":{"_bbp_topic_count":0,"_bbp_reply_count":0,"_bbp_total_topic_count":0,"_bbp_total_reply_count":0,"_bbp_voice_count":0,"_bbp_anonymous_reply_count":0,"_bbp_topic_count_hidden":0,"_bbp_reply_count_hidden":0,"_bbp_forum_subforum_count":0,"footnotes":""},"class_list":["post-151","page","type-page","status-publish","has-post-thumbnail","hentry"],"_links":{"self":[{"href":"https:\/\/blogs.uni-bremen.de\/therealityofthefilmindustry\/wp-json\/wp\/v2\/pages\/151","targetHints":{"allow":["GET"]}}],"collection":[{"href":"https:\/\/blogs.uni-bremen.de\/therealityofthefilmindustry\/wp-json\/wp\/v2\/pages"}],"about":[{"href":"https:\/\/blogs.uni-bremen.de\/therealityofthefilmindustry\/wp-json\/wp\/v2\/types\/page"}],"author":[{"embeddable":true,"href":"https:\/\/blogs.uni-bremen.de\/therealityofthefilmindustry\/wp-json\/wp\/v2\/users\/15183"}],"replies":[{"embeddable":true,"href":"https:\/\/blogs.uni-bremen.de\/therealityofthefilmindustry\/wp-json\/wp\/v2\/comments?post=151"}],"version-history":[{"count":3,"href":"https:\/\/blogs.uni-bremen.de\/therealityofthefilmindustry\/wp-json\/wp\/v2\/pages\/151\/revisions"}],"predecessor-version":[{"id":175,"href":"https:\/\/blogs.uni-bremen.de\/therealityofthefilmindustry\/wp-json\/wp\/v2\/pages\/151\/revisions\/175"}],"wp:featuredmedia":[{"embeddable":true,"href":"https:\/\/blogs.uni-bremen.de\/therealityofthefilmindustry\/wp-json\/wp\/v2\/media\/171"}],"wp:attachment":[{"href":"https:\/\/blogs.uni-bremen.de\/therealityofthefilmindustry\/wp-json\/wp\/v2\/media?parent=151"}],"curies":[{"name":"wp","href":"https:\/\/api.w.org\/{rel}","templated":true}]}}