{"id":150,"date":"2024-03-06T10:13:57","date_gmt":"2024-03-06T09:13:57","guid":{"rendered":"https:\/\/blogs.uni-bremen.de\/therealityofthefilmindustry\/?page_id=150"},"modified":"2024-03-13T16:13:56","modified_gmt":"2024-03-13T15:13:56","slug":"verlobt","status":"publish","type":"page","link":"https:\/\/blogs.uni-bremen.de\/therealityofthefilmindustry\/verlobt\/","title":{"rendered":"Verlobt"},"content":{"rendered":"<p><strong>Renaissance-\u00c4ra:<\/strong> Diese \u00c4ra begann in den sp\u00e4ten 1980er Jahren und dauerte bis in die 1990er Jahre. Es war eine Zeit, in der Disney eine Wiederbelebung erlebte, besonders in Bezug auf die Qualit\u00e4t und den Erfolg seiner Animationsfilme. Zu den Prinzessinnen dieser \u00c4ra geh\u00f6ren Arielle, Belle, Jasmin, Pocahontas und Mulan.<\/p>\n","protected":false},"excerpt":{"rendered":"<p>Renaissance-\u00c4ra: Diese \u00c4ra begann in den sp\u00e4ten 1980er Jahren und dauerte bis in die 1990er Jahre. Es war eine Zeit, in der Disney eine Wiederbelebung erlebte, besonders in Bezug auf die Qualit\u00e4t und den Erfolg seiner Animationsfilme. Zu den Prinzessinnen dieser \u00c4ra geh\u00f6ren Arielle, Belle, Jasmin, Pocahontas und Mulan.<\/p>\n","protected":false},"author":15183,"featured_media":170,"parent":0,"menu_order":0,"comment_status":"closed","ping_status":"closed","template":"","meta":{"_bbp_topic_count":0,"_bbp_reply_count":0,"_bbp_total_topic_count":0,"_bbp_total_reply_count":0,"_bbp_voice_count":0,"_bbp_anonymous_reply_count":0,"_bbp_topic_count_hidden":0,"_bbp_reply_count_hidden":0,"_bbp_forum_subforum_count":0,"footnotes":""},"class_list":["post-150","page","type-page","status-publish","has-post-thumbnail","hentry"],"_links":{"self":[{"href":"https:\/\/blogs.uni-bremen.de\/therealityofthefilmindustry\/wp-json\/wp\/v2\/pages\/150","targetHints":{"allow":["GET"]}}],"collection":[{"href":"https:\/\/blogs.uni-bremen.de\/therealityofthefilmindustry\/wp-json\/wp\/v2\/pages"}],"about":[{"href":"https:\/\/blogs.uni-bremen.de\/therealityofthefilmindustry\/wp-json\/wp\/v2\/types\/page"}],"author":[{"embeddable":true,"href":"https:\/\/blogs.uni-bremen.de\/therealityofthefilmindustry\/wp-json\/wp\/v2\/users\/15183"}],"replies":[{"embeddable":true,"href":"https:\/\/blogs.uni-bremen.de\/therealityofthefilmindustry\/wp-json\/wp\/v2\/comments?post=150"}],"version-history":[{"count":2,"href":"https:\/\/blogs.uni-bremen.de\/therealityofthefilmindustry\/wp-json\/wp\/v2\/pages\/150\/revisions"}],"predecessor-version":[{"id":173,"href":"https:\/\/blogs.uni-bremen.de\/therealityofthefilmindustry\/wp-json\/wp\/v2\/pages\/150\/revisions\/173"}],"wp:featuredmedia":[{"embeddable":true,"href":"https:\/\/blogs.uni-bremen.de\/therealityofthefilmindustry\/wp-json\/wp\/v2\/media\/170"}],"wp:attachment":[{"href":"https:\/\/blogs.uni-bremen.de\/therealityofthefilmindustry\/wp-json\/wp\/v2\/media?parent=150"}],"curies":[{"name":"wp","href":"https:\/\/api.w.org\/{rel}","templated":true}]}}