{"id":149,"date":"2024-03-01T10:13:57","date_gmt":"2024-03-01T09:13:57","guid":{"rendered":"https:\/\/blogs.uni-bremen.de\/therealityofthefilmindustry\/?page_id=149"},"modified":"2024-03-14T17:25:55","modified_gmt":"2024-03-14T16:25:55","slug":"verliebt","status":"publish","type":"page","link":"https:\/\/blogs.uni-bremen.de\/therealityofthefilmindustry\/verliebt\/","title":{"rendered":"Verliebt"},"content":{"rendered":"<p><strong>Klassische \u00c4ra:<\/strong> Diese \u00c4ra umfasst die ersten Disney-Prinzessinnen, die in den klassischen Zeichentrickfilmen der 1930er bis 1950er Jahre vorgestellt wurden. Zu den bekanntesten Prinzessinnen dieser \u00c4ra geh\u00f6ren Schneewittchen, Cinderella und Dornr\u00f6schen.<\/p>\n","protected":false},"excerpt":{"rendered":"<p>Klassische \u00c4ra: Diese \u00c4ra umfasst die ersten Disney-Prinzessinnen, die in den klassischen Zeichentrickfilmen der 1930er bis 1950er Jahre vorgestellt wurden. Zu den bekanntesten Prinzessinnen dieser \u00c4ra geh\u00f6ren Schneewittchen, Cinderella und Dornr\u00f6schen.<\/p>\n","protected":false},"author":15183,"featured_media":169,"parent":0,"menu_order":0,"comment_status":"closed","ping_status":"closed","template":"","meta":{"_bbp_topic_count":0,"_bbp_reply_count":0,"_bbp_total_topic_count":0,"_bbp_total_reply_count":0,"_bbp_voice_count":0,"_bbp_anonymous_reply_count":0,"_bbp_topic_count_hidden":0,"_bbp_reply_count_hidden":0,"_bbp_forum_subforum_count":0,"footnotes":""},"class_list":["post-149","page","type-page","status-publish","has-post-thumbnail","hentry"],"_links":{"self":[{"href":"https:\/\/blogs.uni-bremen.de\/therealityofthefilmindustry\/wp-json\/wp\/v2\/pages\/149","targetHints":{"allow":["GET"]}}],"collection":[{"href":"https:\/\/blogs.uni-bremen.de\/therealityofthefilmindustry\/wp-json\/wp\/v2\/pages"}],"about":[{"href":"https:\/\/blogs.uni-bremen.de\/therealityofthefilmindustry\/wp-json\/wp\/v2\/types\/page"}],"author":[{"embeddable":true,"href":"https:\/\/blogs.uni-bremen.de\/therealityofthefilmindustry\/wp-json\/wp\/v2\/users\/15183"}],"replies":[{"embeddable":true,"href":"https:\/\/blogs.uni-bremen.de\/therealityofthefilmindustry\/wp-json\/wp\/v2\/comments?post=149"}],"version-history":[{"count":2,"href":"https:\/\/blogs.uni-bremen.de\/therealityofthefilmindustry\/wp-json\/wp\/v2\/pages\/149\/revisions"}],"predecessor-version":[{"id":172,"href":"https:\/\/blogs.uni-bremen.de\/therealityofthefilmindustry\/wp-json\/wp\/v2\/pages\/149\/revisions\/172"}],"wp:featuredmedia":[{"embeddable":true,"href":"https:\/\/blogs.uni-bremen.de\/therealityofthefilmindustry\/wp-json\/wp\/v2\/media\/169"}],"wp:attachment":[{"href":"https:\/\/blogs.uni-bremen.de\/therealityofthefilmindustry\/wp-json\/wp\/v2\/media?parent=149"}],"curies":[{"name":"wp","href":"https:\/\/api.w.org\/{rel}","templated":true}]}}