{"id":62,"date":"2022-01-28T15:14:26","date_gmt":"2022-01-28T14:14:26","guid":{"rendered":"https:\/\/blogs.uni-bremen.de\/themensemestertext\/?page_id=62"},"modified":"2025-07-06T08:54:31","modified_gmt":"2025-07-06T06:54:31","slug":"posterausstellung","status":"publish","type":"page","link":"https:\/\/blogs.uni-bremen.de\/themensemestertext\/posterausstellung\/","title":{"rendered":"Posterausstellung"},"content":{"rendered":"<p><span style=\"font-family: arial, helvetica, sans-serif;font-size: 10pt\">Im Rahmen verschiedener Seminare zu aktuellen Themen der Angewandten Linguistik haben Studierende kleine Forschungsprojekte durchgef\u00fchrt und Poster erstellt. <\/span><\/p>\n<p>Viel Spa\u00df beim Schauen und Lesen!<\/p>\n<p>&nbsp;<\/p>\n<p><span style=\"font-size: 10pt\"><a href=\"https:\/\/blogs.uni-bremen.de\/themensemestertext\/posterausstellung\/alexa-sprachassistenten-und-ihre-funktionsweise\/\">Alexa. Sprachassistenten und ihre Funktionsweise<\/a><\/span><\/p>\n<p><span style=\"font-size: 10pt\"><a href=\"https:\/\/blogs.uni-bremen.de\/themensemestertext\/posterausstellung\/ansprache-auf-nachrichtenseiten\/\">Ansprache auf Nachrichtenseiten<\/a><\/span><\/p>\n<p><span style=\"font-size: 10pt\"><a href=\"https:\/\/blogs.uni-bremen.de\/themensemestertext\/posterausstellung\/assoziationen-beim-hoeren-fremder-sprachen\/\">Assoziationen beim H\u00f6ren fremder Sprachen<\/a><\/span><\/p>\n<p><a href=\"https:\/\/blogs.uni-bremen.de\/themensemestertext\/posterausstellung\/digitales-schreiben-in-der-schule\/\" target=\"_blank\" rel=\"noopener\"><span style=\"font-size: 10pt\">Digitales Schreiben in der Schule?<\/span><\/a><\/p>\n<p><span style=\"font-size: 10pt\"><a href=\"https:\/\/blogs.uni-bremen.de\/themensemestertext\/posterausstellung\/der-kleine-prinz\/\">Der Kleine Prinz<\/a><\/span><\/p>\n<p><span style=\"font-size: 10pt\"><a href=\"https:\/\/blogs.uni-bremen.de\/themensemestertext\/posterausstellung\/gebaerdensprache-an-der-universitaet-bremen\/\">Geb\u00e4rdensprache an der Universit\u00e4t Bremen<\/a><\/span><\/p>\n<p><span style=\"font-size: 10pt\"><a href=\"https:\/\/blogs.uni-bremen.de\/themensemestertext\/posterausstellung\/gendern-in-lehrveranstaltungen\/\">Gendern in Lehrveranstaltungen<\/a><\/span><\/p>\n<p><span style=\"font-size: 10pt\"><a href=\"https:\/\/blogs.uni-bremen.de\/themensemestertext\/posterausstellung\/gendert-unser-bundestag\/\">Gendert unser Bundestag<\/a><\/span><\/p>\n<p><span style=\"font-size: 10pt\"><a href=\"https:\/\/blogs.uni-bremen.de\/themensemestertext\/posterausstellung\/k-popsongs\/\">K-Pop Songs<\/a><\/span><\/p>\n<p><span style=\"font-size: 10pt\"><a href=\"https:\/\/blogs.uni-bremen.de\/themensemestertext\/posterausstellung\/ki-verfasste-artikel-erkennen\/\">KI-verfasste Artikel erkennen<\/a><\/span><\/p>\n<p><span style=\"font-size: 10pt\"><a href=\"https:\/\/blogs.uni-bremen.de\/themensemestertext\/posterausstellung\/koalitionsvertraege\/\">Koalitionsvertr\u00e4ge<\/a><\/span><\/p>\n<p><span style=\"font-size: 10pt\"><a href=\"https:\/\/blogs.uni-bremen.de\/themensemestertext\/posterausstellung\/kulturelle-identitaet-und-mehrsprachigkeit\/\">Kulturelle Identit\u00e4t und Mehrsprachigkeit<\/a><\/span><\/p>\n<p><span style=\"font-size: 10pt\"><a href=\"https:\/\/blogs.uni-bremen.de\/themensemestertext\/posterausstellung\/redewendungen-ueber-geld\/\">Redewendungen \u00fcber Geld<\/a><\/span><\/p>\n<p><span style=\"font-size: 10pt\"><a href=\"https:\/\/blogs.uni-bremen.de\/themensemestertext\/posterausstellung\/schreibkonventionen-redeln-im-internetz\/\">Schreibkonventionen Redeln im Internetz<\/a><\/span><\/p>\n<p><span style=\"font-size: 10pt\"><a href=\"https:\/\/blogs.uni-bremen.de\/themensemestertext\/posterausstellung\/sprachen-im-esc\/\">Sprachen im ESC<\/a><\/span><\/p>\n<p><span style=\"font-size: 10pt\"><a href=\"https:\/\/blogs.uni-bremen.de\/themensemestertext\/posterausstellung\/uebersetzung-gregs-tagebuch\/\">\u00dcbersetzung Greg\u2019s Tagebuch<\/a><\/span><\/p>\n<p><span style=\"font-size: 10pt\"><a href=\"https:\/\/blogs.uni-bremen.de\/themensemestertext\/posterausstellung\/werbung-geschlechtsspezifik\/\">Werbung: Geschlechtsspezifik<\/a><\/span><\/p>\n","protected":false},"excerpt":{"rendered":"<p>Im Rahmen verschiedener Seminare zu aktuellen Themen der Angewandten Linguistik haben Studierende kleine Forschungsprojekte durchgef\u00fchrt und Poster erstellt. Viel Spa\u00df beim Schauen und Lesen! &nbsp; Alexa. Sprachassistenten und ihre Funktionsweise Ansprache auf Nachrichtenseiten Assoziationen beim H\u00f6ren fremder Sprachen Digitales Schreiben in der Schule? Der Kleine Prinz Geb\u00e4rdensprache an der Universit\u00e4t Bremen Gendern in Lehrveranstaltungen Gendert [&hellip;]<\/p>\n","protected":false},"author":3568,"featured_media":0,"parent":0,"menu_order":4,"comment_status":"closed","ping_status":"closed","template":"","meta":{"_bbp_topic_count":0,"_bbp_reply_count":0,"_bbp_total_topic_count":0,"_bbp_total_reply_count":0,"_bbp_voice_count":0,"_bbp_anonymous_reply_count":0,"_bbp_topic_count_hidden":0,"_bbp_reply_count_hidden":0,"_bbp_forum_subforum_count":0,"footnotes":""},"class_list":["post-62","page","type-page","status-publish","hentry","post-preview"],"_links":{"self":[{"href":"https:\/\/blogs.uni-bremen.de\/themensemestertext\/wp-json\/wp\/v2\/pages\/62","targetHints":{"allow":["GET"]}}],"collection":[{"href":"https:\/\/blogs.uni-bremen.de\/themensemestertext\/wp-json\/wp\/v2\/pages"}],"about":[{"href":"https:\/\/blogs.uni-bremen.de\/themensemestertext\/wp-json\/wp\/v2\/types\/page"}],"author":[{"embeddable":true,"href":"https:\/\/blogs.uni-bremen.de\/themensemestertext\/wp-json\/wp\/v2\/users\/3568"}],"replies":[{"embeddable":true,"href":"https:\/\/blogs.uni-bremen.de\/themensemestertext\/wp-json\/wp\/v2\/comments?post=62"}],"version-history":[{"count":10,"href":"https:\/\/blogs.uni-bremen.de\/themensemestertext\/wp-json\/wp\/v2\/pages\/62\/revisions"}],"predecessor-version":[{"id":475,"href":"https:\/\/blogs.uni-bremen.de\/themensemestertext\/wp-json\/wp\/v2\/pages\/62\/revisions\/475"}],"wp:attachment":[{"href":"https:\/\/blogs.uni-bremen.de\/themensemestertext\/wp-json\/wp\/v2\/media?parent=62"}],"curies":[{"name":"wp","href":"https:\/\/api.w.org\/{rel}","templated":true}]}}