{"id":51,"date":"2026-01-20T18:49:21","date_gmt":"2026-01-20T17:49:21","guid":{"rendered":"https:\/\/blogs.uni-bremen.de\/thaitodeutsch\/?page_id=51"},"modified":"2026-02-27T16:12:19","modified_gmt":"2026-02-27T15:12:19","slug":"51-2","status":"publish","type":"page","link":"https:\/\/blogs.uni-bremen.de\/thaitodeutsch\/","title":{"rendered":""},"content":{"rendered":"\n<div class=\"wp-block-cover alignfull is-light has-parallax\" style=\"border-style:none;border-width:0px;border-top-left-radius:0px;border-top-right-radius:0px;border-bottom-left-radius:0px;border-bottom-right-radius:0px;margin-top:0;margin-bottom:0;padding-top:0;padding-bottom:0;min-height:750px;aspect-ratio:unset;\"><div class=\"wp-block-cover__image-background wp-image-52 size-full has-parallax\" style=\"background-position:50% 50%;background-image:url(https:\/\/blogs.uni-bremen.de\/thaitodeutsch\/files\/ChatGPT-Image-Jan-12-2026-at-10_17_28-PM-4.png)\"><\/div><span aria-hidden=\"true\" class=\"wp-block-cover__background has-background-dim\" style=\"background-color:#f0dfe2\"><\/span><div class=\"wp-block-cover__inner-container has-global-padding is-layout-constrained wp-container-core-cover-is-layout-99cb9f22 wp-block-cover-is-layout-constrained\">\n<h1 class=\"wp-block-heading has-text-align-center\">Deutsch f\u00fcr Thai |  Leben in Deutschland<\/h1>\n\n\n\n<p class=\"has-text-align-center\">Sprache \u00b7 Alltag \u00b7 Erfahrungen in Deutschland<\/p>\n<\/div><\/div>\n\n\n\n<div class=\"wp-block-group is-style-section-2 has-background has-medium-font-size has-global-padding is-layout-constrained wp-container-core-group-is-layout-b4bbdd84 wp-block-group-is-layout-constrained is-style-section-2--1\" style=\"border-style:none;border-width:0px;border-top-left-radius:67px;border-top-right-radius:67px;border-bottom-left-radius:67px;border-bottom-right-radius:67px;background-color:#fef5ef;min-height:45px;margin-top:var(--wp--preset--spacing--70);margin-bottom:var(--wp--preset--spacing--70);padding-top:var(--wp--preset--spacing--20);padding-right:0;padding-bottom:var(--wp--preset--spacing--20);padding-left:0\">\n<p class=\"has-text-align-center has-contrast-color has-text-color has-link-color has-medium-font-size wp-elements-bf69198ad9d2c59536cd6c5db6090261\" style=\"padding-top:var(--wp--preset--spacing--30);padding-bottom:var(--wp--preset--spacing--30)\"><strong>Herzlich willkommen bei Thai2Deutsch!<\/strong><br>Thai2Deutsch ist ein Lernprojekt f\u00fcr Thai, die Deutsch lernen und in Deutschland leben m\u00f6chten.<\/p>\n\n\n\n<p class=\"has-text-align-center has-contrast-color has-text-color has-link-color has-medium-font-size wp-elements-92c1c7a4b2bd298d10e9f2ad1a8a2c6d\" style=\"padding-top:var(--wp--preset--spacing--30);padding-bottom:var(--wp--preset--spacing--30)\">Hier findest du verst\u00e4ndliche Erkl\u00e4rungen zur deutschen Sprache, hilfreiche Alltagstipps sowie Einblicke in Leben und Kultur in Deutschland \u2013 ideal zum selbstst\u00e4ndigen Lernen.<\/p>\n<\/div>\n\n\n<form role=\"search\" method=\"get\" action=\"https:\/\/blogs.uni-bremen.de\/thaitodeutsch\/\" class=\"wp-block-search__button-outside wp-block-search__icon-button wp-block-search\"    ><label class=\"wp-block-search__label\" for=\"wp-block-search__input-2\" >Suchen<\/label><div class=\"wp-block-search__inside-wrapper\" ><input class=\"wp-block-search__input\" id=\"wp-block-search__input-2\" placeholder=\"\" value=\"\" type=\"search\" name=\"s\" required \/><button aria-label=\"Suchen\" class=\"wp-block-search__button has-icon wp-element-button\" type=\"submit\" ><svg class=\"search-icon\" viewBox=\"0 0 24 24\" width=\"24\" height=\"24\">\n\t\t\t\t\t<path d=\"M13 5c-3.3 0-6 2.7-6 6 0 1.4.5 2.7 1.3 3.7l-3.8 3.8 1.1 1.1 3.8-3.8c1 .8 2.3 1.3 3.7 1.3 3.3 0 6-2.7 6-6S16.3 5 13 5zm0 10.5c-2.5 0-4.5-2-4.5-4.5s2-4.5 4.5-4.5 4.5 2 4.5 4.5-2 4.5-4.5 4.5z\"><\/path>\n\t\t\t\t<\/svg><\/button><\/div><\/form>\n\n\n<hr class=\"wp-block-separator has-alpha-channel-opacity\" \/>\n\n\n\n<h1 class=\"wp-block-heading has-text-align-center\" style=\"margin-top:var(--wp--preset--spacing--50);margin-bottom:var(--wp--preset--spacing--50)\">Deutsch lernen &amp; Leben in Deutschland verstehen<\/h1>\n\n\n\n<hr class=\"wp-block-separator has-alpha-channel-opacity\" style=\"margin-top:var(--wp--preset--spacing--50);margin-bottom:var(--wp--preset--spacing--50)\" \/>\n\n\n<ul class=\"wp-block-categories-list wp-block-categories\">\t<li class=\"cat-item cat-item-11\"><a href=\"https:\/\/blogs.uni-bremen.de\/thaitodeutsch\/category\/alltagssprache\/\">Alltagssprache<\/a> (3)\n<\/li>\n\t<li class=\"cat-item cat-item-13\"><a href=\"https:\/\/blogs.uni-bremen.de\/thaitodeutsch\/category\/arbeit\/\">Arbeit<\/a> (3)\n<\/li>\n\t<li class=\"cat-item cat-item-4\"><a href=\"https:\/\/blogs.uni-bremen.de\/thaitodeutsch\/category\/kultur\/\">Kultur<\/a> (1)\n<\/li>\n\t<li class=\"cat-item cat-item-7\"><a href=\"https:\/\/blogs.uni-bremen.de\/thaitodeutsch\/category\/leben\/\">Leben<\/a> (2)\n<\/li>\n\t<li class=\"cat-item cat-item-5\"><a href=\"https:\/\/blogs.uni-bremen.de\/thaitodeutsch\/category\/sprache\/\">Sprache<\/a> (3)\n<\/li>\n\t<li class=\"cat-item cat-item-10\"><a href=\"https:\/\/blogs.uni-bremen.de\/thaitodeutsch\/category\/uebung\/\">\u00dcbung<\/a> (6)\n<\/li>\n\t<li class=\"cat-item cat-item-9\"><a href=\"https:\/\/blogs.uni-bremen.de\/thaitodeutsch\/category\/wortschatz\/\">Wortschatz<\/a> (3)\n<\/li>\n<\/ul>\n\n<ul class=\"wp-block-latest-posts__list has-dates has-author wp-block-latest-posts\"><li><div class=\"wp-block-latest-posts__featured-image alignleft\"><a href=\"https:\/\/blogs.uni-bremen.de\/thaitodeutsch\/sonntag-in-deutschland-ein-besonderer-tag-im-alltag\/\" aria-label=\"Gesch\u00fctzt: Sonntag in Deutschland \u2013 ein besonderer Tag im Alltag\"><img loading=\"lazy\" decoding=\"async\" width=\"150\" height=\"150\" src=\"https:\/\/blogs.uni-bremen.de\/thaitodeutsch\/files\/ChatGPT-Image-Jan-20-2026-at-06_02_31-PM-150x150.png\" class=\"attachment-thumbnail size-thumbnail wp-post-image\" alt=\"\" style=\"\" \/><\/a><\/div><a class=\"wp-block-latest-posts__post-title\" href=\"https:\/\/blogs.uni-bremen.de\/thaitodeutsch\/sonntag-in-deutschland-ein-besonderer-tag-im-alltag\/\">Gesch\u00fctzt: Sonntag in Deutschland \u2013 ein besonderer Tag im Alltag<\/a><div class=\"wp-block-latest-posts__post-author\">von meaw<\/div><time datetime=\"2026-01-20T18:03:28+01:00\" class=\"wp-block-latest-posts__post-date\">20. Januar 2026<\/time><div class=\"wp-block-latest-posts__post-excerpt\">Dieser Inhalt ist passwortgesch\u00fctzt.<\/div><\/li>\n<li><div class=\"wp-block-latest-posts__featured-image alignleft\"><a href=\"https:\/\/blogs.uni-bremen.de\/thaitodeutsch\/muelltrennung-im-alltag\/\" aria-label=\"Gesch\u00fctzt: M\u00fclltrennung im Alltag\"><img loading=\"lazy\" decoding=\"async\" width=\"150\" height=\"150\" src=\"https:\/\/blogs.uni-bremen.de\/thaitodeutsch\/files\/ChatGPT-Image-Jan-20-2026-at-05_09_03-PM-150x150.png\" class=\"attachment-thumbnail size-thumbnail wp-post-image\" alt=\"\" style=\"\" \/><\/a><\/div><a class=\"wp-block-latest-posts__post-title\" href=\"https:\/\/blogs.uni-bremen.de\/thaitodeutsch\/muelltrennung-im-alltag\/\">Gesch\u00fctzt: M\u00fclltrennung im Alltag<\/a><div class=\"wp-block-latest-posts__post-author\">von meaw<\/div><time datetime=\"2026-01-20T17:10:07+01:00\" class=\"wp-block-latest-posts__post-date\">20. Januar 2026<\/time><div class=\"wp-block-latest-posts__post-excerpt\">Dieser Inhalt ist passwortgesch\u00fctzt.<\/div><\/li>\n<li><div class=\"wp-block-latest-posts__featured-image alignleft\"><a href=\"https:\/\/blogs.uni-bremen.de\/thaitodeutsch\/deutsch-im-alltag-begruessung-und-einfache-gespraeche-in-deutschland\/\" aria-label=\"Deutsch im Alltag: Begr\u00fc\u00dfung und einfache Gespr\u00e4che in Deutschland\"><img loading=\"lazy\" decoding=\"async\" width=\"150\" height=\"150\" src=\"https:\/\/blogs.uni-bremen.de\/thaitodeutsch\/files\/ChatGPT-Image-Jan-19-2026-at-10_35_02-PM-150x150.png\" class=\"attachment-thumbnail size-thumbnail wp-post-image\" alt=\"\" style=\"\" \/><\/a><\/div><a class=\"wp-block-latest-posts__post-title\" href=\"https:\/\/blogs.uni-bremen.de\/thaitodeutsch\/deutsch-im-alltag-begruessung-und-einfache-gespraeche-in-deutschland\/\">Deutsch im Alltag: Begr\u00fc\u00dfung und einfache Gespr\u00e4che in Deutschland<\/a><div class=\"wp-block-latest-posts__post-author\">von meaw<\/div><time datetime=\"2026-01-19T22:35:39+01:00\" class=\"wp-block-latest-posts__post-date\">19. Januar 2026<\/time><div class=\"wp-block-latest-posts__post-excerpt\">viele thail\u00e4ndische Lernende lernen Deutsch aus B\u00fcchern oder Apps.Doch im Alltag in Deutschland klingt Deutsch\u2026\u00a0<a class=\"wp-block-latest-posts__read-more\" href=\"https:\/\/blogs.uni-bremen.de\/thaitodeutsch\/deutsch-im-alltag-begruessung-und-einfache-gespraeche-in-deutschland\/\" rel=\"noopener noreferrer\"><span class=\"screen-reader-text\">Deutsch im Alltag: Begr\u00fc\u00dfung und einfache Gespr\u00e4che in Deutschland <\/span>weiterlesen<\/a><\/div><\/li>\n<li><div class=\"wp-block-latest-posts__featured-image alignleft\"><a href=\"https:\/\/blogs.uni-bremen.de\/thaitodeutsch\/deutsch-im-alltag-du-oder-sie-wann-benutzt-man-was\/\" aria-label=\"Deutsch im Alltag : Du oder Sie ? &#8211; Wann benutzt man was?\"><img loading=\"lazy\" decoding=\"async\" width=\"150\" height=\"150\" src=\"https:\/\/blogs.uni-bremen.de\/thaitodeutsch\/files\/ChatGPT-Image-Jan-19-2026-at-09_17_40-PM-e1768856464261-150x150.png\" class=\"attachment-thumbnail size-thumbnail wp-post-image\" alt=\"\" style=\"\" \/><\/a><\/div><a class=\"wp-block-latest-posts__post-title\" href=\"https:\/\/blogs.uni-bremen.de\/thaitodeutsch\/deutsch-im-alltag-du-oder-sie-wann-benutzt-man-was\/\">Deutsch im Alltag : Du oder Sie ? &#8211; Wann benutzt man was?<\/a><div class=\"wp-block-latest-posts__post-author\">von meaw<\/div><time datetime=\"2026-01-19T22:06:16+01:00\" class=\"wp-block-latest-posts__post-date\">19. Januar 2026<\/time><div class=\"wp-block-latest-posts__post-excerpt\">Eine der gr\u00f6\u00dften Herausforderungen f\u00fcr thail\u00e4ndische Deutschlernende ist die Frage:&nbsp;Du oder Sie?Die Wahl der falschen\u2026\u00a0<a class=\"wp-block-latest-posts__read-more\" href=\"https:\/\/blogs.uni-bremen.de\/thaitodeutsch\/deutsch-im-alltag-du-oder-sie-wann-benutzt-man-was\/\" rel=\"noopener noreferrer\"><span class=\"screen-reader-text\">Deutsch im Alltag : Du oder Sie ? &#8211; Wann benutzt man was? <\/span>weiterlesen<\/a><\/div><\/li>\n<li><div class=\"wp-block-latest-posts__featured-image alignleft\"><a href=\"https:\/\/blogs.uni-bremen.de\/thaitodeutsch\/deutsch-im-alltag-small-talk-in-deutschland-was-sagt-man-wirklich\/\" aria-label=\"Deutsch im Alltag: Small Talk in Deutschland &#8211; was sagt man wirklich?\"><img loading=\"lazy\" decoding=\"async\" width=\"150\" height=\"150\" src=\"https:\/\/blogs.uni-bremen.de\/thaitodeutsch\/files\/ChatGPT-Image-Jan-19-2026-at-08_51_59-PM-e1768852439137-150x150.png\" class=\"attachment-thumbnail size-thumbnail wp-post-image\" alt=\"\" style=\"\" \/><\/a><\/div><a class=\"wp-block-latest-posts__post-title\" href=\"https:\/\/blogs.uni-bremen.de\/thaitodeutsch\/deutsch-im-alltag-small-talk-in-deutschland-was-sagt-man-wirklich\/\">Deutsch im Alltag: Small Talk in Deutschland &#8211; was sagt man wirklich?<\/a><div class=\"wp-block-latest-posts__post-author\">von meaw<\/div><time datetime=\"2026-01-19T21:08:39+01:00\" class=\"wp-block-latest-posts__post-date\">19. Januar 2026<\/time><div class=\"wp-block-latest-posts__post-excerpt\">Small Talk geh\u00f6rt in Deutschland zum Alltag \u2013 besonders mit&nbsp;Nachbarn,&nbsp;Kollegen&nbsp;oder&nbsp;Bekannten.F\u00fcr viele thail\u00e4ndische Lernende ist das\u2026\u00a0<a class=\"wp-block-latest-posts__read-more\" href=\"https:\/\/blogs.uni-bremen.de\/thaitodeutsch\/deutsch-im-alltag-small-talk-in-deutschland-was-sagt-man-wirklich\/\" rel=\"noopener noreferrer\"><span class=\"screen-reader-text\">Deutsch im Alltag: Small Talk in Deutschland &#8211; was sagt man wirklich? <\/span>weiterlesen<\/a><\/div><\/li>\n<\/ul>\n\n\n<hr class=\"wp-block-separator has-alpha-channel-opacity\" \/>\n\n\n\n<div class=\"wp-block-columns are-vertically-aligned-center is-layout-flex wp-container-core-columns-is-layout-1c4d0c67 wp-block-columns-is-layout-flex\" style=\"border-style:none;border-width:0px;border-top-left-radius:0px;border-top-right-radius:0px;border-bottom-left-radius:0px;border-bottom-right-radius:0px;margin-top:var(--wp--preset--spacing--50);margin-bottom:var(--wp--preset--spacing--50);padding-top:var(--wp--preset--spacing--40);padding-right:var(--wp--preset--spacing--20);padding-bottom:var(--wp--preset--spacing--40);padding-left:var(--wp--preset--spacing--20)\">\n<div class=\"wp-block-column is-vertically-aligned-center is-layout-flow wp-block-column-is-layout-flow\" style=\"padding-top:var(--wp--preset--spacing--30);padding-right:var(--wp--preset--spacing--30);padding-bottom:var(--wp--preset--spacing--30);padding-left:var(--wp--preset--spacing--30)\">\n<div class=\"wp-block-group has-global-padding is-layout-constrained wp-block-group-is-layout-constrained\">\n<h3 class=\"wp-block-heading has-text-align-center\" style=\"margin-top:var(--wp--preset--spacing--30);margin-bottom:var(--wp--preset--spacing--30)\">Wortschatz<\/h3>\n<\/div>\n\n\n\n<p class=\"has-text-align-center is-style-text-annotation is-style-text-annotation--4\" style=\"padding-top:var(--wp--preset--spacing--20);padding-right:var(--wp--preset--spacing--20);padding-bottom:var(--wp--preset--spacing--20);padding-left:var(--wp--preset--spacing--20)\">In diesem Bereich findest du wichtige W\u00f6rter, Ausdr\u00fccke und Redewendungen, die im Alltag in Deutschland wirklich gebraucht werden.  Die Inhalte orientieren sich an echten Situationen wie Einkaufen, Begr\u00fc\u00dfen, Arbeiten, Arztbesuche oder Gespr\u00e4che im t\u00e4glich Leben <\/p>\n\n\n\n<div class=\"wp-block-buttons is-content-justification-right is-layout-flex wp-container-core-buttons-is-layout-d445cf74 wp-block-buttons-is-layout-flex\">\n<div class=\"wp-block-button has-custom-width wp-block-button__width-100\"><a class=\"wp-block-button__link has-medium-font-size has-custom-font-size wp-element-button\" href=\"https:\/\/blogs.uni-bremen.de\/thaitodeutsch\/wortschatz\/\" style=\"border-width:14px;padding-top:var(--wp--preset--spacing--20);padding-right:var(--wp--preset--spacing--20);padding-bottom:var(--wp--preset--spacing--20);padding-left:var(--wp--preset--spacing--20)\">Wortschatz<\/a><\/div>\n<\/div>\n<\/div>\n\n\n\n<div class=\"wp-block-column is-vertically-aligned-center is-layout-flow wp-block-column-is-layout-flow\" style=\"padding-top:var(--wp--preset--spacing--30);padding-right:var(--wp--preset--spacing--30);padding-bottom:var(--wp--preset--spacing--30);padding-left:var(--wp--preset--spacing--30)\">\n<div class=\"wp-block-group has-global-padding is-layout-constrained wp-block-group-is-layout-constrained\">\n<h3 class=\"wp-block-heading has-text-align-center\" style=\"margin-top:var(--wp--preset--spacing--30);margin-bottom:var(--wp--preset--spacing--30)\">\u00dcbungen<\/h3>\n<\/div>\n\n\n\n<p class=\"has-text-align-center is-style-text-annotation is-style-text-annotation--5\" style=\"padding-top:var(--wp--preset--spacing--20);padding-right:var(--wp--preset--spacing--20);padding-bottom:var(--wp--preset--spacing--20);padding-left:var(--wp--preset--spacing--20)\">In diesem Bereich findest du einfache Sprech\u00fcbungen zu typischen Alltagssituation in Deutschland &#8211; zum Beispiel Begr\u00fc\u00dfungen, Termine , Einkaufen, Arbeit oder Gespr\u00e4che mit Beh\u00f6rden. Die \u00dcbungen helfen dir, sicherer zu sprechen und Deutsch aktiv im Alltag zu nutzen <\/p>\n\n\n\n<div class=\"wp-block-buttons is-layout-flex wp-container-core-buttons-is-layout-ea8b11be wp-block-buttons-is-layout-flex\">\n<div class=\"wp-block-button has-custom-width wp-block-button__width-100\"><a class=\"wp-block-button__link wp-element-button\" href=\"https:\/\/blogs.uni-bremen.de\/thaitodeutsch\/uebungen\/\" style=\"border-width:14px;padding-top:var(--wp--preset--spacing--20);padding-right:var(--wp--preset--spacing--20);padding-bottom:var(--wp--preset--spacing--20);padding-left:var(--wp--preset--spacing--20)\">\u00dcbungen<\/a><\/div>\n<\/div>\n<\/div>\n<\/div>\n\n\n\n<hr class=\"wp-block-separator has-alpha-channel-opacity\" style=\"margin-top:var(--wp--preset--spacing--50);margin-bottom:var(--wp--preset--spacing--50)\" \/>\n\n\n\n<div class=\"wp-block-group is-vertical is-layout-flex wp-container-core-group-is-layout-fe9cc265 wp-block-group-is-layout-flex\">\n<h2 class=\"wp-block-heading\"><strong>Lass uns kennenlernen<\/strong><\/h2>\n\n\n\n<p class=\"has-medium-font-size\">Du bist neu in Deutschland oder m\u00f6chtest dein Deutsch im Alltag verbessern?<br>Dann lass uns einfach miteinander sprechen.<\/p>\n\n\n\n<p class=\"has-medium-font-size\">In 30 Minuten schauen wir gemeinsam,<br>wobei ich dich unterst\u00fctzen kann \u2013 Sprache, Alltag oder Kultur.<\/p>\n\n\n\n<div class=\"wp-block-buttons is-layout-flex wp-block-buttons-is-layout-flex\">\n<div class=\"wp-block-button\"><a class=\"wp-block-button__link wp-element-button\" href=\"https:\/\/blogs.uni-bremen.de\/thaitodeutsch\/kontakt\/\">Gespr\u00e4ch vereinbaren<\/a><\/div>\n<\/div>\n<\/div>\n\n\n\n<p><\/p>\n","protected":false},"excerpt":{"rendered":"<p>Herzlich willkommen bei Thai2Deutsch!Thai2Deutsch ist ein Lernprojekt f\u00fcr Thai, die Deutsch lernen und in Deutschland leben m\u00f6chten. Hier findest du verst\u00e4ndliche Erkl\u00e4rungen zur deutschen Sprache, hilfreiche Alltagstipps sowie Einblicke in Leben und Kultur in Deutschland \u2013 ideal zum selbstst\u00e4ndigen Lernen. Deutsch lernen &amp; Leben in Deutschland verstehen Wortschatz In diesem Bereich findest du wichtige W\u00f6rter, [&hellip;]<\/p>\n","protected":false},"author":16674,"featured_media":0,"parent":0,"menu_order":0,"comment_status":"closed","ping_status":"closed","template":"","meta":{"_bbp_topic_count":0,"_bbp_reply_count":0,"_bbp_total_topic_count":0,"_bbp_total_reply_count":0,"_bbp_voice_count":0,"_bbp_anonymous_reply_count":0,"_bbp_topic_count_hidden":0,"_bbp_reply_count_hidden":0,"_bbp_forum_subforum_count":0,"footnotes":""},"class_list":["post-51","page","type-page","status-publish","hentry"],"_links":{"self":[{"href":"https:\/\/blogs.uni-bremen.de\/thaitodeutsch\/wp-json\/wp\/v2\/pages\/51","targetHints":{"allow":["GET"]}}],"collection":[{"href":"https:\/\/blogs.uni-bremen.de\/thaitodeutsch\/wp-json\/wp\/v2\/pages"}],"about":[{"href":"https:\/\/blogs.uni-bremen.de\/thaitodeutsch\/wp-json\/wp\/v2\/types\/page"}],"author":[{"embeddable":true,"href":"https:\/\/blogs.uni-bremen.de\/thaitodeutsch\/wp-json\/wp\/v2\/users\/16674"}],"replies":[{"embeddable":true,"href":"https:\/\/blogs.uni-bremen.de\/thaitodeutsch\/wp-json\/wp\/v2\/comments?post=51"}],"version-history":[{"count":15,"href":"https:\/\/blogs.uni-bremen.de\/thaitodeutsch\/wp-json\/wp\/v2\/pages\/51\/revisions"}],"predecessor-version":[{"id":281,"href":"https:\/\/blogs.uni-bremen.de\/thaitodeutsch\/wp-json\/wp\/v2\/pages\/51\/revisions\/281"}],"wp:attachment":[{"href":"https:\/\/blogs.uni-bremen.de\/thaitodeutsch\/wp-json\/wp\/v2\/media?parent=51"}],"curies":[{"name":"wp","href":"https:\/\/api.w.org\/{rel}","templated":true}]}}