{"id":48,"date":"2022-11-05T11:18:26","date_gmt":"2022-11-05T10:18:26","guid":{"rendered":"https:\/\/blogs.uni-bremen.de\/t4g2\/?page_id=48"},"modified":"2022-12-29T15:56:34","modified_gmt":"2022-12-29T14:56:34","slug":"48-2","status":"publish","type":"page","link":"https:\/\/blogs.uni-bremen.de\/t4g2\/ylva\/48-2\/","title":{"rendered":"1. Meine ersten Uniwochen"},"content":{"rendered":"<p>Moin Leute und willkommen zu meinem ersten Blogeintrag!<\/p>\n<p>Heute erz\u00e4hle ich euch ein bisschen was von meinen ersten Wochen an der Uni.<\/p>\n<p>Erstmal musste ich in der O-Woche pendeln, was ziemlich nervig war.\u2026.\ud83e\udee3\ud83d\ude44 wenn ihr das also vermeiden k\u00f6nnt, w\u00fcrde ich euch definitiv empfehlen, auch schon in der O-Woche hier zu schlafen. So konnte ich n\u00e4mlich nicht an den Veranstaltungen abends teilnehmen, wie etwa der Kneipentour oder dem Pubquiz. Schade, aber f\u00fcr mich unvermeidbar.<br \/>\nAls ich dann richtig angekommen bin und die ersten Veranstaltungen losgingen, war ich echt froh, genug Zeit eingeplant zu haben, um meine R\u00e4ume zu finden (ganz gro\u00dfer Tipp von mir!). Das GW2 Geb\u00e4ude ist, zumindest im A Trakt, fast ein bisschen wie Hogwarts. Manche R\u00e4ume stehen nicht auf den Pl\u00e4nen, andere R\u00e4ume gibt es nicht und vertraut mir, die Treppen kommen nur selten dort aus, wo man es vermutet.<\/p>\n<p>Ein weiterer Tipp ist, sich niemals auf die Stra\u00dfenbahnen zu verlassen. Wenigstens nicht dann, wenn man etwas geplant hat. Eigentlich kommen sie recht zuverl\u00e4ssig, aber genau dann, wenn man Stress hat oder p\u00fcnktlich irgendwo sein muss, kann man fast schon damit rechnen, das die Bahn nicht kommt. Deshalb hatte ich in meinen ersten Wochen schon einige gro\u00dfe Auftritte als ich, trotz des akademischen Viertels, um einiges zu sp\u00e4t gekommen bin. Bevorzugter Weise passiert einem das auch, wenn man sein Gep\u00e4ck mit zur Veranstaltung bringt um direkt nach der Uni zum Bahnhof zu kommen. Aber glaubt mir, die Kuwis sind alle so nett, das einem auch wenn man schnaufend, rot wie ein Tomate im Gesicht und schwer bepackt zu sp\u00e4t zur Veranstaltung kommt, noch freundlich guten Morgen gew\u00fcnscht wird und irgendwo ein Platz gefunden wird.<\/p>\n<p>Ich bin wirklich froh, mich f\u00fcr Kulturwissenschaft entschieden zu haben, denn auch wenn wir uns noch nicht so lang kennen, hat doch jeder Anschluss gefunden und wird freundlich behandelt, auch wenn es Katastrophen gibt.<\/p>\n<p>&nbsp;<\/p>\n<p>Bis bald,<br \/>\nYlva<\/p>\n","protected":false},"excerpt":{"rendered":"<p>Moin Leute und willkommen zu meinem ersten Blogeintrag! Heute erz\u00e4hle ich euch ein bisschen was von meinen ersten Wochen an der Uni. Erstmal musste ich in der O-Woche pendeln, was ziemlich nervig war.\u2026.\ud83e\udee3\ud83d\ude44 wenn ihr das also vermeiden k\u00f6nnt, w\u00fcrde ich euch definitiv empfehlen, auch schon in der O-Woche hier zu schlafen. So konnte ich [&hellip;]<\/p>\n","protected":false},"author":14408,"featured_media":0,"parent":30,"menu_order":0,"comment_status":"closed","ping_status":"closed","template":"","meta":{"_bbp_topic_count":0,"_bbp_reply_count":0,"_bbp_total_topic_count":0,"_bbp_total_reply_count":0,"_bbp_voice_count":0,"_bbp_anonymous_reply_count":0,"_bbp_topic_count_hidden":0,"_bbp_reply_count_hidden":0,"_bbp_forum_subforum_count":0,"footnotes":""},"class_list":["post-48","page","type-page","status-publish","hentry"],"_links":{"self":[{"href":"https:\/\/blogs.uni-bremen.de\/t4g2\/wp-json\/wp\/v2\/pages\/48","targetHints":{"allow":["GET"]}}],"collection":[{"href":"https:\/\/blogs.uni-bremen.de\/t4g2\/wp-json\/wp\/v2\/pages"}],"about":[{"href":"https:\/\/blogs.uni-bremen.de\/t4g2\/wp-json\/wp\/v2\/types\/page"}],"author":[{"embeddable":true,"href":"https:\/\/blogs.uni-bremen.de\/t4g2\/wp-json\/wp\/v2\/users\/14408"}],"replies":[{"embeddable":true,"href":"https:\/\/blogs.uni-bremen.de\/t4g2\/wp-json\/wp\/v2\/comments?post=48"}],"version-history":[{"count":3,"href":"https:\/\/blogs.uni-bremen.de\/t4g2\/wp-json\/wp\/v2\/pages\/48\/revisions"}],"predecessor-version":[{"id":218,"href":"https:\/\/blogs.uni-bremen.de\/t4g2\/wp-json\/wp\/v2\/pages\/48\/revisions\/218"}],"up":[{"embeddable":true,"href":"https:\/\/blogs.uni-bremen.de\/t4g2\/wp-json\/wp\/v2\/pages\/30"}],"wp:attachment":[{"href":"https:\/\/blogs.uni-bremen.de\/t4g2\/wp-json\/wp\/v2\/media?parent=48"}],"curies":[{"name":"wp","href":"https:\/\/api.w.org\/{rel}","templated":true}]}}