{"id":38,"date":"2022-11-04T09:41:12","date_gmt":"2022-11-04T08:41:12","guid":{"rendered":"https:\/\/blogs.uni-bremen.de\/t4g2\/?page_id=38"},"modified":"2022-12-18T17:27:04","modified_gmt":"2022-12-18T16:27:04","slug":"lois","status":"publish","type":"page","link":"https:\/\/blogs.uni-bremen.de\/t4g2\/lois\/","title":{"rendered":"Lois"},"content":{"rendered":"<p>Hey, ich bin Lois \ud83d\ude42<\/p>\n<p>Herzlich Willkommen auf meinem Blog. Hier erwartet euch in unregelm\u00e4\u00dfigen Abst\u00e4nden Beitr\u00e4ge und Hinweise zu Kultur und vieles mehr. Ich w\u00fcnsche euch viel Spa\u00df beim Lesen!&lt;3<\/p>\n<p>&nbsp;<\/p>\n<p>Erster Blogeintrag:<\/p>\n<p><a href=\"https:\/\/blogs.uni-bremen.de\/t4g2\/2022\/11\/11\/erster-blogeintrag-mode-ein-thema-der-kulturwissenschaftlerinnen\/\">https:\/\/blogs.uni-bremen.de\/t4g2\/2022\/11\/11\/erster-blogeintrag-mode-ein-thema-der-kulturwissenschaftlerinnen\/<\/a><\/p>\n<p>Zweiter Blogeintrag:<\/p>\n<p><a href=\"https:\/\/blogs.uni-bremen.de\/t4g2\/2022\/12\/02\/2-woran-denkst-du-wenn-du-das-wort-ort-hoerst\/\">https:\/\/blogs.uni-bremen.de\/t4g2\/2022\/12\/02\/2-woran-denkst-du-wenn-du-das-wort-ort-hoerst\/<\/a><\/p>\n<p>Dritter Blogeintrag:<\/p>\n<p><a href=\"https:\/\/blogs.uni-bremen.de\/t4g2\/2022\/12\/02\/3-morgens-mittags-nachmittags-und-abends\/\">https:\/\/blogs.uni-bremen.de\/t4g2\/2022\/12\/02\/3-morgens-mittags-nachmittags-und-abends\/<\/a><\/p>\n<p>Vierter Blogeintrag:<\/p>\n<p><a href=\"https:\/\/blogs.uni-bremen.de\/t4g2\/2022\/12\/13\/4-objektbeschreibung-altes-neues\/\">https:\/\/blogs.uni-bremen.de\/t4g2\/2022\/12\/13\/4-objektbeschreibung-altes-neues\/<\/a><\/p>\n<p>F\u00fcnfter Blogeintrag:<\/p>\n<p><a href=\"https:\/\/blogs.uni-bremen.de\/t4g2\/2022\/12\/14\/5-was-sagt-mein-iphone-ueber-mich-aus\/\">https:\/\/blogs.uni-bremen.de\/t4g2\/2022\/12\/14\/5-was-sagt-mein-iphone-ueber-mich-aus\/<\/a><\/p>\n<p>Sechster Blogeintrag:<\/p>\n<p><a href=\"https:\/\/blogs.uni-bremen.de\/t4g2\/2022\/12\/18\/6-lieben-die-deutschen-ihre-hunde-mehr-als-ihre-kinder\/\">https:\/\/blogs.uni-bremen.de\/t4g2\/2022\/12\/18\/6-lieben-die-deutschen-ihre-hunde-mehr-als-ihre-kinder\/<\/a><\/p>\n<p>&nbsp;<\/p>\n<p>&nbsp;<\/p>\n<p>&nbsp;<\/p>\n<p>&nbsp;<\/p>\n<p>&nbsp;<\/p>\n<p>&nbsp;<\/p>\n<p>&nbsp;<\/p>\n<p>&nbsp;<\/p>\n","protected":false},"excerpt":{"rendered":"<p>Hey, ich bin Lois \ud83d\ude42 Herzlich Willkommen auf meinem Blog. Hier erwartet euch in unregelm\u00e4\u00dfigen Abst\u00e4nden Beitr\u00e4ge und Hinweise zu Kultur und vieles mehr. Ich w\u00fcnsche euch viel Spa\u00df beim Lesen!&lt;3 &nbsp; Erster Blogeintrag: https:\/\/blogs.uni-bremen.de\/t4g2\/2022\/11\/11\/erster-blogeintrag-mode-ein-thema-der-kulturwissenschaftlerinnen\/ Zweiter Blogeintrag: https:\/\/blogs.uni-bremen.de\/t4g2\/2022\/12\/02\/2-woran-denkst-du-wenn-du-das-wort-ort-hoerst\/ Dritter Blogeintrag: https:\/\/blogs.uni-bremen.de\/t4g2\/2022\/12\/02\/3-morgens-mittags-nachmittags-und-abends\/ Vierter Blogeintrag: https:\/\/blogs.uni-bremen.de\/t4g2\/2022\/12\/13\/4-objektbeschreibung-altes-neues\/ F\u00fcnfter Blogeintrag: https:\/\/blogs.uni-bremen.de\/t4g2\/2022\/12\/14\/5-was-sagt-mein-iphone-ueber-mich-aus\/ Sechster Blogeintrag: https:\/\/blogs.uni-bremen.de\/t4g2\/2022\/12\/18\/6-lieben-die-deutschen-ihre-hunde-mehr-als-ihre-kinder\/ &nbsp; &nbsp; &nbsp; &nbsp; &nbsp; [&hellip;]<\/p>\n","protected":false},"author":14417,"featured_media":0,"parent":0,"menu_order":0,"comment_status":"closed","ping_status":"closed","template":"","meta":{"_bbp_topic_count":0,"_bbp_reply_count":0,"_bbp_total_topic_count":0,"_bbp_total_reply_count":0,"_bbp_voice_count":0,"_bbp_anonymous_reply_count":0,"_bbp_topic_count_hidden":0,"_bbp_reply_count_hidden":0,"_bbp_forum_subforum_count":0,"footnotes":""},"class_list":["post-38","page","type-page","status-publish","hentry"],"_links":{"self":[{"href":"https:\/\/blogs.uni-bremen.de\/t4g2\/wp-json\/wp\/v2\/pages\/38","targetHints":{"allow":["GET"]}}],"collection":[{"href":"https:\/\/blogs.uni-bremen.de\/t4g2\/wp-json\/wp\/v2\/pages"}],"about":[{"href":"https:\/\/blogs.uni-bremen.de\/t4g2\/wp-json\/wp\/v2\/types\/page"}],"author":[{"embeddable":true,"href":"https:\/\/blogs.uni-bremen.de\/t4g2\/wp-json\/wp\/v2\/users\/14417"}],"replies":[{"embeddable":true,"href":"https:\/\/blogs.uni-bremen.de\/t4g2\/wp-json\/wp\/v2\/comments?post=38"}],"version-history":[{"count":10,"href":"https:\/\/blogs.uni-bremen.de\/t4g2\/wp-json\/wp\/v2\/pages\/38\/revisions"}],"predecessor-version":[{"id":215,"href":"https:\/\/blogs.uni-bremen.de\/t4g2\/wp-json\/wp\/v2\/pages\/38\/revisions\/215"}],"wp:attachment":[{"href":"https:\/\/blogs.uni-bremen.de\/t4g2\/wp-json\/wp\/v2\/media?parent=38"}],"curies":[{"name":"wp","href":"https:\/\/api.w.org\/{rel}","templated":true}]}}