{"id":156,"date":"2022-12-01T22:48:40","date_gmt":"2022-12-01T21:48:40","guid":{"rendered":"https:\/\/blogs.uni-bremen.de\/t4g2\/?page_id=156"},"modified":"2023-01-27T09:18:00","modified_gmt":"2023-01-27T08:18:00","slug":"sinda","status":"publish","type":"page","link":"https:\/\/blogs.uni-bremen.de\/t4g2\/sinda\/","title":{"rendered":"Sinda"},"content":{"rendered":"<p style=\"text-align: center\"><em>Hey du, <\/em><!--more--><\/p>\n<p style=\"text-align: center\"><em><span style=\"font-family: helvetica, arial, sans-serif\">willkommen auf meinem Blog!\u00a0Sch\u00f6n mit dir meine Gedanken und Erlebnisse teilen zu d\u00fcrfen. Hier erf\u00e4hrst du, was ich in meinem ersten Semester als Studentin der Kulturwissenschaften alles mitnehmen konnte. Zwar habe ich schon einmal ein Studium begonnen, welches ich nicht abgeschlossen habe, jedoch habe ich meine gr\u00f6\u00dftenteils negativen Emotionen verbunden mit dem Studieren zur Seite gepackt und einen Neuanfang gewagt. Die Kulturwissenschaften sind f\u00fcr mich also kein Plan B, sondern ein Chapter 1. Der Beginn einer komplett neuen Geschichte, auf dessen Weg du mich zumindest zu Beginn gerne begleiten kannst.\u00a0<\/span><\/em><\/p>\n<p style=\"text-align: center\">&#8211; deine Sinda \ud83d\ude42<\/p>\n<p>&nbsp;<\/p>\n<p>&nbsp;<\/p>\n<blockquote class=\"wp-embedded-content\" data-secret=\"pyJqt9dvOV\"><p><a href=\"https:\/\/blogs.uni-bremen.de\/t4g2\/2023\/01\/20\/1-blogbeitrag\/\">1. Blogbeitrag<\/a><\/p><\/blockquote>\n<p><iframe loading=\"lazy\" class=\"wp-embedded-content\" sandbox=\"allow-scripts\" security=\"restricted\" style=\"position: absolute; clip: rect(1px, 1px, 1px, 1px);\" title=\"&#8222;1. Blogbeitrag&#8220; &#8212; T4 Gruppe 2\" src=\"https:\/\/blogs.uni-bremen.de\/t4g2\/2023\/01\/20\/1-blogbeitrag\/embed\/#?secret=IaGikGf8N8#?secret=pyJqt9dvOV\" data-secret=\"pyJqt9dvOV\" width=\"500\" height=\"282\" frameborder=\"0\" marginwidth=\"0\" marginheight=\"0\" scrolling=\"no\"><\/iframe><\/p>\n<p>&nbsp;<\/p>\n<blockquote class=\"wp-embedded-content\" data-secret=\"pzsETu5jDF\"><p><a href=\"https:\/\/blogs.uni-bremen.de\/t4g2\/2023\/01\/21\/2-blogbeitrag\/\">2. Blogbeitrag<\/a><\/p><\/blockquote>\n<p><iframe loading=\"lazy\" class=\"wp-embedded-content\" sandbox=\"allow-scripts\" security=\"restricted\" style=\"position: absolute; clip: rect(1px, 1px, 1px, 1px);\" title=\"&#8222;2. Blogbeitrag&#8220; &#8212; T4 Gruppe 2\" src=\"https:\/\/blogs.uni-bremen.de\/t4g2\/2023\/01\/21\/2-blogbeitrag\/embed\/#?secret=im2bYm9Fo6#?secret=pzsETu5jDF\" data-secret=\"pzsETu5jDF\" width=\"500\" height=\"282\" frameborder=\"0\" marginwidth=\"0\" marginheight=\"0\" scrolling=\"no\"><\/iframe><\/p>\n<p>&nbsp;<\/p>\n<blockquote class=\"wp-embedded-content\" data-secret=\"nFZQE4GUoX\"><p><a href=\"https:\/\/blogs.uni-bremen.de\/t4g2\/2023\/01\/22\/3-blogbeitrag\/\">3. Blogbeitrag<\/a><\/p><\/blockquote>\n<p><iframe loading=\"lazy\" class=\"wp-embedded-content\" sandbox=\"allow-scripts\" security=\"restricted\" style=\"position: absolute; clip: rect(1px, 1px, 1px, 1px);\" title=\"&#8222;3. Blogbeitrag&#8220; &#8212; T4 Gruppe 2\" src=\"https:\/\/blogs.uni-bremen.de\/t4g2\/2023\/01\/22\/3-blogbeitrag\/embed\/#?secret=HjJhgq3a5J#?secret=nFZQE4GUoX\" data-secret=\"nFZQE4GUoX\" width=\"500\" height=\"282\" frameborder=\"0\" marginwidth=\"0\" marginheight=\"0\" scrolling=\"no\"><\/iframe><\/p>\n<p>&nbsp;<\/p>\n<blockquote class=\"wp-embedded-content\" data-secret=\"9mzgoFzqaK\"><p><a href=\"https:\/\/blogs.uni-bremen.de\/t4g2\/2023\/01\/23\/4-blogbeitrag\/\">4. Blogbeitrag<\/a><\/p><\/blockquote>\n<p><iframe loading=\"lazy\" class=\"wp-embedded-content\" sandbox=\"allow-scripts\" security=\"restricted\" style=\"position: absolute; clip: rect(1px, 1px, 1px, 1px);\" title=\"&#8222;4. Blogbeitrag&#8220; &#8212; T4 Gruppe 2\" src=\"https:\/\/blogs.uni-bremen.de\/t4g2\/2023\/01\/23\/4-blogbeitrag\/embed\/#?secret=ZRhiCclyub#?secret=9mzgoFzqaK\" data-secret=\"9mzgoFzqaK\" width=\"500\" height=\"282\" frameborder=\"0\" marginwidth=\"0\" marginheight=\"0\" scrolling=\"no\"><\/iframe><\/p>\n<p>&nbsp;<\/p>\n<blockquote class=\"wp-embedded-content\" data-secret=\"lVrUBd4gX3\"><p><a href=\"https:\/\/blogs.uni-bremen.de\/t4g2\/2023\/01\/27\/5-blogbeitrag\/\">5. Blogbeitrag<\/a><\/p><\/blockquote>\n<p><iframe loading=\"lazy\" class=\"wp-embedded-content\" sandbox=\"allow-scripts\" security=\"restricted\" style=\"position: absolute; clip: rect(1px, 1px, 1px, 1px);\" title=\"&#8222;5. Blogbeitrag&#8220; &#8212; T4 Gruppe 2\" src=\"https:\/\/blogs.uni-bremen.de\/t4g2\/2023\/01\/27\/5-blogbeitrag\/embed\/#?secret=z2ivpUuXZa#?secret=lVrUBd4gX3\" data-secret=\"lVrUBd4gX3\" width=\"500\" height=\"282\" frameborder=\"0\" marginwidth=\"0\" marginheight=\"0\" scrolling=\"no\"><\/iframe><\/p>\n<p>&nbsp;<\/p>\n<blockquote class=\"wp-embedded-content\" data-secret=\"UkZWj7OLyn\"><p><a href=\"https:\/\/blogs.uni-bremen.de\/t4g2\/2023\/01\/27\/6-blogbeitrag\/\">6. Blogbeitrag<\/a><\/p><\/blockquote>\n<p><iframe loading=\"lazy\" class=\"wp-embedded-content\" sandbox=\"allow-scripts\" security=\"restricted\" style=\"position: absolute; clip: rect(1px, 1px, 1px, 1px);\" title=\"&#8222;6. Blogbeitrag&#8220; &#8212; T4 Gruppe 2\" src=\"https:\/\/blogs.uni-bremen.de\/t4g2\/2023\/01\/27\/6-blogbeitrag\/embed\/#?secret=pxZahChaXp#?secret=UkZWj7OLyn\" data-secret=\"UkZWj7OLyn\" width=\"500\" height=\"282\" frameborder=\"0\" marginwidth=\"0\" marginheight=\"0\" scrolling=\"no\"><\/iframe><\/p>\n","protected":false},"excerpt":{"rendered":"<p>Hey du,<\/p>\n","protected":false},"author":8085,"featured_media":181,"parent":0,"menu_order":0,"comment_status":"closed","ping_status":"closed","template":"","meta":{"_bbp_topic_count":0,"_bbp_reply_count":0,"_bbp_total_topic_count":0,"_bbp_total_reply_count":0,"_bbp_voice_count":0,"_bbp_anonymous_reply_count":0,"_bbp_topic_count_hidden":0,"_bbp_reply_count_hidden":0,"_bbp_forum_subforum_count":0,"footnotes":""},"class_list":["post-156","page","type-page","status-publish","has-post-thumbnail","hentry"],"_links":{"self":[{"href":"https:\/\/blogs.uni-bremen.de\/t4g2\/wp-json\/wp\/v2\/pages\/156","targetHints":{"allow":["GET"]}}],"collection":[{"href":"https:\/\/blogs.uni-bremen.de\/t4g2\/wp-json\/wp\/v2\/pages"}],"about":[{"href":"https:\/\/blogs.uni-bremen.de\/t4g2\/wp-json\/wp\/v2\/types\/page"}],"author":[{"embeddable":true,"href":"https:\/\/blogs.uni-bremen.de\/t4g2\/wp-json\/wp\/v2\/users\/8085"}],"replies":[{"embeddable":true,"href":"https:\/\/blogs.uni-bremen.de\/t4g2\/wp-json\/wp\/v2\/comments?post=156"}],"version-history":[{"count":10,"href":"https:\/\/blogs.uni-bremen.de\/t4g2\/wp-json\/wp\/v2\/pages\/156\/revisions"}],"predecessor-version":[{"id":259,"href":"https:\/\/blogs.uni-bremen.de\/t4g2\/wp-json\/wp\/v2\/pages\/156\/revisions\/259"}],"wp:featuredmedia":[{"embeddable":true,"href":"https:\/\/blogs.uni-bremen.de\/t4g2\/wp-json\/wp\/v2\/media\/181"}],"wp:attachment":[{"href":"https:\/\/blogs.uni-bremen.de\/t4g2\/wp-json\/wp\/v2\/media?parent=156"}],"curies":[{"name":"wp","href":"https:\/\/api.w.org\/{rel}","templated":true}]}}