{"id":23,"date":"2022-11-06T23:44:06","date_gmt":"2022-11-06T22:44:06","guid":{"rendered":"https:\/\/blogs.uni-bremen.de\/t2g6\/?page_id=23"},"modified":"2022-11-06T23:44:06","modified_gmt":"2022-11-06T22:44:06","slug":"mein-weg-zur-kulturwissenschaft","status":"publish","type":"page","link":"https:\/\/blogs.uni-bremen.de\/t2g6\/sasette-schoenauer\/mein-weg-zur-kulturwissenschaft\/","title":{"rendered":"Mein Weg zur Kulturwissenschaft"},"content":{"rendered":"<p style=\"font-weight: 400\"><strong>Mein Weg zur Kulturwissenschaft<\/strong><\/p>\n<p style=\"font-weight: 400\"><span style=\"font-weight: 400\">Halli hallo liebe Leser und Leserinnen,<\/span><\/p>\n<p style=\"font-weight: 400\"><span style=\"font-weight: 400\">In meinem ersten Beitrag hier wollte ich mir mal etwas von der Seele schreiben, etwas was mich schon lange besch\u00e4ftigt: Die Wahl des Studiums und meine Unsicherheit dabei.<\/span><\/p>\n<p style=\"font-weight: 400\"><span style=\"font-weight: 400\">Ich war schon in der Kindheit fest davon \u00fcberzeugt dass meine Zukunft irgendwo in der Kunst liegt. Nat\u00fcrlich hat sich mein genauer Berufswunsch mehrmals hin und her gewechselt, aber der Wunsch meine Passion zum Beruf zu machen, blieb. In der Grundschule noch wollte ich ganz klassisch K\u00fcnstler werden, bis wir uns dann mit Van Gogh besch\u00e4ftigen. Als ich aber erfuhr dass der Wert seiner Werke erst nach seinem Tod stieg und er davor ziemlich arm war, fand ich das ziemlich doof. Ich \u00fcberlegte mir also was Neues. Modedesigner zu werden war ab dann mein neuer Traum, sehr realistisch nat\u00fcrlich.\u00a0<\/span><\/p>\n<p style=\"font-weight: 400\"><span style=\"font-weight: 400\">So ging das die ganzen Jahre weiter. Von Designer zu Animateur, Konzeptzeichner, Kunstlehrer und schlussendlich zu Kunsthistoriker. Vielleicht f\u00e4llt auf, dass einer der Berufe im Vergleich zu den anderen sich nicht mit dem aktiven Erschaffen von Kunst besch\u00e4ftigt. Die Idee dazu stammt aus der Unsicherheit und Angst, die sich irgendwann in meinem Kopf breit gemacht hatte.<\/span><\/p>\n<p style=\"font-weight: 400\"><span style=\"font-weight: 400\">,,Was wenn ich es auf keine Kunsthochschule schaffe?\u201d ,,Was wenn ich es schaffe, aber dann nachher im Studium versage?\u201d ,,Was wenn meine Liebe zur Kunst vergeht?\u201d\u00a0<\/span><\/p>\n<p style=\"font-weight: 400\"><strong><em>,,Selbst wenn ich das alles bew\u00e4ltigen kann, was dann?\u201d<\/em><\/strong><\/p>\n<p style=\"font-weight: 400\"><span style=\"font-weight: 400\">Mir schien es einfach sicherer Kunstgeschichte zu w\u00e4hlen, so k\u00f6nnte ich trotzdem meiner Passion folgen, nur ohne diese plagenden Selbstzweifel. So fing ich im Wintersemester 2020\/21 an in Stuttgart zu studieren.\u00a0<\/span><\/p>\n<p style=\"font-weight: 400\"><span style=\"font-weight: 400\">Vielleicht lag es an Corona, vielleicht an meinem fehlenden Durchhalteverm\u00f6gen, aber ich hielt nur 4 Semester durch. Das Gef\u00fchl versagt zu haben lie\u00df mich f\u00fcr eine ganze lange Weile nicht los, es half auch nicht, dass mehrere Kunsthochschulen mich ablehnten,\u00a0 nachdem ich trotzdem mal mein Gl\u00fcck versuchen wollte.<\/span><\/p>\n<p style=\"font-weight: 400\"><span style=\"font-weight: 400\">Geholfen hat das nicht wirklich.<\/span><\/p>\n<p style=\"font-weight: 400\"><span style=\"font-weight: 400\">Na ja, nach ein paar Monaten in denen ich nur vor mich hin existierte, entschied ich mich dazu mal etwas anderes zu probieren. Also setzte ich mich mit meiner Mama vor den Rechner und einigen Studienratgebern und st\u00f6berten.<\/span><\/p>\n<p style=\"font-weight: 400\"><span style=\"font-weight: 400\">So bin ich dann auf Kulturwissenschaften gesto\u00dfen. Na der Rest ist Geschichte.<\/span><\/p>\n<p style=\"font-weight: 400\"><span style=\"font-weight: 400\">Trotz allem kann ich hin und wieder nicht anders, als meinen fr\u00fcheren Tr\u00e4umen ein bisschen nach zu trauern.<\/span><\/p>\n<p style=\"font-weight: 400\"><span style=\"font-weight: 400\">Ich glaube dennoch meine Entscheidung war die richtige und wer wei\u00df, mit einem Studiengang so vielschichtig wie unserer lande ich ja vielleicht trotzdem noch in der Kunst.<\/span><\/p>\n<p style=\"font-weight: 400\"><span style=\"font-weight: 400\">Es steht noch v\u00f6llig in den Sternen, was am Ende mein Weg sein wird.<\/span><\/p>\n<p>&nbsp;<\/p>\n<p style=\"font-weight: 400\"><span style=\"font-weight: 400\">So, ich hoffe das war jetzt nicht unangenehm pers\u00f6nlich oder so, aber es tat gut mal alle Gedanken die einem so im Kopf rum wuseln mal zu ordnen und aufzuschreiben.<\/span><\/p>\n<p>&nbsp;<\/p>\n<p style=\"font-weight: 400\"><span style=\"font-weight: 400\">Vielen Dank f\u00fcrs Lesen (oder \u00dcberfliegen, ich judge da nicht)<\/span><\/p>\n<p style=\"font-weight: 400\"><span style=\"font-weight: 400\">Tsch\u00fcssi mit K\u00fcssi,\u00a0<\/span><\/p>\n<p style=\"font-weight: 400\"><span style=\"font-weight: 400\">Sasette\u00a0<\/span><\/p>\n","protected":false},"excerpt":{"rendered":"<p>Mein Weg zur Kulturwissenschaft Halli hallo liebe Leser und Leserinnen, In meinem ersten Beitrag hier wollte ich mir mal etwas von der Seele schreiben, etwas was mich schon lange besch\u00e4ftigt: Die Wahl des Studiums und meine Unsicherheit dabei. Ich war schon in der Kindheit fest davon \u00fcberzeugt dass meine Zukunft irgendwo in der Kunst liegt. [&hellip;]<\/p>\n","protected":false},"author":14380,"featured_media":0,"parent":19,"menu_order":0,"comment_status":"closed","ping_status":"closed","template":"","meta":{"_bbp_topic_count":0,"_bbp_reply_count":0,"_bbp_total_topic_count":0,"_bbp_total_reply_count":0,"_bbp_voice_count":0,"_bbp_anonymous_reply_count":0,"_bbp_topic_count_hidden":0,"_bbp_reply_count_hidden":0,"_bbp_forum_subforum_count":0,"footnotes":""},"class_list":["post-23","page","type-page","status-publish","hentry"],"_links":{"self":[{"href":"https:\/\/blogs.uni-bremen.de\/t2g6\/wp-json\/wp\/v2\/pages\/23","targetHints":{"allow":["GET"]}}],"collection":[{"href":"https:\/\/blogs.uni-bremen.de\/t2g6\/wp-json\/wp\/v2\/pages"}],"about":[{"href":"https:\/\/blogs.uni-bremen.de\/t2g6\/wp-json\/wp\/v2\/types\/page"}],"author":[{"embeddable":true,"href":"https:\/\/blogs.uni-bremen.de\/t2g6\/wp-json\/wp\/v2\/users\/14380"}],"replies":[{"embeddable":true,"href":"https:\/\/blogs.uni-bremen.de\/t2g6\/wp-json\/wp\/v2\/comments?post=23"}],"version-history":[{"count":1,"href":"https:\/\/blogs.uni-bremen.de\/t2g6\/wp-json\/wp\/v2\/pages\/23\/revisions"}],"predecessor-version":[{"id":24,"href":"https:\/\/blogs.uni-bremen.de\/t2g6\/wp-json\/wp\/v2\/pages\/23\/revisions\/24"}],"up":[{"embeddable":true,"href":"https:\/\/blogs.uni-bremen.de\/t2g6\/wp-json\/wp\/v2\/pages\/19"}],"wp:attachment":[{"href":"https:\/\/blogs.uni-bremen.de\/t2g6\/wp-json\/wp\/v2\/media?parent=23"}],"curies":[{"name":"wp","href":"https:\/\/api.w.org\/{rel}","templated":true}]}}