{"id":7,"date":"2022-11-09T09:09:03","date_gmt":"2022-11-09T08:09:03","guid":{"rendered":"https:\/\/blogs.uni-bremen.de\/t2g4neu\/?page_id=7"},"modified":"2023-01-15T11:26:12","modified_gmt":"2023-01-15T10:26:12","slug":"mika-3","status":"publish","type":"page","link":"https:\/\/blogs.uni-bremen.de\/t2g4neu\/mika-3\/","title":{"rendered":"Mika &lt;3"},"content":{"rendered":"<p><span style=\"font-family: book antiqua, palatino, serif\">Hi,<\/span><br \/>\n<span style=\"font-family: book antiqua, palatino, serif\">ich bin Mika (Spitzname Mikey), 19 Jahre und studiere Kulturwissenschaften und Soziologie.<\/span><br \/>\n<span style=\"font-family: book antiqua, palatino, serif\">Hergezogen bin ich aus einer Kleinstadt s\u00fcdlich von Hannover, in die ich noch regelm\u00e4\u00dfig zur\u00fcck fahre, um mit Familie und Freunden Zeit zu verbringen. ^^<br \/>\n<\/span><\/p>\n<blockquote class=\"wp-embedded-content\" data-secret=\"PNFQgTx9f8\"><p><a href=\"https:\/\/blogs.uni-bremen.de\/t2g4neu\/2023\/01\/15\/thank-you-for-the-music-mika\/\">&#8222;Thank you for the Music&#8220; (Mika)<\/a><\/p><\/blockquote>\n<p><iframe loading=\"lazy\" class=\"wp-embedded-content\" sandbox=\"allow-scripts\" security=\"restricted\" style=\"position: absolute; clip: rect(1px, 1px, 1px, 1px);\" title=\"&#8222;&#8222;Thank you for the Music&#8220; (Mika)&#8220; &#8212; T2 Gruppe 4 Neu\" src=\"https:\/\/blogs.uni-bremen.de\/t2g4neu\/2023\/01\/15\/thank-you-for-the-music-mika\/embed\/#?secret=bvVok4qHfc#?secret=PNFQgTx9f8\" data-secret=\"PNFQgTx9f8\" width=\"500\" height=\"282\" frameborder=\"0\" marginwidth=\"0\" marginheight=\"0\" scrolling=\"no\"><\/iframe><\/p>\n<blockquote class=\"wp-embedded-content\" data-secret=\"lsuVbbwBsJ\"><p><a href=\"https:\/\/blogs.uni-bremen.de\/t2g4neu\/2022\/12\/30\/and-a-happy-new-year-mika\/\">\u201e\u2026 and a happy New Year!&#8220; (Mika)<\/a><\/p><\/blockquote>\n<p><iframe loading=\"lazy\" class=\"wp-embedded-content\" sandbox=\"allow-scripts\" security=\"restricted\" style=\"position: absolute; clip: rect(1px, 1px, 1px, 1px);\" title=\"&#8222;\u201e\u2026 and a happy New Year!&#8220; (Mika)&#8220; &#8212; T2 Gruppe 4 Neu\" src=\"https:\/\/blogs.uni-bremen.de\/t2g4neu\/2022\/12\/30\/and-a-happy-new-year-mika\/embed\/#?secret=omJV8mP3Vc#?secret=lsuVbbwBsJ\" data-secret=\"lsuVbbwBsJ\" width=\"500\" height=\"282\" frameborder=\"0\" marginwidth=\"0\" marginheight=\"0\" scrolling=\"no\"><\/iframe><\/p>\n<blockquote class=\"wp-embedded-content\" data-secret=\"vgAKweHYwg\"><p><a href=\"https:\/\/blogs.uni-bremen.de\/t2g4neu\/2022\/12\/20\/falling-back-in-love-with-life\/\">\u201eFalling back in love with life&#8220; (Mika)<\/a><\/p><\/blockquote>\n<p><iframe loading=\"lazy\" class=\"wp-embedded-content\" sandbox=\"allow-scripts\" security=\"restricted\" style=\"position: absolute; clip: rect(1px, 1px, 1px, 1px);\" title=\"&#8222;\u201eFalling back in love with life&#8220; (Mika)&#8220; &#8212; T2 Gruppe 4 Neu\" src=\"https:\/\/blogs.uni-bremen.de\/t2g4neu\/2022\/12\/20\/falling-back-in-love-with-life\/embed\/#?secret=LCR5nrHKvJ#?secret=vgAKweHYwg\" data-secret=\"vgAKweHYwg\" width=\"500\" height=\"282\" frameborder=\"0\" marginwidth=\"0\" marginheight=\"0\" scrolling=\"no\"><\/iframe><\/p>\n<blockquote class=\"wp-embedded-content\" data-secret=\"Z3YJrOgX9T\"><p><a href=\"https:\/\/blogs.uni-bremen.de\/t2g4neu\/2022\/12\/05\/blau-ist-nicht-besser-als-rot-mika\/\">Blau ist nicht besser als Rot&#8230; (Mika)<\/a><\/p><\/blockquote>\n<p><iframe loading=\"lazy\" class=\"wp-embedded-content\" sandbox=\"allow-scripts\" security=\"restricted\" style=\"position: absolute; clip: rect(1px, 1px, 1px, 1px);\" title=\"&#8222;Blau ist nicht besser als Rot&#8230; (Mika)&#8220; &#8212; T2 Gruppe 4 Neu\" src=\"https:\/\/blogs.uni-bremen.de\/t2g4neu\/2022\/12\/05\/blau-ist-nicht-besser-als-rot-mika\/embed\/#?secret=aohdUi8XU2#?secret=Z3YJrOgX9T\" data-secret=\"Z3YJrOgX9T\" width=\"500\" height=\"282\" frameborder=\"0\" marginwidth=\"0\" marginheight=\"0\" scrolling=\"no\"><\/iframe><\/p>\n<blockquote class=\"wp-embedded-content\" data-secret=\"iGX0xnx9Pr\"><p><a href=\"https:\/\/blogs.uni-bremen.de\/t2g4neu\/2022\/11\/17\/hi\/\">Hi,&#8230; (Mika)<\/a><\/p><\/blockquote>\n<p><iframe loading=\"lazy\" class=\"wp-embedded-content\" sandbox=\"allow-scripts\" security=\"restricted\" style=\"position: absolute; clip: rect(1px, 1px, 1px, 1px);\" title=\"&#8222;Hi,&#8230; (Mika)&#8220; &#8212; T2 Gruppe 4 Neu\" src=\"https:\/\/blogs.uni-bremen.de\/t2g4neu\/2022\/11\/17\/hi\/embed\/#?secret=ds7F895GzL#?secret=iGX0xnx9Pr\" data-secret=\"iGX0xnx9Pr\" width=\"500\" height=\"282\" frameborder=\"0\" marginwidth=\"0\" marginheight=\"0\" scrolling=\"no\"><\/iframe><\/p>\n<blockquote class=\"wp-embedded-content\" data-secret=\"FQ00BYohBD\"><p><a href=\"https:\/\/blogs.uni-bremen.de\/t2g4neu\/2022\/11\/09\/im-an-alien\/\">\u201eI\u2019m an Alien\u2026 (Mika)<\/a><\/p><\/blockquote>\n<p><iframe loading=\"lazy\" class=\"wp-embedded-content\" sandbox=\"allow-scripts\" security=\"restricted\" style=\"position: absolute; clip: rect(1px, 1px, 1px, 1px);\" title=\"&#8222;\u201eI\u2019m an Alien\u2026 (Mika)&#8220; &#8212; T2 Gruppe 4 Neu\" src=\"https:\/\/blogs.uni-bremen.de\/t2g4neu\/2022\/11\/09\/im-an-alien\/embed\/#?secret=SdSzo6MaGl#?secret=FQ00BYohBD\" data-secret=\"FQ00BYohBD\" width=\"500\" height=\"282\" frameborder=\"0\" marginwidth=\"0\" marginheight=\"0\" scrolling=\"no\"><\/iframe><\/p>\n","protected":false},"excerpt":{"rendered":"<p>Hi, ich bin Mika (Spitzname Mikey), 19 Jahre und studiere Kulturwissenschaften und Soziologie. Hergezogen bin ich aus einer Kleinstadt s\u00fcdlich von Hannover, in die ich noch regelm\u00e4\u00dfig zur\u00fcck fahre, um mit Familie und Freunden Zeit zu verbringen. ^^ &#8222;Thank you for the Music&#8220; (Mika) \u201e\u2026 and a happy New Year!&#8220; (Mika) \u201eFalling back in love [&hellip;]<\/p>\n","protected":false},"author":14397,"featured_media":0,"parent":0,"menu_order":0,"comment_status":"closed","ping_status":"closed","template":"","meta":{"_bbp_topic_count":0,"_bbp_reply_count":0,"_bbp_total_topic_count":0,"_bbp_total_reply_count":0,"_bbp_voice_count":0,"_bbp_anonymous_reply_count":0,"_bbp_topic_count_hidden":0,"_bbp_reply_count_hidden":0,"_bbp_forum_subforum_count":0,"footnotes":""},"class_list":["post-7","page","type-page","status-publish","hentry"],"_links":{"self":[{"href":"https:\/\/blogs.uni-bremen.de\/t2g4neu\/wp-json\/wp\/v2\/pages\/7","targetHints":{"allow":["GET"]}}],"collection":[{"href":"https:\/\/blogs.uni-bremen.de\/t2g4neu\/wp-json\/wp\/v2\/pages"}],"about":[{"href":"https:\/\/blogs.uni-bremen.de\/t2g4neu\/wp-json\/wp\/v2\/types\/page"}],"author":[{"embeddable":true,"href":"https:\/\/blogs.uni-bremen.de\/t2g4neu\/wp-json\/wp\/v2\/users\/14397"}],"replies":[{"embeddable":true,"href":"https:\/\/blogs.uni-bremen.de\/t2g4neu\/wp-json\/wp\/v2\/comments?post=7"}],"version-history":[{"count":9,"href":"https:\/\/blogs.uni-bremen.de\/t2g4neu\/wp-json\/wp\/v2\/pages\/7\/revisions"}],"predecessor-version":[{"id":208,"href":"https:\/\/blogs.uni-bremen.de\/t2g4neu\/wp-json\/wp\/v2\/pages\/7\/revisions\/208"}],"wp:attachment":[{"href":"https:\/\/blogs.uni-bremen.de\/t2g4neu\/wp-json\/wp\/v2\/media?parent=7"}],"curies":[{"name":"wp","href":"https:\/\/api.w.org\/{rel}","templated":true}]}}