{"id":60,"date":"2022-11-14T18:03:13","date_gmt":"2022-11-14T17:03:13","guid":{"rendered":"https:\/\/blogs.uni-bremen.de\/t2g4neu\/?page_id=60"},"modified":"2023-02-02T17:53:15","modified_gmt":"2023-02-02T16:53:15","slug":"lillith","status":"publish","type":"page","link":"https:\/\/blogs.uni-bremen.de\/t2g4neu\/lillith\/","title":{"rendered":"Lillith\u2b50"},"content":{"rendered":"<p>Ich bin Lillith, ich bin 20 Jahre alt und ich komme urspr\u00fcnglich aus Dortmund. Hier in Bremen studiere ich Kuwi und Kmw, da ich sp\u00e4ter im journalistischen Bereich arbeiten m\u00f6chte.<\/p>\n<blockquote class=\"wp-embedded-content\" data-secret=\"OVav9FObB9\"><p><a href=\"https:\/\/blogs.uni-bremen.de\/t2g4neu\/2023\/02\/02\/love-actually-is-all-around\/\">Love actually, is all around\u2026 -Lillith<\/a><\/p><\/blockquote>\n<p><iframe loading=\"lazy\" class=\"wp-embedded-content\" sandbox=\"allow-scripts\" security=\"restricted\" style=\"position: absolute; clip: rect(1px, 1px, 1px, 1px);\" title=\"&#8222;Love actually, is all around\u2026 -Lillith&#8220; &#8212; T2 Gruppe 4 Neu\" src=\"https:\/\/blogs.uni-bremen.de\/t2g4neu\/2023\/02\/02\/love-actually-is-all-around\/embed\/#?secret=ttjTwS5zxX#?secret=OVav9FObB9\" data-secret=\"OVav9FObB9\" width=\"500\" height=\"282\" frameborder=\"0\" marginwidth=\"0\" marginheight=\"0\" scrolling=\"no\"><\/iframe><\/p>\n<blockquote class=\"wp-embedded-content\" data-secret=\"mL7g01I0vR\"><p><a href=\"https:\/\/blogs.uni-bremen.de\/t2g4neu\/2023\/01\/13\/pruefungsangst\/\">Pr\u00fcfungsangst -Lillith<\/a><\/p><\/blockquote>\n<p><iframe loading=\"lazy\" class=\"wp-embedded-content\" sandbox=\"allow-scripts\" security=\"restricted\" style=\"position: absolute; clip: rect(1px, 1px, 1px, 1px);\" title=\"&#8222;Pr\u00fcfungsangst -Lillith&#8220; &#8212; T2 Gruppe 4 Neu\" src=\"https:\/\/blogs.uni-bremen.de\/t2g4neu\/2023\/01\/13\/pruefungsangst\/embed\/#?secret=cDuZYenXvk#?secret=mL7g01I0vR\" data-secret=\"mL7g01I0vR\" width=\"500\" height=\"282\" frameborder=\"0\" marginwidth=\"0\" marginheight=\"0\" scrolling=\"no\"><\/iframe><\/p>\n<blockquote class=\"wp-embedded-content\" data-secret=\"3ySkco3L1X\"><p><a href=\"https:\/\/blogs.uni-bremen.de\/t2g4neu\/2022\/12\/11\/ist-taylor-swift-wirklich-der-anti-hero\/\">Ist Taylor Swift wirklich der &#8222;Anti-Hero&#8220;? -Lillith<\/a><\/p><\/blockquote>\n<p><iframe loading=\"lazy\" class=\"wp-embedded-content\" sandbox=\"allow-scripts\" security=\"restricted\" style=\"position: absolute; clip: rect(1px, 1px, 1px, 1px);\" title=\"&#8222;Ist Taylor Swift wirklich der &#8222;Anti-Hero&#8220;? -Lillith&#8220; &#8212; T2 Gruppe 4 Neu\" src=\"https:\/\/blogs.uni-bremen.de\/t2g4neu\/2022\/12\/11\/ist-taylor-swift-wirklich-der-anti-hero\/embed\/#?secret=L3HVcMzzPu#?secret=3ySkco3L1X\" data-secret=\"3ySkco3L1X\" width=\"500\" height=\"282\" frameborder=\"0\" marginwidth=\"0\" marginheight=\"0\" scrolling=\"no\"><\/iframe><\/p>\n<blockquote class=\"wp-embedded-content\" data-secret=\"fFbBozXnXK\"><p><a href=\"https:\/\/blogs.uni-bremen.de\/t2g4neu\/2022\/11\/26\/floralis-bluete-der-sehnsucht\/\">&#8222;Floralis&#8220; Bl\u00fcte der Sehnsucht\u2026 -Lillith<\/a><\/p><\/blockquote>\n<p><iframe loading=\"lazy\" class=\"wp-embedded-content\" sandbox=\"allow-scripts\" security=\"restricted\" style=\"position: absolute; clip: rect(1px, 1px, 1px, 1px);\" title=\"&#8222;&#8222;Floralis&#8220; Bl\u00fcte der Sehnsucht\u2026 -Lillith&#8220; &#8212; T2 Gruppe 4 Neu\" src=\"https:\/\/blogs.uni-bremen.de\/t2g4neu\/2022\/11\/26\/floralis-bluete-der-sehnsucht\/embed\/#?secret=WxTT88V86G#?secret=fFbBozXnXK\" data-secret=\"fFbBozXnXK\" width=\"500\" height=\"282\" frameborder=\"0\" marginwidth=\"0\" marginheight=\"0\" scrolling=\"no\"><\/iframe><\/p>\n<blockquote class=\"wp-embedded-content\" data-secret=\"Sy7i5fzBJP\"><p><a href=\"https:\/\/blogs.uni-bremen.de\/t2g4neu\/2022\/11\/19\/das-problem-von-queerer-repraesentation-in-den-digitalen-medien\/\">Das Problem von Queerer Repr\u00e4sentation in den digitalen Medien. -Lillith<\/a><\/p><\/blockquote>\n<p><iframe loading=\"lazy\" class=\"wp-embedded-content\" sandbox=\"allow-scripts\" security=\"restricted\" style=\"position: absolute; clip: rect(1px, 1px, 1px, 1px);\" title=\"&#8222;Das Problem von Queerer Repr\u00e4sentation in den digitalen Medien. -Lillith&#8220; &#8212; T2 Gruppe 4 Neu\" src=\"https:\/\/blogs.uni-bremen.de\/t2g4neu\/2022\/11\/19\/das-problem-von-queerer-repraesentation-in-den-digitalen-medien\/embed\/#?secret=ZxurCizdNb#?secret=Sy7i5fzBJP\" data-secret=\"Sy7i5fzBJP\" width=\"500\" height=\"282\" frameborder=\"0\" marginwidth=\"0\" marginheight=\"0\" scrolling=\"no\"><\/iframe><\/p>\n<blockquote class=\"wp-embedded-content\" data-secret=\"DJek3FWAGM\"><p><a href=\"https:\/\/blogs.uni-bremen.de\/t2g4neu\/2022\/11\/14\/zu-hause-sein-lillith\/\">Zu Hause sein&#8230; -Lillith<\/a><\/p><\/blockquote>\n<p><iframe loading=\"lazy\" class=\"wp-embedded-content\" sandbox=\"allow-scripts\" security=\"restricted\" style=\"position: absolute; clip: rect(1px, 1px, 1px, 1px);\" title=\"&#8222;Zu Hause sein&#8230; -Lillith&#8220; &#8212; T2 Gruppe 4 Neu\" src=\"https:\/\/blogs.uni-bremen.de\/t2g4neu\/2022\/11\/14\/zu-hause-sein-lillith\/embed\/#?secret=JefDiBlEJh#?secret=DJek3FWAGM\" data-secret=\"DJek3FWAGM\" width=\"500\" height=\"282\" frameborder=\"0\" marginwidth=\"0\" marginheight=\"0\" scrolling=\"no\"><\/iframe><\/p>\n","protected":false},"excerpt":{"rendered":"<p>Ich bin Lillith, ich bin 20 Jahre alt und ich komme urspr\u00fcnglich aus Dortmund. Hier in Bremen studiere ich Kuwi und Kmw, da ich sp\u00e4ter im journalistischen Bereich arbeiten m\u00f6chte. Love actually, is all around\u2026 -Lillith Pr\u00fcfungsangst -Lillith Ist Taylor Swift wirklich der &#8222;Anti-Hero&#8220;? -Lillith &#8222;Floralis&#8220; Bl\u00fcte der Sehnsucht\u2026 -Lillith Das Problem von Queerer Repr\u00e4sentation [&hellip;]<\/p>\n","protected":false},"author":14401,"featured_media":0,"parent":0,"menu_order":0,"comment_status":"closed","ping_status":"closed","template":"","meta":{"_bbp_topic_count":0,"_bbp_reply_count":0,"_bbp_total_topic_count":0,"_bbp_total_reply_count":0,"_bbp_voice_count":0,"_bbp_anonymous_reply_count":0,"_bbp_topic_count_hidden":0,"_bbp_reply_count_hidden":0,"_bbp_forum_subforum_count":0,"footnotes":""},"class_list":["post-60","page","type-page","status-publish","hentry"],"_links":{"self":[{"href":"https:\/\/blogs.uni-bremen.de\/t2g4neu\/wp-json\/wp\/v2\/pages\/60","targetHints":{"allow":["GET"]}}],"collection":[{"href":"https:\/\/blogs.uni-bremen.de\/t2g4neu\/wp-json\/wp\/v2\/pages"}],"about":[{"href":"https:\/\/blogs.uni-bremen.de\/t2g4neu\/wp-json\/wp\/v2\/types\/page"}],"author":[{"embeddable":true,"href":"https:\/\/blogs.uni-bremen.de\/t2g4neu\/wp-json\/wp\/v2\/users\/14401"}],"replies":[{"embeddable":true,"href":"https:\/\/blogs.uni-bremen.de\/t2g4neu\/wp-json\/wp\/v2\/comments?post=60"}],"version-history":[{"count":7,"href":"https:\/\/blogs.uni-bremen.de\/t2g4neu\/wp-json\/wp\/v2\/pages\/60\/revisions"}],"predecessor-version":[{"id":228,"href":"https:\/\/blogs.uni-bremen.de\/t2g4neu\/wp-json\/wp\/v2\/pages\/60\/revisions\/228"}],"wp:attachment":[{"href":"https:\/\/blogs.uni-bremen.de\/t2g4neu\/wp-json\/wp\/v2\/media?parent=60"}],"curies":[{"name":"wp","href":"https:\/\/api.w.org\/{rel}","templated":true}]}}