{"id":48,"date":"2022-11-09T15:41:58","date_gmt":"2022-11-09T14:41:58","guid":{"rendered":"https:\/\/blogs.uni-bremen.de\/t2g4neu\/?page_id=48"},"modified":"2023-01-23T18:43:05","modified_gmt":"2023-01-23T17:43:05","slug":"emmy","status":"publish","type":"page","link":"https:\/\/blogs.uni-bremen.de\/t2g4neu\/emmy\/","title":{"rendered":"Emily\ud83e\udda6"},"content":{"rendered":"<p>Hallo! Ich hei\u00dfe Emily Kammeier, kurz: Emmy, und studiere Kultur- und Politikwissenschaft, jetzt Geschichte, an der Universit\u00e4t Bremen. Ich bin 20 Jahre alt und bin f\u00fcr das Studium neu nach Bremen gezogen. Zuvor habe ich in dem kleinen Dorf \u201eHolsen\u201c im Kreis Minden-L\u00fcbbecke gewohnt, wovon die n\u00e4chst gr\u00f6\u00dfere Stadt Bielefeld ist.<\/p>\n<blockquote class=\"wp-embedded-content\" data-secret=\"wUvB4lWtqG\"><p><a href=\"https:\/\/blogs.uni-bremen.de\/t2g4neu\/2023\/01\/13\/warum-jojos-bizarre-adventure-so-bizarr-ist-und-warum-ich-es-deswegen-nicht-mehr-loslassen-kann-emily\/\">Warum Jojo\u2018s Bizarre Adventure so bizarr ist und warum ich es deswegen nicht mehr loslassen kann, Emily<\/a><\/p><\/blockquote>\n<p><iframe loading=\"lazy\" class=\"wp-embedded-content\" sandbox=\"allow-scripts\" security=\"restricted\" style=\"position: absolute; clip: rect(1px, 1px, 1px, 1px);\" title=\"&#8222;Warum Jojo\u2018s Bizarre Adventure so bizarr ist und warum ich es deswegen nicht mehr loslassen kann, Emily&#8220; &#8212; T2 Gruppe 4 Neu\" src=\"https:\/\/blogs.uni-bremen.de\/t2g4neu\/2023\/01\/13\/warum-jojos-bizarre-adventure-so-bizarr-ist-und-warum-ich-es-deswegen-nicht-mehr-loslassen-kann-emily\/embed\/#?secret=ARG3On3fSa#?secret=wUvB4lWtqG\" data-secret=\"wUvB4lWtqG\" width=\"500\" height=\"282\" frameborder=\"0\" marginwidth=\"0\" marginheight=\"0\" scrolling=\"no\"><\/iframe><\/p>\n<blockquote class=\"wp-embedded-content\" data-secret=\"BYfd8Q7dRi\"><p><a href=\"https:\/\/blogs.uni-bremen.de\/t2g4neu\/2023\/01\/07\/hermen-wegweiser-der-antike-emily\/\">Hermen, Wegweiser der Antike, Emily<\/a><\/p><\/blockquote>\n<p><iframe loading=\"lazy\" class=\"wp-embedded-content\" sandbox=\"allow-scripts\" security=\"restricted\" style=\"position: absolute; clip: rect(1px, 1px, 1px, 1px);\" title=\"&#8222;Hermen, Wegweiser der Antike, Emily&#8220; &#8212; T2 Gruppe 4 Neu\" src=\"https:\/\/blogs.uni-bremen.de\/t2g4neu\/2023\/01\/07\/hermen-wegweiser-der-antike-emily\/embed\/#?secret=IubDgocfVJ#?secret=BYfd8Q7dRi\" data-secret=\"BYfd8Q7dRi\" width=\"500\" height=\"282\" frameborder=\"0\" marginwidth=\"0\" marginheight=\"0\" scrolling=\"no\"><\/iframe><\/p>\n<blockquote class=\"wp-embedded-content\" data-secret=\"Pabndj0EpN\"><p><a href=\"https:\/\/blogs.uni-bremen.de\/t2g4neu\/2022\/12\/13\/apollo-von-b-emily\/\">Apollo von B, Emily<\/a><\/p><\/blockquote>\n<p><iframe loading=\"lazy\" class=\"wp-embedded-content\" sandbox=\"allow-scripts\" security=\"restricted\" style=\"position: absolute; clip: rect(1px, 1px, 1px, 1px);\" title=\"&#8222;Apollo von B, Emily&#8220; &#8212; T2 Gruppe 4 Neu\" src=\"https:\/\/blogs.uni-bremen.de\/t2g4neu\/2022\/12\/13\/apollo-von-b-emily\/embed\/#?secret=pLRoDvTJRH#?secret=Pabndj0EpN\" data-secret=\"Pabndj0EpN\" width=\"500\" height=\"282\" frameborder=\"0\" marginwidth=\"0\" marginheight=\"0\" scrolling=\"no\"><\/iframe><\/p>\n<blockquote class=\"wp-embedded-content\" data-secret=\"oxoXd1iu3M\"><p><a href=\"https:\/\/blogs.uni-bremen.de\/t2g4neu\/2022\/12\/10\/die-geheimnisse-der-sterne-emily\/\">Die Geheimnisse der Sterne, Emily<\/a><\/p><\/blockquote>\n<p><iframe loading=\"lazy\" class=\"wp-embedded-content\" sandbox=\"allow-scripts\" security=\"restricted\" style=\"position: absolute; clip: rect(1px, 1px, 1px, 1px);\" title=\"&#8222;Die Geheimnisse der Sterne, Emily&#8220; &#8212; T2 Gruppe 4 Neu\" src=\"https:\/\/blogs.uni-bremen.de\/t2g4neu\/2022\/12\/10\/die-geheimnisse-der-sterne-emily\/embed\/#?secret=aNmQJOIfF1#?secret=oxoXd1iu3M\" data-secret=\"oxoXd1iu3M\" width=\"500\" height=\"282\" frameborder=\"0\" marginwidth=\"0\" marginheight=\"0\" scrolling=\"no\"><\/iframe><\/p>\n<blockquote class=\"wp-embedded-content\" data-secret=\"ztmTdAQqaj\"><p><a href=\"https:\/\/blogs.uni-bremen.de\/t2g4neu\/2022\/12\/03\/der-fall-von-ikarus-emmy\/\">Der Fall von Ikarus, Emily<\/a><\/p><\/blockquote>\n<p><iframe loading=\"lazy\" class=\"wp-embedded-content\" sandbox=\"allow-scripts\" security=\"restricted\" style=\"position: absolute; clip: rect(1px, 1px, 1px, 1px);\" title=\"&#8222;Der Fall von Ikarus, Emily&#8220; &#8212; T2 Gruppe 4 Neu\" src=\"https:\/\/blogs.uni-bremen.de\/t2g4neu\/2022\/12\/03\/der-fall-von-ikarus-emmy\/embed\/#?secret=sRk6SkiLWH#?secret=ztmTdAQqaj\" data-secret=\"ztmTdAQqaj\" width=\"500\" height=\"282\" frameborder=\"0\" marginwidth=\"0\" marginheight=\"0\" scrolling=\"no\"><\/iframe><\/p>\n<blockquote class=\"wp-embedded-content\" data-secret=\"OOzGuZZJp5\"><p><a href=\"https:\/\/blogs.uni-bremen.de\/t2g4neu\/2022\/11\/09\/ein-zweiter-neuanfang-emmy\/\">Ein zweiter Neuanfang, Emiy<\/a><\/p><\/blockquote>\n<p><iframe loading=\"lazy\" class=\"wp-embedded-content\" sandbox=\"allow-scripts\" security=\"restricted\" style=\"position: absolute; clip: rect(1px, 1px, 1px, 1px);\" title=\"&#8222;Ein zweiter Neuanfang, Emiy&#8220; &#8212; T2 Gruppe 4 Neu\" src=\"https:\/\/blogs.uni-bremen.de\/t2g4neu\/2022\/11\/09\/ein-zweiter-neuanfang-emmy\/embed\/#?secret=XZjeOjTmTM#?secret=OOzGuZZJp5\" data-secret=\"OOzGuZZJp5\" width=\"500\" height=\"282\" frameborder=\"0\" marginwidth=\"0\" marginheight=\"0\" scrolling=\"no\"><\/iframe><\/p>\n","protected":false},"excerpt":{"rendered":"<p>Hallo! Ich hei\u00dfe Emily Kammeier, kurz: Emmy, und studiere Kultur- und Politikwissenschaft, jetzt Geschichte, an der Universit\u00e4t Bremen. Ich bin 20 Jahre alt und bin f\u00fcr das Studium neu nach Bremen gezogen. Zuvor habe ich in dem kleinen Dorf \u201eHolsen\u201c im Kreis Minden-L\u00fcbbecke gewohnt, wovon die n\u00e4chst gr\u00f6\u00dfere Stadt Bielefeld ist. Warum Jojo\u2018s Bizarre Adventure [&hellip;]<\/p>\n","protected":false},"author":14377,"featured_media":0,"parent":0,"menu_order":0,"comment_status":"closed","ping_status":"closed","template":"","meta":{"_bbp_topic_count":0,"_bbp_reply_count":0,"_bbp_total_topic_count":0,"_bbp_total_reply_count":0,"_bbp_voice_count":0,"_bbp_anonymous_reply_count":0,"_bbp_topic_count_hidden":0,"_bbp_reply_count_hidden":0,"_bbp_forum_subforum_count":0,"footnotes":""},"class_list":["post-48","page","type-page","status-publish","hentry"],"_links":{"self":[{"href":"https:\/\/blogs.uni-bremen.de\/t2g4neu\/wp-json\/wp\/v2\/pages\/48","targetHints":{"allow":["GET"]}}],"collection":[{"href":"https:\/\/blogs.uni-bremen.de\/t2g4neu\/wp-json\/wp\/v2\/pages"}],"about":[{"href":"https:\/\/blogs.uni-bremen.de\/t2g4neu\/wp-json\/wp\/v2\/types\/page"}],"author":[{"embeddable":true,"href":"https:\/\/blogs.uni-bremen.de\/t2g4neu\/wp-json\/wp\/v2\/users\/14377"}],"replies":[{"embeddable":true,"href":"https:\/\/blogs.uni-bremen.de\/t2g4neu\/wp-json\/wp\/v2\/comments?post=48"}],"version-history":[{"count":10,"href":"https:\/\/blogs.uni-bremen.de\/t2g4neu\/wp-json\/wp\/v2\/pages\/48\/revisions"}],"predecessor-version":[{"id":210,"href":"https:\/\/blogs.uni-bremen.de\/t2g4neu\/wp-json\/wp\/v2\/pages\/48\/revisions\/210"}],"wp:attachment":[{"href":"https:\/\/blogs.uni-bremen.de\/t2g4neu\/wp-json\/wp\/v2\/media?parent=48"}],"curies":[{"name":"wp","href":"https:\/\/api.w.org\/{rel}","templated":true}]}}