{"id":24,"date":"2022-11-09T11:00:58","date_gmt":"2022-11-09T10:00:58","guid":{"rendered":"https:\/\/blogs.uni-bremen.de\/t2g4neu\/?page_id=24"},"modified":"2023-01-29T22:06:27","modified_gmt":"2023-01-29T21:06:27","slug":"24-2","status":"publish","type":"page","link":"https:\/\/blogs.uni-bremen.de\/t2g4neu\/mia\/24-2\/","title":{"rendered":"Alkoholkonsum in der O-Woche"},"content":{"rendered":"<p style=\"font-weight: 400\">Alkoholkonsum in der O-Woche<\/p>\n<p style=\"font-weight: 400\">Als ich mir Gedanken \u00fcber meinen ersten Blogpost gemacht habe, ist mir auf gefallen wie viel eigentlich in den letzten paar Wochen schon passiert ist und das auf die ein oder andere Weise Alkohol \u00f6ftersmal eine Rolle gespielt hat.<\/p>\n<p style=\"font-weight: 400\">Hat jemand noch ein Bier f\u00fcr mich? Wo sind eigentlich die Shotgl\u00e4ser? Zwei Fragen, die der ein oder andere definitiv mehr als nur einmal in der O-Woche geh\u00f6rt hat. Bei mir war es \u00e4hnlich. Montag morgen 12 Uhr, das erste Bier wird ge\u00f6ffnet und los geht die Campustour. \u00a0Vom SFG Geb\u00e4ude, zur Bibliothek und weiter zur Glashalle und dem Sporttrum wurden alle wichtigen Geb\u00e4ude gefunden.Was darf dabei nat\u00fcrlich nicht fehlen? Genau, die Kurzen, die an jeder Station verteilt werden. Hierbei ist kurz zu erw\u00e4hnen, dass niemand dazu gezwungen wurde Alkohol zu trinken, sondern es wurde auch immer eine alkoholfreie Variante angeboten. Dieses Muster zieht sich \u00e4hnlich durch die gesamte O-Woche. Ob beim get-together am Unisee mit spontaner Karaokeeinlage und dem typisch norddeutschen Wetter oder der Kneipentour durch das Viertel. Dort ging es vom Litfass, zur Heldenbar und am Ende zum Eisen. Das erste was man sieht sieht sind zahlreiche Gr\u00fcppchen von Erstsemstern die sich unterhalten. Von irgendwo schallt Musik und die Schlange vor dem Rolloladen \u201eTandour\u201c wird auch immer l\u00e4nger. Im Eisen gibt etwas ganz besonderes und nichts f\u00fcr schwache Nerven. Ein Getr\u00e4nk, dass in Bremen schon fast Kultstatus genie\u00dft, wird f\u00fcr viele als Initiationsritual zum \u201eechten\u201c Bremer angesehen. Die Rede ist von einem Shot der den sch\u00f6nen Namen \u201eKrabbel die Wand hoch\u201c tr\u00e4gt. Das hochprozentige Getr\u00e4nk, hat schon den ein oder anderen Ersti seine Getr\u00e4nkewahl hinterfragen lassen. Da ist mir doch ein Mexikaner, \u00e4hnlich einer scharfen Tomatensauce, oder einem fruchtigem Limes lieber.<\/p>\n<p style=\"font-weight: 400\">Alkohol hat zwar eine vergleichsweise gro\u00dfe Rolle in der O-Woche gespielt, aber was dabei ein sch\u00f6ner Nebeneffekt aus meiner Sicht ist, waren die Menschen die man durch die Veranstaltungen kennengelernt hat. Daraus sind tolle Freundschaften und Erlebnisse entstanden und viele neue Erinnerungen wurden geschaffen. Es wurden viele neue Kontakte gekn\u00fcpft, wenn das ein oder andere Bier geflossen ist.<\/p>\n<p style=\"font-weight: 400\">Allerdings kann mit dem Konsum von Alkohl auch immer ein gewisser Gruppenzwang beziehungsweise die Angst etwas zu verpassen verbunden werden. Was wenn ich heute nicht trinke? Geh\u00f6re ich dann nicht mehr zu der Gruppe dazu? Kann ich ohne Alkohol \u00fcberhaupt Spa\u00df haben? Und die Antwort auf diese Frage aus meiner O-Woche lautet definitiv JA!<\/p>\n<p style=\"font-weight: 400\">Oft gab es statt alkoholischer Getr\u00e4nke einen Tee,\u00a0 hat sich entspannt zusammen gesetzt und sich \u00fcber Gott und die Welt unterhalten. Vorteil dabei ist vor allem der ausbleibende Kater am n\u00e4chsten Morgen und au\u00dferdem erinnert man sich viel besser an die Gespr\u00e4che und Momente der letzten Stunden.<\/p>\n<p style=\"font-weight: 400\">Was sind eure Erfahrungen zu dem Alkoholkonsum in der O-Woche? All- in oder geht es auch mal ohne ?<\/p>\n<p style=\"font-weight: 400\">Ich freue mich auf eure Kommentare und Erfahrungen<\/p>\n","protected":false},"excerpt":{"rendered":"<p>Alkoholkonsum in der O-Woche Als ich mir Gedanken \u00fcber meinen ersten Blogpost gemacht habe, ist mir auf gefallen wie viel eigentlich in den letzten paar Wochen schon passiert ist und das auf die ein oder andere Weise Alkohol \u00f6ftersmal eine Rolle gespielt hat. Hat jemand noch ein Bier f\u00fcr mich? Wo sind eigentlich die Shotgl\u00e4ser? [&hellip;]<\/p>\n","protected":false},"author":14374,"featured_media":0,"parent":22,"menu_order":0,"comment_status":"closed","ping_status":"closed","template":"","meta":{"_bbp_topic_count":0,"_bbp_reply_count":0,"_bbp_total_topic_count":0,"_bbp_total_reply_count":0,"_bbp_voice_count":0,"_bbp_anonymous_reply_count":0,"_bbp_topic_count_hidden":0,"_bbp_reply_count_hidden":0,"_bbp_forum_subforum_count":0,"footnotes":""},"class_list":["post-24","page","type-page","status-publish","hentry"],"_links":{"self":[{"href":"https:\/\/blogs.uni-bremen.de\/t2g4neu\/wp-json\/wp\/v2\/pages\/24","targetHints":{"allow":["GET"]}}],"collection":[{"href":"https:\/\/blogs.uni-bremen.de\/t2g4neu\/wp-json\/wp\/v2\/pages"}],"about":[{"href":"https:\/\/blogs.uni-bremen.de\/t2g4neu\/wp-json\/wp\/v2\/types\/page"}],"author":[{"embeddable":true,"href":"https:\/\/blogs.uni-bremen.de\/t2g4neu\/wp-json\/wp\/v2\/users\/14374"}],"replies":[{"embeddable":true,"href":"https:\/\/blogs.uni-bremen.de\/t2g4neu\/wp-json\/wp\/v2\/comments?post=24"}],"version-history":[{"count":2,"href":"https:\/\/blogs.uni-bremen.de\/t2g4neu\/wp-json\/wp\/v2\/pages\/24\/revisions"}],"predecessor-version":[{"id":29,"href":"https:\/\/blogs.uni-bremen.de\/t2g4neu\/wp-json\/wp\/v2\/pages\/24\/revisions\/29"}],"up":[{"embeddable":true,"href":"https:\/\/blogs.uni-bremen.de\/t2g4neu\/wp-json\/wp\/v2\/pages\/22"}],"wp:attachment":[{"href":"https:\/\/blogs.uni-bremen.de\/t2g4neu\/wp-json\/wp\/v2\/media?parent=24"}],"curies":[{"name":"wp","href":"https:\/\/api.w.org\/{rel}","templated":true}]}}