{"id":186,"date":"2023-01-06T22:26:26","date_gmt":"2023-01-06T21:26:26","guid":{"rendered":"https:\/\/blogs.uni-bremen.de\/t2g4neu\/?page_id=186"},"modified":"2023-01-06T22:26:26","modified_gmt":"2023-01-06T21:26:26","slug":"sylvester-in-einer-grossen-stadt-oder-lieber-auf-dem-dorf","status":"publish","type":"page","link":"https:\/\/blogs.uni-bremen.de\/t2g4neu\/mia\/sylvester-in-einer-grossen-stadt-oder-lieber-auf-dem-dorf\/","title":{"rendered":"Sylvester in einer gro\u00dfen Stadt oder lieber auf dem Dorf?"},"content":{"rendered":"<p style=\"font-weight: 400\">Sylvester in einer gro\u00dfen Stadt oder lieber auf dem Dorf?<\/p>\n<p style=\"font-weight: 400\">\n<p style=\"font-weight: 400\">\u00a0Seit ich denken kann habe ich jedes Syslvester in meiner \u201eHeimatstadt verbracht. Wenn ich von Heimatstadt spreche meine ich eher mein 3000 Seelendorf in dem ich seit ich denken kann lebe. Dort habe ich meistens mit Freunden oder meiner Familie gefeiert. Jeder kannte jeden und es gab keine Anflug von irgendeiner Anononymit\u00e4t. Dieses Jahr war es allerdings ein bisschen anders. Ich habe Syslvester mit zwei Freundinnen in Hamburg verbracht. Mal etwas ganz anderes. Das neue Jahr einl\u00e4uten in einer mir fast fremden Stadt mit tausenden anderen Leuten am Jungfernstieg. Es war eine ganz andere Antmosph\u00e4re als sonst zu Hause. Komplett umringt von fremden Menschen. Jeder von ihnen hatte sein eigenes Leben, aber hat sich an diesem Tag dazu entschieden mit vielen ihm unbekannten Menschen zusammen zu feiern. Es war sch\u00f6n mal eine etwas andere Seite dieses Festes kennenzulernen. Ich war umringt von so vielen Kulturen und Nationaltit\u00e4ten und doch haben wir alle auf das selbe gewartete. Die vielzahl an Sprachen, die mich um null Uhr umgeben haben ist kaum z\u00e4hlbar. Von Spansich, \u00fcber Englisch und Koreanisch. Obwohl jeder aus verschiedenen Teilen der Erde kommt f\u00fchlt man sich doch in diesem einem Moment verbunden. Sylvester in einer Gro\u00dfstadt zu feiern bringt in vielen Faktoren Vorteile zum Beispiel die Auswahl an Bars die Abends noch aufhatten um gemeinsam zu feiern oder die Fr\u00fchst\u00fccksm\u00f6glichkeiten am n\u00e4chsten morgen. Selbst da hat man neue Leute kennengelernt wie einen der Kellner in einem Caf\u00e9 mit dem wir uns \u00fcber unsere Abende unterhalten und wie wir unser Sylvester verbracht haben. Anders verl\u00e4uft das ganze im Dorf wo alles am Ersten geschlossen ist. Dort verbringt man die Zeit meistens mit der Familie, aber man f\u00fchlt sich verbunden mit den Menschen mit denen man Zeit verbringt. Ob ich dieses Art von Anonymit\u00e4t mit dem mir bekannten in meinem Heimatdorf komplett eintauschen w\u00fcrde wei\u00df ich nicht.<\/p>\n<p style=\"font-weight: 400\">Wie habt ihr dieses Jahr euer Sylvester verbracht? Eher in einer neuen Umgebung oder in der Heimatstadt\/ Dorf?<\/p>\n","protected":false},"excerpt":{"rendered":"<p>Sylvester in einer gro\u00dfen Stadt oder lieber auf dem Dorf? \u00a0Seit ich denken kann habe ich jedes Syslvester in meiner \u201eHeimatstadt verbracht. Wenn ich von Heimatstadt spreche meine ich eher mein 3000 Seelendorf in dem ich seit ich denken kann lebe. Dort habe ich meistens mit Freunden oder meiner Familie gefeiert. Jeder kannte jeden und [&hellip;]<\/p>\n","protected":false},"author":14374,"featured_media":0,"parent":22,"menu_order":0,"comment_status":"closed","ping_status":"closed","template":"","meta":{"_bbp_topic_count":0,"_bbp_reply_count":0,"_bbp_total_topic_count":0,"_bbp_total_reply_count":0,"_bbp_voice_count":0,"_bbp_anonymous_reply_count":0,"_bbp_topic_count_hidden":0,"_bbp_reply_count_hidden":0,"_bbp_forum_subforum_count":0,"footnotes":""},"class_list":["post-186","page","type-page","status-publish","hentry"],"_links":{"self":[{"href":"https:\/\/blogs.uni-bremen.de\/t2g4neu\/wp-json\/wp\/v2\/pages\/186","targetHints":{"allow":["GET"]}}],"collection":[{"href":"https:\/\/blogs.uni-bremen.de\/t2g4neu\/wp-json\/wp\/v2\/pages"}],"about":[{"href":"https:\/\/blogs.uni-bremen.de\/t2g4neu\/wp-json\/wp\/v2\/types\/page"}],"author":[{"embeddable":true,"href":"https:\/\/blogs.uni-bremen.de\/t2g4neu\/wp-json\/wp\/v2\/users\/14374"}],"replies":[{"embeddable":true,"href":"https:\/\/blogs.uni-bremen.de\/t2g4neu\/wp-json\/wp\/v2\/comments?post=186"}],"version-history":[{"count":1,"href":"https:\/\/blogs.uni-bremen.de\/t2g4neu\/wp-json\/wp\/v2\/pages\/186\/revisions"}],"predecessor-version":[{"id":187,"href":"https:\/\/blogs.uni-bremen.de\/t2g4neu\/wp-json\/wp\/v2\/pages\/186\/revisions\/187"}],"up":[{"embeddable":true,"href":"https:\/\/blogs.uni-bremen.de\/t2g4neu\/wp-json\/wp\/v2\/pages\/22"}],"wp:attachment":[{"href":"https:\/\/blogs.uni-bremen.de\/t2g4neu\/wp-json\/wp\/v2\/media?parent=186"}],"curies":[{"name":"wp","href":"https:\/\/api.w.org\/{rel}","templated":true}]}}