{"id":97,"date":"2022-06-08T14:49:16","date_gmt":"2022-06-08T12:49:16","guid":{"rendered":"https:\/\/blogs.uni-bremen.de\/symposium2022ims\/?page_id=97"},"modified":"2022-06-18T11:31:12","modified_gmt":"2022-06-18T09:31:12","slug":"25-juni-2022","status":"publish","type":"page","link":"https:\/\/blogs.uni-bremen.de\/symposium2022ims\/25-juni-2022\/","title":{"rendered":"18-19. Juni 2022"},"content":{"rendered":"<p><div class=\"et_d4_element et_pb_section et_pb_section_0 et_pb_with_background  et_pb_css_mix_blend_mode et_section_regular et_block_section\" >\n\t\t\t\t\n\t\t\t\t\n\t\t\t\t\n\t\t\t\t\n\t\t\t\t\n\t\t\t\t\n\t\t\t\t<div class=\"et_d4_element et_pb_row et_pb_row_0  et_pb_css_mix_blend_mode et_block_row\">\n\t\t\t\t<div class=\"et_d4_element et_pb_column_4_4 et_pb_column et_pb_column_0  et_pb_css_mix_blend_mode et-last-child et_block_column\">\n\t\t\t\t\n\t\t\t\t\n\t\t\t\t\n\t\t\t\t\n\t\t\t\t<div class=\"et_pb_with_border et_pb_module et_d4_element et_pb_post_title et_pb_post_title_0 et_pb_bg_layout_light  et_pb_text_align_center\"   >\n\t\t\t\t\n\t\t\t\t\n\t\t\t\t\n\t\t\t\t\n\t\t\t\t\n\t\t\t\t<div class=\"et_pb_title_container\">\n\t\t\t\t\t<h1 class=\"entry-title\"><\/h1>\n\t\t\t\t<\/div>\n\t\t\t\t\n\t\t\t<\/div>\n\t\t\t<\/div>\n\t\t\t\t\n\t\t\t\t\n\t\t\t\t\n\t\t\t\t\n\t\t\t<\/div>\n\t\t\t\t\n\t\t\t\t\n\t\t\t<\/div><div class=\"et_d4_element et_pb_section et_pb_section_1 et_pb_with_background  et_pb_css_mix_blend_mode et_section_regular et_block_section\" >\n\t\t\t\t\n\t\t\t\t\n\t\t\t\t\n\t\t\t\t\n\t\t\t\t\n\t\t\t\t\n\t\t\t\t<div class=\"et_d4_element et_pb_row et_pb_row_1  et_pb_css_mix_blend_mode et_block_row\">\n\t\t\t\t<div class=\"et_d4_element et_pb_column_2_5 et_pb_column et_pb_column_1  et_pb_css_mix_blend_mode et_block_column\">\n\t\t\t\t\n\t\t\t\t\n\t\t\t\t\n\t\t\t\t\n\t\t\t\t<div class=\"et_pb_with_border et_pb_module et_d4_element et_pb_text et_pb_text_0  et_pb_text_align_justified et_pb_bg_layout_light\">\n\t\t\t\t\n\t\t\t\t\n\t\t\t\t\n\t\t\t\t\n\t\t\t\t<div class=\"et_pb_text_inner\"><h1>18. Juni<\/h1><\/div>\n\t\t\t<\/div>\n\t\t\t<\/div><div class=\"et_d4_element et_pb_column_3_5 et_pb_column et_pb_column_2  et_pb_css_mix_blend_mode et-last-child et_block_column\">\n\t\t\t\t\n\t\t\t\t\n\t\t\t\t\n\t\t\t\t\n\t\t\t\t<div class=\"et_pb_module et_d4_element et_pb_blurb et_pb_blurb_0  et_pb_text_align_justified  et_pb_blurb_position_left et_block_module et_pb_bg_layout_light\">\n\t\t\t\t\n\t\t\t\t\n\t\t\t\t\n\t\t\t\t\n\t\t\t\t<div class=\"et_pb_blurb_content\">\n\t\t\t\t\t\n\t\t\t\t\t<div class=\"et_pb_blurb_container\">\n\t\t\t\t\t\t<h4 class=\"et_pb_module_header\"><span>Revolution +\/- Alltag<\/span><\/h4>\n\t\t\t\t\t\t<div class=\"et_pb_blurb_description\"><p><strong>Wo?<\/strong> <a href=\"https:\/\/klimawerkstadt-bremen.de\/\">KlimaWerkStadt<\/a>, Westerstra\u00dfe 58\/ 28199 Bremen.<br \/><strong>Wann? <\/strong>15-18 Uhr Bremen-Zeit (UTC +2)<br \/><strong>Anmeldungen bis 14.6. 2022 an<\/strong> &#x73;&#x79;&#x6d;&#x70;&#x6f;&#x73;&#x69;&#x75;&#109;&#95;&#114;&#111;&#106;&#97;&#118;a-hb&#x5f;&#x32;&#x32;&#x40;&#x72;&#x69;&#x73;&#x65;&#x75;&#112;&#46;&#110;&#101;&#116;<\/p>\n<p>&nbsp;<\/p>\n<p>Zum Auftakt des Symposiums \"Revolution im Alltag und Alltag in der Revolution\" findet der Kreativ-Workshop \"Revolution +\/- Alltag\"\u00a0 mit der Kulturanalyst:in und K\u00fcnstler:in Gidde Boomgaarden statt. In diesem Workshop soll im Austausch miteinander die Beziehungen von Revolution und Alltag in Bremen kreativ erforscht werden. Was bedeutet Revolution (f\u00fcr mich)? Was hat das mit (meinem) Alltag zu tun? Welche Widerspr\u00fcche tun sich (f\u00fcr mich) auf?<\/p>\n<p>In drei Stunden wird mit vielf\u00e4ltigen kreativen Methoden und Materialien gearbeitet. Die Ergebnisse werden im Anschluss im Kulturzentrum KUKOON ausgestellt.<\/p>\n<p>Wir freuen uns \u00fcber interessierte und aktiv(istisch)e Teilnehmer*innen, die wohnhaft in Bremen sind, und Lust auf Austausch und Kreativ-sein haben!<\/p>\n<p>Wichtig! Bringt bitte einen Gegenstand mit, der f\u00fcr euch Revolution repr\u00e4sentiert oder f\u00fcr euch etwas damit zu tun hat.<\/p>\n<p>Anmeldung an symp&#111;&#115;&#105;&#117;&#109;&#x5f;&#x72;&#x6f;&#x6a;&#x61;&#x76;&#x61;-hb_&#50;&#50;&#64;&#114;&#105;&#x73;&#x65;&#x75;&#x70;&#x2e;&#x6e;&#x65;&#x74;: Name, Pronomen, Alter, 1 Satz zu Dir und deinem Aktivismus* in Bremen oder politischem Interessensfeld.<\/p>\n<p><strong>Anmeldefrist:<\/strong> 14.06.2022<\/p>\n<p>Gidde Boomgaarden ist queer_feministische K\u00fcnstler:in und Kulturanalyst:in aus Bremen. Gidde ist momentan u.a. aktiv beim Trans*Inter*Dyke-March.<\/p>\n<p><strong>insta: <\/strong>@boomgaarden.xyz<\/p>\n<p><strong>web<\/strong>: boomgaarden.xyz<\/p><\/div>\n\t\t\t\t\t<\/div>\n\t\t\t\t<\/div>\n\t\t\t<\/div><div class=\"et_pb_module et_d4_element et_pb_blurb et_pb_blurb_1  et_pb_text_align_justified  et_pb_blurb_position_left et_block_module et_pb_bg_layout_light\">\n\t\t\t\t\n\t\t\t\t\n\t\t\t\t\n\t\t\t\t\n\t\t\t\t<div class=\"et_pb_blurb_content\">\n\t\t\t\t\t\n\t\t\t\t\t<div class=\"et_pb_blurb_container\">\n\t\t\t\t\t\t<h4 class=\"et_pb_module_header\"><span>Cultural expression of everyday life in northern and eastern Syria<\/span><\/h4>\n\t\t\t\t\t\t<div class=\"et_pb_blurb_description\"><p><span id=\"page3R_mcid22\" class=\"markedContent\"><span dir=\"ltr\" role=\"presentation\"><strong>Where?<\/strong> <a href=\"https:\/\/klimawerkstadt-bremen.de\/\">KlimaWerkStadt<\/a> oder <a href=\"https:\/\/zoom.us\/j\/96352364804\">Online<\/a>, Zoom Meeting-ID: 963 5236 4804<br \/><strong>Wann\/When? <\/strong><em>verschoben\/postponed<\/em><br \/><strong>language<\/strong>: kurdish with english subtitles<\/span><\/span><\/p>\n<p><strong>ATTENTION\/ACHTUNG: event postponed - stay tuned for new date\/Veranstaltung verschoben - Infos folgen<\/strong><\/p>\n<p>Recorded lecture about culture in northern and eastern Syria from perspectives of Rojava students<span id=\"page3R_mcid23\" class=\"markedContent\"><br \/><br role=\"presentation\" \/><span dir=\"ltr\" role=\"presentation\">Culture is composed of various customs and traditions of the society in which we liv<\/span><span dir=\"ltr\" role=\"presentation\">e. Each society has its own culture. But what <\/span><span dir=\"ltr\" role=\"presentation\">determines a culture? What are characteristics and how do they differ? What role do cultural factors play in the revolutionar<\/span><span dir=\"ltr\" role=\"presentation\">y <\/span><span dir=\"ltr\" role=\"presentation\">everyday life in northern and eastern Syria?<\/span><\/span><span id=\"page3R_mcid24\" class=\"markedContent\"><br role=\"presentation\" \/><span dir=\"ltr\" role=\"presentation\">Those and more questions will be<\/span> <span dir=\"ltr\" role=\"presentation\">answered in a recorded lecture from the perspective of Rojava students. The lecture will give an <\/span><span dir=\"ltr\" role=\"presentation\">insight into several cultures in northern and eastern Syria, including the culture of the Kurds, Arabs and Syriacs. <\/span><\/span><\/p><\/div>\n\t\t\t\t\t<\/div>\n\t\t\t\t<\/div>\n\t\t\t<\/div><div class=\"et_pb_module et_d4_element et_pb_blurb et_pb_blurb_2  et_pb_text_align_justified  et_pb_blurb_position_left et_block_module et_pb_bg_layout_light\">\n\t\t\t\t\n\t\t\t\t\n\t\t\t\t\n\t\t\t\t\n\t\t\t\t<div class=\"et_pb_blurb_content\">\n\t\t\t\t\t\n\t\t\t\t\t<div class=\"et_pb_blurb_container\">\n\t\t\t\t\t\t<h4 class=\"et_pb_module_header\"><span>Everyday on Camera und cultural expression<\/span><\/h4>\n\t\t\t\t\t\t<div class=\"et_pb_blurb_description\"><p><strong>Wo?<\/strong> <a href=\"https:\/\/klimawerkstadt-bremen.de\/\">KlimaWerkStadt<\/a>, Westerstra\u00dfe 58\/ 28199 Bremen.<br \/><strong>Wann?<\/strong> <span id=\"page3R_mcid22\" class=\"markedContent\"><span dir=\"ltr\" role=\"presentation\"><em>verschoben\/postponed<\/em><\/span><\/span><br \/><strong>Sprache: <\/strong>kurdisch\/deutsch und deutsch\/kurdisch<\/p>\n<p><strong>ATTENTION\/ACHTUNG: event postponed - stay tuned for new date\/Veranstaltung verschoben - Infos folgen<\/strong><\/p>\n<p><span id=\"page26R_mcid5\" class=\"markedContent\"><span dir=\"ltr\" role=\"presentation\">Versuch<\/span> <span dir=\"ltr\" role=\"presentation\">einer Nahaufnahme<\/span><\/span><span id=\"page26R_mcid6\" class=\"markedContent\"><br \/><br role=\"presentation\" \/><span dir=\"ltr\" role=\"presentation\">Wie sieht der Alltag der Menschen in Rojava aus? Wie steht es um unseren eigenen? Und welche Unterschiede und Gemeinsamkeiten <\/span><span dir=\"ltr\" role=\"presentation\">sind zu entdecken? Wie gestaltet sich ein revolution\u00e4rer Alltag und wie ein Alltag in der Revolution?<\/span><\/span><span id=\"page26R_mcid7\" class=\"markedContent\"><br role=\"presentation\" \/><span dir=\"ltr\" role=\"presentation\">Um das all<\/span><span dir=\"ltr\" role=\"presentation\">t\u00e4gliche Leben der Menschen in Bremen und in Rojava nicht nur mit Worten zu besprechen, entschied sich die Initiative of <\/span><span dir=\"ltr\" role=\"presentation\">Mutual Studies of Bremen and Rojava zwei Kurzfilme \u00fcber eben dieses zu drehen. Bilder sagen eben doch mehr als tausend Worte.<\/span><br role=\"presentation\" \/><span dir=\"ltr\" role=\"presentation\">\u201eEveryday<\/span> <span dir=\"ltr\" role=\"presentation\">Life on Camera\u201c<\/span> <span dir=\"ltr\" role=\"presentation\">-<\/span> <span dir=\"ltr\" role=\"presentation\">gedreht von Menschen vor Ort. Zwei Kurzfilme mit kleinen Einblicken in den Alltag.<\/span><\/span><span id=\"page26R_mcid8\" class=\"markedContent\"><br role=\"presentation\" \/><span dir=\"ltr\" role=\"presentation\">Die Kurzfilme werden in der KlimaWerkStadt und als Auftakt f\u00fcr das folgende Wochenende rund um das Thema \u201eRevolution\u00e4re Alltag und Alltag<\/span><br role=\"presentation\" \/><span dir=\"ltr\" role=\"presentation\">in der Revolution\u201c ausgestra<\/span><span dir=\"ltr\" role=\"presentation\">hlt. Beide Filme werden in kurdischer und deutscher Sprache sein.<\/span><\/span><\/p>\n<p>Wir freuen uns \u00fcber eine Spende \ud83d\ude42<\/p>\n<p>&nbsp;<\/p><\/div>\n\t\t\t\t\t<\/div>\n\t\t\t\t<\/div>\n\t\t\t<\/div>\n\t\t\t<\/div>\n\t\t\t\t\n\t\t\t\t\n\t\t\t\t\n\t\t\t\t\n\t\t\t<\/div><div class=\"et_d4_element et_pb_row et_pb_row_2  et_pb_css_mix_blend_mode et_block_row\">\n\t\t\t\t<div class=\"et_d4_element et_pb_column_2_5 et_pb_column et_pb_column_3  et_pb_css_mix_blend_mode et_block_column\">\n\t\t\t\t\n\t\t\t\t\n\t\t\t\t\n\t\t\t\t\n\t\t\t\t<div class=\"et_pb_with_border et_pb_module et_d4_element et_pb_text et_pb_text_1  et_pb_text_align_justified et_pb_bg_layout_light\">\n\t\t\t\t\n\t\t\t\t\n\t\t\t\t\n\t\t\t\t\n\t\t\t\t<div class=\"et_pb_text_inner\"><h1>19. Juni<\/h1><\/div>\n\t\t\t<\/div>\n\t\t\t<\/div><div class=\"et_d4_element et_pb_column_3_5 et_pb_column et_pb_column_4  et_pb_css_mix_blend_mode et-last-child et_block_column\">\n\t\t\t\t\n\t\t\t\t\n\t\t\t\t\n\t\t\t\t\n\t\t\t\t<div class=\"et_pb_module et_d4_element et_pb_blurb et_pb_blurb_3  et_pb_text_align_justified  et_pb_blurb_position_left et_block_module et_pb_bg_layout_light\">\n\t\t\t\t\n\t\t\t\t\n\t\t\t\t\n\t\t\t\t\n\t\t\t\t<div class=\"et_pb_blurb_content\">\n\t\t\t\t\t\n\t\t\t\t\t<div class=\"et_pb_blurb_container\">\n\t\t\t\t\t\t<h4 class=\"et_pb_module_header\"><span>Political and Cultural Education<\/span><\/h4>\n\t\t\t\t\t\t<div class=\"et_pb_blurb_description\"><p><strong>Wo?<\/strong> <a href=\"https:\/\/zoom.us\/j\/96352364804\">Online<\/a>,\u00a0Zoom Meeting-ID: 963 5236 4804<br \/><strong>Wann? <\/strong>11-13 Uhr Bremen (UTC + 2)\/12-2pm Rojava (UTC + 3)<span id=\"cta\"><\/span><\/p>\n<p><span id=\"page3R_mcid26\" class=\"markedContent\"><span dir=\"ltr\" role=\"presentation\">Two students from the University of Rojava present their<\/span> <span dir=\"ltr\" role=\"presentation\">research on the education system in Rojava and the social development of<\/span> <span dir=\"ltr\" role=\"presentation\">children in the war zone. How does the war gain access into the daily lives of children, such as in play behavior or generall<\/span><span dir=\"ltr\" role=\"presentation\">y in the <\/span><span dir=\"ltr\" role=\"presentation\">availability and distribution of (educational) re<\/span><span dir=\"ltr\" role=\"presentation\">sources? There will also be reports on centers and projects aimed at protecting children <\/span><span dir=\"ltr\" role=\"presentation\">and providing them with psychological and social support.<\/span><\/span><span id=\"page3R_mcid27\" class=\"markedContent\"><br role=\"presentation\" \/><span dir=\"ltr\" role=\"presentation\">The lecture is accessible to all interested via Zoom and will be translated from kurdish into english.<\/span><\/span><\/p>\n<p>&nbsp;<\/p><\/div>\n\t\t\t\t\t<\/div>\n\t\t\t\t<\/div>\n\t\t\t<\/div>\n\t\t\t<\/div>\n\t\t\t\t\n\t\t\t\t\n\t\t\t\t\n\t\t\t\t\n\t\t\t<\/div>\n\t\t\t\t\n\t\t\t\t\n\t\t\t<\/div><\/p>\n","protected":false},"excerpt":{"rendered":"","protected":false},"author":8721,"featured_media":0,"parent":0,"menu_order":0,"comment_status":"closed","ping_status":"closed","template":"","meta":{"_bbp_topic_count":0,"_bbp_reply_count":0,"_bbp_total_topic_count":0,"_bbp_total_reply_count":0,"_bbp_voice_count":0,"_bbp_anonymous_reply_count":0,"_bbp_topic_count_hidden":0,"_bbp_reply_count_hidden":0,"_bbp_forum_subforum_count":0,"_et_pb_use_builder":"on","_et_pb_old_content":"","_et_gb_content_width":"","footnotes":""},"class_list":["post-97","page","type-page","status-publish","hentry"],"_links":{"self":[{"href":"https:\/\/blogs.uni-bremen.de\/symposium2022ims\/wp-json\/wp\/v2\/pages\/97","targetHints":{"allow":["GET"]}}],"collection":[{"href":"https:\/\/blogs.uni-bremen.de\/symposium2022ims\/wp-json\/wp\/v2\/pages"}],"about":[{"href":"https:\/\/blogs.uni-bremen.de\/symposium2022ims\/wp-json\/wp\/v2\/types\/page"}],"author":[{"embeddable":true,"href":"https:\/\/blogs.uni-bremen.de\/symposium2022ims\/wp-json\/wp\/v2\/users\/8721"}],"replies":[{"embeddable":true,"href":"https:\/\/blogs.uni-bremen.de\/symposium2022ims\/wp-json\/wp\/v2\/comments?post=97"}],"version-history":[{"count":9,"href":"https:\/\/blogs.uni-bremen.de\/symposium2022ims\/wp-json\/wp\/v2\/pages\/97\/revisions"}],"predecessor-version":[{"id":233,"href":"https:\/\/blogs.uni-bremen.de\/symposium2022ims\/wp-json\/wp\/v2\/pages\/97\/revisions\/233"}],"wp:attachment":[{"href":"https:\/\/blogs.uni-bremen.de\/symposium2022ims\/wp-json\/wp\/v2\/media?parent=97"}],"curies":[{"name":"wp","href":"https:\/\/api.w.org\/{rel}","templated":true}]}}