{"id":127,"date":"2022-06-08T16:00:33","date_gmt":"2022-06-08T14:00:33","guid":{"rendered":"https:\/\/blogs.uni-bremen.de\/symposium2022ims\/?page_id=127"},"modified":"2022-06-22T11:08:56","modified_gmt":"2022-06-22T09:08:56","slug":"24-26-juni-2022","status":"publish","type":"page","link":"https:\/\/blogs.uni-bremen.de\/symposium2022ims\/24-26-juni-2022\/","title":{"rendered":"24.-26. Juni 2022"},"content":{"rendered":"<p><div class=\"et_d4_element et_pb_section et_pb_section_0 et_pb_with_background  et_pb_css_mix_blend_mode et_section_regular et_block_section\" >\n\t\t\t\t\n\t\t\t\t\n\t\t\t\t\n\t\t\t\t\n\t\t\t\t\n\t\t\t\t\n\t\t\t\t<div class=\"et_d4_element et_pb_row et_pb_row_0  et_pb_css_mix_blend_mode et_block_row\">\n\t\t\t\t<div class=\"et_d4_element et_pb_column_4_4 et_pb_column et_pb_column_0  et_pb_css_mix_blend_mode et-last-child et_block_column\">\n\t\t\t\t\n\t\t\t\t\n\t\t\t\t\n\t\t\t\t\n\t\t\t\t<div class=\"et_pb_with_border et_pb_module et_d4_element et_pb_post_title et_pb_post_title_0 et_pb_bg_layout_light  et_pb_text_align_center\"   >\n\t\t\t\t\n\t\t\t\t\n\t\t\t\t\n\t\t\t\t\n\t\t\t\t\n\t\t\t\t<div class=\"et_pb_title_container\">\n\t\t\t\t\t<h1 class=\"entry-title\"><\/h1>\n\t\t\t\t<\/div>\n\t\t\t\t\n\t\t\t<\/div>\n\t\t\t<\/div>\n\t\t\t\t\n\t\t\t\t\n\t\t\t\t\n\t\t\t\t\n\t\t\t<\/div>\n\t\t\t\t\n\t\t\t\t\n\t\t\t<\/div><div class=\"et_d4_element et_pb_section et_pb_section_1 et_pb_with_background  et_pb_css_mix_blend_mode et_section_regular et_block_section\" >\n\t\t\t\t\n\t\t\t\t\n\t\t\t\t\n\t\t\t\t\n\t\t\t\t\n\t\t\t\t\n\t\t\t\t<div class=\"et_d4_element et_pb_row et_pb_row_1  et_pb_css_mix_blend_mode et_block_row\">\n\t\t\t\t<div class=\"et_d4_element et_pb_column_2_5 et_pb_column et_pb_column_1  et_pb_css_mix_blend_mode et_block_column\">\n\t\t\t\t\n\t\t\t\t\n\t\t\t\t\n\t\t\t\t\n\t\t\t\t<div class=\"et_pb_with_border et_pb_module et_d4_element et_pb_text et_pb_text_0  et_pb_text_align_justified et_pb_bg_layout_light\">\n\t\t\t\t\n\t\t\t\t\n\t\t\t\t\n\t\t\t\t\n\t\t\t\t<div class=\"et_pb_text_inner\"><h1>24. Juni<\/h1><\/div>\n\t\t\t<\/div>\n\t\t\t<\/div><div class=\"et_d4_element et_pb_column_3_5 et_pb_column et_pb_column_2  et_pb_css_mix_blend_mode et-last-child et_block_column\">\n\t\t\t\t\n\t\t\t\t\n\t\t\t\t\n\t\t\t\t\n\t\t\t\t<div class=\"et_pb_module et_d4_element et_pb_blurb et_pb_blurb_0  et_pb_text_align_justified  et_pb_blurb_position_left et_block_module et_pb_bg_layout_light\">\n\t\t\t\t\n\t\t\t\t\n\t\t\t\t\n\t\t\t\t\n\t\t\t\t<div class=\"et_pb_blurb_content\">\n\t\t\t\t\t\n\t\t\t\t\t<div class=\"et_pb_blurb_container\">\n\t\t\t\t\t\t<h4 class=\"et_pb_module_header\"><span>Kurdisches Leben in Deutschland<\/span><\/h4>\n\t\t\t\t\t\t<div class=\"et_pb_blurb_description\"><p><strong>Wo?<\/strong> <a href=\"https:\/\/kukoon.de\/de\">Kukoon<\/a> oder <a href=\"https:\/\/zoom.us\/j\/96352364804\">Online<\/a>,\u00a0Zoom Meeting-ID: 963 5236 4804<br \/><strong>Wann? <\/strong>13-15 Uhr Bremen-Zeit (UTC + 2)<br \/><strong>Sprache<\/strong>: deutsch\/kurdisch (nur online)<\/p>\n<p><em>Vortrag und Gespr\u00e4ch mit Nil\u00fcfer Koc, Sprecherin der au\u00dfenpolitischen Kommission im Nationalkongress Kurdistan<\/em><\/p>\n<p>Nil\u00fcfer Koc ist Nahostexpertin und Sprecherin der au\u00dfenpolitischen Kommission im Nationalkongress Kurdistan. 1976 kam sie als Kind von kurdischen Arbeitsmigrant*innen nach Deutschland und studierte Politikwissenschaften an der Universit\u00e4t Bremen. Von 2013 bis 2019 war Nil\u00fcfer Ko-Vorsitzende des Nationalkongress Kurdistan (KNK).<\/p>\n<p>Seit mehr als 60 Jahren existiert eine kurdische Diaspora in Deutschland. Viele von ihnen sind politisch organisiert und f\u00fchren den Kampf f\u00fcr ein Leben in Frieden und Selbstbestimmung aller Kurd*innen auch hier weiter. Gemeinsam Newroz feiern, Demonstrationen organisieren und die kurdische Bewegung in der Diaspora vertreten: kurdische Vereine gibt es in vielen St\u00e4dten Deutschlands. Sie stellen h\u00e4ufig das Zentrum der Bewegung dar und stellen f\u00fcr viele kurdische Menschen einen wichtigen Bezugspunkt dar. Insbesondere feministische Gruppen zeigen starke Pr\u00e4senz in der \u00f6ffentlichen Wahrnehmung. Doch das politische Engagement in Deutschland ist nicht ohne Risiko: neben Repression durch staatliche Stellen (beispielsweise das Verbot der Verwendung bestimmter Kurdischer Symbole oder erh\u00f6hte Polizeipr\u00e4senz bei kurdischen Demonstrationen) schr\u00e4nken auch rechtsextremistische Gruppen wie die \u201egrauen W\u00f6lfe\u201c das Leben und politische Aktivit\u00e4ten kurdischer Menschen ein.<\/p>\n<p>Nil\u00fcfer Koc wird \u00fcber die Organisationsstruktur von kurdischen Vereinen, der feministischen Bewegung innerhalb dieser und den Umgang mit Gefahren und Repressionen sprechen. Im Anschluss an den Vortrag ist Zeit f\u00fcr Fragen und Austausch.<\/p>\n<p>Diese Veranstaltung ist Teil des RAAR - Symposiums: Revolution\u00e4rer Alltag und Alltag in der Revolution, organisiert von der <em>IMS \u2013 Initiative of Mutual Studies of the Students of Rojava and Bremen, <\/em>der<em> Rosa-Luxemburg-Initiative Bremen <\/em>und dem<em> Kulturzentrum Kukoon.<\/em><\/p><\/div>\n\t\t\t\t\t<\/div>\n\t\t\t\t<\/div>\n\t\t\t<\/div><div class=\"et_pb_module et_d4_element et_pb_blurb et_pb_blurb_1  et_pb_text_align_justified  et_pb_blurb_position_left et_block_module et_pb_bg_layout_light\">\n\t\t\t\t\n\t\t\t\t\n\t\t\t\t\n\t\t\t\t\n\t\t\t\t<div class=\"et_pb_blurb_content\">\n\t\t\t\t\t\n\t\t\t\t\t<div class=\"et_pb_blurb_container\">\n\t\t\t\t\t\t<h4 class=\"et_pb_module_header\"><span>Tod, Trauer, politisches Erinnern<\/span><\/h4>\n\t\t\t\t\t\t<div class=\"et_pb_blurb_description\"><p><strong>Wo?<\/strong> <a href=\"https:\/\/kukoon.de\/de\">Kukoon<\/a> oder <a href=\"https:\/\/zoom.us\/j\/96352364804\">Online<\/a>,\u00a0Zoom Meeting-ID: 963 5236 4804<br \/><strong>Wann? <\/strong>15-17 Uhr Bremen-Zeit (UTC +2)<br \/><strong>Sprache<\/strong>: deutsch\/kurdisch (nur online)<\/p>\n<p><em>Vortrag und Gespr\u00e4ch \u00fcber den Umgang mit Tod und politisches Gedenken mit Perspektiven aus Rojava und der Initiative 19.Februar Hanau<\/em><\/p>\n<p>Wie der Krieg ist auch der Tod in Rojava ein gesellschaftsbewegendes und allumfassendes Thema: wie wird dort mit dem Tod geliebter Menschen umgegangen? Inwiefern ist das Gedenken politisch? Ein Vortrag von Menschen aus Rojava wird sich mit Erinnerungspraxen besch\u00e4ftigen.<\/p>\n<p>Die Initiative 19.Februar Hanau gr\u00fcndete sich 2020 nach den rassistischen Morden in Hanau und setzt sich gegen das Vergessen, f\u00fcr Aufkl\u00e4rung und f\u00fcr Solidarit\u00e4t mit den Betroffenen ein. Die Initiative wird von den Projekten der Gruppe berichten und \u00fcber Gedenken im Kontext rassistischer Morde sprechen. Wie findet diese Trauer im Alltag statt? Auf welche Weise ist das Gedenken kollektiv und politisch? Warum ist Gedenken an die Opfer rechter Gewalt auch eine widerst\u00e4ndige Praxis? Diese und mehr Fragen sollen in diesem Vortrag thematisiert werden.<\/p><\/div>\n\t\t\t\t\t<\/div>\n\t\t\t\t<\/div>\n\t\t\t<\/div>\n\t\t\t<\/div>\n\t\t\t\t\n\t\t\t\t\n\t\t\t\t\n\t\t\t\t\n\t\t\t<\/div><div class=\"et_d4_element et_pb_row et_pb_row_2  et_pb_css_mix_blend_mode et_block_row\">\n\t\t\t\t<div class=\"et_d4_element et_pb_column_2_5 et_pb_column et_pb_column_3  et_pb_css_mix_blend_mode et_block_column et_pb_column_empty\">\n\t\t\t\t\n\t\t\t\t\n\t\t\t\t\n\t\t\t\t\n\t\t\t\t\n\t\t\t<\/div><div class=\"et_d4_element et_pb_column_3_5 et_pb_column et_pb_column_4  et_pb_css_mix_blend_mode et-last-child et_block_column\">\n\t\t\t\t\n\t\t\t\t\n\t\t\t\t\n\t\t\t\t\n\t\t\t\t<div class=\"et_pb_module et_d4_element et_pb_divider et_pb_divider_0 et_pb_space\"><div class=\"et_pb_divider_internal\"><\/div><\/div>\n\t\t\t<\/div>\n\t\t\t\t\n\t\t\t\t\n\t\t\t\t\n\t\t\t\t\n\t\t\t<\/div><div class=\"et_d4_element et_pb_row et_pb_row_3  et_pb_css_mix_blend_mode et_block_row\">\n\t\t\t\t<div class=\"et_d4_element et_pb_column_2_5 et_pb_column et_pb_column_5  et_pb_css_mix_blend_mode et_block_column\">\n\t\t\t\t\n\t\t\t\t\n\t\t\t\t\n\t\t\t\t\n\t\t\t\t<div class=\"et_pb_with_border et_pb_module et_d4_element et_pb_text et_pb_text_1  et_pb_text_align_justified et_pb_bg_layout_light\">\n\t\t\t\t\n\t\t\t\t\n\t\t\t\t\n\t\t\t\t\n\t\t\t\t<div class=\"et_pb_text_inner\"><h1>25. Juni<\/h1><\/div>\n\t\t\t<\/div>\n\t\t\t<\/div><div class=\"et_d4_element et_pb_column_3_5 et_pb_column et_pb_column_6  et_pb_css_mix_blend_mode et-last-child et_block_column\">\n\t\t\t\t\n\t\t\t\t\n\t\t\t\t\n\t\t\t\t\n\t\t\t\t<div class=\"et_pb_module et_d4_element et_pb_blurb et_pb_blurb_2  et_pb_text_align_justified  et_pb_blurb_position_left et_block_module et_pb_bg_layout_light\">\n\t\t\t\t\n\t\t\t\t\n\t\t\t\t\n\t\t\t\t\n\t\t\t\t<div class=\"et_pb_blurb_content\">\n\t\t\t\t\t\n\t\t\t\t\t<div class=\"et_pb_blurb_container\">\n\t\t\t\t\t\t<h4 class=\"et_pb_module_header\"><span>Panel \"Revolutionary Possibilities\" <\/span><\/h4>\n\t\t\t\t\t\t<div class=\"et_pb_blurb_description\"><p><strong>Where?<\/strong>\u00a0<a href=\"https:\/\/kukoon.de\/en\">Kukoon<\/a> or\u00a0<a href=\"https:\/\/zoom.us\/j\/96352364804\">Online<\/a>,\u00a0Zoom Meeting-ID: 963 5236 4804<br \/><strong>When? <\/strong>1-3 pm Bremen-time (UTC + 2)<br \/><strong>language<\/strong>: English\/Kurdish<\/p>\n<p>The <em>Initiative of Mutual Studies of the Students of Rojava and Bremen (IMS)<\/em> and the <em>Rosa-Luxemburg-Initiative <\/em>invited John Holloway to a panel discussion called \u201eRevolutionary Possibilities. On the Transformation of Everyday Life\u201c.He's\u00a0 an author and activist. Holloway is a Professor at the Instituto de Ciencias Sociales y Humanidades in the Benem\u00e9rita Universidad Aut\u00f3noma de Puebla, Mexico. He wrote several books, for example: <a href=\"https:\/\/en.wikipedia.org\/wiki\/Change_the_World_Without_Taking_Power\"><em>Change the World Without Taking Power<\/em><\/a> (2002) and <em>Crack Capitalism <\/em>(2010). <\/p>\n<p>This event will take place digitally as well as in person at Kukoon. The panel discussion will be co-moderated by Ulrike Flader and Gunnar Bantz and will be held in English with an online translation into Kurdish.<\/p>\n<p>&nbsp;<\/p><\/div>\n\t\t\t\t\t<\/div>\n\t\t\t\t<\/div>\n\t\t\t<\/div><div class=\"et_pb_module et_d4_element et_pb_blurb et_pb_blurb_3  et_pb_text_align_justified  et_pb_blurb_position_left et_block_module et_pb_bg_layout_light\">\n\t\t\t\t\n\t\t\t\t\n\t\t\t\t\n\t\t\t\t\n\t\t\t\t<div class=\"et_pb_blurb_content\">\n\t\t\t\t\t\n\t\t\t\t\t<div class=\"et_pb_blurb_container\">\n\t\t\t\t\t\t<h4 class=\"et_pb_module_header\"><span>Panel in Rojava \"Excluding Capitalism from social life\"<\/span><\/h4>\n\t\t\t\t\t\t<div class=\"et_pb_blurb_description\"><p><strong>Where?<\/strong>\u00a0<a href=\"https:\/\/kukoon.de\/en\">Kukoon<\/a> or\u00a0<a href=\"https:\/\/zoom.us\/j\/96352364804\">Online<\/a>,\u00a0Zoom Meeting-ID: 963 5236 4804<br \/><strong>When? <\/strong>3-5 pm Bremen-time (UTC + 2)<br \/><strong>language<\/strong>: English\/Kurdish<\/p>\n<p>Capitalism has a great impact on today's society. In the \u201eAutonomous Administration of North and East Syria (AANES)\u201c, also known as Rojava, a de facto autonomous region in northeastern Syria, the people try to live outside of capitalism.<\/p>\n<p>The \u201eMovement for a Democratic Society (Kurdish: Tevgera Civaka Demokrat\u00eek)\u201c (TEV-DEM) is an umbrella organization with the goal of organizing Syrian society under a democratic confederalist system. It seeks to organize society freely and democratically. One part of this work is to stand against capitalism and its impacts. How does TEV-DEM work? How are they keeping capitalism out of society? What difficulties do they face in protecting the revolution in Rojava from capitalism? How will they prevent it from becoming a breeding ground for the capital owners? These and similar topics will be discussed.<\/p>\n<p>To talk about these topics we invited Roken Ahmed. Roken Ahmed comes from Koban\u00ea and has been active in revolutionary work since 1993. During this period, she has worked in all areas of north-eastern Syria as well as in Aleppo and Damascus. She is also a member of the women's association Kongreya Star. She is a co-chair of TEV-DEM since February 2022.<\/p>\n<p>\"Diese Veranstaltung ist Teil des RAAR - Symposiums: Revolution\u00e4rer Alltag und Alltag in der Revolution, organisiert von der <em>IMS \u2013 Initiative of Mutual Studies of the Students of Rojava and Bremen<\/em>, der <em>Rosa-Luxemburg-Initiative Bremen<\/em> und dem <em>Kulturzentrum Kukoon<\/em>.\"<\/p>\n<p>&nbsp;<\/p><\/div>\n\t\t\t\t\t<\/div>\n\t\t\t\t<\/div>\n\t\t\t<\/div>\n\t\t\t<\/div>\n\t\t\t\t\n\t\t\t\t\n\t\t\t\t\n\t\t\t\t\n\t\t\t<\/div><div class=\"et_d4_element et_pb_row et_pb_row_4  et_pb_css_mix_blend_mode et_block_row\">\n\t\t\t\t<div class=\"et_d4_element et_pb_column_2_5 et_pb_column et_pb_column_7  et_pb_css_mix_blend_mode et_block_column\">\n\t\t\t\t\n\t\t\t\t\n\t\t\t\t\n\t\t\t\t\n\t\t\t\t<div class=\"et_pb_module et_d4_element et_pb_divider et_pb_divider_1 et_pb_space\"><div class=\"et_pb_divider_internal\"><\/div><\/div>\n\t\t\t<\/div><div class=\"et_d4_element et_pb_column_3_5 et_pb_column et_pb_column_8  et_pb_css_mix_blend_mode et-last-child et_block_column et_pb_column_empty\">\n\t\t\t\t\n\t\t\t\t\n\t\t\t\t\n\t\t\t\t\n\t\t\t\t\n\t\t\t<\/div>\n\t\t\t\t\n\t\t\t\t\n\t\t\t\t\n\t\t\t\t\n\t\t\t<\/div><div class=\"et_d4_element et_pb_row et_pb_row_5  et_pb_css_mix_blend_mode et_block_row\">\n\t\t\t\t<div class=\"et_d4_element et_pb_column_2_5 et_pb_column et_pb_column_9  et_pb_css_mix_blend_mode et_block_column\">\n\t\t\t\t\n\t\t\t\t\n\t\t\t\t\n\t\t\t\t\n\t\t\t\t<div class=\"et_pb_with_border et_pb_module et_d4_element et_pb_text et_pb_text_2  et_pb_text_align_justified et_pb_bg_layout_light\">\n\t\t\t\t\n\t\t\t\t\n\t\t\t\t\n\t\t\t\t\n\t\t\t\t<div class=\"et_pb_text_inner\"><h1>26. Juni<\/h1><\/div>\n\t\t\t<\/div>\n\t\t\t<\/div><div class=\"et_d4_element et_pb_column_3_5 et_pb_column et_pb_column_10  et_pb_css_mix_blend_mode et-last-child et_block_column\">\n\t\t\t\t\n\t\t\t\t\n\t\t\t\t\n\t\t\t\t\n\t\t\t\t<div class=\"et_pb_module et_d4_element et_pb_blurb et_pb_blurb_4  et_pb_text_align_justified  et_pb_blurb_position_left et_block_module et_pb_bg_layout_light\">\n\t\t\t\t\n\t\t\t\t\n\t\t\t\t\n\t\t\t\t\n\t\t\t\t<div class=\"et_pb_blurb_content\">\n\t\t\t\t\t\n\t\t\t\t\t<div class=\"et_pb_blurb_container\">\n\t\t\t\t\t\t<h4 class=\"et_pb_module_header\"><span>Internationale Solidarit\u00e4t in Kriegszeiten<\/span><\/h4>\n\t\t\t\t\t\t<div class=\"et_pb_blurb_description\"><p><strong>Wo?<\/strong>\u00a0<a href=\"https:\/\/kukoon.de\/de\">Kukoon<\/a> oder <a href=\"https:\/\/zoom.us\/j\/96352364804\">Online<\/a>,\u00a0Zoom Meeting-ID: 963 5236 4804<br \/><strong>Wann? <\/strong>13-14 Uhr Bremen-Zeit (UTC + 2)<br \/><strong>Sprache<\/strong>: deutsch\/kurdisch (nur online)<\/p>\n<p>Jedes Jahr verkauft Deutschland f\u00fcr mehrere Milliarden Euro Waffen und R\u00fcstungsg\u00fcter in alle Welt und geh\u00f6rt damit zu den gr\u00f6\u00dften R\u00fcstungsexporteuren der Welt. Einer der L\u00e4nder, die in Deutschland einkaufen ist die T\u00fcrkei. Im st\u00e4ndig aufflammenden Krieg gegen Rojava setzt die T\u00fcrkei deutsche Waffen ein. Zum Beispiel wurden deutsche Leopard-Panzer bei dem v\u00f6lkerrechtswidrigen Angriff der T\u00fcrkei auf die Region Afrin in Nordsyrien im Januar 2018 eingesetzt. Aber auch beim IS sind deutsche Waffen festgestellt worden. Die R\u00fcstungsindustrie profitiert von Kriegen und Konflikten weltweit.<\/p>\n<p>Der deutsche Alltagswohlstand profitiert von dieser R\u00fcstungsproduktion \u2013 im Alltag Rojavas sorgt die gleiche R\u00fcstungsproduktion f\u00fcr Leid und Tod. Wie kann unter diesen Voraussetzungen Solidarit\u00e4t aussehen? Was bedeutet internationale Solidarit\u00e4t? Ein Gespr\u00e4ch mit Aktivist*innen.<\/p><\/div>\n\t\t\t\t\t<\/div>\n\t\t\t\t<\/div>\n\t\t\t<\/div><div class=\"et_pb_module et_d4_element et_pb_blurb et_pb_blurb_5  et_pb_text_align_justified  et_pb_blurb_position_left et_block_module et_pb_bg_layout_light\">\n\t\t\t\t\n\t\t\t\t\n\t\t\t\t\n\t\t\t\t\n\t\t\t\t<div class=\"et_pb_blurb_content\">\n\t\t\t\t\t\n\t\t\t\t\t<div class=\"et_pb_blurb_container\">\n\t\t\t\t\t\t<h4 class=\"et_pb_module_header\"><span>Everyday Resistance<\/span><\/h4>\n\t\t\t\t\t\t<div class=\"et_pb_blurb_description\"><p><strong>Wo?<\/strong>\u00a0<a href=\"https:\/\/kukoon.de\/de\">Kukoon<\/a> oder <a href=\"https:\/\/zoom.us\/j\/96352364804\">Online<\/a>,\u00a0Zoom Meeting-ID: 963 5236 4804<br \/><strong>Wann\/When? <\/strong>14-16 Uhr Bremen-Zeit (UTC+2) \/ 3-5pm Rojava-time (UTC+3)<br \/><strong>Sprache\/language<\/strong>: kurdish (nur online)\/english und deutsch\/kurdisch (nur online)<\/p>\n<p><span id=\"page42R_mcid16\" class=\"markedContent\"><span dir=\"ltr\" role=\"presentation\">When we talk about the resistance in Kurdistan, we talk about the phrase \"Mazloum Dogan\" (resistance is life). This includes<\/span> <span dir=\"ltr\" role=\"presentation\">the<\/span> <span dir=\"ltr\" role=\"presentation\">struggles of repression, against patriarchal systems of opression and the destru<\/span><span dir=\"ltr\" role=\"presentation\">ction of the environment and for real democratic<\/span> <span dir=\"ltr\" role=\"presentation\">structures. You will get an idea of the history of these struggles, the situation today and what resistance in Rojava looks l<\/span><span dir=\"ltr\" role=\"presentation\">ike, in the<\/span><br role=\"presentation\" \/><span dir=\"ltr\" role=\"presentation\">military, as well as in the civilians.<\/span><\/span><span id=\"page42R_mcid17\" class=\"markedContent\"><br \/><br role=\"presentation\" \/><span dir=\"ltr\" role=\"presentation\">Anschlie\u00dfend erz\u00e4hlen<\/span> <span dir=\"ltr\" role=\"presentation\">Menschen<\/span> <span dir=\"ltr\" role=\"presentation\">aus L\u00fctzerath vom Alltag in einem Dorf, welches seit \u00fcber einem Jahr besetzt ist und sich gegen die<\/span> <span dir=\"ltr\" role=\"presentation\">Zerst\u00f6rung unserer aller Lebensgrundlagen stemmt. Gemeinsam lernen wir, wie sich alternative Formen des Zusammenlebens <\/span><span dir=\"ltr\" role=\"presentation\">au\u00dferhalb der kapitalistischen Au\u00dfenw<\/span><span dir=\"ltr\" role=\"presentation\">elt aufbauen und organisieren lassen.<\/span><\/span><span id=\"page42R_mcid18\" class=\"markedContent\"><br role=\"presentation\" \/><span dir=\"ltr\" role=\"presentation\">L\u00fctzerath ist ein Dorf direkt an der\u00a0 Abbruchkante und mitten in einer Region, die zu den gr\u00f6\u00dften CO2 Emittenten der Welt geh\u00f6<\/span><span dir=\"ltr\" role=\"presentation\">rt.<\/span><br role=\"presentation\" \/><span dir=\"ltr\" role=\"presentation\">Der Zerst\u00f6rung dieses Dorfes und der weiteren F\u00f6rderung von dreckiger Braunkohle zur Ene<\/span><span dir=\"ltr\" role=\"presentation\">rgiegewinnung stellen sich viele Menschen<\/span> <span dir=\"ltr\" role=\"presentation\">entgegen. Dabei geht es nicht nur um den Widerstand gegen ein System, das Profite \u00fcber Bed\u00fcrfnisse von Menschen und deren<\/span><br role=\"presentation\" \/><span dir=\"ltr\" role=\"presentation\">Lebensgrundlagen stellt, sondern auch um eine andere Form des Zusammenlebens, bei der genau<\/span> <span dir=\"ltr\" role=\"presentation\">diese Bed\u00fcrfnisse an erster Stelle<\/span> <span dir=\"ltr\" role=\"presentation\">stehen sollen. Hier gelten andere Bedingungen als in der kapitalistischen Au\u00dfenwelt,<\/span> <span dir=\"ltr\" role=\"presentation\">es wird versucht mehr im Kollektiv zu denken<\/span> <span dir=\"ltr\" role=\"presentation\">und nicht so sehr individuell. Es ist ein Kampf f\u00fcr Klimagerechtigkeit und f\u00fcr eine bessere<\/span> <span dir=\"ltr\" role=\"presentation\">Welt von morgen, der viel dar\u00fcber erz\u00e4hlt,<\/span> <span dir=\"ltr\" role=\"presentation\">wie der Alltag zum Widerstand wird und wie jener Alltag in widerst\u00e4ndigen Bewegungen aussieht. Dieser Kampf muss internationa<\/span><span dir=\"ltr\" role=\"presentation\">l<\/span> <span dir=\"ltr\" role=\"presentation\">sein<\/span> <span dir=\"ltr\" role=\"presentation\">-<\/span> <span dir=\"ltr\" role=\"presentation\">auch gerade deswegen wird es unter anderem um die Frage gehen, welche Verbindu<\/span><span dir=\"ltr\" role=\"presentation\">ngen es gibt zwischen dem Widerstand in<\/span> <span dir=\"ltr\" role=\"presentation\">L\u00fctzerath und dem Leben der Menschen zum Beispiel in Rojava.<\/span><\/span><span id=\"page42R_mcid19\" class=\"markedContent\"><br role=\"presentation\" \/><br \/><br role=\"presentation\" \/><span dir=\"ltr\" role=\"presentation\"><br \/><\/span><\/span><\/p>\n<p>&nbsp;<\/p><\/div>\n\t\t\t\t\t<\/div>\n\t\t\t\t<\/div>\n\t\t\t<\/div><div class=\"et_pb_module et_d4_element et_pb_blurb et_pb_blurb_6  et_pb_text_align_justified  et_pb_blurb_position_left et_block_module et_pb_bg_layout_light\">\n\t\t\t\t\n\t\t\t\t\n\t\t\t\t\n\t\t\t\t\n\t\t\t\t<div class=\"et_pb_blurb_content\">\n\t\t\t\t\t\n\t\t\t\t\t<div class=\"et_pb_blurb_container\">\n\t\t\t\t\t\t<h4 class=\"et_pb_module_header\"><span>Organisation eines transkulturellen Symposiums \u2013 Skillsharing<\/span><\/h4>\n\t\t\t\t\t\t<div class=\"et_pb_blurb_description\"><p><strong>Wo?<\/strong>\u00a0<a href=\"https:\/\/kukoon.de\/de\">Kukoon<\/a> oder <a href=\"https:\/\/zoom.us\/j\/96352364804\">Online<\/a>,\u00a0Zoom Meeting-ID: 963 5236 4804<br \/><strong>Wann? <\/strong>16-17 Uhr Bremen-Zeit (UTC+2)<br \/><strong>Sprache<\/strong>: deutsch\/kurdisch (nur online)<\/p>\n<p><em>Ein Pl\u00e4doyer f\u00fcr die Weiterf\u00fchrung der Kooperation zwischen Bremen und Rojava.<\/em><\/p>\n<p><span id=\"page46R_mcid4\" class=\"markedContent\"><span dir=\"ltr\" role=\"presentation\">Die Initiative of Mutual Studies of the Students of<\/span> <span dir=\"ltr\" role=\"presentation\">Rojava and Bremen blickt zur\u00fcck auf den Organisationsprozess des gemeinsamen<\/span> <span dir=\"ltr\" role=\"presentation\">Symposiums, steht offen f\u00fcr Fragen und m\u00f6chte Interessierte motivieren, \u00e4hnlich Projekte zu planen.<\/span><\/span><span id=\"page46R_mcid5\" class=\"markedContent\"><br role=\"presentation\" \/><span dir=\"ltr\" role=\"presentation\">Monatelang arbeiteten Menschen an zwei sehr unterschiedlichen Orten der Welt a<\/span><span dir=\"ltr\" role=\"presentation\">n einem gemeinsamen Projekt: ein Wochenende<\/span> <span dir=\"ltr\" role=\"presentation\">lang Austausch \u00fcber Alltage in Rojava und Bremen. Was im Herbst 2021 als eine unkonkrete Idee und Vision begann ist nun Gesch<\/span><span dir=\"ltr\" role=\"presentation\">ichte<\/span> <span dir=\"ltr\" role=\"presentation\">\u2013<\/span> <span dir=\"ltr\" role=\"presentation\">doch hoffentlich auch Zukunft. Die Initiative of Mutual Studies of the Students<\/span> <span dir=\"ltr\" role=\"presentation\">of Rojava and Bremen m\u00f6chte in einem kurzen Vortrag<\/span> <span dir=\"ltr\" role=\"presentation\">auf die Entstehung und den Verlauf der Kooperation eingehen, H\u00f6hen und Tiefen beleuchten und Menschen motivieren, sich an der<\/span> <span dir=\"ltr\" role=\"presentation\">Weiterf\u00fchrung des freundschaftlichen Verh\u00e4ltnisses und der Kooperation zu bet<\/span><span dir=\"ltr\" role=\"presentation\">eiligen. Der Vortrag findet auf Deutsch statt, es gibt<\/span> <span dir=\"ltr\" role=\"presentation\">eine digital Simultandolmetschung auf Kurdisch. Nicht zuletzt soll diese letzte Veranstaltung des dreit\u00e4tigen\u00a0 Symposiums eine<\/span><span dir=\"ltr\" role=\"presentation\">n<\/span> <span dir=\"ltr\" role=\"presentation\">sch\u00f6nen Abschluss erm\u00f6glichen und ein offener Raum f\u00fcr Fragen und Austausc<\/span><span dir=\"ltr\" role=\"presentation\">h zu dem Projekt sein.<\/span><\/span><\/p>\n<p>&nbsp;<\/p><\/div>\n\t\t\t\t\t<\/div>\n\t\t\t\t<\/div>\n\t\t\t<\/div>\n\t\t\t<\/div>\n\t\t\t\t\n\t\t\t\t\n\t\t\t\t\n\t\t\t\t\n\t\t\t<\/div>\n\t\t\t\t\n\t\t\t\t\n\t\t\t<\/div><\/p>\n","protected":false},"excerpt":{"rendered":"","protected":false},"author":8721,"featured_media":0,"parent":0,"menu_order":0,"comment_status":"closed","ping_status":"closed","template":"","meta":{"_bbp_topic_count":0,"_bbp_reply_count":0,"_bbp_total_topic_count":0,"_bbp_total_reply_count":0,"_bbp_voice_count":0,"_bbp_anonymous_reply_count":0,"_bbp_topic_count_hidden":0,"_bbp_reply_count_hidden":0,"_bbp_forum_subforum_count":0,"_et_pb_use_builder":"on","_et_pb_old_content":"","_et_gb_content_width":"","footnotes":""},"class_list":["post-127","page","type-page","status-publish","hentry"],"_links":{"self":[{"href":"https:\/\/blogs.uni-bremen.de\/symposium2022ims\/wp-json\/wp\/v2\/pages\/127","targetHints":{"allow":["GET"]}}],"collection":[{"href":"https:\/\/blogs.uni-bremen.de\/symposium2022ims\/wp-json\/wp\/v2\/pages"}],"about":[{"href":"https:\/\/blogs.uni-bremen.de\/symposium2022ims\/wp-json\/wp\/v2\/types\/page"}],"author":[{"embeddable":true,"href":"https:\/\/blogs.uni-bremen.de\/symposium2022ims\/wp-json\/wp\/v2\/users\/8721"}],"replies":[{"embeddable":true,"href":"https:\/\/blogs.uni-bremen.de\/symposium2022ims\/wp-json\/wp\/v2\/comments?post=127"}],"version-history":[{"count":9,"href":"https:\/\/blogs.uni-bremen.de\/symposium2022ims\/wp-json\/wp\/v2\/pages\/127\/revisions"}],"predecessor-version":[{"id":257,"href":"https:\/\/blogs.uni-bremen.de\/symposium2022ims\/wp-json\/wp\/v2\/pages\/127\/revisions\/257"}],"wp:attachment":[{"href":"https:\/\/blogs.uni-bremen.de\/symposium2022ims\/wp-json\/wp\/v2\/media?parent=127"}],"curies":[{"name":"wp","href":"https:\/\/api.w.org\/{rel}","templated":true}]}}