{"id":29,"date":"2020-04-16T18:52:05","date_gmt":"2020-04-16T16:52:05","guid":{"rendered":"https:\/\/blogs.uni-bremen.de\/stugaqwi\/?page_id=29"},"modified":"2022-08-25T17:19:00","modified_gmt":"2022-08-25T15:19:00","slug":"ethnografische-filmtage","status":"publish","type":"page","link":"https:\/\/blogs.uni-bremen.de\/stugaqwi\/ethnografische-filmtage\/","title":{"rendered":"Ethnografische Filmtage"},"content":{"rendered":"<div class=\"et_d4_element et_pb_section et_pb_section_0 et_pb_with_background  et_pb_css_mix_blend_mode et_section_regular et_block_section\" >\n\t\t\t\t\n\t\t\t\t\n\t\t\t\t\n\t\t\t\t\n\t\t\t\t\n\t\t\t\t\n\t\t\t\t<div class=\"et_d4_element et_pb_row et_pb_row_0  et_pb_css_mix_blend_mode et_block_row\">\n\t\t\t\t<div class=\"et_d4_element et_pb_column_4_4 et_pb_column et_pb_column_0  et_pb_css_mix_blend_mode et-last-child et_block_column\">\n\t\t\t\t\n\t\t\t\t\n\t\t\t\t\n\t\t\t\t\n\t\t\t\t<div class=\"et_pb_module et_d4_element et_pb_text et_pb_text_0  et_pb_text_align_left et_pb_bg_layout_light\">\n\t\t\t\t\n\t\t\t\t\n\t\t\t\t\n\t\t\t\t\n\t\t\t\t<div class=\"et_pb_text_inner\"><h1 style=\"text-align: center\">Ethnografische Filmtage<\/h1><\/div>\n\t\t\t<\/div>\n\t\t\t<\/div>\n\t\t\t\t\n\t\t\t\t\n\t\t\t\t\n\t\t\t\t\n\t\t\t<\/div><div class=\"et_d4_element et_pb_row et_pb_row_1  et_pb_css_mix_blend_mode et_block_row\">\n\t\t\t\t<div class=\"et_d4_element et_pb_column_1_2 et_pb_column et_pb_column_1  et_pb_css_mix_blend_mode et_block_column\">\n\t\t\t\t\n\t\t\t\t\n\t\t\t\t\n\t\t\t\t\n\t\t\t\t<div class=\"et_pb_module et_d4_element et_pb_image et_pb_image_0\">\n\t\t\t\t\n\t\t\t\t\n\t\t\t\t\n\t\t\t\t\n\t\t\t\t<span class=\"et_pb_image_wrap \"><img loading=\"lazy\" decoding=\"async\" width=\"1810\" height=\"2560\" src=\"https:\/\/blogs.uni-bremen.de\/stugaqwi\/files\/Ethnografische_Filmtage_Bremen2022-scaled.jpg\" alt=\"\" title=\"Ethnografische_Filmtage_Bremen2022\" srcset=\"https:\/\/blogs.uni-bremen.de\/stugaqwi\/files\/Ethnografische_Filmtage_Bremen2022-scaled.jpg 1810w, https:\/\/blogs.uni-bremen.de\/stugaqwi\/files\/Ethnografische_Filmtage_Bremen2022-1280x1810.jpg 1280w, https:\/\/blogs.uni-bremen.de\/stugaqwi\/files\/Ethnografische_Filmtage_Bremen2022-980x1386.jpg 980w, https:\/\/blogs.uni-bremen.de\/stugaqwi\/files\/Ethnografische_Filmtage_Bremen2022-480x679.jpg 480w\" sizes=\"(min-width: 0px) and (max-width: 480px) 480px, (min-width: 481px) and (max-width: 980px) 980px, (min-width: 981px) and (max-width: 1280px) 1280px, (min-width: 1281px) 1810px, 100vw\" class=\"wp-image-500\" \/><\/span>\n\t\t\t<\/div>\n\t\t\t<\/div><div class=\"et_d4_element et_pb_column_1_2 et_pb_column et_pb_column_2  et_pb_css_mix_blend_mode et-last-child et_block_column\">\n\t\t\t\t\n\t\t\t\t\n\t\t\t\t\n\t\t\t\t\n\t\t\t\t<div class=\"et_pb_with_border et_pb_module et_d4_element et_pb_text et_pb_text_1  et_pb_text_align_left et_pb_bg_layout_light\">\n\t\t\t\t\n\t\t\t\t\n\t\t\t\t\n\t\t\t\t\n\t\t\t\t<div class=\"et_pb_text_inner\"><p style=\"text-align: justify\"><span><\/span><\/p>\n<p style=\"text-align: justify\"><span><\/span><\/p>\n<p style=\"text-align: justify\"><span><\/span>Die Ethnografischen Filmtage wurden im Jahr 2012 von unserem Institut f\u00fcr Ethnografie und Kulturwissenschaft ins Leben gerufen. Die Idee dahinter ist es einen Bezug zur visuellen Anthropologie herzustellen und somit Studierenden, aber auch der \u00d6ffentlichkeit einen Einblick in die anthropologische Filmwelt zu geben. In den drei Tagen werden Abends verschiedene ausgew\u00e4hlte Filme aus dem Bereich Ethnografie gezeigt. Wir als StugA haben die M\u00f6glichkeit den ersten Abend zu gestalten, indem wir jedes Jahr nach studentische Filmen Ausschau halten, um sie der \u00d6ffentlichkeit zug\u00e4nglich zu machen. Egal ob man mit ethnografischen Filmen bisher nichts am Hut hat oder selbst ethnografisch filmt, bei den Filmtagen ist f\u00fcr jeden etwas dabei.<\/p>\n<p style=\"text-align: justify\"><span><\/span><\/p><\/div>\n\t\t\t<\/div>\n\t\t\t<\/div>\n\t\t\t\t\n\t\t\t\t\n\t\t\t\t\n\t\t\t\t\n\t\t\t<\/div>\n\t\t\t\t\n\t\t\t\t\n\t\t\t<\/div>\n","protected":false},"excerpt":{"rendered":"","protected":false},"author":11884,"featured_media":0,"parent":0,"menu_order":0,"comment_status":"closed","ping_status":"closed","template":"","meta":{"_bbp_topic_count":0,"_bbp_reply_count":0,"_bbp_total_topic_count":0,"_bbp_total_reply_count":0,"_bbp_voice_count":0,"_bbp_anonymous_reply_count":0,"_bbp_topic_count_hidden":0,"_bbp_reply_count_hidden":0,"_bbp_forum_subforum_count":0,"_et_pb_use_builder":"on","_et_pb_old_content":"","_et_gb_content_width":"","footnotes":""},"class_list":["post-29","page","type-page","status-publish","hentry"],"_links":{"self":[{"href":"https:\/\/blogs.uni-bremen.de\/stugaqwi\/wp-json\/wp\/v2\/pages\/29","targetHints":{"allow":["GET"]}}],"collection":[{"href":"https:\/\/blogs.uni-bremen.de\/stugaqwi\/wp-json\/wp\/v2\/pages"}],"about":[{"href":"https:\/\/blogs.uni-bremen.de\/stugaqwi\/wp-json\/wp\/v2\/types\/page"}],"author":[{"embeddable":true,"href":"https:\/\/blogs.uni-bremen.de\/stugaqwi\/wp-json\/wp\/v2\/users\/11884"}],"replies":[{"embeddable":true,"href":"https:\/\/blogs.uni-bremen.de\/stugaqwi\/wp-json\/wp\/v2\/comments?post=29"}],"version-history":[{"count":7,"href":"https:\/\/blogs.uni-bremen.de\/stugaqwi\/wp-json\/wp\/v2\/pages\/29\/revisions"}],"predecessor-version":[{"id":501,"href":"https:\/\/blogs.uni-bremen.de\/stugaqwi\/wp-json\/wp\/v2\/pages\/29\/revisions\/501"}],"wp:attachment":[{"href":"https:\/\/blogs.uni-bremen.de\/stugaqwi\/wp-json\/wp\/v2\/media?parent=29"}],"curies":[{"name":"wp","href":"https:\/\/api.w.org\/{rel}","templated":true}]}}