{"id":265,"date":"2020-07-01T17:25:46","date_gmt":"2020-07-01T15:25:46","guid":{"rendered":"https:\/\/blogs.uni-bremen.de\/stugaqwi\/?page_id=265"},"modified":"2022-08-30T11:42:32","modified_gmt":"2022-08-30T09:42:32","slug":"institut","status":"publish","type":"page","link":"https:\/\/blogs.uni-bremen.de\/stugaqwi\/institut\/","title":{"rendered":"Institut"},"content":{"rendered":"<div class=\"et_d4_element et_pb_section et_pb_section_0 et_pb_with_background  et_pb_css_mix_blend_mode et_section_regular et_block_section\" >\n\t\t\t\t\n\t\t\t\t\n\t\t\t\t\n\t\t\t\t\n\t\t\t\t\n\t\t\t\t\n\t\t\t\t<div class=\"et_d4_element et_pb_row et_pb_row_0  et_pb_css_mix_blend_mode et_block_row\">\n\t\t\t\t<div class=\"et_d4_element et_pb_column_4_4 et_pb_column et_pb_column_0  et_pb_css_mix_blend_mode et-last-child et_block_column\">\n\t\t\t\t\n\t\t\t\t\n\t\t\t\t\n\t\t\t\t\n\t\t\t\t<div class=\"et_pb_module et_d4_element et_pb_text et_pb_text_0  et_pb_text_align_left et_pb_bg_layout_light\">\n\t\t\t\t\n\t\t\t\t\n\t\t\t\t\n\t\t\t\t\n\t\t\t\t<div class=\"et_pb_text_inner\"><h1 style=\"text-align: center\">Institut<\/h1><\/div>\n\t\t\t<\/div>\n\t\t\t<\/div>\n\t\t\t\t\n\t\t\t\t\n\t\t\t\t\n\t\t\t\t\n\t\t\t<\/div><div class=\"et_d4_element et_pb_row et_pb_row_1  et_pb_css_mix_blend_mode et_block_row\">\n\t\t\t\t<div class=\"et_d4_element et_pb_column_4_4 et_pb_column et_pb_column_1  et_pb_css_mix_blend_mode et-last-child et_block_column\">\n\t\t\t\t\n\t\t\t\t\n\t\t\t\t\n\t\t\t\t\n\t\t\t\t<div class=\"et_pb_module et_d4_element et_pb_text et_pb_text_1  et_pb_text_align_left et_pb_bg_layout_light\">\n\t\t\t\t\n\t\t\t\t\n\t\t\t\t\n\t\t\t\t\n\t\t\t\t<div class=\"et_pb_text_inner\"><h2 style=\"text-align: center\">Sekretariat<\/h2><\/div>\n\t\t\t<\/div>\n\t\t\t<\/div>\n\t\t\t\t\n\t\t\t\t\n\t\t\t\t\n\t\t\t\t\n\t\t\t<\/div><div class=\"et_d4_element et_pb_row et_pb_row_2  et_pb_css_mix_blend_mode et_block_row\">\n\t\t\t\t<div class=\"et_d4_element et_pb_column_1_3 et_pb_column et_pb_column_2  et_pb_css_mix_blend_mode et_block_column\">\n\t\t\t\t\n\t\t\t\t\n\t\t\t\t\n\t\t\t\t\n\t\t\t\t<div class=\"et_pb_with_border et_pb_module et_d4_element et_pb_team_member et_pb_team_member_0 clearfix  et_pb_text_align_left et_pb_bg_layout_light et_pb_team_member_no_image\">\n\t\t\t\t\n\t\t\t\t\n\t\t\t\t\n\t\t\t\t\n\t\t\t\t\n\t\t\t\t<div class=\"et_pb_team_member_description\">\n\t\t\t\t\t<h4 class=\"et_pb_module_header\">Gudrun Schlage<\/h4>\n\t\t\t\t\t<p class=\"et_pb_member_position\">Sekret\u00e4rin<\/p>\n\t\t\t\t\t<div><p><a href=\"mailto&#58;&#103;&#115;&#99;&#104;&#108;&#97;&#x67;&#x65;&#x40;&#x75;&#x6e;&#x69;&#x2d;&#x62;&#x72;&#x65;&#x6d;&#x65;n&#46;de\">gschlage@<i class=\"fa fa-at\" aria-hidden=\"true\"><\/i>uni-bremen.de<\/a><\/p><\/div>\n\t\t\t\t\t\n\t\t\t\t<\/div>\n\t\t\t<\/div>\n\t\t\t<\/div><div class=\"et_d4_element et_pb_column_1_3 et_pb_column et_pb_column_3  et_pb_css_mix_blend_mode et_block_column\">\n\t\t\t\t\n\t\t\t\t\n\t\t\t\t\n\t\t\t\t\n\t\t\t\t<div class=\"et_pb_with_border et_pb_module et_d4_element et_pb_team_member et_pb_team_member_1 clearfix  et_pb_text_align_left et_pb_bg_layout_light et_pb_team_member_no_image\">\n\t\t\t\t\n\t\t\t\t\n\t\t\t\t\n\t\t\t\t\n\t\t\t\t\n\t\t\t\t<div class=\"et_pb_team_member_description\">\n\t\t\t\t\t<h4 class=\"et_pb_module_header\">Marion Stubbemann<\/h4>\n\t\t\t\t\t<p class=\"et_pb_member_position\">Sekret\u00e4rin<\/p>\n\t\t\t\t\t<div><p><a title=\"\u00d6ffnet ein Fenster zum Versenden der E-Mail\" class=\"mail\">stubbemann@<i class=\"fa fa-at\" aria-hidden=\"true\"><\/i>uni-bremen.de<\/a><\/p><\/div>\n\t\t\t\t\t\n\t\t\t\t<\/div>\n\t\t\t<\/div>\n\t\t\t<\/div><div class=\"et_d4_element et_pb_column_1_3 et_pb_column et_pb_column_4  et_pb_css_mix_blend_mode et-last-child et_block_column\">\n\t\t\t\t\n\t\t\t\t\n\t\t\t\t\n\t\t\t\t\n\t\t\t\t<div class=\"et_pb_with_border et_pb_module et_d4_element et_pb_team_member et_pb_team_member_2 clearfix  et_pb_text_align_left et_pb_bg_layout_light et_pb_team_member_no_image\">\n\t\t\t\t\n\t\t\t\t\n\t\t\t\t\n\t\t\t\t\n\t\t\t\t\n\t\t\t\t<div class=\"et_pb_team_member_description\">\n\t\t\t\t\t<h4 class=\"et_pb_module_header\">Tanja Stehn<\/h4>\n\t\t\t\t\t<p class=\"et_pb_member_position\">Sekret\u00e4rin<\/p>\n\t\t\t\t\t<div><p><a href=\"&#109;&#x61;&#105;&#x6c;t&#111;&#x3a;&#115;&#x74;e&#x68;n&#64;&#x75;&#110;&#x69;-&#x62;&#x72;&#101;&#x6d;e&#x6e;&#46;&#100;&#x65;\">stehn@<i class=\"fa fa-at\" aria-hidden=\"true\"><\/i>uni-bremen.de<\/a><\/p><\/div>\n\t\t\t\t\t\n\t\t\t\t<\/div>\n\t\t\t<\/div>\n\t\t\t<\/div>\n\t\t\t\t\n\t\t\t\t\n\t\t\t\t\n\t\t\t\t\n\t\t\t<\/div><div class=\"et_d4_element et_pb_row et_pb_row_3  et_pb_css_mix_blend_mode et_block_row\">\n\t\t\t\t<div class=\"et_d4_element et_pb_column_4_4 et_pb_column et_pb_column_5  et_pb_css_mix_blend_mode et-last-child et_block_column\">\n\t\t\t\t\n\t\t\t\t\n\t\t\t\t\n\t\t\t\t\n\t\t\t\t<div class=\"et_pb_module et_d4_element et_pb_text et_pb_text_2  et_pb_text_align_left et_pb_bg_layout_light\">\n\t\t\t\t\n\t\t\t\t\n\t\t\t\t\n\t\t\t\t\n\t\t\t\t<div class=\"et_pb_text_inner\"><h2 style=\"text-align: center\">Professor*innen<\/h2><\/div>\n\t\t\t<\/div>\n\t\t\t<\/div>\n\t\t\t\t\n\t\t\t\t\n\t\t\t\t\n\t\t\t\t\n\t\t\t<\/div><div class=\"et_d4_element et_pb_row et_pb_row_4  et_pb_css_mix_blend_mode et_block_row\">\n\t\t\t\t<div class=\"et_d4_element et_pb_column_1_3 et_pb_column et_pb_column_6  et_pb_css_mix_blend_mode et_block_column\">\n\t\t\t\t\n\t\t\t\t\n\t\t\t\t\n\t\t\t\t\n\t\t\t\t<div class=\"et_pb_with_border et_pb_module et_d4_element et_pb_team_member et_pb_team_member_3 clearfix  et_pb_text_align_left et_pb_bg_layout_light et_pb_team_member_no_image\">\n\t\t\t\t\n\t\t\t\t\n\t\t\t\t\n\t\t\t\t\n\t\t\t\t\n\t\t\t\t<div class=\"et_pb_team_member_description\">\n\t\t\t\t\t<h4 class=\"et_pb_module_header\">Prof. Dr. Dorle Drackl\u00e9<\/h4>\n\t\t\t\t\t<p class=\"et_pb_member_position\">Professorin f\u00fcr Transkulturelle Prozesse<\/p>\n\t\t\t\t\t<div><p><a href=\"m&#97;&#x69;&#x6c;&#x74;o&#58;&#100;&#x72;&#x61;c&#107;&#108;&#x65;&#x40;un&#105;&#x2d;&#x62;&#x72;e&#109;&#x65;&#x6e;&#x2e;d&#101;\">&#100;&#x72;&#97;&#x63;k&#108;&#x65;&#64;&#x75;n&#x69;-&#98;&#x72;&#101;&#x6d;e&#x6e;&#x2e;&#100;&#x65;<\/a><\/p><\/div>\n\t\t\t\t\t\n\t\t\t\t<\/div>\n\t\t\t<\/div>\n\t\t\t<\/div><div class=\"et_d4_element et_pb_column_1_3 et_pb_column et_pb_column_7  et_pb_css_mix_blend_mode et_block_column\">\n\t\t\t\t\n\t\t\t\t\n\t\t\t\t\n\t\t\t\t\n\t\t\t\t<div class=\"et_pb_with_border et_pb_module et_d4_element et_pb_team_member et_pb_team_member_4 clearfix  et_pb_text_align_left et_pb_bg_layout_light et_pb_team_member_no_image\">\n\t\t\t\t\n\t\t\t\t\n\t\t\t\t\n\t\t\t\t\n\t\t\t\t\n\t\t\t\t<div class=\"et_pb_team_member_description\">\n\t\t\t\t\t<h4 class=\"et_pb_module_header\">Prof. Dr. Andrea M\u00fchlebach<\/h4>\n\t\t\t\t\t<p class=\"et_pb_member_position\">Professorin f\u00fcr Maritime Anthropologie<\/p>\n\t\t\t\t\t<div><p><a href=\"&#109;&#x61;&#x69;&#108;&#x74;&#x6f;&#58;&#x6d;&#x75;&#101;&#x68;&#x6c;&#101;&#x62;&#x61;&#64;&#x75;&#x6e;&#105;&#x2d;&#x62;&#114;&#x65;&#x6d;&#101;&#x6e;&#x2e;d&#x65;\">muehleba@<i class=\"fa fa-at\" aria-hidden=\"true\"><\/i>uni-bremen.de<\/a><\/p><\/div>\n\t\t\t\t\t\n\t\t\t\t<\/div>\n\t\t\t<\/div>\n\t\t\t<\/div><div class=\"et_d4_element et_pb_column_1_3 et_pb_column et_pb_column_8  et_pb_css_mix_blend_mode et-last-child et_block_column\">\n\t\t\t\t\n\t\t\t\t\n\t\t\t\t\n\t\t\t\t\n\t\t\t\t<div class=\"et_pb_with_border et_pb_module et_d4_element et_pb_team_member et_pb_team_member_5 clearfix  et_pb_text_align_left et_pb_bg_layout_light et_pb_team_member_no_image\">\n\t\t\t\t\n\t\t\t\t\n\t\t\t\t\n\t\t\t\t\n\t\t\t\t\n\t\t\t\t<div class=\"et_pb_team_member_description\">\n\t\t\t\t\t<h4 class=\"et_pb_module_header\">Prof. Dr. G\u00f6tz Bachmann<\/h4>\n\t\t\t\t\t<p class=\"et_pb_member_position\">Professor f\u00fcr Public Anthropology<\/p>\n\t\t\t\t\t<div><p><a href=\"&#x6d;a&#x69;&#108;t&#x6f;&#58;&#x67;&#111;e&#x74;&#122;&#x2e;&#98;a&#x63;&#104;&#x6d;&#x61;n&#x6e;&#64;u&#x6e;&#105;&#x2d;&#98;r&#x65;&#109;&#x65;&#110;&#46;&#x64;&#101;\">&#x67;&#111;e&#x74;&#122;&#46;&#x62;&#97;c&#x68;&#109;a&#x6e;&#110;&#64;&#x75;&#110;i&#x2d;&#98;r&#x65;&#109;e&#x6e;&#46;d&#x65;<\/a><\/p><\/div>\n\t\t\t\t\t\n\t\t\t\t<\/div>\n\t\t\t<\/div>\n\t\t\t<\/div>\n\t\t\t\t\n\t\t\t\t\n\t\t\t\t\n\t\t\t\t\n\t\t\t<\/div><div class=\"et_d4_element et_pb_row et_pb_row_5  et_pb_css_mix_blend_mode et_block_row\">\n\t\t\t\t<div class=\"et_d4_element et_pb_column_1_3 et_pb_column et_pb_column_9  et_pb_css_mix_blend_mode et_block_column et_pb_column_empty\">\n\t\t\t\t\n\t\t\t\t\n\t\t\t\t\n\t\t\t\t\n\t\t\t\t\n\t\t\t<\/div><div class=\"et_d4_element et_pb_column_1_3 et_pb_column et_pb_column_10  et_pb_css_mix_blend_mode et_block_column\">\n\t\t\t\t\n\t\t\t\t\n\t\t\t\t\n\t\t\t\t\n\t\t\t\t<div class=\"et_pb_with_border et_pb_module et_d4_element et_pb_team_member et_pb_team_member_6 clearfix  et_pb_text_align_left et_pb_bg_layout_light et_pb_team_member_no_image\">\n\t\t\t\t\n\t\t\t\t\n\t\t\t\t\n\t\t\t\t\n\t\t\t\t\n\t\t\t\t<div class=\"et_pb_team_member_description\">\n\t\t\t\t\t<h4 class=\"et_pb_module_header\">Prof. Dr. Michi Knecht<\/h4>\n\t\t\t\t\t<p class=\"et_pb_member_position\">Professorin f\u00fcr Ethnologie Gesch\u00e4ftsf\u00fchrende Direktorin des Instituts <\/p>\n\t\t\t\t\t<div><p><a href=\"&#109;&#x61;i&#108;&#x74;o&#58;&#x6b;n&#101;&#x63;h&#116;&#x40;u&#110;&#x69;-&#98;&#x72;e&#109;&#x65;n&#46;&#x64;e\">&#107;&#x6e;&#101;&#x63;&#104;&#x74;&#64;&#x75;&#110;&#x69;&#45;&#x62;&#114;&#x65;&#109;&#x65;&#110;&#x2e;&#100;&#x65;<\/a><\/p><\/div>\n\t\t\t\t\t\n\t\t\t\t<\/div>\n\t\t\t<\/div>\n\t\t\t<\/div><div class=\"et_d4_element et_pb_column_1_3 et_pb_column et_pb_column_11  et_pb_css_mix_blend_mode et-last-child et_block_column et_pb_column_empty\">\n\t\t\t\t\n\t\t\t\t\n\t\t\t\t\n\t\t\t\t\n\t\t\t\t\n\t\t\t<\/div>\n\t\t\t\t\n\t\t\t\t\n\t\t\t\t\n\t\t\t\t\n\t\t\t<\/div><div class=\"et_d4_element et_pb_row et_pb_row_6  et_pb_css_mix_blend_mode et_block_row\">\n\t\t\t\t<div class=\"et_d4_element et_pb_column_4_4 et_pb_column et_pb_column_12  et_pb_css_mix_blend_mode et-last-child et_block_column\">\n\t\t\t\t\n\t\t\t\t\n\t\t\t\t\n\t\t\t\t\n\t\t\t\t<div class=\"et_pb_module et_d4_element et_pb_text et_pb_text_3  et_pb_text_align_left et_pb_bg_layout_light\">\n\t\t\t\t\n\t\t\t\t\n\t\t\t\t\n\t\t\t\t\n\t\t\t\t<div class=\"et_pb_text_inner\"><h2 style=\"text-align: center\">Lektor*innen<\/h2><\/div>\n\t\t\t<\/div>\n\t\t\t<\/div>\n\t\t\t\t\n\t\t\t\t\n\t\t\t\t\n\t\t\t\t\n\t\t\t<\/div><div class=\"et_d4_element et_pb_row et_pb_row_7  et_pb_css_mix_blend_mode et_block_row\">\n\t\t\t\t<div class=\"et_d4_element et_pb_column_1_3 et_pb_column et_pb_column_13  et_pb_css_mix_blend_mode et_block_column\">\n\t\t\t\t\n\t\t\t\t\n\t\t\t\t\n\t\t\t\t\n\t\t\t\t<div class=\"et_pb_with_border et_pb_module et_d4_element et_pb_team_member et_pb_team_member_7 clearfix  et_pb_text_align_left et_pb_bg_layout_light et_pb_team_member_no_image\">\n\t\t\t\t\n\t\t\t\t\n\t\t\t\t\n\t\t\t\t\n\t\t\t\t\n\t\t\t\t<div class=\"et_pb_team_member_description\">\n\t\t\t\t\t<h4 class=\"et_pb_module_header\">Dr. Jan Christian Oberg<\/h4>\n\t\t\t\t\t<p class=\"et_pb_member_position\">Lektor<\/p>\n\t\t\t\t\t<div><p><a href=\"&#109;&#x61;i&#108;&#x74;o&#58;&#x6a;c&#111;&#x62;e&#114;&#x67;&#64;&#117;&#x6e;i&#45;&#x62;r&#101;&#x6d;e&#110;&#x2e;d&#101;\">&#x6a;&#x63;&#111;b&#x65;&#x72;&#x67;&#64;u&#x6e;&#x69;&#x2d;&#98;r&#x65;&#x6d;&#x65;&#110;&#46;&#x64;&#x65;<\/a><\/p><\/div>\n\t\t\t\t\t\n\t\t\t\t<\/div>\n\t\t\t<\/div>\n\t\t\t<\/div><div class=\"et_d4_element et_pb_column_1_3 et_pb_column et_pb_column_14  et_pb_css_mix_blend_mode et_block_column\">\n\t\t\t\t\n\t\t\t\t\n\t\t\t\t\n\t\t\t\t\n\t\t\t\t<div class=\"et_pb_with_border et_pb_module et_d4_element et_pb_team_member et_pb_team_member_8 clearfix  et_pb_text_align_left et_pb_bg_layout_light et_pb_team_member_no_image\">\n\t\t\t\t\n\t\t\t\t\n\t\t\t\t\n\t\t\t\t\n\t\t\t\t\n\t\t\t\t<div class=\"et_pb_team_member_description\">\n\t\t\t\t\t<h4 class=\"et_pb_module_header\">Dr. Oliver Hinkelbein<\/h4>\n\t\t\t\t\t<p class=\"et_pb_member_position\">Lektor<\/p>\n\t\t\t\t\t<div><p><a href=\"&#x6d;&#x61;&#x69;&#x6c;&#x74;&#x6f;&#58;&#104;&#105;&#110;kel&#64;&#x75;&#x6e;&#x69;&#x2d;&#x62;&#x72;&#101;&#109;&#101;&#110;&#46;de\">&#x68;&#x69;&#x6e;&#107;&#101;l&#64;&#x75;&#x6e;&#x69;&#45;&#98;re&#x6d;&#x65;&#x6e;&#46;&#100;e<\/a><\/p><\/div>\n\t\t\t\t\t\n\t\t\t\t<\/div>\n\t\t\t<\/div>\n\t\t\t<\/div><div class=\"et_d4_element et_pb_column_1_3 et_pb_column et_pb_column_15  et_pb_css_mix_blend_mode et-last-child et_block_column\">\n\t\t\t\t\n\t\t\t\t\n\t\t\t\t\n\t\t\t\t\n\t\t\t\t<div class=\"et_pb_with_border et_pb_module et_d4_element et_pb_team_member et_pb_team_member_9 clearfix  et_pb_text_align_left et_pb_bg_layout_light et_pb_team_member_no_image\">\n\t\t\t\t\n\t\t\t\t\n\t\t\t\t\n\t\t\t\t\n\t\t\t\t\n\t\t\t\t<div class=\"et_pb_team_member_description\">\n\t\t\t\t\t<h4 class=\"et_pb_module_header\">Dr. Frank M\u00fcller<\/h4>\n\t\t\t\t\t<p class=\"et_pb_member_position\">Lektor<\/p>\n\t\t\t\t\t<div><p><a href=\"&#109;&#x61;&#x69;&#108;&#x74;&#x6f;:&#x66;&#x72;a&#109;&#x75;e&#108;&#x40;u&#110;&#x69;-&#98;&#x72;e&#109;&#x65;&#x6e;&#46;&#x64;&#x65;\">&#102;&#x72;a&#x6d;u&#101;&#x6c;&#64;&#x75;n&#105;&#x2d;&#98;&#x72;e&#x6d;&#x65;&#110;&#x2e;d&#x65;<\/a><\/p><\/div>\n\t\t\t\t\t\n\t\t\t\t<\/div>\n\t\t\t<\/div>\n\t\t\t<\/div>\n\t\t\t\t\n\t\t\t\t\n\t\t\t\t\n\t\t\t\t\n\t\t\t<\/div><div class=\"et_d4_element et_pb_row et_pb_row_8  et_pb_css_mix_blend_mode et_block_row\">\n\t\t\t\t<div class=\"et_d4_element et_pb_column_1_2 et_pb_column et_pb_column_16  et_pb_css_mix_blend_mode et_block_column\">\n\t\t\t\t\n\t\t\t\t\n\t\t\t\t\n\t\t\t\t\n\t\t\t\t<div class=\"et_pb_with_border et_pb_module et_d4_element et_pb_team_member et_pb_team_member_10 clearfix  et_pb_text_align_left et_pb_bg_layout_light et_pb_team_member_no_image\">\n\t\t\t\t\n\t\t\t\t\n\t\t\t\t\n\t\t\t\t\n\t\t\t\t\n\t\t\t\t<div class=\"et_pb_team_member_description\">\n\t\t\t\t\t<h4 class=\"et_pb_module_header\">Dr. Martina Grimmig<\/h4>\n\t\t\t\t\t<p class=\"et_pb_member_position\">Lektorin<\/p>\n\t\t\t\t\t<div><p><a href=\"&#109;&#x61;&#x69;l&#116;&#x6f;:&#103;&#x72;i&#109;&#x6d;i&#103;&#x40;&#x75;&#110;&#x69;&#x2d;b&#114;&#x65;m&#101;&#x6e;&#46;&#100;&#x65;\">&#x67;r&#x69;&#109;&#x6d;&#105;g&#x40;u&#x6e;&#105;&#x2d;&#98;r&#x65;&#109;&#x65;&#110;&#46;&#x64;e<\/a><\/p><\/div>\n\t\t\t\t\t\n\t\t\t\t<\/div>\n\t\t\t<\/div>\n\t\t\t<\/div><div class=\"et_d4_element et_pb_column_1_2 et_pb_column et_pb_column_17  et_pb_css_mix_blend_mode et-last-child et_block_column\">\n\t\t\t\t\n\t\t\t\t\n\t\t\t\t\n\t\t\t\t\n\t\t\t\t<div class=\"et_pb_with_border et_pb_module et_d4_element et_pb_team_member et_pb_team_member_11 clearfix  et_pb_text_align_left et_pb_bg_layout_light et_pb_team_member_no_image\">\n\t\t\t\t\n\t\t\t\t\n\t\t\t\t\n\t\t\t\t\n\t\t\t\t\n\t\t\t\t<div class=\"et_pb_team_member_description\">\n\t\t\t\t\t<h4 class=\"et_pb_module_header\">Dr. Margrit E. Kaufmann<\/h4>\n\t\t\t\t\t<p class=\"et_pb_member_position\">Senior Researcher<\/p>\n\t\t\t\t\t<div><p><a href=\"ma&#105;&#108;&#116;&#x6f;&#x3a;&#x6d;&#x6b;&#x61;uf&#109;&#64;&#117;&#x6e;&#x69;&#x2d;&#x62;&#x72;em&#101;&#110;&#46;&#x64;&#x65;\">&#x6d;&#x6b;&#x61;&#x75;&#x66;&#x6d;&#x40;&#x75;&#x6e;&#x69;&#x2d;&#x62;&#x72;&#x65;&#x6d;&#x65;&#x6e;&#x2e;&#x64;&#x65;<\/a><\/p><\/div>\n\t\t\t\t\t\n\t\t\t\t<\/div>\n\t\t\t<\/div>\n\t\t\t<\/div>\n\t\t\t\t\n\t\t\t\t\n\t\t\t\t\n\t\t\t\t\n\t\t\t<\/div><div class=\"et_d4_element et_pb_row et_pb_row_9  et_pb_css_mix_blend_mode et_block_row\">\n\t\t\t\t<div class=\"et_d4_element et_pb_column_4_4 et_pb_column et_pb_column_18  et_pb_css_mix_blend_mode et-last-child et_block_column\">\n\t\t\t\t\n\t\t\t\t\n\t\t\t\t\n\t\t\t\t\n\t\t\t\t<div class=\"et_pb_module et_d4_element et_pb_text et_pb_text_4  et_pb_text_align_left et_pb_bg_layout_light\">\n\t\t\t\t\n\t\t\t\t\n\t\t\t\t\n\t\t\t\t\n\t\t\t\t<div class=\"et_pb_text_inner\"><h2 style=\"text-align: center\">Wissenschaftliche Mitarbeiter*innen<\/h2><\/div>\n\t\t\t<\/div>\n\t\t\t<\/div>\n\t\t\t\t\n\t\t\t\t\n\t\t\t\t\n\t\t\t\t\n\t\t\t<\/div><div class=\"et_d4_element et_pb_row et_pb_row_10  et_pb_css_mix_blend_mode et_block_row\">\n\t\t\t\t<div class=\"et_d4_element et_pb_column_1_3 et_pb_column et_pb_column_19  et_pb_css_mix_blend_mode et_block_column\">\n\t\t\t\t\n\t\t\t\t\n\t\t\t\t\n\t\t\t\t\n\t\t\t\t<div class=\"et_pb_with_border et_pb_module et_d4_element et_pb_team_member et_pb_team_member_12 clearfix  et_pb_text_align_left et_pb_bg_layout_light et_pb_team_member_no_image\">\n\t\t\t\t\n\t\t\t\t\n\t\t\t\t\n\t\t\t\t\n\t\t\t\t\n\t\t\t\t<div class=\"et_pb_team_member_description\">\n\t\t\t\t\t<h4 class=\"et_pb_module_header\">Dr. Katrin Amelang<\/h4>\n\t\t\t\t\t<p class=\"et_pb_member_position\">Wissenschaftliche Mitarbeiterin<\/p>\n\t\t\t\t\t<div><p><a href=\"mailto&#58;&#97;&#109;&#101;&#108;&#97;&#110;&#x67;&#x40;&#x75;&#x6e;&#x69;&#x2d;&#x62;&#x72;&#x65;&#x6d;&#x65;&#x6e;&#46;de\">&#97;&#109;&#x65;l&#97;&#x6e;&#x67;&#64;&#117;&#x6e;&#x69;-&#98;&#x72;e&#109;&#x65;&#x6e;&#46;&#100;&#x65;<\/a><\/p><\/div>\n\t\t\t\t\t\n\t\t\t\t<\/div>\n\t\t\t<\/div>\n\t\t\t<\/div><div class=\"et_d4_element et_pb_column_1_3 et_pb_column et_pb_column_20  et_pb_css_mix_blend_mode et_block_column\">\n\t\t\t\t\n\t\t\t\t\n\t\t\t\t\n\t\t\t\t\n\t\t\t\t<div class=\"et_pb_with_border et_pb_module et_d4_element et_pb_team_member et_pb_team_member_13 clearfix  et_pb_text_align_left et_pb_bg_layout_light et_pb_team_member_no_image\">\n\t\t\t\t\n\t\t\t\t\n\t\t\t\t\n\t\t\t\t\n\t\t\t\t\n\t\t\t\t<div class=\"et_pb_team_member_description\">\n\t\t\t\t\t<h4 class=\"et_pb_module_header\">Dr. Ulrike Flader<\/h4>\n\t\t\t\t\t<p class=\"et_pb_member_position\">Lektorin<\/p>\n\t\t\t\t\t<div><p><a href=\"&#x6d;&#x61;&#105;&#108;to&#x3a;&#x75;&#x66;&#108;ad&#x65;&#x72;&#x40;&#117;&#110;i&#x2d;&#x62;&#x72;&#101;&#109;e&#x6e;&#x2e;&#x64;&#101;\">&#x75;&#x66;&#x6c;&#97;&#100;er&#x40;&#x75;&#x6e;&#x69;&#45;&#98;re&#x6d;&#x65;&#x6e;&#46;&#100;&#101;<\/a><\/p><\/div>\n\t\t\t\t\t\n\t\t\t\t<\/div>\n\t\t\t<\/div>\n\t\t\t<\/div><div class=\"et_d4_element et_pb_column_1_3 et_pb_column et_pb_column_21  et_pb_css_mix_blend_mode et-last-child et_block_column\">\n\t\t\t\t\n\t\t\t\t\n\t\t\t\t\n\t\t\t\t\n\t\t\t\t<div class=\"et_pb_with_border et_pb_module et_d4_element et_pb_team_member et_pb_team_member_14 clearfix  et_pb_text_align_left et_pb_bg_layout_light et_pb_team_member_no_image\">\n\t\t\t\t\n\t\t\t\t\n\t\t\t\t\n\t\t\t\t\n\t\t\t\t\n\t\t\t\t<div class=\"et_pb_team_member_description\">\n\t\t\t\t\t<h4 class=\"et_pb_module_header\">Dr. Andrew Gilbert<\/h4>\n\t\t\t\t\t<p class=\"et_pb_member_position\">Wissenschaftlicher Mitarbeiter<\/p>\n\t\t\t\t\t<div><p><a href=\"&#x6d;&#97;&#x69;&#108;t&#x6f;&#58;g&#x69;&#108;&#x62;&#x65;r&#x74;&#64;u&#x6e;&#105;&#x2d;&#x62;r&#x65;&#109;e&#x6e;&#46;d&#x65;\">g&#105;&#x6c;&#x62;e&#114;&#116;&#x40;&#x75;n&#105;&#45;&#x62;&#x72;e&#109;&#x65;&#x6e;&#x2e;d&#101;<\/a><\/p><\/div>\n\t\t\t\t\t\n\t\t\t\t<\/div>\n\t\t\t<\/div>\n\t\t\t<\/div>\n\t\t\t\t\n\t\t\t\t\n\t\t\t\t\n\t\t\t\t\n\t\t\t<\/div><div class=\"et_d4_element et_pb_row et_pb_row_11  et_pb_css_mix_blend_mode et_block_row\">\n\t\t\t\t<div class=\"et_d4_element et_pb_column_1_3 et_pb_column et_pb_column_22  et_pb_css_mix_blend_mode et_block_column\">\n\t\t\t\t\n\t\t\t\t\n\t\t\t\t\n\t\t\t\t\n\t\t\t\t<div class=\"et_pb_with_border et_pb_module et_d4_element et_pb_team_member et_pb_team_member_15 clearfix  et_pb_text_align_left et_pb_bg_layout_light et_pb_team_member_no_image\">\n\t\t\t\t\n\t\t\t\t\n\t\t\t\t\n\t\t\t\t\n\t\t\t\t\n\t\t\t\t<div class=\"et_pb_team_member_description\">\n\t\t\t\t\t<h4 class=\"et_pb_module_header\">Dr. Cordula Wei\u00dfk\u00f6ppel<\/h4>\n\t\t\t\t\t<p class=\"et_pb_member_position\">Wissenschaftliche Mitarbeiterin<\/p>\n\t\t\t\t\t<div><p><a href=\"ma&#105;&#108;&#116;&#x6f;&#x3a;&#x63;&#x77;&#x65;is&#115;&#107;&#111;&#x65;&#x70;&#x70;&#x65;&#x6c;&#64;u&#110;&#105;&#45;&#x62;&#x72;&#x65;&#x6d;&#x65;n&#46;&#100;&#101;\">&#x63;w&#x65;&#105;s&#x73;&#107;&#x6f;&#101;p&#x70;&#101;&#x6c;&#64;u&#x6e;&#105;&#x2d;&#x62;r&#x65;&#109;e&#x6e;&#46;&#x64;&#101;<\/a><\/p><\/div>\n\t\t\t\t\t\n\t\t\t\t<\/div>\n\t\t\t<\/div>\n\t\t\t<\/div><div class=\"et_d4_element et_pb_column_1_3 et_pb_column et_pb_column_23  et_pb_css_mix_blend_mode et_block_column\">\n\t\t\t\t\n\t\t\t\t\n\t\t\t\t\n\t\t\t\t\n\t\t\t\t<div class=\"et_pb_with_border et_pb_module et_d4_element et_pb_team_member et_pb_team_member_16 clearfix  et_pb_text_align_left et_pb_bg_layout_light et_pb_team_member_no_image\">\n\t\t\t\t\n\t\t\t\t\n\t\t\t\t\n\t\t\t\t\n\t\t\t\t\n\t\t\t\t<div class=\"et_pb_team_member_description\">\n\t\t\t\t\t<h4 class=\"et_pb_module_header\">Dr. Nurhak Polat<\/h4>\n\t\t\t\t\t<p class=\"et_pb_member_position\">Wissenschaftliche Mitarbeiterin<\/p>\n\t\t\t\t\t<div><p><a href=\"&#109;&#x61;&#105;&#x6c;&#116;&#x6f;:&#x6e;p&#x6f;l&#97;&#x74;&#64;&#x75;&#110;&#x69;&#45;&#x62;r&#x65;m&#x65;n&#46;&#x64;&#101;\">npolat&#64;&#117;&#110;&#105;&#45;&#98;&#114;&#x65;&#x6d;&#x65;&#x6e;&#x2e;&#x64;&#x65;<\/a><\/p><\/div>\n\t\t\t\t\t\n\t\t\t\t<\/div>\n\t\t\t<\/div>\n\t\t\t<\/div><div class=\"et_d4_element et_pb_column_1_3 et_pb_column et_pb_column_24  et_pb_css_mix_blend_mode et-last-child et_block_column\">\n\t\t\t\t\n\t\t\t\t\n\t\t\t\t\n\t\t\t\t\n\t\t\t\t<div class=\"et_pb_with_border et_pb_module et_d4_element et_pb_team_member et_pb_team_member_17 clearfix  et_pb_text_align_left et_pb_bg_layout_light et_pb_team_member_no_image\">\n\t\t\t\t\n\t\t\t\t\n\t\t\t\t\n\t\t\t\t\n\t\t\t\t\n\t\t\t\t<div class=\"et_pb_team_member_description\">\n\t\t\t\t\t<h4 class=\"et_pb_module_header\">Dr. Martin Gruber<\/h4>\n\t\t\t\t\t<p class=\"et_pb_member_position\">Wissenschaftlicher Mitarbeiter<\/p>\n\t\t\t\t\t<div><p><a href=\"&#109;a&#105;l&#116;o&#x3a;g&#x72;u&#x62;e&#x72;&#64;&#x75;n&#x69;-&#x62;r&#x65;m&#x65;n&#x2e;&#100;&#x65;\">&#x67;&#x72;&#117;&#98;e&#x72;&#x40;&#x75;&#110;&#105;-&#x62;&#x72;&#x65;&#109;&#101;n&#x2e;&#x64;&#x65;<\/a><\/p><\/div>\n\t\t\t\t\t\n\t\t\t\t<\/div>\n\t\t\t<\/div>\n\t\t\t<\/div>\n\t\t\t\t\n\t\t\t\t\n\t\t\t\t\n\t\t\t\t\n\t\t\t<\/div><div class=\"et_d4_element et_pb_row et_pb_row_12  et_pb_css_mix_blend_mode et_block_row\">\n\t\t\t\t<div class=\"et_d4_element et_pb_column_4_4 et_pb_column et_pb_column_25  et_pb_css_mix_blend_mode et-last-child et_block_column\">\n\t\t\t\t\n\t\t\t\t\n\t\t\t\t\n\t\t\t\t\n\t\t\t\t<div class=\"et_pb_module et_d4_element et_pb_text et_pb_text_5  et_pb_text_align_left et_pb_bg_layout_light\">\n\t\t\t\t\n\t\t\t\t\n\t\t\t\t\n\t\t\t\t\n\t\t\t\t<div class=\"et_pb_text_inner\"><h2 style=\"text-align: center\">Liste der Modulbeauftragten<\/h2><\/div>\n\t\t\t<\/div>\n\t\t\t<\/div>\n\t\t\t\t\n\t\t\t\t\n\t\t\t\t\n\t\t\t\t\n\t\t\t<\/div><div class=\"et_pb_with_border et_d4_element et_pb_row et_pb_row_13  et_pb_css_mix_blend_mode et_block_row\">\n\t\t\t\t<div class=\"et_d4_element et_pb_column_4_4 et_pb_column et_pb_column_26  et_pb_css_mix_blend_mode et-last-child et_block_column\">\n\t\t\t\t\n\t\t\t\t\n\t\t\t\t\n\t\t\t\t\n\t\t\t\t<div class=\"et_pb_with_border et_pb_module et_d4_element et_pb_image et_pb_image_0\">\n\t\t\t\t\n\t\t\t\t\n\t\t\t\t\n\t\t\t\t\n\t\t\t\t<span class=\"et_pb_image_wrap has-box-shadow-overlay\"><div class=\"box-shadow-overlay\"><\/div><img loading=\"lazy\" decoding=\"async\" width=\"618\" height=\"595\" src=\"https:\/\/blogs.uni-bremen.de\/stugaqwi\/files\/Screenshot-2022-08-30-114050.png\" alt=\"\" title=\"Screenshot 2022-08-30 114050\" srcset=\"https:\/\/blogs.uni-bremen.de\/stugaqwi\/files\/Screenshot-2022-08-30-114050.png 618w, https:\/\/blogs.uni-bremen.de\/stugaqwi\/files\/Screenshot-2022-08-30-114050-480x462.png 480w\" sizes=\"(min-width: 0px) and (max-width: 480px) 480px, (min-width: 481px) 618px, 100vw\" class=\"wp-image-520\" \/><\/span>\n\t\t\t<\/div>\n\t\t\t<\/div>\n\t\t\t\t\n\t\t\t\t\n\t\t\t\t\n\t\t\t\t\n\t\t\t<\/div>\n\t\t\t\t\n\t\t\t\t\n\t\t\t<\/div>\n","protected":false},"excerpt":{"rendered":"","protected":false},"author":11884,"featured_media":0,"parent":0,"menu_order":0,"comment_status":"closed","ping_status":"closed","template":"","meta":{"_bbp_topic_count":0,"_bbp_reply_count":0,"_bbp_total_topic_count":0,"_bbp_total_reply_count":0,"_bbp_voice_count":0,"_bbp_anonymous_reply_count":0,"_bbp_topic_count_hidden":0,"_bbp_reply_count_hidden":0,"_bbp_forum_subforum_count":0,"_et_pb_use_builder":"on","_et_pb_old_content":"","_et_gb_content_width":"","footnotes":""},"class_list":["post-265","page","type-page","status-publish","hentry"],"_links":{"self":[{"href":"https:\/\/blogs.uni-bremen.de\/stugaqwi\/wp-json\/wp\/v2\/pages\/265","targetHints":{"allow":["GET"]}}],"collection":[{"href":"https:\/\/blogs.uni-bremen.de\/stugaqwi\/wp-json\/wp\/v2\/pages"}],"about":[{"href":"https:\/\/blogs.uni-bremen.de\/stugaqwi\/wp-json\/wp\/v2\/types\/page"}],"author":[{"embeddable":true,"href":"https:\/\/blogs.uni-bremen.de\/stugaqwi\/wp-json\/wp\/v2\/users\/11884"}],"replies":[{"embeddable":true,"href":"https:\/\/blogs.uni-bremen.de\/stugaqwi\/wp-json\/wp\/v2\/comments?post=265"}],"version-history":[{"count":10,"href":"https:\/\/blogs.uni-bremen.de\/stugaqwi\/wp-json\/wp\/v2\/pages\/265\/revisions"}],"predecessor-version":[{"id":521,"href":"https:\/\/blogs.uni-bremen.de\/stugaqwi\/wp-json\/wp\/v2\/pages\/265\/revisions\/521"}],"wp:attachment":[{"href":"https:\/\/blogs.uni-bremen.de\/stugaqwi\/wp-json\/wp\/v2\/media?parent=265"}],"curies":[{"name":"wp","href":"https:\/\/api.w.org\/{rel}","templated":true}]}}