{"id":25,"date":"2020-04-16T18:51:05","date_gmt":"2020-04-16T16:51:05","guid":{"rendered":"https:\/\/blogs.uni-bremen.de\/stugaqwi\/?page_id=25"},"modified":"2022-08-25T17:08:21","modified_gmt":"2022-08-25T15:08:21","slug":"kommunikationsstammtisch","status":"publish","type":"page","link":"https:\/\/blogs.uni-bremen.de\/stugaqwi\/kommunikationsstammtisch\/","title":{"rendered":"Kommunikations-stammtisch"},"content":{"rendered":"<div class=\"et_d4_element et_pb_section et_pb_section_0 et_pb_with_background  et_pb_css_mix_blend_mode et_section_regular et_block_section\" >\n\t\t\t\t\n\t\t\t\t\n\t\t\t\t\n\t\t\t\t\n\t\t\t\t\n\t\t\t\t\n\t\t\t\t<div class=\"et_d4_element et_pb_row et_pb_row_0  et_pb_css_mix_blend_mode et_block_row\">\n\t\t\t\t<div class=\"et_d4_element et_pb_column_4_4 et_pb_column et_pb_column_0  et_pb_css_mix_blend_mode et-last-child et_block_column\">\n\t\t\t\t\n\t\t\t\t\n\t\t\t\t\n\t\t\t\t\n\t\t\t\t<div class=\"et_pb_module et_d4_element et_pb_text et_pb_text_0  et_pb_text_align_left et_pb_bg_layout_light\">\n\t\t\t\t\n\t\t\t\t\n\t\t\t\t\n\t\t\t\t\n\t\t\t\t<div class=\"et_pb_text_inner\"><h1 style=\"text-align: center\">Kommunikationsstammtisch<\/h1><\/div>\n\t\t\t<\/div>\n\t\t\t<\/div>\n\t\t\t\t\n\t\t\t\t\n\t\t\t\t\n\t\t\t\t\n\t\t\t<\/div><div class=\"et_d4_element et_pb_row et_pb_row_1  et_pb_css_mix_blend_mode et_block_row\">\n\t\t\t\t<div class=\"et_d4_element et_pb_column_1_2 et_pb_column et_pb_column_1  et_pb_css_mix_blend_mode et_block_column\">\n\t\t\t\t\n\t\t\t\t\n\t\t\t\t\n\t\t\t\t\n\t\t\t\t<div class=\"et_pb_with_border et_pb_module et_d4_element et_pb_gallery et_pb_gallery_0 et_animated  et_pb_bg_layout_light et_pb_gallery_grid\">\n\t\t\t\t<div class=\"et_pb_gallery_items et_pb_grid_items et_post_gallery clearfix\" data-per_page=\"4\"><div class=\"et_pb_gallery_item et_pb_grid_item et_pb_bg_layout_light et_pb_css_mix_blend_mode et_pb_gallery_item_0_0\"><div class=\"et_pb_gallery_image portrait\">\n\t\t\t\t\t<a href=\"https:\/\/blogs.uni-bremen.de\/stugaqwi\/files\/IMG_20220825_163928_106.jpg\" title=\"\" data-rel=\"lightbox-image-0\" data-rl_title=\"\" data-rl_caption=\"\">\n\t\t\t\t\t<img loading=\"lazy\" decoding=\"async\" width=\"400\" height=\"516\" src=\"https:\/\/blogs.uni-bremen.de\/stugaqwi\/files\/IMG_20220825_163928_106-400x516.jpg\" srcset=\"https:\/\/blogs.uni-bremen.de\/stugaqwi\/files\/IMG_20220825_163928_106.jpg 479w, https:\/\/blogs.uni-bremen.de\/stugaqwi\/files\/IMG_20220825_163928_106-400x516.jpg 480w\" sizes=\"(max-width:479px) 479px, 100vw\" class=\"wp-image-495\" \/>\n\t\t\t\t\t<span class=\"et_overlay et_pb_inline_icon\" data-icon=\"T\"><\/span>\n\t\t\t\t<\/a>\n\t\t\t\t<\/div><h3 class=\"et_pb_gallery_title\">KST 2021<\/h3><\/div><div class=\"et_pb_gallery_item et_pb_grid_item et_pb_bg_layout_light et_pb_css_mix_blend_mode et_pb_gallery_item_0_1\"><div class=\"et_pb_gallery_image portrait\">\n\t\t\t\t\t<a href=\"https:\/\/blogs.uni-bremen.de\/stugaqwi\/files\/Screenshot_20200512-120348_Instagram-e1589278255814.jpg\" title=\"\" data-rel=\"lightbox-image-1\" data-rl_title=\"\" data-rl_caption=\"\">\n\t\t\t\t\t<img loading=\"lazy\" decoding=\"async\" width=\"400\" height=\"516\" src=\"https:\/\/blogs.uni-bremen.de\/stugaqwi\/files\/Screenshot_20200512-120348_Instagram-e1589278255814-400x516.jpg\" srcset=\"https:\/\/blogs.uni-bremen.de\/stugaqwi\/files\/Screenshot_20200512-120348_Instagram-e1589278255814.jpg 479w, https:\/\/blogs.uni-bremen.de\/stugaqwi\/files\/Screenshot_20200512-120348_Instagram-e1589278255814-400x516.jpg 480w\" sizes=\"(max-width:479px) 479px, 100vw\" class=\"wp-image-152\" \/>\n\t\t\t\t\t<span class=\"et_overlay et_pb_inline_icon\" data-icon=\"T\"><\/span>\n\t\t\t\t<\/a>\n\t\t\t\t<\/div><h3 class=\"et_pb_gallery_title\">KST<\/h3><\/div><div class=\"et_pb_gallery_item et_pb_grid_item et_pb_bg_layout_light et_pb_css_mix_blend_mode et_pb_gallery_item_0_2\"><div class=\"et_pb_gallery_image portrait\">\n\t\t\t\t\t<a href=\"https:\/\/blogs.uni-bremen.de\/stugaqwi\/files\/Unbenannt.jpg\" title=\"\" data-rel=\"lightbox-image-2\" data-rl_title=\"\" data-rl_caption=\"\">\n\t\t\t\t\t<img loading=\"lazy\" decoding=\"async\" width=\"400\" height=\"516\" src=\"https:\/\/blogs.uni-bremen.de\/stugaqwi\/files\/Unbenannt-400x516.jpg\" srcset=\"https:\/\/blogs.uni-bremen.de\/stugaqwi\/files\/Unbenannt.jpg 479w, https:\/\/blogs.uni-bremen.de\/stugaqwi\/files\/Unbenannt-400x516.jpg 480w\" sizes=\"(max-width:479px) 479px, 100vw\" class=\"wp-image-254\" \/>\n\t\t\t\t\t<span class=\"et_overlay et_pb_inline_icon\" data-icon=\"T\"><\/span>\n\t\t\t\t<\/a>\n\t\t\t\t<\/div><h3 class=\"et_pb_gallery_title\">KST Einladung<\/h3><\/div><div class=\"et_pb_gallery_item et_pb_grid_item et_pb_bg_layout_light et_pb_css_mix_blend_mode et_pb_gallery_item_0_3\"><div class=\"et_pb_gallery_image portrait\">\n\t\t\t\t\t<a href=\"https:\/\/blogs.uni-bremen.de\/stugaqwi\/files\/IMG_20220825_152541_423.jpg\" title=\"\" data-rel=\"lightbox-image-3\" data-rl_title=\"\" data-rl_caption=\"\">\n\t\t\t\t\t<img loading=\"lazy\" decoding=\"async\" width=\"400\" height=\"516\" src=\"https:\/\/blogs.uni-bremen.de\/stugaqwi\/files\/IMG_20220825_152541_423-400x516.jpg\" srcset=\"https:\/\/blogs.uni-bremen.de\/stugaqwi\/files\/IMG_20220825_152541_423.jpg 479w, https:\/\/blogs.uni-bremen.de\/stugaqwi\/files\/IMG_20220825_152541_423-400x516.jpg 480w\" sizes=\"(max-width:479px) 479px, 100vw\" class=\"wp-image-482\" \/>\n\t\t\t\t\t<span class=\"et_overlay et_pb_inline_icon\" data-icon=\"T\"><\/span>\n\t\t\t\t<\/a>\n\t\t\t\t<\/div><h3 class=\"et_pb_gallery_title\">Online-KST<\/h3><\/div><\/div><div class=\"et_pb_gallery_pagination\"><\/div><\/div>\n\t\t\t<\/div><div class=\"et_d4_element et_pb_column_1_2 et_pb_column et_pb_column_2  et_pb_css_mix_blend_mode et-last-child et_block_column\">\n\t\t\t\t\n\t\t\t\t\n\t\t\t\t\n\t\t\t\t\n\t\t\t\t<div class=\"et_pb_with_border et_pb_module et_d4_element et_pb_text et_pb_text_1  et_pb_text_align_left et_pb_bg_layout_light\">\n\t\t\t\t\n\t\t\t\t\n\t\t\t\t\n\t\t\t\t\n\t\t\t\t<div class=\"et_pb_text_inner\"><p style=\"text-align: justify\"><span><\/span><\/p>\n<p style=\"text-align: justify\"><span><\/span><\/p>\n<p style=\"text-align: justify\"><span>Der Kommunikationsstammtisch (KST) <\/span>findet zwei bis dreimal im Semester statt. Dazu treffen sich Studierende und Lehrende in gem\u00fctlicher Atmosph\u00e4re in einer Kneipe (meistens im Gastfeld) und sprechen dabei \u00fcber ein vorher festgelegtes Thema. Meistens bleibt es aber nicht dabei und im Laufe des Abends entstehen Gespr\u00e4che \u00fcber alle m\u00f6glichen Themen. Der KST ist dabei nicht nur eine M\u00f6glichkeit sich fachlich zu unterhalten, sondern auch mit den Lehrenden au\u00dferhalb des gewohnten Uniumfelds ins Gespr\u00e4ch zu kommen. <span>Also egal, ob euch das Thema interessiert, oder ihr einfach nur ein bisschen schnacken wollt, der KST ist eigentlich immer einen Besuch wert.\u00a0<\/span><\/p>\n<p style=\"text-align: justify\"><span>Entstanden ist der Kommunikationsstammtisch beim Tag der Lehre 2016. Kuwi-Studierende und Lehrende stellten fest, dass sie sich eine M\u00f6glichkeit w\u00fcnschen, sich au\u00dferhalb der Uni in einem entspannten Rahmen miteinander auszutauschen. Aus diesem Wunsch entstand der KST, wie wir ihn heute kennen. Dabei konnten wir auch schon einige Sorgen und Probleme ansprechen, die zu Ver\u00e4nderungen gef\u00fchrt haben.<\/span><\/p>\n<p style=\"text-align: justify\"><span><\/span><\/p>\n<p style=\"text-align: justify\"><span><\/span><\/p><\/div>\n\t\t\t<\/div>\n\t\t\t<\/div>\n\t\t\t\t\n\t\t\t\t\n\t\t\t\t\n\t\t\t\t\n\t\t\t<\/div>\n\t\t\t\t\n\t\t\t\t\n\t\t\t<\/div>\n","protected":false},"excerpt":{"rendered":"","protected":false},"author":11884,"featured_media":0,"parent":0,"menu_order":0,"comment_status":"closed","ping_status":"closed","template":"","meta":{"_bbp_topic_count":0,"_bbp_reply_count":0,"_bbp_total_topic_count":0,"_bbp_total_reply_count":0,"_bbp_voice_count":0,"_bbp_anonymous_reply_count":0,"_bbp_topic_count_hidden":0,"_bbp_reply_count_hidden":0,"_bbp_forum_subforum_count":0,"_et_pb_use_builder":"on","_et_pb_old_content":"","_et_gb_content_width":"","footnotes":""},"class_list":["post-25","page","type-page","status-publish","hentry"],"_links":{"self":[{"href":"https:\/\/blogs.uni-bremen.de\/stugaqwi\/wp-json\/wp\/v2\/pages\/25","targetHints":{"allow":["GET"]}}],"collection":[{"href":"https:\/\/blogs.uni-bremen.de\/stugaqwi\/wp-json\/wp\/v2\/pages"}],"about":[{"href":"https:\/\/blogs.uni-bremen.de\/stugaqwi\/wp-json\/wp\/v2\/types\/page"}],"author":[{"embeddable":true,"href":"https:\/\/blogs.uni-bremen.de\/stugaqwi\/wp-json\/wp\/v2\/users\/11884"}],"replies":[{"embeddable":true,"href":"https:\/\/blogs.uni-bremen.de\/stugaqwi\/wp-json\/wp\/v2\/comments?post=25"}],"version-history":[{"count":10,"href":"https:\/\/blogs.uni-bremen.de\/stugaqwi\/wp-json\/wp\/v2\/pages\/25\/revisions"}],"predecessor-version":[{"id":497,"href":"https:\/\/blogs.uni-bremen.de\/stugaqwi\/wp-json\/wp\/v2\/pages\/25\/revisions\/497"}],"wp:attachment":[{"href":"https:\/\/blogs.uni-bremen.de\/stugaqwi\/wp-json\/wp\/v2\/media?parent=25"}],"curies":[{"name":"wp","href":"https:\/\/api.w.org\/{rel}","templated":true}]}}