{"id":23,"date":"2020-04-16T18:50:45","date_gmt":"2020-04-16T16:50:45","guid":{"rendered":"https:\/\/blogs.uni-bremen.de\/stugaqwi\/?page_id=23"},"modified":"2022-08-25T17:08:26","modified_gmt":"2022-08-25T15:08:26","slug":"kuwi-schnack","status":"publish","type":"page","link":"https:\/\/blogs.uni-bremen.de\/stugaqwi\/kuwi-schnack\/","title":{"rendered":"Kuwi-Schnack"},"content":{"rendered":"<div class=\"et_d4_element et_pb_section et_pb_section_0 et_pb_with_background  et_pb_css_mix_blend_mode et_section_regular et_block_section\" >\n\t\t\t\t\n\t\t\t\t\n\t\t\t\t\n\t\t\t\t\n\t\t\t\t\n\t\t\t\t\n\t\t\t\t<div class=\"et_d4_element et_pb_row et_pb_row_0  et_pb_css_mix_blend_mode et_block_row\">\n\t\t\t\t<div class=\"et_d4_element et_pb_column_4_4 et_pb_column et_pb_column_0  et_pb_css_mix_blend_mode et-last-child et_block_column\">\n\t\t\t\t\n\t\t\t\t\n\t\t\t\t\n\t\t\t\t\n\t\t\t\t<div class=\"et_pb_module et_d4_element et_pb_text et_pb_text_0  et_pb_text_align_left et_pb_bg_layout_light\">\n\t\t\t\t\n\t\t\t\t\n\t\t\t\t\n\t\t\t\t\n\t\t\t\t<div class=\"et_pb_text_inner\"><h1 style=\"text-align: center\">KuWi-Schnack<\/h1><\/div>\n\t\t\t<\/div>\n\t\t\t<\/div>\n\t\t\t\t\n\t\t\t\t\n\t\t\t\t\n\t\t\t\t\n\t\t\t<\/div><div class=\"et_d4_element et_pb_row et_pb_row_1  et_pb_css_mix_blend_mode et_block_row\">\n\t\t\t\t<div class=\"et_d4_element et_pb_column_3_5 et_pb_column et_pb_column_1  et_pb_css_mix_blend_mode et_block_column\">\n\t\t\t\t\n\t\t\t\t\n\t\t\t\t\n\t\t\t\t\n\t\t\t\t<div class=\"et_pb_with_border et_pb_module et_d4_element et_pb_gallery et_pb_gallery_0  et_pb_bg_layout_light et_pb_gallery_grid\">\n\t\t\t\t<div class=\"et_pb_gallery_items et_pb_grid_items et_post_gallery clearfix\" data-per_page=\"4\"><div class=\"et_pb_gallery_item et_pb_grid_item et_pb_bg_layout_light et_pb_css_mix_blend_mode et_pb_gallery_item_0_0\"><div class=\"et_pb_gallery_image landscape\">\n\t\t\t\t\t<a href=\"https:\/\/blogs.uni-bremen.de\/stugaqwi\/files\/IMG_20220825_152727_164.jpg\" title=\"\" data-rel=\"lightbox-image-0\" data-rl_title=\"\" data-rl_caption=\"\">\n\t\t\t\t\t<img loading=\"lazy\" decoding=\"async\" width=\"400\" height=\"284\" src=\"https:\/\/blogs.uni-bremen.de\/stugaqwi\/files\/IMG_20220825_152727_164-400x284.jpg\" srcset=\"https:\/\/blogs.uni-bremen.de\/stugaqwi\/files\/IMG_20220825_152727_164.jpg 479w, https:\/\/blogs.uni-bremen.de\/stugaqwi\/files\/IMG_20220825_152727_164-400x284.jpg 480w\" sizes=\"(max-width:479px) 479px, 100vw\" class=\"wp-image-492\" \/>\n\t\t\t\t\t<span class=\"et_overlay et_pb_inline_icon\" data-icon=\"T\"><\/span>\n\t\t\t\t<\/a>\n\t\t\t\t<\/div><h3 class=\"et_pb_gallery_title\">Winterfeier 2020<\/h3><\/div><div class=\"et_pb_gallery_item et_pb_grid_item et_pb_bg_layout_light et_pb_css_mix_blend_mode et_pb_gallery_item_0_1\"><div class=\"et_pb_gallery_image landscape\">\n\t\t\t\t\t<a href=\"https:\/\/blogs.uni-bremen.de\/stugaqwi\/files\/Screenshot-6.png\" title=\"\" data-rel=\"lightbox-image-1\" data-rl_title=\"\" data-rl_caption=\"\">\n\t\t\t\t\t<img loading=\"lazy\" decoding=\"async\" width=\"400\" height=\"284\" src=\"https:\/\/blogs.uni-bremen.de\/stugaqwi\/files\/Screenshot-6-400x284.png\" srcset=\"https:\/\/blogs.uni-bremen.de\/stugaqwi\/files\/Screenshot-6.png 479w, https:\/\/blogs.uni-bremen.de\/stugaqwi\/files\/Screenshot-6-400x284.png 480w\" sizes=\"(max-width:479px) 479px, 100vw\" class=\"wp-image-251\" \/>\n\t\t\t\t\t<span class=\"et_overlay et_pb_inline_icon\" data-icon=\"T\"><\/span>\n\t\t\t\t<\/a>\n\t\t\t\t<\/div><h3 class=\"et_pb_gallery_title\">Online-Spieleabend<\/h3><\/div><div class=\"et_pb_gallery_item et_pb_grid_item et_pb_bg_layout_light et_pb_css_mix_blend_mode et_pb_gallery_item_0_2\"><div class=\"et_pb_gallery_image landscape\">\n\t\t\t\t\t<a href=\"https:\/\/blogs.uni-bremen.de\/stugaqwi\/files\/Screenshot_20200508-123531_Instagram-e1588935066827.jpg\" title=\"\" data-rel=\"lightbox-image-2\" data-rl_title=\"\" data-rl_caption=\"\">\n\t\t\t\t\t<img loading=\"lazy\" decoding=\"async\" width=\"400\" height=\"284\" src=\"https:\/\/blogs.uni-bremen.de\/stugaqwi\/files\/Screenshot_20200508-123531_Instagram-e1588935066827-400x284.jpg\" srcset=\"https:\/\/blogs.uni-bremen.de\/stugaqwi\/files\/Screenshot_20200508-123531_Instagram-e1588935066827.jpg 479w, https:\/\/blogs.uni-bremen.de\/stugaqwi\/files\/Screenshot_20200508-123531_Instagram-e1588935066827-400x284.jpg 480w\" sizes=\"(max-width:479px) 479px, 100vw\" class=\"wp-image-96\" \/>\n\t\t\t\t\t<span class=\"et_overlay et_pb_inline_icon\" data-icon=\"T\"><\/span>\n\t\t\t\t<\/a>\n\t\t\t\t<\/div><h3 class=\"et_pb_gallery_title\">Quiz Abend<\/h3><\/div><div class=\"et_pb_gallery_item et_pb_grid_item et_pb_bg_layout_light et_pb_css_mix_blend_mode et_pb_gallery_item_0_3\"><div class=\"et_pb_gallery_image landscape\">\n\t\t\t\t\t<a href=\"https:\/\/blogs.uni-bremen.de\/stugaqwi\/files\/Screenshot_20200508-123539_Instagram-e1588941553842.jpg\" title=\"\" data-rel=\"lightbox-image-3\" data-rl_title=\"\" data-rl_caption=\"\">\n\t\t\t\t\t<img loading=\"lazy\" decoding=\"async\" width=\"400\" height=\"284\" src=\"https:\/\/blogs.uni-bremen.de\/stugaqwi\/files\/Screenshot_20200508-123539_Instagram-e1588941553842-400x284.jpg\" srcset=\"https:\/\/blogs.uni-bremen.de\/stugaqwi\/files\/Screenshot_20200508-123539_Instagram-e1588941553842.jpg 479w, https:\/\/blogs.uni-bremen.de\/stugaqwi\/files\/Screenshot_20200508-123539_Instagram-e1588941553842-400x284.jpg 480w\" sizes=\"(max-width:479px) 479px, 100vw\" class=\"wp-image-97\" \/>\n\t\t\t\t\t<span class=\"et_overlay et_pb_inline_icon\" data-icon=\"T\"><\/span>\n\t\t\t\t<\/a>\n\t\t\t\t<\/div><h3 class=\"et_pb_gallery_title\">Quiz Abend<\/h3><\/div><div class=\"et_pb_gallery_item et_pb_grid_item et_pb_bg_layout_light et_pb_css_mix_blend_mode et_pb_gallery_item_0_4\"><div class=\"et_pb_gallery_image landscape\">\n\t\t\t\t\t<a href=\"https:\/\/blogs.uni-bremen.de\/stugaqwi\/files\/Screenshot-2022-08-25-152950.png\" title=\"\" data-rel=\"lightbox-image-4\" data-rl_title=\"\" data-rl_caption=\"\">\n\t\t\t\t\t<img loading=\"lazy\" decoding=\"async\" width=\"400\" height=\"284\" src=\"https:\/\/blogs.uni-bremen.de\/stugaqwi\/files\/Screenshot-2022-08-25-152950-400x284.png\" srcset=\"https:\/\/blogs.uni-bremen.de\/stugaqwi\/files\/Screenshot-2022-08-25-152950.png 479w, https:\/\/blogs.uni-bremen.de\/stugaqwi\/files\/Screenshot-2022-08-25-152950-400x284.png 480w\" sizes=\"(max-width:479px) 479px, 100vw\" class=\"wp-image-485\" \/>\n\t\t\t\t\t<span class=\"et_overlay et_pb_inline_icon\" data-icon=\"T\"><\/span>\n\t\t\t\t<\/a>\n\t\t\t\t<\/div><h3 class=\"et_pb_gallery_title\">Spieleabend<\/h3><\/div><div class=\"et_pb_gallery_item et_pb_grid_item et_pb_bg_layout_light et_pb_css_mix_blend_mode et_pb_gallery_item_0_5\"><div class=\"et_pb_gallery_image landscape\">\n\t\t\t\t\t<a href=\"https:\/\/blogs.uni-bremen.de\/stugaqwi\/files\/IMG_20220825_152547_031.jpg\" title=\"\" data-rel=\"lightbox-image-5\" data-rl_title=\"\" data-rl_caption=\"\">\n\t\t\t\t\t<img loading=\"lazy\" decoding=\"async\" width=\"400\" height=\"284\" src=\"https:\/\/blogs.uni-bremen.de\/stugaqwi\/files\/IMG_20220825_152547_031-400x284.jpg\" srcset=\"https:\/\/blogs.uni-bremen.de\/stugaqwi\/files\/IMG_20220825_152547_031.jpg 479w, https:\/\/blogs.uni-bremen.de\/stugaqwi\/files\/IMG_20220825_152547_031-400x284.jpg 480w\" sizes=\"(max-width:479px) 479px, 100vw\" class=\"wp-image-483\" \/>\n\t\t\t\t\t<span class=\"et_overlay et_pb_inline_icon\" data-icon=\"T\"><\/span>\n\t\t\t\t<\/a>\n\t\t\t\t<\/div><h3 class=\"et_pb_gallery_title\">Online-Spieleabend<\/h3><\/div><div class=\"et_pb_gallery_item et_pb_grid_item et_pb_bg_layout_light et_pb_css_mix_blend_mode et_pb_gallery_item_0_6\"><div class=\"et_pb_gallery_image landscape\">\n\t\t\t\t\t<a href=\"https:\/\/blogs.uni-bremen.de\/stugaqwi\/files\/82061358_509278576386782_3365719218534877001_n.jpg\" title=\"\" data-rel=\"lightbox-image-6\" data-rl_title=\"\" data-rl_caption=\"\">\n\t\t\t\t\t<img loading=\"lazy\" decoding=\"async\" width=\"150\" height=\"150\" src=\"https:\/\/blogs.uni-bremen.de\/stugaqwi\/files\/82061358_509278576386782_3365719218534877001_n.jpg\" srcset=\"https:\/\/blogs.uni-bremen.de\/stugaqwi\/files\/82061358_509278576386782_3365719218534877001_n.jpg 479w, https:\/\/blogs.uni-bremen.de\/stugaqwi\/files\/82061358_509278576386782_3365719218534877001_n.jpg 480w\" sizes=\"(max-width:479px) 479px, 100vw\" class=\"wp-image-78\" \/>\n\t\t\t\t\t<span class=\"et_overlay et_pb_inline_icon\" data-icon=\"T\"><\/span>\n\t\t\t\t<\/a>\n\t\t\t\t<\/div><h3 class=\"et_pb_gallery_title\">Winterfeier 2020<\/h3><\/div><div class=\"et_pb_gallery_item et_pb_grid_item et_pb_bg_layout_light et_pb_css_mix_blend_mode et_pb_gallery_item_0_7\"><div class=\"et_pb_gallery_image landscape\">\n\t\t\t\t\t<a href=\"https:\/\/blogs.uni-bremen.de\/stugaqwi\/files\/IMG_20200512_111105_222.jpg\" title=\"\" data-rel=\"lightbox-image-7\" data-rl_title=\"\" data-rl_caption=\"\">\n\t\t\t\t\t<img loading=\"lazy\" decoding=\"async\" width=\"400\" height=\"284\" src=\"https:\/\/blogs.uni-bremen.de\/stugaqwi\/files\/IMG_20200512_111105_222-400x284.jpg\" srcset=\"https:\/\/blogs.uni-bremen.de\/stugaqwi\/files\/IMG_20200512_111105_222.jpg 479w, https:\/\/blogs.uni-bremen.de\/stugaqwi\/files\/IMG_20200512_111105_222-400x284.jpg 480w\" sizes=\"(max-width:479px) 479px, 100vw\" class=\"wp-image-140\" \/>\n\t\t\t\t\t<span class=\"et_overlay et_pb_inline_icon\" data-icon=\"T\"><\/span>\n\t\t\t\t<\/a>\n\t\t\t\t<\/div><h3 class=\"et_pb_gallery_title\">Winterfeier 2020<\/h3><\/div><div class=\"et_pb_gallery_item et_pb_grid_item et_pb_bg_layout_light et_pb_css_mix_blend_mode et_pb_gallery_item_0_8\"><div class=\"et_pb_gallery_image landscape\">\n\t\t\t\t\t<a href=\"https:\/\/blogs.uni-bremen.de\/stugaqwi\/files\/IMG_20220825_152255_745.jpg\" title=\"\" data-rel=\"lightbox-image-8\" data-rl_title=\"\" data-rl_caption=\"\">\n\t\t\t\t\t<img loading=\"lazy\" decoding=\"async\" width=\"400\" height=\"284\" src=\"https:\/\/blogs.uni-bremen.de\/stugaqwi\/files\/IMG_20220825_152255_745-400x284.jpg\" srcset=\"https:\/\/blogs.uni-bremen.de\/stugaqwi\/files\/IMG_20220825_152255_745.jpg 479w, https:\/\/blogs.uni-bremen.de\/stugaqwi\/files\/IMG_20220825_152255_745-400x284.jpg 480w\" sizes=\"(max-width:479px) 479px, 100vw\" class=\"wp-image-481\" \/>\n\t\t\t\t\t<span class=\"et_overlay et_pb_inline_icon\" data-icon=\"T\"><\/span>\n\t\t\t\t<\/a>\n\t\t\t\t<\/div><h3 class=\"et_pb_gallery_title\">Treffen am Deich<\/h3><\/div><div class=\"et_pb_gallery_item et_pb_grid_item et_pb_bg_layout_light et_pb_css_mix_blend_mode et_pb_gallery_item_0_9\"><div class=\"et_pb_gallery_image landscape\">\n\t\t\t\t\t<a href=\"https:\/\/blogs.uni-bremen.de\/stugaqwi\/files\/IMG_20200512_111024_053.jpg\" title=\"\" data-rel=\"lightbox-image-9\" data-rl_title=\"\" data-rl_caption=\"\">\n\t\t\t\t\t<img loading=\"lazy\" decoding=\"async\" width=\"400\" height=\"284\" src=\"https:\/\/blogs.uni-bremen.de\/stugaqwi\/files\/IMG_20200512_111024_053-400x284.jpg\" srcset=\"https:\/\/blogs.uni-bremen.de\/stugaqwi\/files\/IMG_20200512_111024_053.jpg 479w, https:\/\/blogs.uni-bremen.de\/stugaqwi\/files\/IMG_20200512_111024_053-400x284.jpg 480w\" sizes=\"(max-width:479px) 479px, 100vw\" class=\"wp-image-139\" \/>\n\t\t\t\t\t<span class=\"et_overlay et_pb_inline_icon\" data-icon=\"T\"><\/span>\n\t\t\t\t<\/a>\n\t\t\t\t<\/div><h3 class=\"et_pb_gallery_title\">Winterfeier 2020<\/h3><\/div><div class=\"et_pb_gallery_item et_pb_grid_item et_pb_bg_layout_light et_pb_css_mix_blend_mode et_pb_gallery_item_0_10\"><div class=\"et_pb_gallery_image landscape\">\n\t\t\t\t\t<a href=\"https:\/\/blogs.uni-bremen.de\/stugaqwi\/files\/Screenshot-2022-08-25-153032.png\" title=\"\" data-rel=\"lightbox-image-10\" data-rl_title=\"\" data-rl_caption=\"\">\n\t\t\t\t\t<img loading=\"lazy\" decoding=\"async\" width=\"400\" height=\"284\" src=\"https:\/\/blogs.uni-bremen.de\/stugaqwi\/files\/Screenshot-2022-08-25-153032-400x284.png\" srcset=\"https:\/\/blogs.uni-bremen.de\/stugaqwi\/files\/Screenshot-2022-08-25-153032.png 479w, https:\/\/blogs.uni-bremen.de\/stugaqwi\/files\/Screenshot-2022-08-25-153032-400x284.png 480w\" sizes=\"(max-width:479px) 479px, 100vw\" class=\"wp-image-486\" \/>\n\t\t\t\t\t<span class=\"et_overlay et_pb_inline_icon\" data-icon=\"T\"><\/span>\n\t\t\t\t<\/a>\n\t\t\t\t<\/div><h3 class=\"et_pb_gallery_title\">Krimi-Dinner<\/h3><\/div><\/div><div class=\"et_pb_gallery_pagination\"><\/div><\/div>\n\t\t\t<\/div><div class=\"et_d4_element et_pb_column_2_5 et_pb_column et_pb_column_2  et_pb_css_mix_blend_mode et-last-child et_block_column\">\n\t\t\t\t\n\t\t\t\t\n\t\t\t\t\n\t\t\t\t\n\t\t\t\t<div class=\"et_pb_with_border et_pb_module et_d4_element et_pb_text et_pb_text_1  et_pb_text_align_left et_pb_bg_layout_light\">\n\t\t\t\t\n\t\t\t\t\n\t\t\t\t\n\t\t\t\t\n\t\t\t\t<div class=\"et_pb_text_inner\"><p>&nbsp;<\/p>\n<p style=\"text-align: justify\"><span style=\"font-family: inherit;font-weight: normal\">Beim KuWi-Schnack treffen wir uns in entspannter Runde zu verschiedenen Unternehmungen. Gemeinsam suchen wir den M\u00f6rder beim Krimidinner, testen unser Wissen zu Fantasy-Filmen, kochen zusammen oder treffen uns f\u00fcr das ein der andere Getr\u00e4nk am Deich. Wir denken uns immer wieder etwas neues f\u00fcr euch aus, damit ihr etwas cooles unternehmen und neue Leue kennenlernen k\u00f6nnt.<\/span><\/p>\n<p>&nbsp;<\/p><\/div>\n\t\t\t<\/div>\n\t\t\t<\/div>\n\t\t\t\t\n\t\t\t\t\n\t\t\t\t\n\t\t\t\t\n\t\t\t<\/div>\n\t\t\t\t\n\t\t\t\t\n\t\t\t<\/div>\n","protected":false},"excerpt":{"rendered":"","protected":false},"author":11884,"featured_media":0,"parent":0,"menu_order":0,"comment_status":"closed","ping_status":"closed","template":"","meta":{"_bbp_topic_count":0,"_bbp_reply_count":0,"_bbp_total_topic_count":0,"_bbp_total_reply_count":0,"_bbp_voice_count":0,"_bbp_anonymous_reply_count":0,"_bbp_topic_count_hidden":0,"_bbp_reply_count_hidden":0,"_bbp_forum_subforum_count":0,"_et_pb_use_builder":"on","_et_pb_old_content":"","_et_gb_content_width":"","footnotes":""},"class_list":["post-23","page","type-page","status-publish","hentry"],"_links":{"self":[{"href":"https:\/\/blogs.uni-bremen.de\/stugaqwi\/wp-json\/wp\/v2\/pages\/23","targetHints":{"allow":["GET"]}}],"collection":[{"href":"https:\/\/blogs.uni-bremen.de\/stugaqwi\/wp-json\/wp\/v2\/pages"}],"about":[{"href":"https:\/\/blogs.uni-bremen.de\/stugaqwi\/wp-json\/wp\/v2\/types\/page"}],"author":[{"embeddable":true,"href":"https:\/\/blogs.uni-bremen.de\/stugaqwi\/wp-json\/wp\/v2\/users\/11884"}],"replies":[{"embeddable":true,"href":"https:\/\/blogs.uni-bremen.de\/stugaqwi\/wp-json\/wp\/v2\/comments?post=23"}],"version-history":[{"count":10,"href":"https:\/\/blogs.uni-bremen.de\/stugaqwi\/wp-json\/wp\/v2\/pages\/23\/revisions"}],"predecessor-version":[{"id":498,"href":"https:\/\/blogs.uni-bremen.de\/stugaqwi\/wp-json\/wp\/v2\/pages\/23\/revisions\/498"}],"wp:attachment":[{"href":"https:\/\/blogs.uni-bremen.de\/stugaqwi\/wp-json\/wp\/v2\/media?parent=23"}],"curies":[{"name":"wp","href":"https:\/\/api.w.org\/{rel}","templated":true}]}}