{"id":228,"date":"2020-06-16T17:38:52","date_gmt":"2020-06-16T15:38:52","guid":{"rendered":"https:\/\/blogs.uni-bremen.de\/stugaqwi\/?page_id=228"},"modified":"2022-08-25T17:29:17","modified_gmt":"2022-08-25T15:29:17","slug":"tag-des-studiums","status":"publish","type":"page","link":"https:\/\/blogs.uni-bremen.de\/stugaqwi\/tag-des-studiums\/","title":{"rendered":"Tag des Studiums"},"content":{"rendered":"<div class=\"et_d4_element et_pb_section et_pb_section_0 et_pb_with_background  et_pb_css_mix_blend_mode et_section_regular et_block_section\" >\n\t\t\t\t\n\t\t\t\t\n\t\t\t\t\n\t\t\t\t\n\t\t\t\t\n\t\t\t\t\n\t\t\t\t<div class=\"et_d4_element et_pb_row et_pb_row_0  et_pb_css_mix_blend_mode et_block_row\">\n\t\t\t\t<div class=\"et_d4_element et_pb_column_4_4 et_pb_column et_pb_column_0  et_pb_css_mix_blend_mode et-last-child et_block_column\">\n\t\t\t\t\n\t\t\t\t\n\t\t\t\t\n\t\t\t\t\n\t\t\t\t<div class=\"et_pb_module et_d4_element et_pb_text et_pb_text_0  et_pb_text_align_left et_pb_bg_layout_light\">\n\t\t\t\t\n\t\t\t\t\n\t\t\t\t\n\t\t\t\t\n\t\t\t\t<div class=\"et_pb_text_inner\"><h1 style=\"text-align: center\">Tag der Lehre<\/h1><\/div>\n\t\t\t<\/div>\n\t\t\t<\/div>\n\t\t\t\t\n\t\t\t\t\n\t\t\t\t\n\t\t\t\t\n\t\t\t<\/div><div class=\"et_d4_element et_pb_row et_pb_row_1  et_pb_css_mix_blend_mode et_block_row\">\n\t\t\t\t<div class=\"et_d4_element et_pb_column_1_2 et_pb_column et_pb_column_1  et_pb_css_mix_blend_mode et_block_column\">\n\t\t\t\t\n\t\t\t\t\n\t\t\t\t\n\t\t\t\t\n\t\t\t\t<div class=\"et_pb_with_border et_pb_module et_d4_element et_pb_image et_pb_image_0\">\n\t\t\t\t\n\t\t\t\t\n\t\t\t\t\n\t\t\t\t\n\t\t\t\t<span class=\"et_pb_image_wrap \"><img loading=\"lazy\" decoding=\"async\" width=\"564\" height=\"800\" src=\"https:\/\/blogs.uni-bremen.de\/stugaqwi\/files\/80b6ef7f-4b85-4991-bca0-0d5b6297e8e6.jpg\" alt=\"\" title=\"80b6ef7f-4b85-4991-bca0-0d5b6297e8e6\" srcset=\"https:\/\/blogs.uni-bremen.de\/stugaqwi\/files\/80b6ef7f-4b85-4991-bca0-0d5b6297e8e6.jpg 564w, https:\/\/blogs.uni-bremen.de\/stugaqwi\/files\/80b6ef7f-4b85-4991-bca0-0d5b6297e8e6-480x681.jpg 480w\" sizes=\"(min-width: 0px) and (max-width: 480px) 480px, (min-width: 481px) 564px, 100vw\" class=\"wp-image-333\" \/><\/span>\n\t\t\t<\/div>\n\t\t\t<\/div><div class=\"et_d4_element et_pb_column_1_2 et_pb_column et_pb_column_2  et_pb_css_mix_blend_mode et-last-child et_block_column\">\n\t\t\t\t\n\t\t\t\t\n\t\t\t\t\n\t\t\t\t\n\t\t\t\t<div class=\"et_pb_with_border et_pb_module et_d4_element et_pb_text et_pb_text_1  et_pb_text_align_left et_pb_bg_layout_light\">\n\t\t\t\t\n\t\t\t\t\n\t\t\t\t\n\t\t\t\t\n\t\t\t\t<div class=\"et_pb_text_inner\"><p style=\"text-align: justify\"><span><\/span>Am Tag der Lehre, der an der ganzen Universit\u00e4t jedes Jahr stattfindet, begeben sich Lehrende und Studierende in einen gemeinsamen Austausch. Das Ziel der Veranstaltung ist es zusammen die Lehre an der Universit\u00e4t zu verbessern. Hierf\u00fcr ist besonders die Kommunikation zwischen den Studierenden und den Lehrenden von Wichtigkeit. Auch an unserem Institut wird der Tag der Lehre dazu genutzt ein Stimmungsbild von den Studierenden zu bekommen. Aus diesem Grund ist es immer wieder besonders wichtig, dass wir als Studierende diese Gelegenheit nutzen, um unsere Eindr\u00fccke zu teilen und m\u00f6glicherweise Verbesserungen anzutreiben. Seid das n\u00e4chste Mal auch dabei!<span><\/span><\/p><\/div>\n\t\t\t<\/div>\n\t\t\t<\/div>\n\t\t\t\t\n\t\t\t\t\n\t\t\t\t\n\t\t\t\t\n\t\t\t<\/div>\n\t\t\t\t\n\t\t\t\t\n\t\t\t<\/div>\n","protected":false},"excerpt":{"rendered":"","protected":false},"author":11884,"featured_media":0,"parent":0,"menu_order":0,"comment_status":"closed","ping_status":"closed","template":"","meta":{"_bbp_topic_count":0,"_bbp_reply_count":0,"_bbp_total_topic_count":0,"_bbp_total_reply_count":0,"_bbp_voice_count":0,"_bbp_anonymous_reply_count":0,"_bbp_topic_count_hidden":0,"_bbp_reply_count_hidden":0,"_bbp_forum_subforum_count":0,"_et_pb_use_builder":"on","_et_pb_old_content":"","_et_gb_content_width":"","footnotes":""},"class_list":["post-228","page","type-page","status-publish","hentry"],"_links":{"self":[{"href":"https:\/\/blogs.uni-bremen.de\/stugaqwi\/wp-json\/wp\/v2\/pages\/228","targetHints":{"allow":["GET"]}}],"collection":[{"href":"https:\/\/blogs.uni-bremen.de\/stugaqwi\/wp-json\/wp\/v2\/pages"}],"about":[{"href":"https:\/\/blogs.uni-bremen.de\/stugaqwi\/wp-json\/wp\/v2\/types\/page"}],"author":[{"embeddable":true,"href":"https:\/\/blogs.uni-bremen.de\/stugaqwi\/wp-json\/wp\/v2\/users\/11884"}],"replies":[{"embeddable":true,"href":"https:\/\/blogs.uni-bremen.de\/stugaqwi\/wp-json\/wp\/v2\/comments?post=228"}],"version-history":[{"count":6,"href":"https:\/\/blogs.uni-bremen.de\/stugaqwi\/wp-json\/wp\/v2\/pages\/228\/revisions"}],"predecessor-version":[{"id":506,"href":"https:\/\/blogs.uni-bremen.de\/stugaqwi\/wp-json\/wp\/v2\/pages\/228\/revisions\/506"}],"wp:attachment":[{"href":"https:\/\/blogs.uni-bremen.de\/stugaqwi\/wp-json\/wp\/v2\/media?parent=228"}],"curies":[{"name":"wp","href":"https:\/\/api.w.org\/{rel}","templated":true}]}}