{"id":223,"date":"2020-06-16T17:37:49","date_gmt":"2020-06-16T15:37:49","guid":{"rendered":"https:\/\/blogs.uni-bremen.de\/stugaqwi\/?page_id=223"},"modified":"2022-08-30T08:56:41","modified_gmt":"2022-08-30T06:56:41","slug":"erstifahrt","status":"publish","type":"page","link":"https:\/\/blogs.uni-bremen.de\/stugaqwi\/erstifahrt\/","title":{"rendered":"Erstifahrt"},"content":{"rendered":"<div class=\"et_d4_element et_pb_section et_pb_section_0 et_pb_with_background  et_pb_css_mix_blend_mode et_section_regular et_block_section\" >\n\t\t\t\t\n\t\t\t\t\n\t\t\t\t\n\t\t\t\t\n\t\t\t\t\n\t\t\t\t\n\t\t\t\t<div class=\"et_d4_element et_pb_row et_pb_row_0  et_pb_css_mix_blend_mode et_block_row\">\n\t\t\t\t<div class=\"et_d4_element et_pb_column_4_4 et_pb_column et_pb_column_0  et_pb_css_mix_blend_mode et-last-child et_block_column\">\n\t\t\t\t\n\t\t\t\t\n\t\t\t\t\n\t\t\t\t\n\t\t\t\t<div class=\"et_pb_module et_d4_element et_pb_text et_pb_text_0  et_pb_text_align_left et_pb_bg_layout_light\">\n\t\t\t\t\n\t\t\t\t\n\t\t\t\t\n\t\t\t\t\n\t\t\t\t<div class=\"et_pb_text_inner\"><h1 style=\"text-align: center\">Erstifahrt<\/h1><\/div>\n\t\t\t<\/div><div class=\"et_pb_with_border et_pb_module et_d4_element et_pb_image et_pb_image_0\">\n\t\t\t\t\n\t\t\t\t\n\t\t\t\t\n\t\t\t\t\n\t\t\t\t<span class=\"et_pb_image_wrap \"><img loading=\"lazy\" decoding=\"async\" width=\"1080\" height=\"1080\" src=\"https:\/\/blogs.uni-bremen.de\/stugaqwi\/files\/72342285_151929799370661_2732845646794930338_n1.jpg\" alt=\"\" title=\"Erstifahrt nach Bremerhaven 2019\" srcset=\"https:\/\/blogs.uni-bremen.de\/stugaqwi\/files\/72342285_151929799370661_2732845646794930338_n1.jpg 1080w, https:\/\/blogs.uni-bremen.de\/stugaqwi\/files\/72342285_151929799370661_2732845646794930338_n1-980x980.jpg 980w, https:\/\/blogs.uni-bremen.de\/stugaqwi\/files\/72342285_151929799370661_2732845646794930338_n1-480x480.jpg 480w\" sizes=\"(min-width: 0px) and (max-width: 480px) 480px, (min-width: 481px) and (max-width: 980px) 980px, (min-width: 981px) 1080px, 100vw\" class=\"wp-image-76\" \/><\/span>\n\t\t\t<\/div><div class=\"et_pb_with_border et_pb_module et_d4_element et_pb_text et_pb_text_1  et_pb_text_align_left et_pb_bg_layout_light\">\n\t\t\t\t\n\t\t\t\t\n\t\t\t\t\n\t\t\t\t\n\t\t\t\t<div class=\"et_pb_text_inner\"><p style=\"text-align: justify\">\n<p style=\"text-align: justify\">\n<p style=\"text-align: justify\">Die \"Erstifahrt\" ist die M\u00f6glichkeit f\u00fcr neue Studierende sich gegenseitig besser kennenzulernen. Der StugA organisiert diese Fahrt immer zum Start des Wintersemesters, wenn neue Studient*innen an der Universit\u00e4t ihr Studium beginnen. Durch den Klassefahrt-Charakter ergibt sich die Chance auf die neuen Mensche zuzugehen und Freundschaften zu schlie\u00dfen. Nat\u00fcrlich lernt ihr ganz nebenbei auch noch etwas dazu, denn wir bereiten immer ein sch\u00f6nes Programm vor. Da wir StugA Mitglieder ebenfalls mitfahren, ist es auch eine Gelegenheit sich mit uns vertraut zu machen!<\/p>\n<p style=\"text-align: justify\">\n<p style=\"text-align: justify\"><\/div>\n\t\t\t<\/div><div class=\"et_pb_with_border et_pb_module et_d4_element et_pb_text et_pb_text_2  et_pb_text_align_left et_pb_bg_layout_light\">\n\t\t\t\t\n\t\t\t\t\n\t\t\t\t\n\t\t\t\t\n\t\t\t\t<div class=\"et_pb_text_inner\"><h3 style=\"text-align: justify;padding-left: 210px\"><strong><\/strong><\/h3>\n<h3 style=\"text-align: justify;padding-left: 210px\"><strong><\/strong><\/h3>\n<h3 style=\"text-align: justify;padding-left: 210px\"><strong>Wichtig!<\/strong><\/h3>\n<p style=\"text-align: justify\">F\u00e4llt im Wintersemester 2020\/21 aufgrund der Covid-19 Pandemie aus! Wir versuchen die Veranstaltung jedoch nachzuholen.<\/p>\n<p style=\"text-align: justify\">\n<p style=\"text-align: justify\"><\/div>\n\t\t\t<\/div>\n\t\t\t<\/div>\n\t\t\t\t\n\t\t\t\t\n\t\t\t\t\n\t\t\t\t\n\t\t\t<\/div>\n\t\t\t\t\n\t\t\t\t\n\t\t\t<\/div>\n","protected":false},"excerpt":{"rendered":"","protected":false},"author":11884,"featured_media":0,"parent":0,"menu_order":0,"comment_status":"closed","ping_status":"closed","template":"","meta":{"_bbp_topic_count":0,"_bbp_reply_count":0,"_bbp_total_topic_count":0,"_bbp_total_reply_count":0,"_bbp_voice_count":0,"_bbp_anonymous_reply_count":0,"_bbp_topic_count_hidden":0,"_bbp_reply_count_hidden":0,"_bbp_forum_subforum_count":0,"_et_pb_use_builder":"on","_et_pb_old_content":"","_et_gb_content_width":"","footnotes":""},"class_list":["post-223","page","type-page","status-publish","hentry"],"_links":{"self":[{"href":"https:\/\/blogs.uni-bremen.de\/stugaqwi\/wp-json\/wp\/v2\/pages\/223","targetHints":{"allow":["GET"]}}],"collection":[{"href":"https:\/\/blogs.uni-bremen.de\/stugaqwi\/wp-json\/wp\/v2\/pages"}],"about":[{"href":"https:\/\/blogs.uni-bremen.de\/stugaqwi\/wp-json\/wp\/v2\/types\/page"}],"author":[{"embeddable":true,"href":"https:\/\/blogs.uni-bremen.de\/stugaqwi\/wp-json\/wp\/v2\/users\/11884"}],"replies":[{"embeddable":true,"href":"https:\/\/blogs.uni-bremen.de\/stugaqwi\/wp-json\/wp\/v2\/comments?post=223"}],"version-history":[{"count":8,"href":"https:\/\/blogs.uni-bremen.de\/stugaqwi\/wp-json\/wp\/v2\/pages\/223\/revisions"}],"predecessor-version":[{"id":509,"href":"https:\/\/blogs.uni-bremen.de\/stugaqwi\/wp-json\/wp\/v2\/pages\/223\/revisions\/509"}],"wp:attachment":[{"href":"https:\/\/blogs.uni-bremen.de\/stugaqwi\/wp-json\/wp\/v2\/media?parent=223"}],"curies":[{"name":"wp","href":"https:\/\/api.w.org\/{rel}","templated":true}]}}