{"id":3,"date":"2020-02-21T10:38:16","date_gmt":"2020-02-21T09:38:16","guid":{"rendered":"https:\/\/blogs.uni-bremen.de\/studytools\/?page_id=2"},"modified":"2023-12-15T14:34:25","modified_gmt":"2023-12-15T13:34:25","slug":"beispiel-seite","status":"publish","type":"page","link":"https:\/\/blogs.uni-bremen.de\/studytools\/","title":{"rendered":"Studytools &#8211; Tools und Tipps zum digital gest\u00fctzten Studium an der Uni Bremen"},"content":{"rendered":"<p>Hi, willkommen bei den <em>Studytools<\/em> der Uni Bremen!<\/p>\n<h2 id=\"was-findest-du-auf-dieser-webseite\">Was findest du auf dieser Webseite?<\/h2>\n<p>Auf dieser Webseite haben wir (vom ZMML) dir Dienste, Angebote und Materialien der Uni Bremen und anderen Stellen zusammengestellt, die dir w\u00e4hrend deines Studiums (und dar\u00fcber hinaus) n\u00fctzlich sein k\u00f6nnen.<br \/>\nDar\u00fcber hinaus findest du hier viele Empfehlungen von freier Software f\u00fcr alle Betriebssysteme, die du ohne Beschr\u00e4nkungen f\u00fcr dein Studium, deinen Job oder dich privat nutzen kannst.<\/p>\n<p><em>Lehrende finden hier sicherlich auch n\u00fctzliche Tipps, aber das Blog richtet sich vor allem an Studierende.<\/em> \ud83d\ude09<\/p>\n<h2>Wusstest du z.B., dass\u2026<\/h2>\n<ul>\n<li>in der\u00a0<a href=\"https:\/\/blogs.uni-bremen.de\/studytools\/2020\/04\/01\/datei-austausch-seafile-an-der-uni-bremen\/\">Campus-Cloud \u201cNextcloud\u201d<\/a>\u00a0ein\u00a0<a href=\"https:\/\/blogs.uni-bremen.de\/studytools\/2020\/07\/16\/online-bearbeitung-von-dokumenten-in-seafile\/\">Online-Office f\u00fcr Dokumente<\/a>\u00a0ist, mit dem du auch zeitgleich mit anderen zusammenarbeiten kannst?<\/li>\n<li>es nicht nur viele <a href=\"https:\/\/blogs.uni-bremen.de\/studytools\/2020\/03\/12\/materialien-der-studierwerkstatt-uni-bremen-zum-wissenschafltichen-arbeiten\/\">Materialien der Studierwerkstatt<\/a> als PDF gibt sondern die Sozialwissenschaften sogar ein eigenes <a href=\"https:\/\/blogs.uni-bremen.de\/studytools\/2020\/11\/05\/schreibportal-fuer-die-geistes-kultur-und-sprachwissenschaften-fb-09-10\/\">Schreibportal<\/a> und Coaches zur Unterst\u00fctzung bieten?<\/li>\n<li>du mit dem <a href=\"https:\/\/blogs.uni-bremen.de\/studytools\/2023\/12\/12\/jupyter-entwicklungsumgebung-und-interaktives-notizbuch-fuer-viele-programmiersprachen\/\">JupyterHub<\/a> der Universit\u00e4t Bremen ein leistungsf\u00e4higes, webbasiertes Tool hast, mit dem du einfach Programmieren, Daten auswerten und wissenschaftliche Arbeiten verfassen kannst?<\/li>\n<li>du mit dem Grafikprogramm <a href=\"https:\/\/blogs.uni-bremen.de\/studytools\/2020\/10\/08\/inkscape-vektorgrafiken-fuer-logos-layouts-laser-cutter\/\">Inkscape<\/a> auch Schnittmuster f\u00fcr Alltagsmasken erstellen kannst?<\/li>\n<li>deine DJane- oder Animationsfilm-Karriere dank <a href=\"https:\/\/blogs.uni-bremen.de\/studytools\/2020\/11\/26\/mixxx-dj-software-fuer-live-mix-bis-radio-show\/\">Mixxx<\/a> und <a href=\"https:\/\/blogs.uni-bremen.de\/studytools\/2020\/10\/29\/blender-3d-modelle-und-animationen\/\">Blender<\/a> nur einen Klick entfernt sind?<\/li>\n<\/ul>\n<h2 id=\"wo-findest-du-was\">Wo findest du was?<\/h2>\n<p>Wir haben uns bem\u00fcht, alles in \u00fcbersichtlichen Kategorien zu ordnen. Wenn du dort nichts passendes f\u00fcr dich findest, benutze einfach mal die <em>Suchfunktion <\/em>oder sieh dir die <a href=\"https:\/\/blogs.uni-bremen.de\/studytools\/liste-aller-tools\/\">Liste aller Tools<\/a> an.<\/p>\n<h2 id=\"feedback\">Feedback<\/h2>\n<p>Wir haben etwas \u00fcbersehen?<br \/>\nDu hast einen Tipp f\u00fcr uns?<br \/>\nDas war alles mega-hilfreich und du willst einfach mal \u201c<em>Danke<\/em>\u201d sagen?<\/p>\n<p>Schick uns gern eine E-Mail und wir sehen uns das mal an, k\u00fcmmern uns drum oder schreiben \u201c<em>Danke<\/em>\u201d zur\u00fcck:<\/p>\n<p><strong>E-Mail:<\/strong> <code><a href=\"&#x6d;&#x61;&#105;&#108;t&#x6f;&#x3a;&#x73;&#116;&#117;d&#x79;&#x74;&#x6f;&#111;&#108;s&#x40;&#x65;&#x6c;&#101;&#97;r&#x6e;&#x69;&#x6e;&#103;&#46;u&#x6e;&#x69;&#x2d;&#98;re&#x6d;&#x65;&#110;&#46;de\">studytools<span class=\"\">@elearning.u<\/span>ni-bremen.de<\/a><\/code><\/p>\n<p style=\"text-align: center\"><em>Viel Spa\u00df beim St\u00f6bern und viel Erfolg!<\/em><\/p>\n<hr \/>\n<p><a href=\"http:\/\/creativecommons.org\/licenses\/by-sa\/4.0\/\" rel=\"license\"><img decoding=\"async\" class=\"aligncenter\" style=\"border-width: 0\" src=\"https:\/\/i.creativecommons.org\/l\/by-sa\/4.0\/88x31.png\" alt=\"Creative Commons Lizenzvertrag\" \/><\/a><br \/>\nDieses Werk ist lizenziert unter einer <a href=\"http:\/\/creativecommons.org\/licenses\/by-sa\/4.0\/\" rel=\"license\">Creative Commons Namensnennung &#8211; Weitergabe unter gleichen Bedingungen 4.0 International Lizenz<\/a>.<\/p>\n","protected":false},"excerpt":{"rendered":"<div class=\"entry-summary\">\nHi, willkommen bei den Studytools der Uni Bremen! Was findest du auf dieser Webseite? Auf dieser Webseite haben wir (vom&hellip;\n<\/div>\n<div class=\"link-more\"><a href=\"https:\/\/blogs.uni-bremen.de\/studytools\/\" class=\"more-link\">Continue reading<span class=\"screen-reader-text\"> &ldquo;Studytools &#8211; Tools und Tipps zum digital gest\u00fctzten Studium an der Uni Bremen&rdquo;<\/span>&hellip;<\/a><\/div>\n","protected":false},"author":2209,"featured_media":0,"parent":0,"menu_order":0,"comment_status":"closed","ping_status":"open","template":"","meta":{"_bbp_topic_count":0,"_bbp_reply_count":0,"_bbp_total_topic_count":0,"_bbp_total_reply_count":0,"_bbp_voice_count":0,"_bbp_anonymous_reply_count":0,"_bbp_topic_count_hidden":0,"_bbp_reply_count_hidden":0,"_bbp_forum_subforum_count":0,"footnotes":""},"coauthors":[838704],"class_list":["post-3","page","type-page","status-publish","hentry","entry"],"_links":{"self":[{"href":"https:\/\/blogs.uni-bremen.de\/studytools\/wp-json\/wp\/v2\/pages\/3","targetHints":{"allow":["GET"]}}],"collection":[{"href":"https:\/\/blogs.uni-bremen.de\/studytools\/wp-json\/wp\/v2\/pages"}],"about":[{"href":"https:\/\/blogs.uni-bremen.de\/studytools\/wp-json\/wp\/v2\/types\/page"}],"author":[{"embeddable":true,"href":"https:\/\/blogs.uni-bremen.de\/studytools\/wp-json\/wp\/v2\/users\/2209"}],"replies":[{"embeddable":true,"href":"https:\/\/blogs.uni-bremen.de\/studytools\/wp-json\/wp\/v2\/comments?post=3"}],"version-history":[{"count":4,"href":"https:\/\/blogs.uni-bremen.de\/studytools\/wp-json\/wp\/v2\/pages\/3\/revisions"}],"predecessor-version":[{"id":1395,"href":"https:\/\/blogs.uni-bremen.de\/studytools\/wp-json\/wp\/v2\/pages\/3\/revisions\/1395"}],"wp:attachment":[{"href":"https:\/\/blogs.uni-bremen.de\/studytools\/wp-json\/wp\/v2\/media?parent=3"}],"wp:term":[{"taxonomy":"author","embeddable":true,"href":"https:\/\/blogs.uni-bremen.de\/studytools\/wp-json\/wp\/v2\/coauthors?post=3"}],"curies":[{"name":"wp","href":"https:\/\/api.w.org\/{rel}","templated":true}]}}