{"id":12,"date":"2025-06-18T16:22:52","date_gmt":"2025-06-18T14:22:52","guid":{"rendered":"https:\/\/blogs.uni-bremen.de\/studentenreiseplannung\/?page_id=12"},"modified":"2025-06-18T16:22:52","modified_gmt":"2025-06-18T14:22:52","slug":"kompetenztest-reisen-im-studium","status":"publish","type":"page","link":"https:\/\/blogs.uni-bremen.de\/studentenreiseplannung\/kompetenztest-reisen-im-studium\/","title":{"rendered":"Kompetenztest: Reisen im Studium"},"content":{"rendered":"<p>Reisen im Studium kann spannend, aber auch teuer sein.<\/p>\n<p>Dieser Kompetenztest pr\u00fcft deine praktischen Kompetenzen rund ums g\u00fcnstige Reisen. Wie gut kannst du Kosten kalkulieren, Preise vergleichen, W\u00e4hrungen umrechnen und clevere Entscheidungen treffen?<\/p>\n<p>Teste dein Wissen \ud83d\ude42<\/p>\n<p><div class=\"h5p-iframe-wrapper\"><iframe id=\"h5p-iframe-2\" class=\"h5p-iframe\" data-content-id=\"2\" style=\"height:1px\" src=\"about:blank\" frameBorder=\"0\" scrolling=\"no\" title=\"Studentenrabatt berechnen\"><\/iframe><\/div>; <div class=\"h5p-iframe-wrapper\"><iframe id=\"h5p-iframe-3\" class=\"h5p-iframe\" data-content-id=\"3\" style=\"height:1px\" src=\"about:blank\" frameBorder=\"0\" scrolling=\"no\" title=\"Flug vs. Bahn\"><\/iframe><\/div>; <div class=\"h5p-iframe-wrapper\"><iframe id=\"h5p-iframe-5\" class=\"h5p-iframe\" data-content-id=\"5\" style=\"height:1px\" src=\"about:blank\" frameBorder=\"0\" scrolling=\"no\" title=\"Reise-Apps und ihre Funktionen\"><\/iframe><\/div>; <div class=\"h5p-iframe-wrapper\"><iframe id=\"h5p-iframe-6\" class=\"h5p-iframe\" data-content-id=\"6\" style=\"height:1px\" src=\"about:blank\" frameBorder=\"0\" scrolling=\"no\" title=\"Reisedauer vs. Preis bewerten\"><\/iframe><\/div>; <div class=\"h5p-iframe-wrapper\"><iframe id=\"h5p-iframe-4\" class=\"h5p-iframe\" data-content-id=\"4\" style=\"height:1px\" src=\"about:blank\" frameBorder=\"0\" scrolling=\"no\" title=\"Tools nutzen\"><\/iframe><\/div>; <div class=\"h5p-iframe-wrapper\"><iframe id=\"h5p-iframe-7\" class=\"h5p-iframe\" data-content-id=\"7\" style=\"height:1px\" src=\"about:blank\" frameBorder=\"0\" scrolling=\"no\" title=\"W\u00e4hrungsumrechung\"><\/iframe><\/div><\/p>\n<p>&nbsp;<\/p>\n<p>&nbsp;<\/p>\n<p>&nbsp;<\/p>\n<p>&nbsp;<\/p>\n<p>&nbsp;<\/p>\n","protected":false},"excerpt":{"rendered":"<p>Reisen im Studium kann spannend, aber auch teuer sein. Dieser Kompetenztest pr\u00fcft deine praktischen Kompetenzen rund ums g\u00fcnstige Reisen. Wie gut kannst du Kosten kalkulieren, Preise vergleichen, W\u00e4hrungen umrechnen und clevere Entscheidungen treffen? Teste dein Wissen \ud83d\ude42 ; ; ; ; ; &nbsp; &nbsp; &nbsp; &nbsp; &nbsp;<\/p>\n","protected":false},"author":16562,"featured_media":0,"parent":0,"menu_order":0,"comment_status":"closed","ping_status":"closed","template":"","meta":{"_bbp_topic_count":0,"_bbp_reply_count":0,"_bbp_total_topic_count":0,"_bbp_total_reply_count":0,"_bbp_voice_count":0,"_bbp_anonymous_reply_count":0,"_bbp_topic_count_hidden":0,"_bbp_reply_count_hidden":0,"_bbp_forum_subforum_count":0,"footnotes":""},"class_list":["post-12","page","type-page","status-publish","hentry"],"_links":{"self":[{"href":"https:\/\/blogs.uni-bremen.de\/studentenreiseplannung\/wp-json\/wp\/v2\/pages\/12","targetHints":{"allow":["GET"]}}],"collection":[{"href":"https:\/\/blogs.uni-bremen.de\/studentenreiseplannung\/wp-json\/wp\/v2\/pages"}],"about":[{"href":"https:\/\/blogs.uni-bremen.de\/studentenreiseplannung\/wp-json\/wp\/v2\/types\/page"}],"author":[{"embeddable":true,"href":"https:\/\/blogs.uni-bremen.de\/studentenreiseplannung\/wp-json\/wp\/v2\/users\/16562"}],"replies":[{"embeddable":true,"href":"https:\/\/blogs.uni-bremen.de\/studentenreiseplannung\/wp-json\/wp\/v2\/comments?post=12"}],"version-history":[{"count":10,"href":"https:\/\/blogs.uni-bremen.de\/studentenreiseplannung\/wp-json\/wp\/v2\/pages\/12\/revisions"}],"predecessor-version":[{"id":27,"href":"https:\/\/blogs.uni-bremen.de\/studentenreiseplannung\/wp-json\/wp\/v2\/pages\/12\/revisions\/27"}],"wp:attachment":[{"href":"https:\/\/blogs.uni-bremen.de\/studentenreiseplannung\/wp-json\/wp\/v2\/media?parent=12"}],"curies":[{"name":"wp","href":"https:\/\/api.w.org\/{rel}","templated":true}]}}