{"id":207,"date":"2017-11-28T14:46:04","date_gmt":"2017-11-28T13:46:04","guid":{"rendered":"https:\/\/blogs.uni-bremen.de\/starbiosbremen\/?page_id=207"},"modified":"2018-05-15T13:49:52","modified_gmt":"2018-05-15T11:49:52","slug":"ethik","status":"publish","type":"page","link":"https:\/\/blogs.uni-bremen.de\/starbiosbremen\/ethik\/","title":{"rendered":"Ethics"},"content":{"rendered":"<p><strong>\u00a0<\/strong><\/p>\n<p>Die Ber\u00fccksichtigung ethischer Aspekte in der Wissenschaft ist ein wesentlicher Bestandteil verantwortungsvoller Forschung. Moralische \u00dcberlegungen m\u00fcssen kontinuierlich bei der Auswahl von Forschungsthemen und bei der Durchf\u00fchrung von Forschung und Innovation mit einbezogen werden. Wissenschaftsethik behandelt beispielsweise die folgenden Fragestellungen:<\/p>\n<p><strong>Sollte alles, was im Rahmen der Wissenschaft m\u00f6glich ist, auch erforscht werden? <\/strong><\/p>\n<p><strong>Inwieweit tragen WissenschaftlerInnen die Verantwortung f\u00fcr die Anwendung ihrer Forschungsergebnisse?<\/strong><\/p>\n<p>Die ethischen Aspekte beziehen sich zum einen auf ethische Standards innerhalb der Wissenschaft, der Forschungsintegrit\u00e4t. Hiermit ist die Gew\u00e4hrleistung verantwortungsvoller Forschung durch korrektes Vorgehen, wie Redlichkeit, keine Datenmanipulation, Vermeidung von Plagiaten oder sonstigem akademischen Fehlverhalten, gemeint. Zum anderen beziehen sich die ethischen Aspekte auch auf die gesellschaftlichen Auswirkungen des Forschungsprozesses. Durch &#8222;Hohe ethische Standards&#8220; sollen hierbei die soziale Relevanz von Forschung und Innovation sowie deren gesellschaftliche Akzeptanz gew\u00e4hrleistet werden.<\/p>\n<p>Ziel des STARBIOS2 Projektes ist es, das Bewusstsein f\u00fcr ethische Fragestellungen im Fachbereich2 zu sch\u00e4rfen. Ein erster Workshop zum Thema &#8222;Ethik in der Wissenschaftskommunikation&#8220; wurde bereits durchgef\u00fchrt. Die Evaluationsergebnisse des Workshops finden Sie <u>hier<\/u>. Ein weiteres Ziel ist die Weiterentwicklung und Anpassung bestehender ethischer Richtlinien im Fachbereich sowie der Einbezug ethischer Aspekte in das Leitbild des Fachbereichs2.<\/p>\n<p>Unseren auf der <a href=\"https:\/\/starbios2.eu\/\"><strong>STARBIOS2 EU-Website<\/strong><\/a> ver\u00f6ffentlichten <strong>Blog Beitrag zu Ethik <\/strong>finden Sie <a href=\"https:\/\/starbios2.eu\/2017\/ethics-biosciences-bremen-university\/\">hier<\/a>.<\/p>\n<p>&nbsp;<\/p>\n<div class='et-learn-more clearfix'>\n\t\t\t\t\t<h3 class='heading-more'>Informationen zu Ethik an der Universit\u00e4t Bremen<span class='et_learnmore_arrow'><span><\/span><\/span><\/h3>\n\t\t\t\t\t<div class='learn-more-content'><p><a href=\"https:\/\/www.uni-bremen.de\/fileadmin\/user_upload\/sites\/referate\/referat06\/3.1.4._Ordnung_Sicherung_guter_wissenschaftlicher_Praxis_2017.pdf\">Ordnung zur Sicherung guter wissenschaftlicher Praxis von 2017<\/a><\/p>\n<p><a href=\"https:\/\/www.uni-bremen.de\/fileadmin\/user_upload\/sites\/referate\/referat06\/Richtlinie_-_Hinweise_zur_Ethikverfahrensordnung.pdf\">Ethikverfahrensordnung der Universit\u00e4t Bremen<\/a><\/p><\/div>\n\t\t\t\t<\/div>\n","protected":false},"excerpt":{"rendered":"<p>\u00a0 Die Ber\u00fccksichtigung ethischer Aspekte in der Wissenschaft ist ein wesentlicher Bestandteil verantwortungsvoller Forschung. Moralische \u00dcberlegungen m\u00fcssen kontinuierlich bei der Auswahl von Forschungsthemen und bei der Durchf\u00fchrung von Forschung und Innovation mit einbezogen werden. Wissenschaftsethik behandelt beispielsweise die folgenden Fragestellungen: Sollte alles, was im Rahmen der Wissenschaft m\u00f6glich ist, auch erforscht werden? Inwieweit tragen WissenschaftlerInnen [&hellip;]<\/p>\n","protected":false},"author":2650,"featured_media":0,"parent":0,"menu_order":1,"comment_status":"closed","ping_status":"closed","template":"","meta":{"_bbp_topic_count":0,"_bbp_reply_count":0,"_bbp_total_topic_count":0,"_bbp_total_reply_count":0,"_bbp_voice_count":0,"_bbp_anonymous_reply_count":0,"_bbp_topic_count_hidden":0,"_bbp_reply_count_hidden":0,"_bbp_forum_subforum_count":0,"footnotes":""},"class_list":["post-207","page","type-page","status-publish","hentry"],"_links":{"self":[{"href":"https:\/\/blogs.uni-bremen.de\/starbiosbremen\/wp-json\/wp\/v2\/pages\/207","targetHints":{"allow":["GET"]}}],"collection":[{"href":"https:\/\/blogs.uni-bremen.de\/starbiosbremen\/wp-json\/wp\/v2\/pages"}],"about":[{"href":"https:\/\/blogs.uni-bremen.de\/starbiosbremen\/wp-json\/wp\/v2\/types\/page"}],"author":[{"embeddable":true,"href":"https:\/\/blogs.uni-bremen.de\/starbiosbremen\/wp-json\/wp\/v2\/users\/2650"}],"replies":[{"embeddable":true,"href":"https:\/\/blogs.uni-bremen.de\/starbiosbremen\/wp-json\/wp\/v2\/comments?post=207"}],"version-history":[{"count":6,"href":"https:\/\/blogs.uni-bremen.de\/starbiosbremen\/wp-json\/wp\/v2\/pages\/207\/revisions"}],"predecessor-version":[{"id":585,"href":"https:\/\/blogs.uni-bremen.de\/starbiosbremen\/wp-json\/wp\/v2\/pages\/207\/revisions\/585"}],"wp:attachment":[{"href":"https:\/\/blogs.uni-bremen.de\/starbiosbremen\/wp-json\/wp\/v2\/media?parent=207"}],"curies":[{"name":"wp","href":"https:\/\/api.w.org\/{rel}","templated":true}]}}