{"id":153,"date":"2017-11-28T11:04:20","date_gmt":"2017-11-28T10:04:20","guid":{"rendered":"https:\/\/blogs.uni-bremen.de\/starbiosbremen\/?page_id=153"},"modified":"2018-07-03T12:35:36","modified_gmt":"2018-07-03T10:35:36","slug":"open-access-2","status":"publish","type":"page","link":"https:\/\/blogs.uni-bremen.de\/starbiosbremen\/open-access-2\/","title":{"rendered":"Open Access"},"content":{"rendered":"<p>Unter <strong>Open Access<\/strong> wird verstanden,\u00a0 &#8222;dass [wissenschaftliche] Literatur kostenfrei und \u00f6ffentlich im Internet zug\u00e4nglich sein sollte, so dass Interessierte die Volltexte lesen, herunterladen, kopieren, verteilen, drucken, in ihnen suchen, auf sie verweisen und sie auch sonst auf jede denkbare legale Weise benutzen k\u00f6nnen [\u2026] Die einzige Einschr\u00e4nkung sollte darin bestehen, den jeweiligen Autorinnen und Autoren Kontrolle \u00fcber ihre Arbeit zu belassen und deren Recht zu sichern, dass ihre Arbeit angemessen anerkannt und zitiert wird.&#8220;<br \/>\n<a href=\"http:\/\/www.budapestopenaccessinitiative.org\/read\">Budapester Open Access Initiative (2002)<\/a><\/p>\n<p>Ziel im Projekt STARBIOS2 ist es, interessierte Studierende und ForscherInnen umfassend \u00fcber die Open Access Strategie zu informieren und bei deren Umsetzung zu unterst\u00fctzen und zu f\u00f6rdern. Es ist geplant, dass Ma\u00dfnahmen dazu im <strong>RRI Leitbild des Fachbereiches<\/strong> verankert werden.<\/p>\n<div class='et-learn-more clearfix'>\n\t\t\t\t\t<h3 class='heading-more'>Informationen zu Open Access:<span class='et_learnmore_arrow'><span><\/span><\/span><\/h3>\n\t\t\t\t\t<div class='learn-more-content'><p><a href=\"https:\/\/open-access.net\/informationen-zu-open-access\/geschichte-des-open-access\/\">Geschichte des Open Access<\/a><\/p>\n<p><a href=\"https:\/\/open-access.net\/informationen-zu-open-access\/open-access-strategien\/\">Open Access Strategien (goldener\/gr\u00fcner Weg)<\/a><\/p>\n<p>Mit der <a href=\"http:\/\/www.sherpa.ac.uk\/romeo\/index.php\">Sherpa\/RoMEO-Liste<\/a> k\u00f6nnen Sie \u00fcberpr\u00fcfen, welche Nutzerrechte Ihnen f\u00fcr die Zweitverwertung Ihrer Publikationen zustehen.<\/p><\/div>\n\t\t\t\t<\/div>\n<div class='et-learn-more clearfix'>\n\t\t\t\t\t<h3 class='heading-more'>Zugriff auf Open Access Dokumente:<span class='et_learnmore_arrow'><span><\/span><\/span><\/h3>\n\t\t\t\t\t<div class='learn-more-content'><p><a href=\"http:\/\/www.opendoar.org\/\">Liste aller Open Access-Dokumentenserver<\/a><\/p>\n<p><a href=\"https:\/\/doaj.org\/\">Liste aller OA Journals<\/a><\/p><\/div>\n\t\t\t\t<\/div>\n<div class='et-learn-more clearfix'>\n\t\t\t\t\t<h3 class='heading-more'>Informationen zu Open Access an der Universit\u00e4t Bremen:<span class='et_learnmore_arrow'><span><\/span><\/span><\/h3>\n\t\t\t\t\t<div class='learn-more-content'><a href=\"https:\/\/www.suub.uni-bremen.de\/literatur-verwalten\/open-access-in-bremen\/\">Open Access Strategie der Universit\u00e4t Bremen<\/a><\/p>\n<p><a href=\"https:\/\/open-access.net\/informationen-fuer-verschiedene-faecher\/biologie\/\">Informationen zu Open Access in den Biowissenschaften<\/a><\/p>\n<p><a href=\"https:\/\/doaj.org\/search?source=%7B%22query%22%3A%7B%22filtered%22%3A%7B%22filter%22%3A%7B%22bool%22%3A%7B%22must%22%3A%5B%7B%22term%22%3A%7B%22_type%22%3A%22journal%22%7D%7D%2C%7B%22term%22%3A%7B%22index.classification.exact%22%3A%22Biology%20(General)%22%7D%7D%5D%7D%7D%2C%22query%22%3A%7B%22match_all%22%3A%7B%7D%7D%7D%7D%2C%22from%22%3A0%2C%22size%22%3A10%7D#.WicAGjcrGUk\">Liste der Open Access Journale f\u00fcr die Biowissenschaften<\/a><\/div>\n\t\t\t\t<\/div>\n<div class='et-learn-more clearfix'>\n\t\t\t\t\t<h3 class='heading-more'>Ank\u00fcndigung von STARBIOS2 Open Access Trainingsbausteinen:<span class='et_learnmore_arrow'><span><\/span><\/span><\/h3>\n\t\t\t\t\t<div class='learn-more-content'><strong>Open Access \u2013 Freier Zugang zu wissenschaftliche Informationen<\/strong><\/p>\n<p><strong>Referent:<\/strong> Benjamin Ahlborn, SuUB Bremen<\/p>\n<p><strong>Termin:<\/strong> Januar 2018, (n\u00e4chster geplanter Termin: Wintersemester 2018\/19)<\/p>\n<p><strong>Dauer:<\/strong> 2-3 Stunden<\/p>\n<p><strong>Ort:<\/strong> NW2, A1297<\/p>\n<p><strong>Zielgruppe:<\/strong> Studierende, DoktorandInnen, Postdocs (Fokusgruppen)<\/p>\n<p><strong>Vorl\u00e4ufiges Programm:<\/strong> Was bedeutet Open Access?<\/p>\n<p>Gr\u00fcner Weg \u2013 Publizieren auf Dokumentenservern<\/p>\n<p>Goldener Weg \u2013 Publizieren bei Verlagen mit Articel Processing Fees<\/p>\n<p>Open Access \u2013 Pro und Contra<\/div>\n\t\t\t\t<\/div>\n<p>&nbsp;<\/p>\n","protected":false},"excerpt":{"rendered":"<p>Unter Open Access wird verstanden,\u00a0 &#8222;dass [wissenschaftliche] Literatur kostenfrei und \u00f6ffentlich im Internet zug\u00e4nglich sein sollte, so dass Interessierte die Volltexte lesen, herunterladen, kopieren, verteilen, drucken, in ihnen suchen, auf sie verweisen und sie auch sonst auf jede denkbare legale Weise benutzen k\u00f6nnen [\u2026] Die einzige Einschr\u00e4nkung sollte darin bestehen, den jeweiligen Autorinnen und Autoren [&hellip;]<\/p>\n","protected":false},"author":5107,"featured_media":0,"parent":0,"menu_order":1,"comment_status":"closed","ping_status":"closed","template":"","meta":{"_bbp_topic_count":0,"_bbp_reply_count":0,"_bbp_total_topic_count":0,"_bbp_total_reply_count":0,"_bbp_voice_count":0,"_bbp_anonymous_reply_count":0,"_bbp_topic_count_hidden":0,"_bbp_reply_count_hidden":0,"_bbp_forum_subforum_count":0,"footnotes":""},"class_list":["post-153","page","type-page","status-publish","hentry"],"_links":{"self":[{"href":"https:\/\/blogs.uni-bremen.de\/starbiosbremen\/wp-json\/wp\/v2\/pages\/153","targetHints":{"allow":["GET"]}}],"collection":[{"href":"https:\/\/blogs.uni-bremen.de\/starbiosbremen\/wp-json\/wp\/v2\/pages"}],"about":[{"href":"https:\/\/blogs.uni-bremen.de\/starbiosbremen\/wp-json\/wp\/v2\/types\/page"}],"author":[{"embeddable":true,"href":"https:\/\/blogs.uni-bremen.de\/starbiosbremen\/wp-json\/wp\/v2\/users\/5107"}],"replies":[{"embeddable":true,"href":"https:\/\/blogs.uni-bremen.de\/starbiosbremen\/wp-json\/wp\/v2\/comments?post=153"}],"version-history":[{"count":11,"href":"https:\/\/blogs.uni-bremen.de\/starbiosbremen\/wp-json\/wp\/v2\/pages\/153\/revisions"}],"predecessor-version":[{"id":617,"href":"https:\/\/blogs.uni-bremen.de\/starbiosbremen\/wp-json\/wp\/v2\/pages\/153\/revisions\/617"}],"wp:attachment":[{"href":"https:\/\/blogs.uni-bremen.de\/starbiosbremen\/wp-json\/wp\/v2\/media?parent=153"}],"curies":[{"name":"wp","href":"https:\/\/api.w.org\/{rel}","templated":true}]}}