{"id":145,"date":"2017-11-26T16:24:20","date_gmt":"2017-11-26T15:24:20","guid":{"rendered":"https:\/\/blogs.uni-bremen.de\/starbiosbremen\/?page_id=145"},"modified":"2018-07-03T12:40:18","modified_gmt":"2018-07-03T10:40:18","slug":"gender","status":"publish","type":"page","link":"https:\/\/blogs.uni-bremen.de\/starbiosbremen\/gender\/","title":{"rendered":"Gender"},"content":{"rendered":"<p><strong>GENDER &#8211; eine Begriffsdefinition<\/strong><\/p>\n<p>Gender wird im wissenschaftlichen Sprachgebrauch als Bezeichnung f\u00fcr das soziale Geschlecht und in Abgrenzung dazu Sex als biologisches Geschlecht definiert. Das Begriffspaar Gender und Sex erm\u00f6glicht die Erforschung von sozialen Prozessen, welche die Geschlechterrollen, die Geschlechtsidentit\u00e4ten und das Geschlechterverh\u00e4ltnis konstruieren. Gender ist ein Aspekt von Diversit\u00e4t.<\/p>\n<p><img loading=\"lazy\" decoding=\"async\" class=\"size-full wp-image-523 aligncenter\" src=\"https:\/\/blogs.uni-bremen.de\/starbiosbremen\/files\/2017\/12\/Folie2-e1512641488920.jpg\" alt=\"\" width=\"832\" height=\"664\" srcset=\"https:\/\/blogs.uni-bremen.de\/starbiosbremen\/files\/2017\/12\/Folie2-e1512641488920.jpg 832w, https:\/\/blogs.uni-bremen.de\/starbiosbremen\/files\/2017\/12\/Folie2-e1512641488920-300x239.jpg 300w, https:\/\/blogs.uni-bremen.de\/starbiosbremen\/files\/2017\/12\/Folie2-e1512641488920-768x613.jpg 768w\" sizes=\"(max-width: 832px) 100vw, 832px\" \/><\/p>\n<p>Ziel des STARBIOS2 Projektes ist es, die Wahrnehmung von Gender and Diversity im Fachbereich2 zu sch\u00e4rfen und offen zu diskutieren. Gender Aspekte sollen in ein <strong>RRI Leitbild des Fachbereichs2<\/strong> einflie\u00dfen. Dazu f\u00fchren wir im Vorfeld eine Fragebogenstudie durch und entwickeln, erproben und evaluieren STARBIOS2 Gender-Trainingsbausteine.<\/p>\n<p>Unseren auf der <a href=\"https:\/\/starbios2.eu\/\"><strong>STARBIOS2 EU-Website<\/strong><\/a> ver\u00f6ffentlichten <strong>Blog Beitrag zu Gender and Diversity <\/strong>finden Sie <a href=\"https:\/\/blogs.uni-bremen.de\/starbiosbremen\/files\/2017\/11\/Blog-post-gender_Uni-HB_Elster_2017.pdf\">hier.<\/a><\/p>\n<div class='et-learn-more clearfix'>\n\t\t\t\t\t<h3 class='heading-more'>Informationen zu Gender Equality and Diversity an der Universit\u00e4t Bremen:<span class='et_learnmore_arrow'><span><\/span><\/span><\/h3>\n\t\t\t\t\t<div class='learn-more-content'><p>Die Diversity-Strategie an der Universit\u00e4t Bremen orientiert sich an folgenden Leits\u00e4tzen:<\/p>\n<p>1. Universit\u00e4t in der Gesellschaft: Als Wissenschaftsinstitution in der Gesellschaft \u00fcbernimmt die Universit\u00e4t Bremen Verantwortung f\u00fcr die Ausgestaltung von Strukturen und institutionellen Handlungsweisen nach dem Kriterium gesellschaftlicher Vielfalt.<\/p>\n<p>2. Vielfalt in und durch Forschung und Lehre: Diversit\u00e4t ist ein Strukturprinzip der Universit\u00e4t. Als Faktor von Innovation und Kreativit\u00e4t kommt sie in der Vielfalt der Fach- und Wissenskulturen, ihrer Methoden, Lehr- und Lernformen und in den Inhalten von Forschung und Lehre zum Tragen.<\/p>\n<p>3. Inklusiver Anspruch: Der Diversity-Ansatz adressiert alle Mitglieder der Universit\u00e4t und alle universit\u00e4ren Bereiche (Lehre, Forschung, Verwaltung). Er umfasst sowohl ein \u201aDiversity Mainstreaming\u2018 als auch die F\u00f6rderung spezifischer Zielgruppen.<\/p>\n<p>4. Kompetenz im Umgang mit Vielfalt: Die Universit\u00e4t Bremen betrachtet das Wissen um und den kompetenten Umgang mit Diversit\u00e4t bei allen Beteiligten als wichtiges Bildungsziel im Kontext einer globalen Wissensgesellschaft.<\/p>\n<p>5. Vielfalt als Faktor und Rahmenbedingung f\u00fcr den Studien- und Qualifizierungserfolg: Die Universit\u00e4t Bremen erkl\u00e4rt den Studienerfolg zur gemeinsamen Aufgabe der Studierenden und der Bildungsinstitution. Dabei sieht sie sich in der Verantwortung, diversit\u00e4tsgerechte Rahmenbedingungen zu schaffen und unter diesen Bedingungen einen individuellen Studienerfolg zu f\u00f6rdern.<\/p>\n<p>6. Empowerment und Partizipation: Unterschiedliche individuelle Voraussetzungen und pers\u00f6nliche Entwicklungsm\u00f6glichkeiten der Universit\u00e4tsmitglieder werden optimal und mit dem Ziel umfassender Teilhabe und engagierter Teilnahme am Universit\u00e4tsgeschehen unterst\u00fctzt.<\/p>\n<p>7. Anti-Diskriminierung: Die Mitglieder der Universit\u00e4t Bremen sind zum Handeln gegen Herabw\u00fcrdigung und Benachteiligung aufgerufen. Diskriminierung in allen ihren Dimensionen wird aktiv entgegengewirkt.<\/p>\n<p>Die aktuelle Diversity Strategie der Universit\u00e4t Bremen aus dem Jahr 2017 finden Sie <a href=\"https:\/\/blogs.uni-bremen.de\/starbiosbremen\/files\/2017\/11\/Diversity_Strategie_UB_20171.pdf\">hier<\/a>.<\/p>\n<p>Das Gleichstellungskonzept der Universit\u00e4t Bremen finden Sie <a href=\"https:\/\/blogs.uni-bremen.de\/starbiosbremen\/files\/2017\/11\/Dokumentation_Gleichstellungskonzept_Uni_HB_ProfProgramm2.pdf\">hier.<\/a><\/p>\n<p>Den aktuellen Frauenf\u00f6rderplan der Universit\u00e4t Bremen finden Sie <a href=\"https:\/\/blogs.uni-bremen.de\/starbiosbremen\/files\/2017\/11\/Frauenfoerderplan2014_2017.pdf\">hier.<\/a><\/p>\n<p>Informationen zum Audit Familiengerechte Hochschule finden Sie <a href=\"https:\/\/blogs.uni-bremen.de\/starbiosbremen\/files\/2017\/11\/Kurzportraet_882882.pdf\">hier.<\/a><\/p>\n<p>Forschungsergebnisse zu Gender and Diversity: Ergebnisse der CHE Befragung zu Diversity (2012) finden Sie <a href=\"https:\/\/blogs.uni-bremen.de\/starbiosbremen\/files\/2017\/11\/QUEST-Auswertung_2010-2012.pdf\">hier.<\/a><\/div>\n\t\t\t\t<\/div>\n<div class='et-learn-more clearfix'>\n\t\t\t\t\t<h3 class='heading-more'>Ank\u00fcndigung von STARBIOS2 Gender-Trainingsbausteinen:<span class='et_learnmore_arrow'><span><\/span><\/span><\/h3>\n\t\t\t\t\t<div class='learn-more-content'><p><strong>Gender in der Forschung<\/strong><\/p>\n<p><strong>Termin: <\/strong>Wintersemester 2018\/19<\/p>\n<p><strong>Dauer:<\/strong> ca. 3 Stunden<\/p>\n<p><strong>Ort:<\/strong> NW2, A1297 (Seminarraum der Biologiedidaktik)<\/p>\n<p><strong>Zielgruppe:<\/strong> DoktorandInnen, Postdocs und ArbeitsgruppenleiterInnen<\/p>\n<p><strong>Vorl\u00e4ufiges Programm:<\/strong><\/p>\n<ul>\n<li>Unterscheidung von Sex und Gender<\/li>\n<li>Genderaspekte in der Forschung<\/li>\n<li>Vorstellung des Toolkits &#8222;Gender in EU funded Research&#8220;<\/li>\n<li>Praxis\u00fcbung: Identifizierung von Genderaspekten in eigenen Forschungsprojekten<\/li>\n<\/ul>\n<p>&nbsp;<\/p>\n<p><strong>Gender and Equality \u2013 Teil 1<\/strong><\/p>\n<p><strong> Termin:<\/strong> In Planung<\/p>\n<p><strong>Dauer:<\/strong> 4-5 Stunden<\/p>\n<p><strong>Ort:<\/strong> NW2, A1297 (Seminarraum der Biologiedidaktik)<\/p>\n<p><strong>Zielgruppe:<\/strong> DoktorandInnen, Postdocs und ForscherInnen, StudentInnen (Fokusgruppen)<\/p>\n<p><strong>Vorl\u00e4ufiges Programm:<\/strong><\/p>\n<ul>\n<li>Einblick, Einordnung, Genderbegriff<\/li>\n<li>Sensibilisierung f\u00fcr Geschlecht und Profession in den Biowissenschaften<\/li>\n<li>K\u00f6rperhaltung, Rhetorik und Sprache<\/li>\n<li>Wissenschaft (Inhalt) und Rolle (Sender): wie Geschlecht den Inhalt formen und beeinflussen kann; wie Kommunikation und Gender zusammenh\u00e4ngen.<\/li>\n<li>Praxis\u00fcbung: BioSciences Impulsvort\u00e4ge und Gender Meaning; wie und warum er* und sie* gelesen und verstanden werden.<\/li>\n<\/ul>\n<p>&nbsp;<\/p>\n<p><strong>Gender and Diversity \u2013 Teil 2 <\/strong><\/p>\n<p><strong>Termin:<\/strong> In Planung<\/p>\n<p><strong>Dauer:<\/strong> 4-5 Stunden<\/p>\n<p><strong>Ort:<\/strong> NW2, A1297 (Seminarraum der Biologiedidaktik)<\/div>\n\t\t\t\t<\/div>\n<p>&nbsp;<\/p>\n","protected":false},"excerpt":{"rendered":"<p>GENDER &#8211; eine Begriffsdefinition Gender wird im wissenschaftlichen Sprachgebrauch als Bezeichnung f\u00fcr das soziale Geschlecht und in Abgrenzung dazu Sex als biologisches Geschlecht definiert. Das Begriffspaar Gender und Sex erm\u00f6glicht die Erforschung von sozialen Prozessen, welche die Geschlechterrollen, die Geschlechtsidentit\u00e4ten und das Geschlechterverh\u00e4ltnis konstruieren. Gender ist ein Aspekt von Diversit\u00e4t. Ziel des STARBIOS2 Projektes ist [&hellip;]<\/p>\n","protected":false},"author":5107,"featured_media":0,"parent":0,"menu_order":1,"comment_status":"closed","ping_status":"closed","template":"","meta":{"_bbp_topic_count":0,"_bbp_reply_count":0,"_bbp_total_topic_count":0,"_bbp_total_reply_count":0,"_bbp_voice_count":0,"_bbp_anonymous_reply_count":0,"_bbp_topic_count_hidden":0,"_bbp_reply_count_hidden":0,"_bbp_forum_subforum_count":0,"footnotes":""},"class_list":["post-145","page","type-page","status-publish","hentry"],"_links":{"self":[{"href":"https:\/\/blogs.uni-bremen.de\/starbiosbremen\/wp-json\/wp\/v2\/pages\/145","targetHints":{"allow":["GET"]}}],"collection":[{"href":"https:\/\/blogs.uni-bremen.de\/starbiosbremen\/wp-json\/wp\/v2\/pages"}],"about":[{"href":"https:\/\/blogs.uni-bremen.de\/starbiosbremen\/wp-json\/wp\/v2\/types\/page"}],"author":[{"embeddable":true,"href":"https:\/\/blogs.uni-bremen.de\/starbiosbremen\/wp-json\/wp\/v2\/users\/5107"}],"replies":[{"embeddable":true,"href":"https:\/\/blogs.uni-bremen.de\/starbiosbremen\/wp-json\/wp\/v2\/comments?post=145"}],"version-history":[{"count":11,"href":"https:\/\/blogs.uni-bremen.de\/starbiosbremen\/wp-json\/wp\/v2\/pages\/145\/revisions"}],"predecessor-version":[{"id":619,"href":"https:\/\/blogs.uni-bremen.de\/starbiosbremen\/wp-json\/wp\/v2\/pages\/145\/revisions\/619"}],"wp:attachment":[{"href":"https:\/\/blogs.uni-bremen.de\/starbiosbremen\/wp-json\/wp\/v2\/media?parent=145"}],"curies":[{"name":"wp","href":"https:\/\/api.w.org\/{rel}","templated":true}]}}