{"id":669,"date":"2017-05-29T10:45:05","date_gmt":"2017-05-29T08:45:05","guid":{"rendered":"https:\/\/blogs.uni-bremen.de\/spurwechsel\/?page_id=669"},"modified":"2025-11-05T12:24:12","modified_gmt":"2025-11-05T10:24:12","slug":"informationen","status":"publish","type":"page","link":"https:\/\/blogs.uni-bremen.de\/spurwechsel\/informationen\/","title":{"rendered":"Weitere Infos"},"content":{"rendered":"<p><strong>Informationen und Hinweise<\/strong><\/p>\n<p><em>Praxisbeispiel &#8222;Regelungsabrede zur Anerkennung von Erfahrungen von Arbeitnehmervertretern&#8220;<br \/>\n<\/em>Der Gesamtbetriebsrat der SOLVAY GmbH, Hannover hat mit der Gesch\u00e4ftsf\u00fchrung eine &#8222;Regelungsabrede zur Anerkennung von Erfahrungen und Kompetenzen der Arbeitnehmervertreter*innen&#8220; getroffen und wurde daf\u00fcr mit dem <a href=\"https:\/\/www.bund-verlag.de\/betriebsrat\/deutscher-betriebsraete-preis\/archiv\/Preis-2019\/Sonderpreis-Innovative-BR-Arbeit\">Sonderpreis Innovative BR-Arbeit auf dem Deutschen Betriebsr\u00e4teTag 2019<\/a> ausgezeichnet. Auch das Magazin Mitbestimmung berichtet im Dezember 2019 \u00fcber die geschaffene M\u00f6glichkeit zu &#8222;Fairen Betriebsratsgeh\u00e4ltern&#8220; (<em><a href=\"https:\/\/blogs.uni-bremen.de\/spurwechsel\/files\/2020\/01\/p_mb_6_2019_S.15.pdf\">p_mb_6_2019_S.15<\/a><\/em>). Mit freundlicher Zustimmung des GBR-Vorsitzenden Albert Kruft kann die Regelungsabrede hier eingesehen werden: <a href=\"https:\/\/blogs.uni-bremen.de\/spurwechsel\/files\/2020\/01\/2019_Regelungsabrede_Betriebsr\u00e4teevaluierung.pdf\">2019_Regelungsabrede_Betriebsr\u00e4teevaluierung<\/a><\/p>\n<p><em>Berufliche Entwicklung von Betriebsratsmitgliedern<\/em><br \/>\nRechtliche Aspekte des Betriebsverfassungsgesetztes zur beruflichen Entwicklung von Betriebsratsmitgliedern werden in einer Pr\u00e4sentation von Jan Gruneberg (IG BCE) er\u00f6rtert. Der Vortrag wurde auf dem Abschluss-Werkstatttag am 22. November 2016 in Bremen gehalten: <a href=\"https:\/\/blogs.uni-bremen.de\/spurwechsel\/files\/2016\/12\/Pr\u00e4sentation_Gr\u00fcneberg.pdf\">Pr\u00e4sentation_Gr\u00fcneberg<\/a><\/p>\n<p><em>Berufliche Entwicklung von Betriebsratsmitgliedern<\/em><br \/>\nRegelungsinhalte f\u00fcr Betriebsvereinbarungen zur beruflichen Entwicklung von Betriebsratsmitgliedern stellt Axel Hauser-Ditz (Hans-B\u00f6ckler-Stiftung) auf der Grundlage des <a href=\"https:\/\/www.boeckler.de\/index_betriebsvereinbarung.htm\">Archivs Betriebsvereinbarungen der Hans-B\u00f6ckler-Stiftung<\/a> in seiner Pr\u00e4sentation vor. Der Vortrag wurde auf dem Abschluss-Werkstatttag am 22. November 2016 in Bremen gehalten: <a href=\"https:\/\/blogs.uni-bremen.de\/spurwechsel\/files\/2016\/12\/Pr\u00e4sentation_Ditz.pdf\">Pr\u00e4sentation_Hauser-Ditz<\/a><\/p>\n<p><em>Personalentwicklung und Bildungsplanung im BR<\/em><br \/>\nDie Ergebnisse einer repr\u00e4sentativen Befragung von Betriebsratsmitgliedern 2016 zum Thema werden in einer Pr\u00e4sentation von Eva Ahlene (Hans-B\u00f6ckler-Stiftung) vorgestellt. Der Vortrag wurde auf dem Abschluss-Werkstatttag am 22. November 2016 in Bremen gehalten: <a href=\"https:\/\/blogs.uni-bremen.de\/spurwechsel\/files\/2016\/12\/PE-im-BR_Spurwechsel-2016-11-22_Ahlene_final.pdf\">Pr\u00e4sentation_Ahlene<\/a><\/p>\n<p><b><em>Studie zum Weiterbildungsverhalten von Betriebsratsmitgliedern<br \/>\n<\/em>Kapitel 7 der Studie besch\u00e4ftigt sich explizit mit dem Thema berufliche Entwicklung von BR-Mitgliedern: <\/b><b>Mark, Esteban-Palomo\/ Kathrin Filipiak\/ Claudia Niewerth\/Manfred Wann\u00f6ffel\/ Eva Ahlene\/Axel Hauser-Ditz (2020)<\/b>: <a href=\"https:\/\/www.boeckler.de\/pdf_fof\/103114.pdf\" target=\"_blank\" rel=\"noopener\">Abschlussbericht Weiterbildungsverhalten von Betriebsratsmitgliedern<\/a>. <a href=\"https:\/\/www.boeckler.de\/pdf_fof\/103114.pdf\" target=\"_blank\" rel=\"noopener\">Eine empirische Analyse von strukturellen und personenbezogenen Einflussfaktoren auf Basis einer repr\u00e4sentativen Betriebsr\u00e4tebefragung<\/a>, D\u00fcsseldorf.<\/p>\n<p><em>Weiterbildung f\u00fcr Betriebsr\u00e4te an Hochschulen<\/em><br \/>\nDie Hans-B\u00f6ckler-Stiftung hat im Mitbestimmungsportal eine \u00dcbersicht \u00fcber <a href=\"https:\/\/www.mitbestimmung.de\/html\/weiterbildung-fur-betriebsrate-an-10740.html\">Weiterbildungsangebote f\u00fcr Betriebs- und Personalr\u00e4te<\/a> an Hochschulen und Universit\u00e4ten zusammengestellt. Der Abschluss mit einem Universit\u00e4tszertifikats bietet die M\u00f6glichkeit einer Nutzung f\u00fcr die betriebsr\u00e4tliche und die berufliche T\u00e4tigkeit.<\/p>\n<p><em>Praxisbeispiel Personal- und Organisationsentwicklung im Betriebsrat<\/em><br \/>\n&#8230; in dem <a href=\"https:\/\/blogs.uni-bremen.de\/spurwechsel\/files\/2019\/04\/Workbook-VW-Braunschweig.pdf\">Workbook<\/a> ist die systematische und konsequente Personal- und Organisationsentwicklung des Betriebsrats Volkswagen Braunschweig als best practice Beispiel aufbereitet.<\/p>\n<p><em>Generationswechsel im Betriebsrat<\/em><br \/>\nWas tun Betriebsr\u00e4te, um den Generationenwandel und Wissenstransfer im Gremium gut zu bew\u00e4ltigen? Auf dem <a href=\"https:\/\/www.mitbestimmung.de\/html\/einfuhrung-8564.html\">Mitbestimmungsportal der Hans-B\u00f6ckler-Stiftung<\/a> liefern Portr\u00e4ts von Betriebsr\u00e4ten aus sechs Unternehmen spannende Antworten und Ideen f\u00fcr L\u00f6sungen.<\/p>\n<p><em>Nachfolgeplanung im Betriebsrat<\/em><br \/>\nEine Studie von Jens Maylandt untersucht auf der Grundlage von Betriebsfallstudien Vorgehensweisen und Einflussgr\u00f6\u00dfen auf Nachfolgeplanung und \u00dcbergangsgestaltung in Betriebsr\u00e4ten. Die Studie wurde durch die Hans-B\u00f6ckler-Siftung gef\u00f6rdert. <a href=\"https:\/\/www.boeckler.de\/de\/faust-detail.htm?sync_id=9072\">Hier geht es zur Lekt\u00fcre<\/a><\/p>\n<p><em>Beschluss zur Erforderlichkeit des Seminars &#8222;Einmal Betriebsrat, immer Betriebsrat?&#8220;<\/em><br \/>\n&#8230; im Sinne von \u00a7 <a title=\"\u00a7 37 BetrVG: Ehrenamtliche T\u00e4tigkeit, Arbeitsvers\u00e4umnis\" href=\"http:\/\/dejure.org\/gesetze\/BetrVG\/37.html\" rel=\"nofollow\">37<\/a> Abs. 6 BetrVG. Das<a href=\"https:\/\/openjur.de\/u\/30911.html\"> LAG K\u00f6ln beschloss am 6. August 2008<\/a>, dass die Themen des Seminars <a href=\"http:\/\/www.offenburg.igm.de\/downloads\/artikel\/attachments\/ARTID_32603_u4jxQB?name=Seminar_14151009.pdf\">&#8222;Einmal Betriebsrat, immer Betriebsrat&#8220;<\/a> f\u00fcr jedes Betriebsratsmitglied von herausragender Bedeutung sind, weil zum einen &#8222;grunds\u00e4tzlich jedes Betriebsratsmitglied potentiell als Freistellungskandidat infrage kommt, zum anderen, weil auch die im Ergebnis nicht freigestellten Betriebsratsmitglieder wissen m\u00fcssen, welche Rechtsstellung dem freigestellten Betriebsratsmitglied intern zukommt und unter welchen pers\u00f6nlichen Rahmenbedingungen es als freigestelltes Betriebsratsmitglied t\u00e4tig wird.&#8220;<\/p>\n<p><em>Rollenwechsel und Nachfolgeplanung im Betriebsrat<\/em><br \/>\nDas Magazin Mitbestimmung der Hans-B\u00f6ckler-Stiftung widmet sich im Heft 1\/2017 dem Thema: <a href=\"https:\/\/www.boeckler.de\/pdf\/p_mb_1_2017.pdf\">Rollenwechsel &#8211; Wie intelligente Nachfolgeplanung der Betriebsr\u00e4te die Weichen stellt f\u00fcr erfolgreiche Mitbestimmung \u00fcber die Wahlen 2018 hinaus<\/a>.<\/p>\n<p><em>Nachwuchs f\u00fcr die Betriebsratsarbeit<\/em><br \/>\nIm Magazin der Arbeitnehmerkammer Bremen BAM (Ausgabe M\u00e4rz\/April 2017) findet sich ein Beitrag zum Thema: <a href=\"https:\/\/www.arbeitnehmerkammer.de\/nc\/ueber-uns\/bam\/ausgabe-maerzapril-2017\/betriebsratsnachwuchs.html\">Betriebsratsarbeit &#8211; Nachwuchs gesucht<\/a>.<\/p>\n<p><em>Betriebsrats-Geh\u00e4lter &#8211; Spagat zwischen Lohn und Leistung<br \/>\n<\/em>Ein Bericht auf <a href=\"https:\/\/www.zdf.de\/nachrichten\/heute\/betriebsrats-gehaelter-zwischen-lohn-und-leistung-100.html\">zdf.de vom 13.01.2018<\/a><\/p>\n<p><em>&#8222;Betriebsr\u00e4te sollen fair bezahlt werden&#8220;<br \/>\n<\/em>Ein Interview mit Thomas Klebe, Leiter des Hugo Sinzheimer Instituts der Hans-B\u00f6ckler-Stiftung, im Magazin Mitbestimmung <a href=\"https:\/\/www.boeckler.de\/cps\/rde\/xchg\/hbs\/hs.xsl\/66355_111567.htm?id=magazinmitbestimmung_5ba47c07b9b6a8f2718d94fa3f48fe9f\">Ausgabe 03\/2018<\/a><\/p>\n<p><strong>Eigene Ver\u00f6ffentlichungen<\/strong><\/p>\n<p>Hocke, Simone (2025): <a href=\"https:\/\/blogs.uni-bremen.de\/spurwechsel\/files\/AiB-25-03-Hocke_Nachwuchs-gewinnen.pdf\">Nachwuchs gewinnen<\/a>. In: Arbeitsrecht im Betrieb (AiB) 3\/2025, S. 8-12<br \/>\nHocke, Simone (2024): <a href=\"https:\/\/blogs.uni-bremen.de\/spurwechsel\/files\/AiB-24-01-Hocke_Gut-Beratung-beim-Betriebsrat.pdf\">Gut beraten beim Betriebsrat<\/a>. In: Arbeitsrecht im Betrieb (AiB) 1\/2024, S. 23-25<br \/>\nHocke, Simone (2023): <a href=\"https:\/\/blogs.uni-bremen.de\/spurwechsel\/files\/PersR-23-02-Hocke_PR-Kompetenzen.pdf\">Weiterbildung: Kompetenz f\u00fcr die Zukunftsgestaltung<\/a>. In: Der Personalrat 2\/2023, S. 26-29<br \/>\nHocke, Simone\/Tietel, Erhard (2022): <a href=\"https:\/\/blogs.uni-bremen.de\/spurwechsel\/files\/AiB-22-02-Hocke-Tietel_Resilienz-in-Krisen.pdf\">Resilient mit Krisen umgehen<\/a>. In: Arbeitsrecht im Betrieb (AiB), 2\/2020, S. 10-15.<br \/>\nHocke, Simone\/Tietel, Erhard (2021): <a href=\"https:\/\/blogs.uni-bremen.de\/spurwechsel\/files\/AiB-21-02-Hocke-Tietel_Vom-Klagen-ins-Handeln.pdf\">Vom Klagen ins Handeln kommen<\/a>. In: Arbeitsrecht im Betrieb (AiB), 2\/2021, S. 36-38.<br \/>\nHocke, Simone (2020): Validierung non-formal und informell erworbener Kompetenzen betrieblicher Interessenvertreter*innen. In: Denk-Doch-Mal.de. Das online-Magazin. ver.di und IG Metall. Online unter: <a href=\"http:\/\/denk-doch-mal.de\/wp\/simone-hocke-validierung-non-formal-und-informell-erworbener-kompetenzen-betrieblicher-interessenvertreterinnen\/\">http:\/\/denk-doch-mal.de\/wp\/simone-hocke-validierung-non-formal-und-informell-erworbener-kompetenzen-betrieblicher-interessenvertreterinnen\/<\/a><br \/>\nHocke, Simone (2020): <a href=\"https:\/\/blogs.uni-bremen.de\/spurwechsel\/files\/AiB-20-04_Hocke_Kompetenzen-anerkennen.pdf\">Kompetenzen anerkennen<\/a>. In: Arbeitsrecht im Betrieb (AiB), Heft 4, Seite 20.<\/p>\n<p>Hocke, Simone\/Laudenbach Franziska\/Anslinger, Eva (2019): Kompetenzmanagement im Betriebsrat &#8211; Kompetenzen erfassen, dokumentieren und anerkennen. In: SonderMITteilung. Wissenschaftliche Fachartikel zum Deutschen Betriebsr\u00e4teTag 2019. Bonn. Online unter: <a href=\"https:\/\/mit-institut-bonn.de\/wp-content\/uploads\/SonderMITteilung2019.pdf\">https:\/\/mit-institut-bonn.de\/wp-content\/uploads\/SonderMITteilung2019.pdf<\/a><\/p>\n<p>Hocke, Simone\/ Neuhof, Julia (2018): \u00dcberg\u00e4nge in der Interessenvertretung gestalten. Handlungsempfehlungen f\u00fcr Betriebs- und Personalr\u00e4te, Bildungsanbieter und gewerkschaftliche Akteure. Reihe: Study der Hans-B\u00f6ckler-Stiftung, Nr. 399. D\u00fcsseldorf. Download unter: <a href=\"https:\/\/www.boeckler.de\/pdf\/p_study_hbs_399.pdf\">https:\/\/www.boeckler.de\/pdf\/p_study_hbs_399.pdf<\/a><\/p>\n<p>Hocke, Simone (2018): Spurwechsel &#8211; \u00dcberg\u00e4nge in der Bildungs- und Erwerbsbiografie von Betriebs- und Personalr\u00e4ten aktiv gestalten. Ein Manual zur Berufsweg- und \u00dcbergangsberatung. Reihe: Study der Hans-B\u00f6ckler-Stiftung, Nr. 388. D\u00fcsseldorf. Download unter <a href=\"https:\/\/www.imu-boeckler.de\/fpdf\/HBS-006952\/p_study_hbs_388.pdf\">https:\/\/www.imu-boeckler.de\/fpdf\/HBS-006952\/p_study_hbs_388.pdf<\/a><\/p>\n<p>Der Arbeitsbericht des Zentrums f\u00fcr Arbeit und Politik (zap) stellt die Forschungs- und Praxisprojekte des zap dar. Das Schwerpunktthema der Ausgabe 2016\/2017 ist das Projekt \u201eSpurwechsel\u201c. Der Bericht kann bei uns bestellt werden oder direkt hier heruntergeladen: <a href=\"https:\/\/blogs.uni-bremen.de\/spurwechsel\/files\/2017\/10\/Arbeitsbericht-Zentrum-fu\u0308r-Arbeit-und-Politik-der-Univerista\u0308t-Bremen-2016-17_klein.pdf\">Arbeitsbericht zap 2016\/2017<\/a><\/p>\n<p>Tietel, Erhard; Hocke, Simone (2015): Nach der Freistellung. Beruflich-biografische Perspektiven von Betriebsratsmitgliedern. Baden-Baden: Nomos Verlagsgesellschaft. (zum <a href=\"https:\/\/www.nomos-elibrary.de\/10.5771\/9783845271347-1\/titelei-inhaltsverzeichnis?page=1\">Inhaltsverzeichnis<\/a>)<\/p>\n<p>Tietel, Erhard; Hocke, Simone (2014): Freistellung &#8211; Einbahnstra\u00dfe oder Karrieresprung. In: Arbeitsrecht im Betrieb 3\/2014. Bund-Verlag. Hier geht\u00b4s zum Artikel: <a href=\"https:\/\/blogs.uni-bremen.de\/spurwechsel\/files\/2014.3-AiB-Einbahnstrasse_Karrieresprung.pdf\">2014.3 AiB Einbahnstra\u00dfe_Karrieresprung<\/a><\/p>\n","protected":false},"excerpt":{"rendered":"<p>Informationen und Hinweise Praxisbeispiel &#8222;Regelungsabrede zur Anerkennung von Erfahrungen von Arbeitnehmervertretern&#8220; Der Gesamtbetriebsrat der SOLVAY GmbH, Hannover hat mit der Gesch\u00e4ftsf\u00fchrung eine &#8222;Regelungsabrede zur Anerkennung von Erfahrungen und Kompetenzen der Arbeitnehmervertreter*innen&#8220; getroffen und wurde daf\u00fcr mit dem Sonderpreis Innovative BR-Arbeit &hellip; <a href=\"https:\/\/blogs.uni-bremen.de\/spurwechsel\/informationen\/\">Weiterlesen <span class=\"meta-nav\">&rarr;<\/span><\/a><\/p>\n","protected":false},"author":9061,"featured_media":0,"parent":0,"menu_order":0,"comment_status":"closed","ping_status":"closed","template":"sidebar-page.php","meta":{"_bbp_topic_count":0,"_bbp_reply_count":0,"_bbp_total_topic_count":0,"_bbp_total_reply_count":0,"_bbp_voice_count":0,"_bbp_anonymous_reply_count":0,"_bbp_topic_count_hidden":0,"_bbp_reply_count_hidden":0,"_bbp_forum_subforum_count":0,"footnotes":""},"class_list":["post-669","page","type-page","status-publish","hentry"],"_links":{"self":[{"href":"https:\/\/blogs.uni-bremen.de\/spurwechsel\/wp-json\/wp\/v2\/pages\/669","targetHints":{"allow":["GET"]}}],"collection":[{"href":"https:\/\/blogs.uni-bremen.de\/spurwechsel\/wp-json\/wp\/v2\/pages"}],"about":[{"href":"https:\/\/blogs.uni-bremen.de\/spurwechsel\/wp-json\/wp\/v2\/types\/page"}],"author":[{"embeddable":true,"href":"https:\/\/blogs.uni-bremen.de\/spurwechsel\/wp-json\/wp\/v2\/users\/9061"}],"replies":[{"embeddable":true,"href":"https:\/\/blogs.uni-bremen.de\/spurwechsel\/wp-json\/wp\/v2\/comments?post=669"}],"version-history":[{"count":13,"href":"https:\/\/blogs.uni-bremen.de\/spurwechsel\/wp-json\/wp\/v2\/pages\/669\/revisions"}],"predecessor-version":[{"id":985,"href":"https:\/\/blogs.uni-bremen.de\/spurwechsel\/wp-json\/wp\/v2\/pages\/669\/revisions\/985"}],"wp:attachment":[{"href":"https:\/\/blogs.uni-bremen.de\/spurwechsel\/wp-json\/wp\/v2\/media?parent=669"}],"curies":[{"name":"wp","href":"https:\/\/api.w.org\/{rel}","templated":true}]}}