{"id":595,"date":"2016-12-19T15:01:08","date_gmt":"2016-12-19T13:01:08","guid":{"rendered":"https:\/\/blogs.uni-bremen.de\/spurwechsel\/?page_id=595"},"modified":"2016-12-19T16:04:09","modified_gmt":"2016-12-19T14:04:09","slug":"gesamt-werkstatt-tag","status":"publish","type":"page","link":"https:\/\/blogs.uni-bremen.de\/spurwechsel\/gesamt-werkstatt-tag\/","title":{"rendered":"Gesamt-Werkstatt-Tag"},"content":{"rendered":"<h1><strong>Gesamt-Werkstatt-Tag: \u201e\u00dcbergangsmanagement \u2013 \u00fcberregional und regional im Dialog\u201c<\/strong><\/h1>\n<p>Am 22.11.2016 fand im Rahmen des Projekts Spurwechsel der abschlie\u00dfende Werkstatt-Tag mit allen f\u00fcr \u00dcberg\u00e4nge relevanten Akteuren statt. Teilgenommen haben regionale und \u00fcberregionale Vertreter*innen des DGB Bildungswerks Bund, der EVG, der EVA, der IG Metall, der IG BCE, der IG BAU, des GPR Bremen, der GdP Bremen, der GEW Bremen, vom ver.di Bezirk Bremen-Nordniedersachsen und des ver.di Bildungswerks Niedersachsen, der Agentur Q, des Zentrum f\u00fcr Arbeit und Politik sowie der Hans-B\u00f6ckler-Stiftung. Ebenfalls teilgenommen haben einzelne Betriebs- und Personalr\u00e4te. Im Mittelpunkt des Werkstatt-Tages standen zum einen Ergebnisse des Projektes Spurwechsel, die diskutiert wurden und zum anderen vertiefende Auseinandersetzungen mit Fragestellungen des Projektes in Form von Kurzvortr\u00e4gen.<\/p>\n<p><a href=\"https:\/\/blogs.uni-bremen.de\/spurwechsel\/files\/2016\/12\/collage_Werkstatttag22.11.16.jpg\" data-rel=\"lightbox-image-0\" data-rl_title=\"\" data-rl_caption=\"\" title=\"\"><img loading=\"lazy\" decoding=\"async\" class=\"alignnone size-full wp-image-597\" src=\"https:\/\/blogs.uni-bremen.de\/spurwechsel\/files\/2016\/12\/collage_Werkstatttag22.11.16.jpg\" alt=\"collage_werkstatttag22-11-16\" width=\"3508\" height=\"2480\" srcset=\"https:\/\/blogs.uni-bremen.de\/spurwechsel\/files\/2016\/12\/collage_Werkstatttag22.11.16.jpg 3508w, https:\/\/blogs.uni-bremen.de\/spurwechsel\/files\/2016\/12\/collage_Werkstatttag22.11.16-300x212.jpg 300w, https:\/\/blogs.uni-bremen.de\/spurwechsel\/files\/2016\/12\/collage_Werkstatttag22.11.16-768x543.jpg 768w, https:\/\/blogs.uni-bremen.de\/spurwechsel\/files\/2016\/12\/collage_Werkstatttag22.11.16-1024x724.jpg 1024w, https:\/\/blogs.uni-bremen.de\/spurwechsel\/files\/2016\/12\/collage_Werkstatttag22.11.16-424x300.jpg 424w\" sizes=\"auto, (max-width: 3508px) 100vw, 3508px\" \/><\/a><\/p>\n<h2><strong>Der Tagesablauf des Gesamt-Werkstatt-Tages<\/strong><\/h2>\n<p><a href=\"https:\/\/blogs.uni-bremen.de\/spurwechsel\/files\/2016\/12\/Agenda.jpg\" data-rel=\"lightbox-image-1\" data-rl_title=\"\" data-rl_caption=\"\" title=\"\"><img loading=\"lazy\" decoding=\"async\" class=\"alignnone size-full wp-image-599\" src=\"https:\/\/blogs.uni-bremen.de\/spurwechsel\/files\/2016\/12\/Agenda.jpg\" alt=\"agenda\" width=\"1063\" height=\"1463\" srcset=\"https:\/\/blogs.uni-bremen.de\/spurwechsel\/files\/2016\/12\/Agenda.jpg 1063w, https:\/\/blogs.uni-bremen.de\/spurwechsel\/files\/2016\/12\/Agenda-218x300.jpg 218w, https:\/\/blogs.uni-bremen.de\/spurwechsel\/files\/2016\/12\/Agenda-768x1057.jpg 768w, https:\/\/blogs.uni-bremen.de\/spurwechsel\/files\/2016\/12\/Agenda-744x1024.jpg 744w\" sizes=\"auto, (max-width: 1063px) 100vw, 1063px\" \/><\/a><\/p>\n<h2><strong>Aktueller Stand des Projekts Spurwechsel<\/strong><\/h2>\n<p>Das Projektteam berichtet im Plenum den Stand hinsichtlich des abgeschlossenen Berufswegcoachings bzw. der \u00dcbergangsberatung und in einem R\u00fcckblick den Ablauf der je zweimal stattgefundenen regionalen und \u00fcberregionalen Werkstatt-Tage. In einer anschlie\u00dfenden Statement-Runde berichten die Gewerkschaften und Bildungsanbieter, wie sie das Thema \u00dcberg\u00e4nge in ihren jeweiligen Kontexten momentan verorten und was zuk\u00fcnftig noch passieren soll. In diesen Statements wurden unterschiedliche Einsch\u00e4tzungen deutlich: In den meisten Gewerkschaften werde die Problematik der Altersabg\u00e4nge zur Wahl 2018, damit die Nachwuchsgewinnung und die Gestaltung von \u00dcberg\u00e4ngen als Thema gesehen und teilweise aktiv bearbeitet. In einigen Gewerkschaften sei das Thema noch nicht angekommen.<\/p>\n<h2><strong>Berufswegcoaching und \u201eModulares Methodenset\u201c<\/strong><\/h2>\n<p>Das Projektteam pr\u00e4sentiert die Durchf\u00fchrung und Auswertung der personenbezogenen Beratung (siehe <a href=\"https:\/\/blogs.uni-bremen.de\/spurwechsel\/files\/2016\/12\/Pr\u00e4sentation_Spurwechsel.pdf\">Pr\u00e4sentation_Spurwechsel<\/a>). Ergebnis der Durchf\u00fchrung und Auswertung ist das \u201eModulare Methodenset (MMS)\u201c \u2013 eine Darstellung und Erl\u00e4uterung von Methoden f\u00fcr das Feld Berufswegcoaching. Zudem umfasst das MMS eine Zusammenstellung von Methoden f\u00fcr Einzelberatungsprozesse und Gruppenmodule. Da sich das MMS an die Zielgruppe Gewerkschaften, Bildungstr\u00e4ger und professionell T\u00e4tige der Bildungs- und Beratungsarbeit und damit an die Teilnehmenden des Gesamt-Werkstatt-Tages richtet, wird im Plenum die zentrale Frage diskutiert, welchen Anwendungsnutzen das MMS hat.<\/p>\n<h2><strong>Handlungsempfehlungen<\/strong><\/h2>\n<p>Neben dem MMS als Ergebnis der personenbezogenen Beratung pr\u00e4sentiert das Projektteam Ergebnisse der organisationsbezogenen Beratung in Form eines Konzeptentwurfs zum \u00dcbergangsmanagement. Die Pr\u00e4sentation erfolgt als Einf\u00fchrung in die Handlungsfelder von \u00dcbergangsgestaltung (<em>Kommunizieren, Sensibilisieren, Enttabuisieren; Nachwuchs f\u00f6rdern und Nachfolge planen<\/em>; <em>Kompetenzen erfassen, dokumentieren und anerkennen<\/em>; <em>Berufliche Perspektiven entwickeln und planen<\/em>) und Handlungsempfehlungen f\u00fcr Gewerkschaften, Bildungsanbieter, Gremien und einzelne BR-\/PR-Mitglieder. Anschlie\u00dfend gibt es die Einladung, die jeweiligen Handlungsempfehlungen in einem Gallery-Walk genauer in den Blick zu nehmen, untereinander zu diskutieren und direkt an der Pinnwand zu kommentieren. Auf den W\u00e4nden des Gallery-Walks werden die vier Handlungsfelder f\u00fcr pro Akteur dargestellt.<\/p>\n<h3><strong>Akteur: Gewerkschaft<\/strong><\/h3>\n<p>F\u00fcr die Gewerkschaften gibt es in den Handlungsfeldern <em>Kommunizieren, Sensibilisieren, Enttabuisieren, Nachwuchs f\u00f6rdern und Nachfolge planen<\/em>, <em>Kompetenzen erfassen, dokumentieren und anerkennen<\/em> sowie <em>berufliche Perspektiven entwickeln und planen<\/em> verschiedene Handlungsm\u00f6glichkeiten (siehe <a href=\"https:\/\/blogs.uni-bremen.de\/spurwechsel\/files\/2016\/12\/Pr\u00e4sentation_Spurwechsel.pdf\">Pr\u00e4sentation_Spurwechsel<\/a>).<\/p>\n<p><a href=\"https:\/\/blogs.uni-bremen.de\/spurwechsel\/files\/2016\/12\/blau.jpg\" data-rel=\"lightbox-image-2\" data-rl_title=\"\" data-rl_caption=\"\" title=\"\"><img loading=\"lazy\" decoding=\"async\" class=\"alignnone size-full wp-image-601\" src=\"https:\/\/blogs.uni-bremen.de\/spurwechsel\/files\/2016\/12\/blau.jpg\" alt=\"Gewerkschaft\" width=\"2464\" height=\"2741\" srcset=\"https:\/\/blogs.uni-bremen.de\/spurwechsel\/files\/2016\/12\/blau.jpg 2464w, https:\/\/blogs.uni-bremen.de\/spurwechsel\/files\/2016\/12\/blau-270x300.jpg 270w, https:\/\/blogs.uni-bremen.de\/spurwechsel\/files\/2016\/12\/blau-768x854.jpg 768w, https:\/\/blogs.uni-bremen.de\/spurwechsel\/files\/2016\/12\/blau-921x1024.jpg 921w\" sizes=\"auto, (max-width: 2464px) 100vw, 2464px\" \/><\/a><\/p>\n<h3><strong>Akteur: Bildungsanbieter<\/strong><\/h3>\n<p>F\u00fcr die Bildungsanbieter gibt es in den Handlungsfeldern <em>Kommunizieren, Sensibilisieren, Enttabuisieren, Nachwuchs f\u00f6rdern und Nachfolge planen<\/em>, <em>Kompetenzen erfassen, dokumentieren und anerkennen<\/em> sowie <em>berufliche Perspektiven entwickeln und planen<\/em> verschiedene Handlungsm\u00f6glichkeiten (siehe <a href=\"https:\/\/blogs.uni-bremen.de\/spurwechsel\/files\/2016\/12\/Pr\u00e4sentation_Spurwechsel.pdf\">Pr\u00e4sentation_Spurwechsel<\/a>).<\/p>\n<p><a href=\"https:\/\/blogs.uni-bremen.de\/spurwechsel\/files\/2016\/12\/gr\u00fcn.jpg\" data-rel=\"lightbox-image-3\" data-rl_title=\"\" data-rl_caption=\"\" title=\"\"><img loading=\"lazy\" decoding=\"async\" class=\"alignnone size-full wp-image-603\" src=\"https:\/\/blogs.uni-bremen.de\/spurwechsel\/files\/2016\/12\/gr\u00fcn.jpg\" alt=\"Bildungsanbieter\" width=\"2360\" height=\"2717\" srcset=\"https:\/\/blogs.uni-bremen.de\/spurwechsel\/files\/2016\/12\/gr\u00fcn.jpg 2360w, https:\/\/blogs.uni-bremen.de\/spurwechsel\/files\/2016\/12\/gr\u00fcn-261x300.jpg 261w, https:\/\/blogs.uni-bremen.de\/spurwechsel\/files\/2016\/12\/gr\u00fcn-768x884.jpg 768w, https:\/\/blogs.uni-bremen.de\/spurwechsel\/files\/2016\/12\/gr\u00fcn-889x1024.jpg 889w\" sizes=\"auto, (max-width: 2360px) 100vw, 2360px\" \/><\/a><\/p>\n<h3><strong>Akteur: BR-\/PR-Gremien<\/strong><\/h3>\n<p>F\u00fcr die BR-\/PR-Gremien gibt es in den Handlungsfeldern <em>Kommunizieren, Sensibilisieren, Enttabuisieren, Nachwuchs f\u00f6rdern und Nachfolge planen<\/em>, <em>Kompetenzen erfassen, dokumentieren und anerkennen<\/em> sowie <em>berufliche Perspektiven entwickeln und planen<\/em> verschiedene Handlungsm\u00f6glichkeiten (siehe auch <a href=\"https:\/\/blogs.uni-bremen.de\/spurwechsel\/files\/2016\/12\/Pr\u00e4sentation_Spurwechsel.pdf\">Pr\u00e4sentation_Spurwechsel<\/a>).<\/p>\n<p><a href=\"https:\/\/blogs.uni-bremen.de\/spurwechsel\/files\/2016\/12\/rot.jpg\" data-rel=\"lightbox-image-4\" data-rl_title=\"\" data-rl_caption=\"\" title=\"\"><img loading=\"lazy\" decoding=\"async\" class=\"alignnone size-full wp-image-605\" src=\"https:\/\/blogs.uni-bremen.de\/spurwechsel\/files\/2016\/12\/rot.jpg\" alt=\"Gremien\" width=\"2392\" height=\"2781\" srcset=\"https:\/\/blogs.uni-bremen.de\/spurwechsel\/files\/2016\/12\/rot.jpg 2392w, https:\/\/blogs.uni-bremen.de\/spurwechsel\/files\/2016\/12\/rot-258x300.jpg 258w, https:\/\/blogs.uni-bremen.de\/spurwechsel\/files\/2016\/12\/rot-768x893.jpg 768w, https:\/\/blogs.uni-bremen.de\/spurwechsel\/files\/2016\/12\/rot-881x1024.jpg 881w\" sizes=\"auto, (max-width: 2392px) 100vw, 2392px\" \/><\/a><\/p>\n<h3><strong>Akteur: BR-\/PR-Mitglied<\/strong><\/h3>\n<p>F\u00fcr BR-\/PR-Mitglieder gibt es in den Handlungsfeldern <em>Kompetenzen erfassen, dokumentieren und anerkennen<\/em> sowie <em>berufliche Perspektiven entwickeln und planen<\/em> verschiedene Handlungsm\u00f6glichkeiten (siehe auch <a href=\"https:\/\/blogs.uni-bremen.de\/spurwechsel\/files\/2016\/12\/Pr\u00e4sentation_Spurwechsel.pdf\">Pr\u00e4sentation_Spurwechsel<\/a>).<\/p>\n<p><a href=\"https:\/\/blogs.uni-bremen.de\/spurwechsel\/files\/2016\/12\/lila.jpg\" data-rel=\"lightbox-image-5\" data-rl_title=\"\" data-rl_caption=\"\" title=\"\"><img loading=\"lazy\" decoding=\"async\" class=\"alignnone size-full wp-image-607\" src=\"https:\/\/blogs.uni-bremen.de\/spurwechsel\/files\/2016\/12\/lila.jpg\" alt=\"BR-\/PR-Mitglied\" width=\"2228\" height=\"2537\" srcset=\"https:\/\/blogs.uni-bremen.de\/spurwechsel\/files\/2016\/12\/lila.jpg 2228w, https:\/\/blogs.uni-bremen.de\/spurwechsel\/files\/2016\/12\/lila-263x300.jpg 263w, https:\/\/blogs.uni-bremen.de\/spurwechsel\/files\/2016\/12\/lila-768x875.jpg 768w, https:\/\/blogs.uni-bremen.de\/spurwechsel\/files\/2016\/12\/lila-899x1024.jpg 899w\" sizes=\"auto, (max-width: 2228px) 100vw, 2228px\" \/><\/a><\/p>\n<h2><strong>Kurzvortr\u00e4ge<\/strong><\/h2>\n<p>Im Verlauf der verschiedenen Werkstatt-Tage haben sich Fragestellungen herauskristallisiert, zu dessen Bearbeitung eine vertiefende Auseinandersetzung mit Expertise notwendig ist. Dementsprechend gab es Kurzvortr\u00e4ge (siehe <a href=\"https:\/\/blogs.uni-bremen.de\/spurwechsel\/files\/2016\/12\/Pr\u00e4sentation_Gr\u00fcneberg.pdf\">Pr\u00e4sentation_Gr\u00fcneberg,<\/a> <a href=\"https:\/\/blogs.uni-bremen.de\/spurwechsel\/files\/2016\/12\/Pr\u00e4sentation_Ditz.pdf\">Pr\u00e4sentation_Hauser-Ditz<\/a> und <a href=\"https:\/\/blogs.uni-bremen.de\/spurwechsel\/praesentationen-werkstatt-tag\/\">Pr\u00e4sentation_Ahlene<\/a>) zu rechtlichen Aspekten des BetrVG zur beruflichen Entwicklung von Betriebsratsmitgliedern (Jan Gr\u00fcneberg, IG BCE), zu Regelungsinhalten f\u00fcr Betriebsvereinbarungen zur beruflichen Entwicklung von Betriebsratsmitgliedern (Axel Hauser-Ditz, HBS) und zu Personalentwicklung und Bildungsplanung im Betriebsrat \u2013 Ergebnisse einer repr\u00e4sentativen Befragung von BR-Mitgliedern in 2016 (Eva Ahlene, HBS).<\/p>\n<h2><strong>Auswertung und Abschluss<\/strong><\/h2>\n<p>Abschlie\u00dfend wird ein kurzes Res\u00fcmee zur Arbeit auf den Werkstatt-Tagen gezogen. Die Teilnehmenden bilanzieren, dass tabuisierte Themen angegangen wurden und dass es wichtig sei, nicht dahinter zur\u00fcckzufallen, sondern das Thema \u00dcbergangsgestaltung weiterzuverfolgen. Die Werkstatt-Tage seien eine gute Ebene des Austauschs gewesen und es konnten wichtige Anregungen mitgenommen werden. Das Projektteam dankt den engagierten Teilnehmenden und im Besonderen der Hans-B\u00f6ckler-Stiftung.<\/p>\n","protected":false},"excerpt":{"rendered":"<p>Gesamt-Werkstatt-Tag: \u201e\u00dcbergangsmanagement \u2013 \u00fcberregional und regional im Dialog\u201c Am 22.11.2016 fand im Rahmen des Projekts Spurwechsel der abschlie\u00dfende Werkstatt-Tag mit allen f\u00fcr \u00dcberg\u00e4nge relevanten Akteuren statt. Teilgenommen haben regionale und \u00fcberregionale Vertreter*innen des DGB Bildungswerks Bund, der EVG, der EVA, &hellip; <a href=\"https:\/\/blogs.uni-bremen.de\/spurwechsel\/gesamt-werkstatt-tag\/\">Weiterlesen <span class=\"meta-nav\">&rarr;<\/span><\/a><\/p>\n","protected":false},"author":3464,"featured_media":0,"parent":0,"menu_order":0,"comment_status":"closed","ping_status":"closed","template":"","meta":{"_bbp_topic_count":0,"_bbp_reply_count":0,"_bbp_total_topic_count":0,"_bbp_total_reply_count":0,"_bbp_voice_count":0,"_bbp_anonymous_reply_count":0,"_bbp_topic_count_hidden":0,"_bbp_reply_count_hidden":0,"_bbp_forum_subforum_count":0,"footnotes":""},"class_list":["post-595","page","type-page","status-publish","hentry"],"_links":{"self":[{"href":"https:\/\/blogs.uni-bremen.de\/spurwechsel\/wp-json\/wp\/v2\/pages\/595","targetHints":{"allow":["GET"]}}],"collection":[{"href":"https:\/\/blogs.uni-bremen.de\/spurwechsel\/wp-json\/wp\/v2\/pages"}],"about":[{"href":"https:\/\/blogs.uni-bremen.de\/spurwechsel\/wp-json\/wp\/v2\/types\/page"}],"author":[{"embeddable":true,"href":"https:\/\/blogs.uni-bremen.de\/spurwechsel\/wp-json\/wp\/v2\/users\/3464"}],"replies":[{"embeddable":true,"href":"https:\/\/blogs.uni-bremen.de\/spurwechsel\/wp-json\/wp\/v2\/comments?post=595"}],"version-history":[{"count":6,"href":"https:\/\/blogs.uni-bremen.de\/spurwechsel\/wp-json\/wp\/v2\/pages\/595\/revisions"}],"predecessor-version":[{"id":645,"href":"https:\/\/blogs.uni-bremen.de\/spurwechsel\/wp-json\/wp\/v2\/pages\/595\/revisions\/645"}],"wp:attachment":[{"href":"https:\/\/blogs.uni-bremen.de\/spurwechsel\/wp-json\/wp\/v2\/media?parent=595"}],"curies":[{"name":"wp","href":"https:\/\/api.w.org\/{rel}","templated":true}]}}