{"id":35,"date":"2015-02-12T11:52:17","date_gmt":"2015-02-12T09:52:17","guid":{"rendered":"http:\/\/blogs.uni-bremen.de\/spurwechsel\/?page_id=35"},"modified":"2015-03-24T13:57:22","modified_gmt":"2015-03-24T11:57:22","slug":"mitmachen-2","status":"publish","type":"page","link":"https:\/\/blogs.uni-bremen.de\/spurwechsel\/mitmachen-2\/","title":{"rendered":"Mitmachen"},"content":{"rendered":"<h2><img loading=\"lazy\" decoding=\"async\" class=\"alignnone wp-image-85 size-full\" src=\"http:\/\/blogs.uni-bremen.de\/spurwechsel\/files\/2015\/02\/Flipcharts1.jpg\" alt=\"\" width=\"5120\" height=\"2880\" srcset=\"https:\/\/blogs.uni-bremen.de\/spurwechsel\/files\/2015\/02\/Flipcharts1.jpg 5120w, https:\/\/blogs.uni-bremen.de\/spurwechsel\/files\/2015\/02\/Flipcharts1-300x169.jpg 300w, https:\/\/blogs.uni-bremen.de\/spurwechsel\/files\/2015\/02\/Flipcharts1-1024x576.jpg 1024w, https:\/\/blogs.uni-bremen.de\/spurwechsel\/files\/2015\/02\/Flipcharts1-500x281.jpg 500w\" sizes=\"auto, (max-width: 5120px) 100vw, 5120px\" \/><\/h2>\n<p style=\"text-align: justify\">Sollten Sie sich f\u00fcr unser Projekt interessieren, kontaktieren Sie uns gerne. M\u00f6chten Sie an dem Projekt &#8222;Spurwechsel&#8220; teilnehmen, finden Sie im Men\u00fc Mitmachen wichtige Informationen f\u00fcr Betriebs-\/Personalr\u00e4te\/innen, f\u00fcr Vertreter\/innen regionaler Institutionen und f\u00fcr Vertreter\/innen \u00fcberregionaler Institutionen.<\/p>\n<hr \/>\n","protected":false},"excerpt":{"rendered":"<p>Sollten Sie sich f\u00fcr unser Projekt interessieren, kontaktieren Sie uns gerne. M\u00f6chten Sie an dem Projekt &#8222;Spurwechsel&#8220; teilnehmen, finden Sie im Men\u00fc Mitmachen wichtige Informationen f\u00fcr Betriebs-\/Personalr\u00e4te\/innen, f\u00fcr Vertreter\/innen regionaler Institutionen und f\u00fcr Vertreter\/innen \u00fcberregionaler Institutionen.<\/p>\n","protected":false},"author":3464,"featured_media":0,"parent":0,"menu_order":3,"comment_status":"closed","ping_status":"open","template":"","meta":{"_bbp_topic_count":0,"_bbp_reply_count":0,"_bbp_total_topic_count":0,"_bbp_total_reply_count":0,"_bbp_voice_count":0,"_bbp_anonymous_reply_count":0,"_bbp_topic_count_hidden":0,"_bbp_reply_count_hidden":0,"_bbp_forum_subforum_count":0,"footnotes":""},"class_list":["post-35","page","type-page","status-publish","hentry"],"_links":{"self":[{"href":"https:\/\/blogs.uni-bremen.de\/spurwechsel\/wp-json\/wp\/v2\/pages\/35","targetHints":{"allow":["GET"]}}],"collection":[{"href":"https:\/\/blogs.uni-bremen.de\/spurwechsel\/wp-json\/wp\/v2\/pages"}],"about":[{"href":"https:\/\/blogs.uni-bremen.de\/spurwechsel\/wp-json\/wp\/v2\/types\/page"}],"author":[{"embeddable":true,"href":"https:\/\/blogs.uni-bremen.de\/spurwechsel\/wp-json\/wp\/v2\/users\/3464"}],"replies":[{"embeddable":true,"href":"https:\/\/blogs.uni-bremen.de\/spurwechsel\/wp-json\/wp\/v2\/comments?post=35"}],"version-history":[{"count":1,"href":"https:\/\/blogs.uni-bremen.de\/spurwechsel\/wp-json\/wp\/v2\/pages\/35\/revisions"}],"predecessor-version":[{"id":111,"href":"https:\/\/blogs.uni-bremen.de\/spurwechsel\/wp-json\/wp\/v2\/pages\/35\/revisions\/111"}],"wp:attachment":[{"href":"https:\/\/blogs.uni-bremen.de\/spurwechsel\/wp-json\/wp\/v2\/media?parent=35"}],"curies":[{"name":"wp","href":"https:\/\/api.w.org\/{rel}","templated":true}]}}