{"id":140,"date":"2015-03-24T15:54:04","date_gmt":"2015-03-24T13:54:04","guid":{"rendered":"http:\/\/blogs.uni-bremen.de\/spurwechsel\/?page_id=140"},"modified":"2025-10-17T22:07:52","modified_gmt":"2025-10-17T20:07:52","slug":"impressum","status":"publish","type":"page","link":"https:\/\/blogs.uni-bremen.de\/spurwechsel\/impressum\/","title":{"rendered":"Impressum"},"content":{"rendered":"<h3>Adresse<\/h3>\n<ul>\n<li>Universit\u00e4t Bremen<br \/>\nZentrum f\u00fcr Arbeit und Politik\u00a0(zap)<br \/>\nUni-Forum am Domshof<br \/>\nDomshof<br \/>\n28195 Bremen<\/li>\n<\/ul>\n<h3>Direktion<\/h3>\n<ul>\n<li>Prof. Dr. Andreas Klee<\/li>\n<li>E-Mail: &#x61;&#x6b;&#108;e&#x65;&#x40;&#x75;&#110;i&#x2d;&#x62;&#x72;&#101;m&#x65;&#x6e;&#x2e;&#100;e<br \/>\nTel: +49 421 218 -56 700<\/li>\n<\/ul>\n<h3>Kontakt<\/h3>\n<ul>\n<li>Dr. Simone Hocke<br \/>\nE-Mail: &#x73;&#46;&#x68;&#111;c&#x6b;&#101;&#x40;&#117;n&#x69;&#45;&#x62;&#114;e&#x6d;&#101;&#x6e;&#x2e;d&#x65;<br \/>\nTel: +49 421 218 -56 707<\/li>\n<\/ul>\n<p style=\"text-align: justify\">Das zap ist eine Einrichtung der <a class=\"externalLink\" href=\"http:\/\/www.uni-bremen.de\/\">Universit\u00e4t Bremen<\/a>. Die Universit\u00e4t Bremen ist eine K\u00f6rperschaft des \u00d6ffentlichen Rechts. Sie wird durch den Rektorin Prof. Dr. Jutta G\u00fcnther gesetzlich vertreten.<\/p>\n<p style=\"text-align: justify\">Zust\u00e4ndige Aufsichtsbeh\u00f6rde: Freie Hansestadt Bremen, Senatorin f\u00fcr Bildung und Wissenschaft, Rembertiring 8-12, 28195 Bremen.<\/p>\n<p style=\"text-align: justify\">Umsatzsteuer-Identifikationsnummer gem\u00e4\u00df 27 a Umsatzsteuergesetz: DE 811 245 070.<\/p>\n<p style=\"text-align: justify\">Inhaltlich Verantwortlicher gem\u00e4\u00df \u00a7 10 Absatz 3 MDStV: <strong>Prof. Dr. Andreas Klee<\/strong>, Direktor des zap (Anschrift wie oben).<\/p>\n<h3 style=\"text-align: justify\">Haftungshinweis<\/h3>\n<p style=\"text-align: justify\">Das zap ist stets um Aktualit\u00e4t, Vollst\u00e4ndigkeit und Richtigkeit der Seiten bem\u00fcht, doch kann keine Garantie hierf\u00fcr \u00fcbernehmen.<br \/>\nAls Forschungseinrichtung der Universit\u00e4t Bremen verweist das zap insoweit ausdr\u00fccklich auf den <a href=\"http:\/\/www.uni-bremen.de\/datenschutz\/haftungsausschluss.html\">Haftungsausschluss der Universit\u00e4t Bremen<\/a>.<\/p>\n<h2 style=\"text-align: justify\">Quellenangaben f\u00fcr die verwendeten Bilder und Grafiken:<\/h2>\n<p style=\"text-align: justify\">Glinsmann-Design<\/p>\n<p style=\"text-align: justify\">Fotografie: Kerstin Rolfes<\/p>\n<p>&nbsp;<\/p>\n","protected":false},"excerpt":{"rendered":"<p>Adresse Universit\u00e4t Bremen Zentrum f\u00fcr Arbeit und Politik\u00a0(zap) Uni-Forum am Domshof Domshof 28195 Bremen Direktion Prof. Dr. Andreas Klee E-Mail: &#x61;&#107;l&#x65;&#101;&#64;&#x75;&#x6e;&#105;-&#x62;&#114;e&#x6d;&#x65;&#110;&#46;&#x64;&#101; Tel: +49 421 218 -56 700 Kontakt Dr. Simone Hocke E-Mail: &#x73;&#x2e;&#x68;&#111;&#99;ke&#x40;&#x75;&#x6e;&#105;&#45;br&#x65;&#x6d;&#x65;&#110;&#46;de Tel: +49 421 218 -56 707 Das &hellip; <a href=\"https:\/\/blogs.uni-bremen.de\/spurwechsel\/impressum\/\">Weiterlesen <span class=\"meta-nav\">&rarr;<\/span><\/a><\/p>\n","protected":false},"author":3464,"featured_media":0,"parent":0,"menu_order":0,"comment_status":"closed","ping_status":"open","template":"sidebar-page.php","meta":{"_bbp_topic_count":0,"_bbp_reply_count":0,"_bbp_total_topic_count":0,"_bbp_total_reply_count":0,"_bbp_voice_count":0,"_bbp_anonymous_reply_count":0,"_bbp_topic_count_hidden":0,"_bbp_reply_count_hidden":0,"_bbp_forum_subforum_count":0,"footnotes":""},"class_list":["post-140","page","type-page","status-publish","hentry"],"_links":{"self":[{"href":"https:\/\/blogs.uni-bremen.de\/spurwechsel\/wp-json\/wp\/v2\/pages\/140","targetHints":{"allow":["GET"]}}],"collection":[{"href":"https:\/\/blogs.uni-bremen.de\/spurwechsel\/wp-json\/wp\/v2\/pages"}],"about":[{"href":"https:\/\/blogs.uni-bremen.de\/spurwechsel\/wp-json\/wp\/v2\/types\/page"}],"author":[{"embeddable":true,"href":"https:\/\/blogs.uni-bremen.de\/spurwechsel\/wp-json\/wp\/v2\/users\/3464"}],"replies":[{"embeddable":true,"href":"https:\/\/blogs.uni-bremen.de\/spurwechsel\/wp-json\/wp\/v2\/comments?post=140"}],"version-history":[{"count":4,"href":"https:\/\/blogs.uni-bremen.de\/spurwechsel\/wp-json\/wp\/v2\/pages\/140\/revisions"}],"predecessor-version":[{"id":972,"href":"https:\/\/blogs.uni-bremen.de\/spurwechsel\/wp-json\/wp\/v2\/pages\/140\/revisions\/972"}],"wp:attachment":[{"href":"https:\/\/blogs.uni-bremen.de\/spurwechsel\/wp-json\/wp\/v2\/media?parent=140"}],"curies":[{"name":"wp","href":"https:\/\/api.w.org\/{rel}","templated":true}]}}