{"id":135,"date":"2015-03-23T17:28:34","date_gmt":"2015-03-23T15:28:34","guid":{"rendered":"http:\/\/blogs.uni-bremen.de\/spurwechsel\/?page_id=135"},"modified":"2015-03-27T22:56:24","modified_gmt":"2015-03-27T20:56:24","slug":"organisationsbezogene-module","status":"publish","type":"page","link":"https:\/\/blogs.uni-bremen.de\/spurwechsel\/organisationsbezogene-module\/","title":{"rendered":"Organisationsbezogene Module"},"content":{"rendered":"<p style=\"text-align: justify\"><strong>Aktivit\u00e4t im Bereich \u00dcbergangsmanagement &#8211; regional im Dialog!<\/strong><\/p>\n<p style=\"text-align: justify\"><img loading=\"lazy\" decoding=\"async\" class=\"  alignleft wp-image-92\" src=\"http:\/\/blogs.uni-bremen.de\/spurwechsel\/files\/2015\/03\/Module_2.jpg\" alt=\"\" width=\"230\" height=\"372\" \/>Dieses Angebot richtet sich an\u00a0Vertreter\/innen der am \u00dcbergang beteiligten Institutionen, im Fokus steht der dialogische Austausch.<\/p>\n<p style=\"text-align: justify\">Zun\u00e4chst werden Vorgespr\u00e4che gef\u00fchrt, um jeweilige Interessen und Perspektiven zu erkunden. Eventuell gibt es bereits laufende Aktivit\u00e4ten im Bereich \u00dcbergangsmanagement, \u00fcber die ein Austausch stattfinden kann.<\/p>\n<p style=\"text-align: justify\">Die Vertreter\/innen der beteiligten Institutionen nehmen an zwei regionalen Werkstatt-Tagen teil. An diesen werden dialogorientierte Methoden eingesetzt, um ein gemeinsames Problem-verst\u00e4ndnis zu erarbeiten, Zukunftsideen, Ma\u00dfnahmen und Umsetzungen zu entwerfen sowie gewonnene Erfahrungen und Erkenntnisse zu reflektieren. Der erste Werkstatt-Tag wird dem Design einer Zukunftskonferenz angelehnt sein. F\u00fcr den zweiten Werkstatt-Tag, an dem eine Bilanzierung stattfinden wird, werden unterschiedliche Verfahren eingesetzt, u.a. Search-Conference, Open Space oder World Caf\u00e9. Es sollen gemeinsam Ideen f\u00fcr Ma\u00dfnahmen und Instrumente entwickelt, diskutiert und Schritte f\u00fcr eine Umsetzung konzipiert werden.<\/p>\n<p style=\"text-align: justify\">Den Abschluss bildet ein Gesamt-Werkstatt-Tag, auf dem die Vertreter\/innen der regionalen Institutionen mit betrieblichen Interessenvertreter\/innen und \u00fcberregionalen Institutionen zusammenkommen. Hier werden Erfahrungen und Erkenntnisse zu den umgesetzten Beratungs- und Bildungsangeboten sowie den organisationalen Ma\u00dfnahmen ausgetauscht.\u00a0Dar\u00fcber hinaus geht es darum, ein Netzwerk \u00fcbergangsrelevanter Akteure zu etablieren.<\/p>\n<p><strong>Regionale und \u00fcberregionale Aktivit\u00e4ten \u00a0zusammenbringen &#8211; bundesweiter Reflexionsraum!<\/strong><\/p>\n<p style=\"text-align: justify\"><img loading=\"lazy\" decoding=\"async\" class=\"  alignleft wp-image-93\" src=\"http:\/\/blogs.uni-bremen.de\/spurwechsel\/files\/2015\/03\/Module_3.jpg\" alt=\"\" width=\"225\" height=\"385\" \/>In diesem Angebot gibt es einen wechselseitigen Austausch \u00fcber Chancen, M\u00f6glichkeiten und Begrenzungen zur \u00dcbergangsgestaltung mit Vertreter\/innen der am \u00dcbergang beteiligten \u00fcberregionalen Institutionen.<\/p>\n<p style=\"text-align: justify\">Zun\u00e4chst werden auch hier Vorgespr\u00e4che gef\u00fchrt, um jeweilige Interessen und Perspektiven zu erkunden.<\/p>\n<p style=\"text-align: justify\">Ad\u00e4quat zu dem Design der regionalen Werkst\u00e4tten\u00a0nehmen die Vertreter\/innen an zwei regionalen Werkstatt-Tagen teil. An diesen werden dialogorientierte Methoden eingesetzt, um ein gemeinsames Problemverst\u00e4ndnis zu erarbeiten, Zukunftsideen, Ma\u00dfnahmen und Umsetzungen zu entwerfen sowie gewonnene Erfahrungen und Erkenntnisse zu reflektieren. Der erste Werkstatt-Tag wird dem Design einer Zukunftskonferenz angelehnt sein. F\u00fcr den zweiten Werkstatt-Tag, an dem eine Bilanzierung stattfinden wird, werden unterschiedliche Verfahren eingesetzt, u.a. Search-Conference, Open Space oder World Caf\u00e9. Es sollen gemeinsam Ideen f\u00fcr Ma\u00dfnahmen und Instrumente entwickelt, diskutiert und Schritte f\u00fcr eine Umsetzung konzipiert werden.<\/p>\n<p style=\"text-align: justify\">Den Abschluss bildet ein Gesamt-Werkstatt-Tag, auf dem die Vertreter\/innen der \u00fcberregionalen Institutionen mit betrieblichen Interessenvertreter\/innen und regionalen Institutionen zusammenkommen. Hier werden Erfahrungen und Erkenntnisse zu den umgesetzten Beratungs- und Bildungsangeboten sowie den organisationalen Ma\u00dfnahmen ausgetauscht.\u00a0Dar\u00fcber hinaus geht es darum, ein Netzwerk \u00fcbergangsrelevanter Akteure zu etablieren.<\/p>\n","protected":false},"excerpt":{"rendered":"<p>Aktivit\u00e4t im Bereich \u00dcbergangsmanagement &#8211; regional im Dialog! Dieses Angebot richtet sich an\u00a0Vertreter\/innen der am \u00dcbergang beteiligten Institutionen, im Fokus steht der dialogische Austausch. Zun\u00e4chst werden Vorgespr\u00e4che gef\u00fchrt, um jeweilige Interessen und Perspektiven zu erkunden. Eventuell gibt es bereits laufende &hellip; <a href=\"https:\/\/blogs.uni-bremen.de\/spurwechsel\/organisationsbezogene-module\/\">Weiterlesen <span class=\"meta-nav\">&rarr;<\/span><\/a><\/p>\n","protected":false},"author":3464,"featured_media":0,"parent":0,"menu_order":0,"comment_status":"closed","ping_status":"open","template":"","meta":{"_bbp_topic_count":0,"_bbp_reply_count":0,"_bbp_total_topic_count":0,"_bbp_total_reply_count":0,"_bbp_voice_count":0,"_bbp_anonymous_reply_count":0,"_bbp_topic_count_hidden":0,"_bbp_reply_count_hidden":0,"_bbp_forum_subforum_count":0,"footnotes":""},"class_list":["post-135","page","type-page","status-publish","hentry"],"_links":{"self":[{"href":"https:\/\/blogs.uni-bremen.de\/spurwechsel\/wp-json\/wp\/v2\/pages\/135","targetHints":{"allow":["GET"]}}],"collection":[{"href":"https:\/\/blogs.uni-bremen.de\/spurwechsel\/wp-json\/wp\/v2\/pages"}],"about":[{"href":"https:\/\/blogs.uni-bremen.de\/spurwechsel\/wp-json\/wp\/v2\/types\/page"}],"author":[{"embeddable":true,"href":"https:\/\/blogs.uni-bremen.de\/spurwechsel\/wp-json\/wp\/v2\/users\/3464"}],"replies":[{"embeddable":true,"href":"https:\/\/blogs.uni-bremen.de\/spurwechsel\/wp-json\/wp\/v2\/comments?post=135"}],"version-history":[{"count":0,"href":"https:\/\/blogs.uni-bremen.de\/spurwechsel\/wp-json\/wp\/v2\/pages\/135\/revisions"}],"wp:attachment":[{"href":"https:\/\/blogs.uni-bremen.de\/spurwechsel\/wp-json\/wp\/v2\/media?parent=135"}],"curies":[{"name":"wp","href":"https:\/\/api.w.org\/{rel}","templated":true}]}}