{"id":134,"date":"2015-03-23T17:27:19","date_gmt":"2015-03-23T15:27:19","guid":{"rendered":"http:\/\/blogs.uni-bremen.de\/spurwechsel\/?page_id=134"},"modified":"2015-03-24T13:52:02","modified_gmt":"2015-03-24T11:52:02","slug":"personenbezogene-beratung","status":"publish","type":"page","link":"https:\/\/blogs.uni-bremen.de\/spurwechsel\/personenbezogene-beratung\/","title":{"rendered":"Personenbezogene Module"},"content":{"rendered":"<p><strong>Beratung und Bildung f\u00fcr betriebliche Interessenvertreter\/innen: teilnehmer\/innen- und prozessorientiert!<\/strong><\/p>\n<p style=\"text-align: justify\"><img loading=\"lazy\" decoding=\"async\" class=\"  alignleft wp-image-91\" src=\"http:\/\/blogs.uni-bremen.de\/spurwechsel\/files\/2015\/03\/Module_1.jpg\" alt=\"\" width=\"224\" height=\"373\" \/>In diesem Angebot steht die Bildung und Beratung im Mittelpunkt. Es geht um die Unterst\u00fctzung der Betriebs- und Personalrats-mitglieder bei der Gestaltung und Bew\u00e4ltigung von \u00dcberg\u00e4ngen sowie um die Entwicklung von Kompetenzen zur \u00dcbergangsgestaltung.<\/p>\n<p style=\"text-align: justify\">Zun\u00e4chst werden Gespr\u00e4che dar\u00fcber gef\u00fchrt, welche Anliegen oder Herausforderungen es gibt, um passende Methoden und Inhalte f\u00fcr die Einzel- sowie Gruppenmodule auszuw\u00e4hlen.<\/p>\n<p style=\"text-align: justify\">In den Einzel- und Gruppenmodulen machen die\u00a0Teilnehmenden ihren beruflichen bzw. ehrenamtlichen Weg sowie betriebliche und gesellschaftliche Rahmenbedingungen zum Thema. Die Inhalte und Methoden variieren je nach Anliegen, durchgef\u00fchrt werden beispielsweise Wertekl\u00e4rungen, Biografie- und Karriereanalysen, Profilentwicklungen, kompetenzorientierte Laufbahnberatungen oder \u00dcbergangscoachings. Es kann dabei zum Beispiel um Biografiearbeit, Kompetenzprofile, Work-Life-Balance, Ressourcen-aktivierung, Netzwerkanalysen oder Resilienztraining gehen.<\/p>\n<p style=\"text-align: justify\">Den Abschluss bildet ein Gesamt-Werkstatt-Tag, auf dem betriebliche Interessen-vertreter\/innen mit\u00a0Vertreter\/innen regionaler und \u00fcberregionaler Institutionen zusammenkommen. Hier werden Erfahrungen und Erkenntnisse zu den umgesetzten Beratungs- und Bildungsangeboten sowie den organisationalen Ma\u00dfnahmen ausgetauscht.\u00a0Dar\u00fcber hinaus geht es darum, ein Netzwerk \u00fcbergangsrelevanter Akteure zu etablieren.<\/p>\n","protected":false},"excerpt":{"rendered":"<p>Beratung und Bildung f\u00fcr betriebliche Interessenvertreter\/innen: teilnehmer\/innen- und prozessorientiert! In diesem Angebot steht die Bildung und Beratung im Mittelpunkt. Es geht um die Unterst\u00fctzung der Betriebs- und Personalrats-mitglieder bei der Gestaltung und Bew\u00e4ltigung von \u00dcberg\u00e4ngen sowie um die Entwicklung von &hellip; <a href=\"https:\/\/blogs.uni-bremen.de\/spurwechsel\/personenbezogene-beratung\/\">Weiterlesen <span class=\"meta-nav\">&rarr;<\/span><\/a><\/p>\n","protected":false},"author":3464,"featured_media":0,"parent":0,"menu_order":0,"comment_status":"closed","ping_status":"open","template":"","meta":{"_bbp_topic_count":0,"_bbp_reply_count":0,"_bbp_total_topic_count":0,"_bbp_total_reply_count":0,"_bbp_voice_count":0,"_bbp_anonymous_reply_count":0,"_bbp_topic_count_hidden":0,"_bbp_reply_count_hidden":0,"_bbp_forum_subforum_count":0,"footnotes":""},"class_list":["post-134","page","type-page","status-publish","hentry"],"_links":{"self":[{"href":"https:\/\/blogs.uni-bremen.de\/spurwechsel\/wp-json\/wp\/v2\/pages\/134","targetHints":{"allow":["GET"]}}],"collection":[{"href":"https:\/\/blogs.uni-bremen.de\/spurwechsel\/wp-json\/wp\/v2\/pages"}],"about":[{"href":"https:\/\/blogs.uni-bremen.de\/spurwechsel\/wp-json\/wp\/v2\/types\/page"}],"author":[{"embeddable":true,"href":"https:\/\/blogs.uni-bremen.de\/spurwechsel\/wp-json\/wp\/v2\/users\/3464"}],"replies":[{"embeddable":true,"href":"https:\/\/blogs.uni-bremen.de\/spurwechsel\/wp-json\/wp\/v2\/comments?post=134"}],"version-history":[{"count":0,"href":"https:\/\/blogs.uni-bremen.de\/spurwechsel\/wp-json\/wp\/v2\/pages\/134\/revisions"}],"wp:attachment":[{"href":"https:\/\/blogs.uni-bremen.de\/spurwechsel\/wp-json\/wp\/v2\/media?parent=134"}],"curies":[{"name":"wp","href":"https:\/\/api.w.org\/{rel}","templated":true}]}}