{"id":104,"date":"2015-03-12T00:47:07","date_gmt":"2015-03-11T22:47:07","guid":{"rendered":"http:\/\/blogs.uni-bremen.de\/spurwechsel\/?page_id=104"},"modified":"2016-06-14T13:53:07","modified_gmt":"2016-06-14T11:53:07","slug":"dokumentation","status":"publish","type":"page","link":"https:\/\/blogs.uni-bremen.de\/spurwechsel\/dokumentation\/","title":{"rendered":"Erster regionaler Werkstatt-Tag"},"content":{"rendered":"<h1><span style=\"text-decoration: underline\">\u00dcbergangsmanagement &#8211; Regional im Dialog<\/span><\/h1>\n<p>Am 05.10.2015 fand im Rahmen des Projekts <em>Spurwechsel<\/em> der erste Werkstatt-Tag statt. Zum Thema &#8222;\u00dcbergangsmanagement &#8211; Regional im Dialog&#8220; haben regionale Vertreter\/-innen von Arbeit und Leben Bremerhaven e.V., des DGB&#8217;s, der Arbeitnehmerkammer Bremen, der EVG, der IG Metall, der GdP, der IG BAU, des Bildungswerks ver.di Niedersachsen, des GPR&#8217;s Bremen sowie des GPR&#8217;s Bremerhaven Ideen und Ma\u00dfnahmen f\u00fcr eine gelingende \u00dcbergangsgestaltung entwickelt.<\/p>\n<p><a href=\"https:\/\/blogs.uni-bremen.de\/spurwechsel\/files\/2015\/10\/1.-Werktstatttag-05.102.jpg\" data-rel=\"lightbox-image-0\" data-rl_title=\"\" data-rl_caption=\"\" title=\"\"><img loading=\"lazy\" decoding=\"async\" class=\"alignnone size-full wp-image-269\" src=\"https:\/\/blogs.uni-bremen.de\/spurwechsel\/files\/2015\/10\/1.-Werktstatttag-05.102.jpg\" alt=\"1. Werktstatttag 05.102\" width=\"5120\" height=\"2880\" srcset=\"https:\/\/blogs.uni-bremen.de\/spurwechsel\/files\/2015\/10\/1.-Werktstatttag-05.102.jpg 5120w, https:\/\/blogs.uni-bremen.de\/spurwechsel\/files\/2015\/10\/1.-Werktstatttag-05.102-300x169.jpg 300w, https:\/\/blogs.uni-bremen.de\/spurwechsel\/files\/2015\/10\/1.-Werktstatttag-05.102-1024x576.jpg 1024w, https:\/\/blogs.uni-bremen.de\/spurwechsel\/files\/2015\/10\/1.-Werktstatttag-05.102-500x281.jpg 500w\" sizes=\"auto, (max-width: 5120px) 100vw, 5120px\" \/><\/a><\/p>\n<p>Gestaltung von \u00dcberg\u00e4ngen unter Mitwirkung professioneller Institutionen &#8211; Handlungsfelder im \u00dcbergangsmanagement:<\/p>\n<p><a href=\"https:\/\/blogs.uni-bremen.de\/spurwechsel\/files\/2015\/10\/DSCF8162k.jpg\" data-rel=\"lightbox-image-1\" data-rl_title=\"\" data-rl_caption=\"\" title=\"\"><img loading=\"lazy\" decoding=\"async\" class=\"alignnone size-full wp-image-233\" src=\"https:\/\/blogs.uni-bremen.de\/spurwechsel\/files\/2015\/10\/DSCF8162k.jpg\" alt=\"DSCF8162k\" width=\"3465\" height=\"2797\" srcset=\"https:\/\/blogs.uni-bremen.de\/spurwechsel\/files\/2015\/10\/DSCF8162k.jpg 3465w, https:\/\/blogs.uni-bremen.de\/spurwechsel\/files\/2015\/10\/DSCF8162k-300x242.jpg 300w, https:\/\/blogs.uni-bremen.de\/spurwechsel\/files\/2015\/10\/DSCF8162k-1024x827.jpg 1024w, https:\/\/blogs.uni-bremen.de\/spurwechsel\/files\/2015\/10\/DSCF8162k-372x300.jpg 372w\" sizes=\"auto, (max-width: 3465px) 100vw, 3465px\" \/><\/a><\/p>\n<h2>Zukunftswerkstatt Teil 1 &#8222;Ideen- und Themenentwicklung&#8220;<\/h2>\n<p><em><strong>Wie k\u00f6nnen gelingende \u00dcberg\u00e4nge betrieblicher Interessenvertreter\/-innen gestaltet und unterst\u00fctzt werden?<\/strong><\/em><\/p>\n<p>Gruppe 1:<\/p>\n<p><a href=\"https:\/\/blogs.uni-bremen.de\/spurwechsel\/files\/2015\/10\/DSCF8140k.jpg\" data-rel=\"lightbox-image-2\" data-rl_title=\"\" data-rl_caption=\"\" title=\"\"><img loading=\"lazy\" decoding=\"async\" class=\"alignnone size-full wp-image-229\" src=\"https:\/\/blogs.uni-bremen.de\/spurwechsel\/files\/2015\/10\/DSCF8140k.jpg\" alt=\"DSCF8140k\" width=\"2617\" height=\"3353\" srcset=\"https:\/\/blogs.uni-bremen.de\/spurwechsel\/files\/2015\/10\/DSCF8140k.jpg 2617w, https:\/\/blogs.uni-bremen.de\/spurwechsel\/files\/2015\/10\/DSCF8140k-234x300.jpg 234w, https:\/\/blogs.uni-bremen.de\/spurwechsel\/files\/2015\/10\/DSCF8140k-799x1024.jpg 799w\" sizes=\"auto, (max-width: 2617px) 100vw, 2617px\" \/><\/a><\/p>\n<p>Gruppe 2:<\/p>\n<p><a href=\"https:\/\/blogs.uni-bremen.de\/spurwechsel\/files\/2015\/10\/DSCF8138k.jpg\" data-rel=\"lightbox-image-3\" data-rl_title=\"\" data-rl_caption=\"\" title=\"\"><img loading=\"lazy\" decoding=\"async\" class=\"alignnone size-full wp-image-225\" src=\"https:\/\/blogs.uni-bremen.de\/spurwechsel\/files\/2015\/10\/DSCF8138k.jpg\" alt=\"DSCF8138k\" width=\"2687\" height=\"3631\" srcset=\"https:\/\/blogs.uni-bremen.de\/spurwechsel\/files\/2015\/10\/DSCF8138k.jpg 2687w, https:\/\/blogs.uni-bremen.de\/spurwechsel\/files\/2015\/10\/DSCF8138k-222x300.jpg 222w, https:\/\/blogs.uni-bremen.de\/spurwechsel\/files\/2015\/10\/DSCF8138k-758x1024.jpg 758w\" sizes=\"auto, (max-width: 2687px) 100vw, 2687px\" \/><\/a><\/p>\n<p>Gruppe 3:<\/p>\n<p><a href=\"https:\/\/blogs.uni-bremen.de\/spurwechsel\/files\/2015\/10\/DSCF8139k.jpg\" data-rel=\"lightbox-image-4\" data-rl_title=\"\" data-rl_caption=\"\" title=\"\"><img loading=\"lazy\" decoding=\"async\" class=\"alignnone size-full wp-image-227\" src=\"https:\/\/blogs.uni-bremen.de\/spurwechsel\/files\/2015\/10\/DSCF8139k.jpg\" alt=\"DSCF8139k\" width=\"2680\" height=\"3504\" srcset=\"https:\/\/blogs.uni-bremen.de\/spurwechsel\/files\/2015\/10\/DSCF8139k.jpg 2680w, https:\/\/blogs.uni-bremen.de\/spurwechsel\/files\/2015\/10\/DSCF8139k-229x300.jpg 229w, https:\/\/blogs.uni-bremen.de\/spurwechsel\/files\/2015\/10\/DSCF8139k-783x1024.jpg 783w\" sizes=\"auto, (max-width: 2680px) 100vw, 2680px\" \/><\/a><\/p>\n<p>Gruppe 4:<\/p>\n<p><a href=\"https:\/\/blogs.uni-bremen.de\/spurwechsel\/files\/2015\/10\/DSCF8141k.jpg\" data-rel=\"lightbox-image-5\" data-rl_title=\"\" data-rl_caption=\"\" title=\"\"><img loading=\"lazy\" decoding=\"async\" class=\"alignnone size-full wp-image-231\" src=\"https:\/\/blogs.uni-bremen.de\/spurwechsel\/files\/2015\/10\/DSCF8141k.jpg\" alt=\"DSCF8141k\" width=\"2793\" height=\"3153\" srcset=\"https:\/\/blogs.uni-bremen.de\/spurwechsel\/files\/2015\/10\/DSCF8141k.jpg 2793w, https:\/\/blogs.uni-bremen.de\/spurwechsel\/files\/2015\/10\/DSCF8141k-266x300.jpg 266w, https:\/\/blogs.uni-bremen.de\/spurwechsel\/files\/2015\/10\/DSCF8141k-907x1024.jpg 907w\" sizes=\"auto, (max-width: 2793px) 100vw, 2793px\" \/><\/a><\/p>\n<h2>Zukunftswerkstatt Teil 2 &#8222;Konkretisierung und Umsetzung&#8220;<\/h2>\n<p><em><strong>Was k\u00f6nnen wir wie umsetzen?<\/strong><\/em><\/p>\n<ol>\n<li>Gemeinsame Auswahl der Ideen zur weiteren Bearbeitung anhand der Fragen &#8222;Welche Ideen sind einfach umzusetzen (allein, schnell, kosteng\u00fcnstig)? Welche Ideen brauchen eine intensivere Vorbereitung (Recherche, Analyse, Kooperation)?&#8220;<\/li>\n<li>Individuelle Priorisierung durch Punktevergabe<\/li>\n<\/ol>\n<p><a href=\"https:\/\/blogs.uni-bremen.de\/spurwechsel\/files\/2015\/03\/DSCF8170k.jpg\" data-rel=\"lightbox-image-6\" data-rl_title=\"\" data-rl_caption=\"\" title=\"\"><img loading=\"lazy\" decoding=\"async\" class=\"alignnone size-full wp-image-277\" src=\"https:\/\/blogs.uni-bremen.de\/spurwechsel\/files\/2015\/03\/DSCF8170k.jpg\" alt=\"DSCF8170k\" width=\"2905\" height=\"3321\" srcset=\"https:\/\/blogs.uni-bremen.de\/spurwechsel\/files\/2015\/03\/DSCF8170k.jpg 2905w, https:\/\/blogs.uni-bremen.de\/spurwechsel\/files\/2015\/03\/DSCF8170k-262x300.jpg 262w, https:\/\/blogs.uni-bremen.de\/spurwechsel\/files\/2015\/03\/DSCF8170k-896x1024.jpg 896w\" sizes=\"auto, (max-width: 2905px) 100vw, 2905px\" \/><\/a><\/p>\n<p><a href=\"https:\/\/blogs.uni-bremen.de\/spurwechsel\/files\/2015\/03\/DSCF8169k.jpg\" data-rel=\"lightbox-image-7\" data-rl_title=\"\" data-rl_caption=\"\" title=\"\"><img loading=\"lazy\" decoding=\"async\" class=\"alignnone size-full wp-image-279\" src=\"https:\/\/blogs.uni-bremen.de\/spurwechsel\/files\/2015\/03\/DSCF8169k.jpg\" alt=\"DSCF8169k\" width=\"3081\" height=\"3145\" srcset=\"https:\/\/blogs.uni-bremen.de\/spurwechsel\/files\/2015\/03\/DSCF8169k.jpg 3081w, https:\/\/blogs.uni-bremen.de\/spurwechsel\/files\/2015\/03\/DSCF8169k-294x300.jpg 294w, https:\/\/blogs.uni-bremen.de\/spurwechsel\/files\/2015\/03\/DSCF8169k-1003x1024.jpg 1003w\" sizes=\"auto, (max-width: 3081px) 100vw, 3081px\" \/><\/a><\/p>\n<p><em><strong>Gruppenarbeit zur Ausarbeitung der Ideen und Themen in Form eines Steckbriefs:<\/strong> <\/em><\/p>\n<p><a href=\"https:\/\/blogs.uni-bremen.de\/spurwechsel\/files\/2015\/10\/DSCF8167k.jpg\" data-rel=\"lightbox-image-8\" data-rl_title=\"\" data-rl_caption=\"\" title=\"\"><img loading=\"lazy\" decoding=\"async\" class=\"alignnone size-full wp-image-243\" src=\"https:\/\/blogs.uni-bremen.de\/spurwechsel\/files\/2015\/10\/DSCF8167k.jpg\" alt=\"DSCF8167k\" width=\"2449\" height=\"3449\" srcset=\"https:\/\/blogs.uni-bremen.de\/spurwechsel\/files\/2015\/10\/DSCF8167k.jpg 2449w, https:\/\/blogs.uni-bremen.de\/spurwechsel\/files\/2015\/10\/DSCF8167k-213x300.jpg 213w, https:\/\/blogs.uni-bremen.de\/spurwechsel\/files\/2015\/10\/DSCF8167k-727x1024.jpg 727w\" sizes=\"auto, (max-width: 2449px) 100vw, 2449px\" \/><\/a><\/p>\n<p><a href=\"https:\/\/blogs.uni-bremen.de\/spurwechsel\/files\/2015\/10\/DSCF8168k.jpg\" data-rel=\"lightbox-image-9\" data-rl_title=\"\" data-rl_caption=\"\" title=\"\"><img loading=\"lazy\" decoding=\"async\" class=\"alignnone size-full wp-image-245\" src=\"https:\/\/blogs.uni-bremen.de\/spurwechsel\/files\/2015\/10\/DSCF8168k.jpg\" alt=\"DSCF8168k\" width=\"2609\" height=\"3289\" srcset=\"https:\/\/blogs.uni-bremen.de\/spurwechsel\/files\/2015\/10\/DSCF8168k.jpg 2609w, https:\/\/blogs.uni-bremen.de\/spurwechsel\/files\/2015\/10\/DSCF8168k-238x300.jpg 238w, https:\/\/blogs.uni-bremen.de\/spurwechsel\/files\/2015\/10\/DSCF8168k-812x1024.jpg 812w\" sizes=\"auto, (max-width: 2609px) 100vw, 2609px\" \/><\/a><\/p>\n<p>Steckbrief 1:<\/p>\n<p><a href=\"https:\/\/blogs.uni-bremen.de\/spurwechsel\/files\/2015\/10\/DSCF8213k.jpg\" data-rel=\"lightbox-image-10\" data-rl_title=\"\" data-rl_caption=\"\" title=\"\"><img loading=\"lazy\" decoding=\"async\" class=\"alignnone size-full wp-image-265\" src=\"https:\/\/blogs.uni-bremen.de\/spurwechsel\/files\/2015\/10\/DSCF8213k.jpg\" alt=\"DSCF8213k\" width=\"2545\" height=\"3409\" srcset=\"https:\/\/blogs.uni-bremen.de\/spurwechsel\/files\/2015\/10\/DSCF8213k.jpg 2545w, https:\/\/blogs.uni-bremen.de\/spurwechsel\/files\/2015\/10\/DSCF8213k-224x300.jpg 224w, https:\/\/blogs.uni-bremen.de\/spurwechsel\/files\/2015\/10\/DSCF8213k-764x1024.jpg 764w\" sizes=\"auto, (max-width: 2545px) 100vw, 2545px\" \/><\/a><\/p>\n<p><a href=\"https:\/\/blogs.uni-bremen.de\/spurwechsel\/files\/2015\/10\/DSCF8214k.jpg\" data-rel=\"lightbox-image-11\" data-rl_title=\"\" data-rl_caption=\"\" title=\"\"><img loading=\"lazy\" decoding=\"async\" class=\"alignnone size-full wp-image-267\" src=\"https:\/\/blogs.uni-bremen.de\/spurwechsel\/files\/2015\/10\/DSCF8214k.jpg\" alt=\"DSCF8214k\" width=\"2365\" height=\"2193\" srcset=\"https:\/\/blogs.uni-bremen.de\/spurwechsel\/files\/2015\/10\/DSCF8214k.jpg 2365w, https:\/\/blogs.uni-bremen.de\/spurwechsel\/files\/2015\/10\/DSCF8214k-300x278.jpg 300w, https:\/\/blogs.uni-bremen.de\/spurwechsel\/files\/2015\/10\/DSCF8214k-1024x950.jpg 1024w, https:\/\/blogs.uni-bremen.de\/spurwechsel\/files\/2015\/10\/DSCF8214k-324x300.jpg 324w\" sizes=\"auto, (max-width: 2365px) 100vw, 2365px\" \/><\/a><\/p>\n<p>Steckbrief 2:<\/p>\n<p><a href=\"https:\/\/blogs.uni-bremen.de\/spurwechsel\/files\/2015\/10\/DSCF8210k.jpg\" data-rel=\"lightbox-image-12\" data-rl_title=\"\" data-rl_caption=\"\" title=\"\"><img loading=\"lazy\" decoding=\"async\" class=\"alignnone size-full wp-image-261\" src=\"https:\/\/blogs.uni-bremen.de\/spurwechsel\/files\/2015\/10\/DSCF8210k.jpg\" alt=\"DSCF8210k\" width=\"2729\" height=\"3701\" srcset=\"https:\/\/blogs.uni-bremen.de\/spurwechsel\/files\/2015\/10\/DSCF8210k.jpg 2729w, https:\/\/blogs.uni-bremen.de\/spurwechsel\/files\/2015\/10\/DSCF8210k-221x300.jpg 221w, https:\/\/blogs.uni-bremen.de\/spurwechsel\/files\/2015\/10\/DSCF8210k-755x1024.jpg 755w\" sizes=\"auto, (max-width: 2729px) 100vw, 2729px\" \/><\/a><\/p>\n<p><a href=\"https:\/\/blogs.uni-bremen.de\/spurwechsel\/files\/2015\/10\/DSCF8211k.jpg\" data-rel=\"lightbox-image-13\" data-rl_title=\"\" data-rl_caption=\"\" title=\"\"><img loading=\"lazy\" decoding=\"async\" class=\"alignnone size-full wp-image-263\" src=\"https:\/\/blogs.uni-bremen.de\/spurwechsel\/files\/2015\/10\/DSCF8211k.jpg\" alt=\"DSCF8211k\" width=\"2361\" height=\"1513\" srcset=\"https:\/\/blogs.uni-bremen.de\/spurwechsel\/files\/2015\/10\/DSCF8211k.jpg 2361w, https:\/\/blogs.uni-bremen.de\/spurwechsel\/files\/2015\/10\/DSCF8211k-300x192.jpg 300w, https:\/\/blogs.uni-bremen.de\/spurwechsel\/files\/2015\/10\/DSCF8211k-1024x656.jpg 1024w, https:\/\/blogs.uni-bremen.de\/spurwechsel\/files\/2015\/10\/DSCF8211k-468x300.jpg 468w\" sizes=\"auto, (max-width: 2361px) 100vw, 2361px\" \/><\/a><\/p>\n<p>Steckbrief 3:<\/p>\n<p><a href=\"https:\/\/blogs.uni-bremen.de\/spurwechsel\/files\/2015\/10\/DSCF8205k.jpg\" data-rel=\"lightbox-image-14\" data-rl_title=\"\" data-rl_caption=\"\" title=\"\"><img loading=\"lazy\" decoding=\"async\" class=\"alignnone size-full wp-image-251\" src=\"https:\/\/blogs.uni-bremen.de\/spurwechsel\/files\/2015\/10\/DSCF8205k.jpg\" alt=\"DSCF8205k\" width=\"2985\" height=\"4001\" srcset=\"https:\/\/blogs.uni-bremen.de\/spurwechsel\/files\/2015\/10\/DSCF8205k.jpg 2985w, https:\/\/blogs.uni-bremen.de\/spurwechsel\/files\/2015\/10\/DSCF8205k-224x300.jpg 224w, https:\/\/blogs.uni-bremen.de\/spurwechsel\/files\/2015\/10\/DSCF8205k-764x1024.jpg 764w\" sizes=\"auto, (max-width: 2985px) 100vw, 2985px\" \/><\/a><\/p>\n<p><a href=\"https:\/\/blogs.uni-bremen.de\/spurwechsel\/files\/2015\/10\/DSCF8206k.jpg\" data-rel=\"lightbox-image-15\" data-rl_title=\"\" data-rl_caption=\"\" title=\"\"><img loading=\"lazy\" decoding=\"async\" class=\"alignnone size-full wp-image-255\" src=\"https:\/\/blogs.uni-bremen.de\/spurwechsel\/files\/2015\/10\/DSCF8206k.jpg\" alt=\"DSCF8206k\" width=\"2889\" height=\"2209\" srcset=\"https:\/\/blogs.uni-bremen.de\/spurwechsel\/files\/2015\/10\/DSCF8206k.jpg 2889w, https:\/\/blogs.uni-bremen.de\/spurwechsel\/files\/2015\/10\/DSCF8206k-300x229.jpg 300w, https:\/\/blogs.uni-bremen.de\/spurwechsel\/files\/2015\/10\/DSCF8206k-1024x783.jpg 1024w, https:\/\/blogs.uni-bremen.de\/spurwechsel\/files\/2015\/10\/DSCF8206k-392x300.jpg 392w\" sizes=\"auto, (max-width: 2889px) 100vw, 2889px\" \/><\/a><\/p>\n<p>Steckbrief 4:<\/p>\n<p><a href=\"https:\/\/blogs.uni-bremen.de\/spurwechsel\/files\/2015\/10\/DSCF8203k.jpg\" data-rel=\"lightbox-image-16\" data-rl_title=\"\" data-rl_caption=\"\" title=\"\"><img loading=\"lazy\" decoding=\"async\" class=\"alignnone size-full wp-image-249\" src=\"https:\/\/blogs.uni-bremen.de\/spurwechsel\/files\/2015\/10\/DSCF8203k.jpg\" alt=\"DSCF8203k\" width=\"2825\" height=\"3521\" srcset=\"https:\/\/blogs.uni-bremen.de\/spurwechsel\/files\/2015\/10\/DSCF8203k.jpg 2825w, https:\/\/blogs.uni-bremen.de\/spurwechsel\/files\/2015\/10\/DSCF8203k-241x300.jpg 241w, https:\/\/blogs.uni-bremen.de\/spurwechsel\/files\/2015\/10\/DSCF8203k-822x1024.jpg 822w\" sizes=\"auto, (max-width: 2825px) 100vw, 2825px\" \/><\/a><\/p>\n<p><a href=\"https:\/\/blogs.uni-bremen.de\/spurwechsel\/files\/2015\/10\/DSCF8208k.jpg\" data-rel=\"lightbox-image-17\" data-rl_title=\"\" data-rl_caption=\"\" title=\"\"><img loading=\"lazy\" decoding=\"async\" class=\"alignnone size-full wp-image-257\" src=\"https:\/\/blogs.uni-bremen.de\/spurwechsel\/files\/2015\/10\/DSCF8208k.jpg\" alt=\"DSCF8208k\" width=\"2921\" height=\"1665\" srcset=\"https:\/\/blogs.uni-bremen.de\/spurwechsel\/files\/2015\/10\/DSCF8208k.jpg 2921w, https:\/\/blogs.uni-bremen.de\/spurwechsel\/files\/2015\/10\/DSCF8208k-300x171.jpg 300w, https:\/\/blogs.uni-bremen.de\/spurwechsel\/files\/2015\/10\/DSCF8208k-1024x584.jpg 1024w, https:\/\/blogs.uni-bremen.de\/spurwechsel\/files\/2015\/10\/DSCF8208k-500x285.jpg 500w\" sizes=\"auto, (max-width: 2921px) 100vw, 2921px\" \/><\/a><\/p>\n<p><em><strong>Zusammenfassung der Ideen- und Themenentwicklung<\/strong><\/em><\/p>\n<p><a href=\"https:\/\/blogs.uni-bremen.de\/spurwechsel\/files\/2015\/10\/Zukunftswerkstatt.jpg\" data-rel=\"lightbox-image-18\" data-rl_title=\"\" data-rl_caption=\"\" title=\"\"><img loading=\"lazy\" decoding=\"async\" class=\"alignnone size-full wp-image-299\" src=\"https:\/\/blogs.uni-bremen.de\/spurwechsel\/files\/2015\/10\/Zukunftswerkstatt.jpg\" alt=\"Zukunftswerkstatt\" width=\"2019\" height=\"1439\" srcset=\"https:\/\/blogs.uni-bremen.de\/spurwechsel\/files\/2015\/10\/Zukunftswerkstatt.jpg 2019w, https:\/\/blogs.uni-bremen.de\/spurwechsel\/files\/2015\/10\/Zukunftswerkstatt-300x214.jpg 300w, https:\/\/blogs.uni-bremen.de\/spurwechsel\/files\/2015\/10\/Zukunftswerkstatt-1024x730.jpg 1024w, https:\/\/blogs.uni-bremen.de\/spurwechsel\/files\/2015\/10\/Zukunftswerkstatt-421x300.jpg 421w\" sizes=\"auto, (max-width: 2019px) 100vw, 2019px\" \/><\/a><\/p>\n<h1><\/h1>\n<h1><\/h1>\n<p>&nbsp;<\/p>\n","protected":false},"excerpt":{"rendered":"<p>\u00dcbergangsmanagement &#8211; Regional im Dialog Am 05.10.2015 fand im Rahmen des Projekts Spurwechsel der erste Werkstatt-Tag statt. Zum Thema &#8222;\u00dcbergangsmanagement &#8211; Regional im Dialog&#8220; haben regionale Vertreter\/-innen von Arbeit und Leben Bremerhaven e.V., des DGB&#8217;s, der Arbeitnehmerkammer Bremen, der EVG, &hellip; <a href=\"https:\/\/blogs.uni-bremen.de\/spurwechsel\/dokumentation\/\">Weiterlesen <span class=\"meta-nav\">&rarr;<\/span><\/a><\/p>\n","protected":false},"author":3464,"featured_media":0,"parent":0,"menu_order":5,"comment_status":"open","ping_status":"open","template":"","meta":{"_bbp_topic_count":0,"_bbp_reply_count":0,"_bbp_total_topic_count":0,"_bbp_total_reply_count":0,"_bbp_voice_count":0,"_bbp_anonymous_reply_count":0,"_bbp_topic_count_hidden":0,"_bbp_reply_count_hidden":0,"_bbp_forum_subforum_count":0,"footnotes":""},"class_list":["post-104","page","type-page","status-publish","hentry"],"_links":{"self":[{"href":"https:\/\/blogs.uni-bremen.de\/spurwechsel\/wp-json\/wp\/v2\/pages\/104","targetHints":{"allow":["GET"]}}],"collection":[{"href":"https:\/\/blogs.uni-bremen.de\/spurwechsel\/wp-json\/wp\/v2\/pages"}],"about":[{"href":"https:\/\/blogs.uni-bremen.de\/spurwechsel\/wp-json\/wp\/v2\/types\/page"}],"author":[{"embeddable":true,"href":"https:\/\/blogs.uni-bremen.de\/spurwechsel\/wp-json\/wp\/v2\/users\/3464"}],"replies":[{"embeddable":true,"href":"https:\/\/blogs.uni-bremen.de\/spurwechsel\/wp-json\/wp\/v2\/comments?post=104"}],"version-history":[{"count":10,"href":"https:\/\/blogs.uni-bremen.de\/spurwechsel\/wp-json\/wp\/v2\/pages\/104\/revisions"}],"predecessor-version":[{"id":545,"href":"https:\/\/blogs.uni-bremen.de\/spurwechsel\/wp-json\/wp\/v2\/pages\/104\/revisions\/545"}],"wp:attachment":[{"href":"https:\/\/blogs.uni-bremen.de\/spurwechsel\/wp-json\/wp\/v2\/media?parent=104"}],"curies":[{"name":"wp","href":"https:\/\/api.w.org\/{rel}","templated":true}]}}