{"id":297,"date":"2025-01-25T09:04:07","date_gmt":"2025-01-25T08:04:07","guid":{"rendered":"https:\/\/blogs.uni-bremen.de\/sozpsy\/?page_id=297"},"modified":"2025-01-27T22:05:26","modified_gmt":"2025-01-27T21:05:26","slug":"glossar","status":"publish","type":"page","link":"https:\/\/blogs.uni-bremen.de\/sozpsy\/glossar\/","title":{"rendered":"Glossar"},"content":{"rendered":"\n<h2 class=\"wp-block-heading\">Ausgew\u00e4hlte erkl\u00e4rte Worte<\/h2>\n\n\n\n<figure class=\"wp-block-table\"><table class=\"has-fixed-layout\"><tbody><tr><td class=\"has-text-align-center\" data-align=\"center\"><strong>Wort<\/strong><\/td><td class=\"has-text-align-center\" data-align=\"center\"><strong>Erkl\u00e4rung<\/strong><\/td><td class=\"has-text-align-center\" data-align=\"center\"><strong>Quelle<\/strong><\/td><\/tr><tr><td class=\"has-text-align-center\" data-align=\"center\">Aufgabenkonflikt<\/td><td class=\"has-text-align-center\" data-align=\"center\">Ein Aufgabenkonflikt ist eine Situation, in der ein Teammitglied bei Aufgaben und Zielen andere Meinungen, Ideen oder Perspektiven hat als seine\/ ihre Kolleg:innen.<\/td><td class=\"has-text-align-center\" data-align=\"center\"><a href=\"https:\/\/blogs.uni-bremen.de\/sozpsy\/blogbeitrag-gruppe-4\/\" data-type=\"link\" data-id=\"https:\/\/blogs.uni-bremen.de\/sozpsy\/blogbeitrag-gruppe-4\/\">Kooperation und Wettbewerb <\/a><\/td><\/tr><tr><td class=\"has-text-align-center\" data-align=\"center\">Bewertungsmuster<\/td><td class=\"has-text-align-center\" data-align=\"center\">Ein Bewertungsmuster ist eine feste Vorgehensweise oder Denkweise, nach der Dinge, Menschen oder Situationen beurteilt werden. Es legt fest, welche Merkmale wichtig sind, um eine Entscheidung oder Einsch\u00e4tzung zu treffen. Solche Muster helfen, Bewertungen schneller zu treffen, k\u00f6nnen aber auch voreingenommen sein.<\/td><td class=\"has-text-align-center\" data-align=\"center\"><a href=\"https:\/\/blogs.uni-bremen.de\/sozpsy\/blogbeitrag-gruppe-5\/\" data-type=\"link\" data-id=\"https:\/\/blogs.uni-bremen.de\/sozpsy\/blogbeitrag-gruppe-5\/\">Theorie der sozialen Identit\u00e4t<\/a><\/td><\/tr><tr><td class=\"has-text-align-center\" data-align=\"center\">Destruktiv<\/td><td class=\"has-text-align-center\" data-align=\"center\">\u201eDestruktiv&#8220; beschreibt in Gruppen oder Arbeitsprozessen ein Verhalten, das Harmonie, Zusammenarbeit oder Fortschritt st\u00f6rt und eher Konflikte oder R\u00fcckschritte verursacht.<\/td><td class=\"has-text-align-center\" data-align=\"center\"><a href=\"https:\/\/blogs.uni-bremen.de\/sozpsy\/blogbeitrag-gruppe-4\/\" data-type=\"link\" data-id=\"https:\/\/blogs.uni-bremen.de\/sozpsy\/blogbeitrag-gruppe-4\/\">Kooperation und Wettbewerb <\/a><\/td><\/tr><tr><td class=\"has-text-align-center\" data-align=\"center\">Frauenbild<\/td><td class=\"has-text-align-center\" data-align=\"center\">Ein Frauenbild ist die Vorstellung dar\u00fcber, wie Frauen sein sollen oder welche Aufgaben und Rollen sie in der Gesellschaft haben. Diese Vorstellungen k\u00f6nnen sich je nach Kultur und Zeit ver\u00e4ndern und sind von Person zu Person unterschiedlich.<\/td><td class=\"has-text-align-center\" data-align=\"center\"><a href=\"https:\/\/blogs.uni-bremen.de\/sozpsy\/blogbeitrag-gruppe-5\/\" data-type=\"link\" data-id=\"https:\/\/blogs.uni-bremen.de\/sozpsy\/blogbeitrag-gruppe-5\/\">Theorie der sozialen Identit\u00e4t<\/a><\/td><\/tr><tr><td class=\"has-text-align-center\" data-align=\"center\">F\u00fchrungsbild<\/td><td class=\"has-text-align-center\" data-align=\"center\">Ein F\u00fchrungsbild ist die Vorstellung davon, wie gute F\u00fchrung aussehen sollte. Es beschreibt die Werte, Prinzipien und Verhaltensweisen, die eine F\u00fchrungskraft in ihrer Rolle zeigen sollte, um erfolgreich zu sein. Das F\u00fchrungsbild dient als Orientierung f\u00fcr F\u00fchrungskr\u00e4fte und als Leitlinie f\u00fcr ihr Handeln.<\/td><td class=\"has-text-align-center\" data-align=\"center\"><a href=\"https:\/\/blogs.uni-bremen.de\/sozpsy\/blogbeitrag-gruppe-5\/\" data-type=\"link\" data-id=\"https:\/\/blogs.uni-bremen.de\/sozpsy\/blogbeitrag-gruppe-5\/\">Theorie der sozialen Identit\u00e4t<\/a><\/td><\/tr><tr><td class=\"has-text-align-center\" data-align=\"center\">F\u00fchrungsidentit\u00e4t<\/td><td class=\"has-text-align-center\" data-align=\"center\">F\u00fchrungsidentit\u00e4t beschreibt, wie eine Person ihre Rolle als F\u00fchrungskraft sieht. Sie umfasst Werte, \u00dcberzeugungen und Verhaltensweisen, die F\u00fchrung ausmachen. Diese Identit\u00e4t beeinflusst, wie eine F\u00fchrungskraft andere anleitet und Entscheidungen trifft. Sie entsteht durch Erfahrungen, Vorbilder und den Austausch mit anderen.<\/td><td class=\"has-text-align-center\" data-align=\"center\"><a href=\"https:\/\/blogs.uni-bremen.de\/sozpsy\/blogbeitrag-gruppe-5\/\" data-type=\"link\" data-id=\"https:\/\/blogs.uni-bremen.de\/sozpsy\/blogbeitrag-gruppe-5\/\">Theorie der sozialen Identit\u00e4t<\/a><\/td><\/tr><tr><td class=\"has-text-align-center\" data-align=\"center\">Geschlechtsidentit\u00e4t<\/td><td class=\"has-text-align-center\" data-align=\"center\">Die Geschlechtsidentit\u00e4t beschreibt, wie sich eine Person in Bezug auf ihr Geschlecht f\u00fchlt. Es ist das innere Wissen oder Empfinden, ob jemand sich z.B. als Frau, Mann oder nicht-bin\u00e4r sieht, unabh\u00e4ngig von biologischen Merkmalen. Die Geschlechtsidentit\u00e4t ist pers\u00f6nlich und kann f\u00fcr jede Person unterschiedlich sein.<\/td><td class=\"has-text-align-center\" data-align=\"center\"><a href=\"https:\/\/blogs.uni-bremen.de\/sozpsy\/blogbeitrag-gruppe-5\/\" data-type=\"link\" data-id=\"https:\/\/blogs.uni-bremen.de\/sozpsy\/blogbeitrag-gruppe-5\/\">Theorie der sozialen Identit\u00e4t<\/a><\/td><\/tr><tr><td class=\"has-text-align-center\" data-align=\"center\">Geschlechterstereotype<\/td><td class=\"has-text-align-center\" data-align=\"center\">Geschlechterstereotype sind feste Vorstellungen oder Klischees dar\u00fcber, wie M\u00e4nner und Frauen sein sollen. Sie beschreiben typische Eigenschaften, Verhaltensweisen oder Rollen, die einem Geschlecht zugeschrieben werden. Solche Stereotype k\u00f6nnen das Denken und Verhalten beeinflussen und zu Ungleichbehandlungen f\u00fchren.<\/td><td class=\"has-text-align-center\" data-align=\"center\"><a href=\"https:\/\/blogs.uni-bremen.de\/sozpsy\/blogbeitrag-gruppe-5\/\" data-type=\"link\" data-id=\"https:\/\/blogs.uni-bremen.de\/sozpsy\/blogbeitrag-gruppe-5\/\">Theorie der sozialen Identit\u00e4t<\/a><\/td><\/tr><tr><td class=\"has-text-align-center\" data-align=\"center\">gl\u00e4serne Decke<\/td><td class=\"has-text-align-center\" data-align=\"center\">Die &#8222;gl\u00e4serne Decke&#8220; ist eine Metapher, die eine unsichtbare, aber dennoch sp\u00fcrbare Barriere beschreibt, die bestimmte Gruppen von Menschen daran hindert, in ihrer Karriere weiter aufzusteigen, insbesondere in F\u00fchrungspositionen oder in stark hierarchischen Strukturen.<\/td><td class=\"has-text-align-center\" data-align=\"center\"><a href=\"https:\/\/blogs.uni-bremen.de\/sozpsy\/blogbeitrag-gruppe-5\/\" data-type=\"link\" data-id=\"https:\/\/blogs.uni-bremen.de\/sozpsy\/blogbeitrag-gruppe-5\/\">Theorie der sozialen Identit\u00e4t<\/a><\/td><\/tr><tr><td class=\"has-text-align-center\" data-align=\"center\">Identit\u00e4ten<\/td><td class=\"has-text-align-center\" data-align=\"center\">Identit\u00e4ten sind die Merkmale, Eigenschaften und \u00dcberzeugungen, die beschreiben, wer eine Person ist. Dazu geh\u00f6ren pers\u00f6nliche Dinge wie Name, Geschlecht, Herkunft, Werte, Interessen und auch die Zugeh\u00f6rigkeit zu bestimmten Gruppen, wie Familie, Beruf oder Kultur. Identit\u00e4ten zeigen, wie Menschen sich selbst sehen und wie sie von anderen wahrgenommen werden.<\/td><td class=\"has-text-align-center\" data-align=\"center\"><a href=\"https:\/\/blogs.uni-bremen.de\/sozpsy\/blogbeitrag-gruppe-5\/\" data-type=\"link\" data-id=\"https:\/\/blogs.uni-bremen.de\/sozpsy\/blogbeitrag-gruppe-5\/\">Theorie der sozialen Identit\u00e4t<\/a><\/td><\/tr><tr><td class=\"has-text-align-center\" data-align=\"center\">kompetitive Beziehung<br \/><\/td><td class=\"has-text-align-center\" data-align=\"center\">In einer kompetitiven Beziehung verfolgen Personen kein gemeinsames Ziel.\u00a0<br \/>Kooperation und Wettbewerb<\/td><td class=\"has-text-align-center\" data-align=\"center\"><a href=\"https:\/\/blogs.uni-bremen.de\/sozpsy\/blogbeitrag-gruppe-4\/\" data-type=\"link\" data-id=\"https:\/\/blogs.uni-bremen.de\/sozpsy\/blogbeitrag-gruppe-4\/\">Kooperation und Wettbewerb<\/a> <\/td><\/tr><tr><td class=\"has-text-align-center\" data-align=\"center\">Konstruktiv<\/td><td class=\"has-text-align-center\" data-align=\"center\">\u201eKonstruktiv&#8220; beschreibt, dass etwas darauf abzielt, n\u00fctzlich, aufbauend oder f\u00f6rderlich zu sein, besonders bei der L\u00f6sung von Problemen oder der Verbesserung einer Situation.<br \/>Kooperation und Wettbewerb<\/td><td class=\"has-text-align-center\" data-align=\"center\"><a href=\"https:\/\/blogs.uni-bremen.de\/sozpsy\/blogbeitrag-gruppe-4\/\" data-type=\"link\" data-id=\"https:\/\/blogs.uni-bremen.de\/sozpsy\/blogbeitrag-gruppe-4\/\">Kooperation und Wettbewerb <\/a><\/td><\/tr><tr><td class=\"has-text-align-center\" data-align=\"center\">konkurrierendes Konfliktmanagement<\/td><td class=\"has-text-align-center\" data-align=\"center\">Nach Deutsch besteht konkurrierendes Konfliktmanagement darin, auf die Unvereinbarkeit der jeweiligen Ziele zu beharren und so eine Win-Lose-Situation oder eine Lose-Lose-Situation zu schaffen. Die Konfliktparteien arbeiten gezielt gegeneinander, um ihre eigene L\u00f6sung durchzusetzen.<\/td><td class=\"has-text-align-center\" data-align=\"center\"><a href=\"https:\/\/blogs.uni-bremen.de\/sozpsy\/blogbeitrag-gruppe-4\/\" data-type=\"link\" data-id=\"https:\/\/blogs.uni-bremen.de\/sozpsy\/blogbeitrag-gruppe-4\/\">Kooperation und Wettbewerb<\/a><\/td><\/tr><tr><td class=\"has-text-align-center\" data-align=\"center\">kooperatives Konfliktmanagement <\/td><td class=\"has-text-align-center\" data-align=\"center\">Nach Deutsch besteht kooperatives Konfliktmanagement darin, den Konflikt als eine gemeinsame Win-Win-Situation zu betrachten und unvoreingenommen die beste Idee auszuw\u00e4hlen. So soll ein Ergebnis erzielt werden, das f\u00fcr alle Parteien vorteilhaft ist.\u00a0<\/td><td class=\"has-text-align-center\" data-align=\"center\"><a href=\"https:\/\/blogs.uni-bremen.de\/sozpsy\/blogbeitrag-gruppe-4\/\" data-type=\"link\" data-id=\"https:\/\/blogs.uni-bremen.de\/sozpsy\/blogbeitrag-gruppe-4\/\">Kooperation und Wettbewerb<\/a><\/td><\/tr><tr><td class=\"has-text-align-center\" data-align=\"center\">Kreativit\u00e4t<\/td><td class=\"has-text-align-center\" data-align=\"center\">&#8222;Kreativit\u00e4t&#8220; beschreibt die F\u00e4higkeit, neuartige und potenziell n\u00fctzliche Ideen zu entwickeln. In Organisationen ist die Kreativit\u00e4t eng mit Innovationen und dem Austausch von Wissen und Perspektiven verbunden.<br \/>Kooperation und Wettbewerb<\/td><td class=\"has-text-align-center\" data-align=\"center\"><a href=\"https:\/\/blogs.uni-bremen.de\/sozpsy\/blogbeitrag-gruppe-4\/\" data-type=\"link\" data-id=\"https:\/\/blogs.uni-bremen.de\/sozpsy\/blogbeitrag-gruppe-4\/\">Kooperation und Wettbewerb <\/a><\/td><\/tr><tr><td class=\"has-text-align-center\" data-align=\"center\">sicherer Rahmen <\/td><td class=\"has-text-align-center\" data-align=\"center\">Eine offene und wertsch\u00e4tzende Atmosph\u00e4re, in der Ideen und Anliegen frei und ohne Vorbehalte ge\u00e4u\u00dfert werden k\u00f6nnen.<\/td><td class=\"has-text-align-center\" data-align=\"center\"><a href=\"https:\/\/blogs.uni-bremen.de\/sozpsy\/blogbeitrag-gruppe-4\/\" data-type=\"link\" data-id=\"https:\/\/blogs.uni-bremen.de\/sozpsy\/blogbeitrag-gruppe-4\/\">Kooperation und Wettbewerb <\/a><\/td><\/tr><tr><td class=\"has-text-align-center\" data-align=\"center\"><\/td><td class=\"has-text-align-center\" data-align=\"center\"><\/td><td class=\"has-text-align-center\" data-align=\"center\"><\/td><\/tr><tr><td class=\"has-text-align-center\" data-align=\"center\"><\/td><td class=\"has-text-align-center\" data-align=\"center\"><\/td><td class=\"has-text-align-center\" data-align=\"center\"><\/td><\/tr><tr><td class=\"has-text-align-center\" data-align=\"center\"><\/td><td class=\"has-text-align-center\" data-align=\"center\"><\/td><td class=\"has-text-align-center\" data-align=\"center\"><\/td><\/tr><tr><td class=\"has-text-align-center\" data-align=\"center\"><\/td><td class=\"has-text-align-center\" data-align=\"center\"><\/td><td class=\"has-text-align-center\" data-align=\"center\"><\/td><\/tr><tr><td class=\"has-text-align-center\" data-align=\"center\"><\/td><td class=\"has-text-align-center\" data-align=\"center\"><\/td><td class=\"has-text-align-center\" data-align=\"center\"><\/td><\/tr><tr><td class=\"has-text-align-center\" data-align=\"center\"><\/td><td class=\"has-text-align-center\" data-align=\"center\"><\/td><td class=\"has-text-align-center\" data-align=\"center\"><\/td><\/tr><tr><td class=\"has-text-align-center\" data-align=\"center\"><\/td><td class=\"has-text-align-center\" data-align=\"center\"><\/td><td class=\"has-text-align-center\" data-align=\"center\"><\/td><\/tr><tr><td class=\"has-text-align-center\" data-align=\"center\"><\/td><td class=\"has-text-align-center\" data-align=\"center\"><\/td><td class=\"has-text-align-center\" data-align=\"center\"><\/td><\/tr><tr><td class=\"has-text-align-center\" data-align=\"center\"><\/td><td class=\"has-text-align-center\" data-align=\"center\"><\/td><td class=\"has-text-align-center\" data-align=\"center\"><\/td><\/tr><tr><td class=\"has-text-align-center\" data-align=\"center\"><\/td><td class=\"has-text-align-center\" data-align=\"center\"><\/td><td class=\"has-text-align-center\" data-align=\"center\"><\/td><\/tr><tr><td class=\"has-text-align-center\" data-align=\"center\"><\/td><td class=\"has-text-align-center\" data-align=\"center\"><\/td><td class=\"has-text-align-center\" data-align=\"center\"><\/td><\/tr><tr><td class=\"has-text-align-center\" data-align=\"center\"><\/td><td class=\"has-text-align-center\" data-align=\"center\"><\/td><td class=\"has-text-align-center\" data-align=\"center\"><\/td><\/tr><tr><td class=\"has-text-align-center\" data-align=\"center\"><\/td><td class=\"has-text-align-center\" data-align=\"center\"><\/td><td class=\"has-text-align-center\" data-align=\"center\"><\/td><\/tr><tr><td class=\"has-text-align-center\" data-align=\"center\"><\/td><td class=\"has-text-align-center\" data-align=\"center\"><\/td><td class=\"has-text-align-center\" data-align=\"center\"><\/td><\/tr><tr><td class=\"has-text-align-center\" data-align=\"center\"><\/td><td class=\"has-text-align-center\" data-align=\"center\"><\/td><td class=\"has-text-align-center\" data-align=\"center\"><\/td><\/tr><tr><td class=\"has-text-align-center\" data-align=\"center\"><\/td><td class=\"has-text-align-center\" data-align=\"center\"><\/td><td class=\"has-text-align-center\" data-align=\"center\"><\/td><\/tr><tr><td class=\"has-text-align-center\" data-align=\"center\"><\/td><td class=\"has-text-align-center\" data-align=\"center\"><\/td><td class=\"has-text-align-center\" data-align=\"center\"><\/td><\/tr><tr><td class=\"has-text-align-center\" data-align=\"center\"><\/td><td class=\"has-text-align-center\" data-align=\"center\"><\/td><td class=\"has-text-align-center\" data-align=\"center\"><\/td><\/tr><tr><td class=\"has-text-align-center\" data-align=\"center\"><\/td><td class=\"has-text-align-center\" data-align=\"center\"><\/td><td class=\"has-text-align-center\" data-align=\"center\"><\/td><\/tr><tr><td class=\"has-text-align-center\" data-align=\"center\"><\/td><td class=\"has-text-align-center\" data-align=\"center\"><\/td><td class=\"has-text-align-center\" data-align=\"center\"><\/td><\/tr><tr><td class=\"has-text-align-center\" data-align=\"center\"><\/td><td class=\"has-text-align-center\" data-align=\"center\"><\/td><td class=\"has-text-align-center\" data-align=\"center\"><\/td><\/tr><tr><td class=\"has-text-align-center\" data-align=\"center\"><\/td><td class=\"has-text-align-center\" data-align=\"center\"><\/td><td class=\"has-text-align-center\" data-align=\"center\"><\/td><\/tr><\/tbody><\/table><\/figure>\n","protected":false},"excerpt":{"rendered":"<p>Ausgew\u00e4hlte erkl\u00e4rte Worte Wort Erkl\u00e4rung Quelle Aufgabenkonflikt Ein Aufgabenkonflikt ist eine Situation, in der ein Teammitglied bei Aufgaben und Zielen andere Meinungen, Ideen oder Perspektiven [&hellip;]<\/p>\n","protected":false},"author":16089,"featured_media":0,"parent":0,"menu_order":0,"comment_status":"closed","ping_status":"closed","template":"","meta":{"_bbp_topic_count":0,"_bbp_reply_count":0,"_bbp_total_topic_count":0,"_bbp_total_reply_count":0,"_bbp_voice_count":0,"_bbp_anonymous_reply_count":0,"_bbp_topic_count_hidden":0,"_bbp_reply_count_hidden":0,"_bbp_forum_subforum_count":0,"footnotes":""},"class_list":["post-297","page","type-page","status-publish","hentry"],"_links":{"self":[{"href":"https:\/\/blogs.uni-bremen.de\/sozpsy\/wp-json\/wp\/v2\/pages\/297","targetHints":{"allow":["GET"]}}],"collection":[{"href":"https:\/\/blogs.uni-bremen.de\/sozpsy\/wp-json\/wp\/v2\/pages"}],"about":[{"href":"https:\/\/blogs.uni-bremen.de\/sozpsy\/wp-json\/wp\/v2\/types\/page"}],"author":[{"embeddable":true,"href":"https:\/\/blogs.uni-bremen.de\/sozpsy\/wp-json\/wp\/v2\/users\/16089"}],"replies":[{"embeddable":true,"href":"https:\/\/blogs.uni-bremen.de\/sozpsy\/wp-json\/wp\/v2\/comments?post=297"}],"version-history":[{"count":6,"href":"https:\/\/blogs.uni-bremen.de\/sozpsy\/wp-json\/wp\/v2\/pages\/297\/revisions"}],"predecessor-version":[{"id":315,"href":"https:\/\/blogs.uni-bremen.de\/sozpsy\/wp-json\/wp\/v2\/pages\/297\/revisions\/315"}],"wp:attachment":[{"href":"https:\/\/blogs.uni-bremen.de\/sozpsy\/wp-json\/wp\/v2\/media?parent=297"}],"curies":[{"name":"wp","href":"https:\/\/api.w.org\/{rel}","templated":true}]}}