{"id":19,"date":"2024-12-11T14:51:38","date_gmt":"2024-12-11T13:51:38","guid":{"rendered":"https:\/\/blogs.uni-bremen.de\/sozpsy\/?page_id=19"},"modified":"2025-01-28T13:44:18","modified_gmt":"2025-01-28T12:44:18","slug":"kein-titel","status":"publish","type":"page","link":"https:\/\/blogs.uni-bremen.de\/sozpsy\/","title":{"rendered":""},"content":{"rendered":"\n<h1 class=\"wp-block-heading has-text-align-center\">Hallo liebe Leser:innen!<\/h1>\n\n\n<div class=\"wp-block-image\">\n<figure class=\"aligncenter size-large is-resized\"><img loading=\"lazy\" decoding=\"async\" width=\"2560\" height=\"1440\" src=\"https:\/\/blogs.uni-bremen.de\/sozpsy\/files\/WhatsApp-Image-2024-12-04-at-17.03.05-edited-scaled.jpeg\" alt=\"\" class=\"wp-image-180\" style=\"width:662px;height:auto\" srcset=\"https:\/\/blogs.uni-bremen.de\/sozpsy\/files\/WhatsApp-Image-2024-12-04-at-17.03.05-edited-scaled.jpeg 2560w, https:\/\/blogs.uni-bremen.de\/sozpsy\/files\/WhatsApp-Image-2024-12-04-at-17.03.05-edited-300x169.jpeg 300w, https:\/\/blogs.uni-bremen.de\/sozpsy\/files\/WhatsApp-Image-2024-12-04-at-17.03.05-edited-1024x576.jpeg 1024w, https:\/\/blogs.uni-bremen.de\/sozpsy\/files\/WhatsApp-Image-2024-12-04-at-17.03.05-edited-768x432.jpeg 768w, https:\/\/blogs.uni-bremen.de\/sozpsy\/files\/WhatsApp-Image-2024-12-04-at-17.03.05-edited-1536x864.jpeg 1536w, https:\/\/blogs.uni-bremen.de\/sozpsy\/files\/WhatsApp-Image-2024-12-04-at-17.03.05-edited-2048x1152.jpeg 2048w\" sizes=\"auto, (max-width: 2560px) 100vw, 2560px\" \/><\/figure>\n<\/div>\n\n\n<p class=\"has-text-align-center\"><br \/>Willkommen auf unserem Blog, wo wir, die Masterstudierende Wirtschaftspsychologie 23\/24, euch in die Welt der Sozialpsychologie und ihrer Bedeutung f\u00fcr den Alltag einf\u00fchren.<br \/>Viel Spa\u00df beim Lesen!<\/p>\n\n\n\n<div style=\"height:100px\" aria-hidden=\"true\" class=\"wp-block-spacer\"><\/div>\n\n\n\n<p class=\"has-text-align-left\"><strong>Hier findet ihr unsere Blogbeitr\u00e4ge:<\/strong><\/p>\n\n\n\n<div class=\"wp-block-columns is-layout-flex wp-container-core-columns-is-layout-9d6595d7 wp-block-columns-is-layout-flex\">\n<div class=\"wp-block-column is-layout-flow wp-block-column-is-layout-flow\" style=\"flex-basis:100%\">\n<h2 class=\"wp-block-heading\">Soziale Rollentheorie<\/h2>\n\n\n\n<figure class=\"wp-block-image size-large\"><img loading=\"lazy\" decoding=\"async\" width=\"1024\" height=\"683\" src=\"https:\/\/blogs.uni-bremen.de\/sozpsy\/files\/Karriere-nach-Rezept-Soziale-Rollentheorie-1-1024x683.jpg\" alt=\"\" class=\"wp-image-396\" srcset=\"https:\/\/blogs.uni-bremen.de\/sozpsy\/files\/Karriere-nach-Rezept-Soziale-Rollentheorie-1-1024x683.jpg 1024w, https:\/\/blogs.uni-bremen.de\/sozpsy\/files\/Karriere-nach-Rezept-Soziale-Rollentheorie-1-300x200.jpg 300w, https:\/\/blogs.uni-bremen.de\/sozpsy\/files\/Karriere-nach-Rezept-Soziale-Rollentheorie-1-768x512.jpg 768w, https:\/\/blogs.uni-bremen.de\/sozpsy\/files\/Karriere-nach-Rezept-Soziale-Rollentheorie-1-1536x1024.jpg 1536w, https:\/\/blogs.uni-bremen.de\/sozpsy\/files\/Karriere-nach-Rezept-Soziale-Rollentheorie-1-2048x1365.jpg 2048w\" sizes=\"auto, (max-width: 1024px) 100vw, 1024px\" \/><\/figure>\n\n\n\n<p>Wie kann dein Geschlecht deinen Lebensweg bestimmen?<\/p>\n\n\n\n<div class=\"wp-block-buttons is-layout-flex wp-block-buttons-is-layout-flex\">\n<div class=\"wp-block-button\"><a class=\"wp-block-button__link wp-element-button\" href=\"https:\/\/blogs.uni-bremen.de\/sozpsy\/karriere-nach-rezept-wie-dein-geschlecht-deinen-lebensweg-bestimmt\/\">Mehr erfahren<\/a><\/div>\n<\/div>\n<\/div>\n\n\n\n<div class=\"wp-block-column is-layout-flow wp-block-column-is-layout-flow\" style=\"flex-basis:100%\">\n<h2 class=\"wp-block-heading\">Soziale Ungleichheit<\/h2>\n\n\n\n<figure class=\"wp-block-image size-large\"><img loading=\"lazy\" decoding=\"async\" width=\"1024\" height=\"683\" src=\"https:\/\/blogs.uni-bremen.de\/sozpsy\/files\/Expectation-States-Theory-2-1-1024x683.jpg\" alt=\"\" class=\"wp-image-397\" srcset=\"https:\/\/blogs.uni-bremen.de\/sozpsy\/files\/Expectation-States-Theory-2-1-1024x683.jpg 1024w, https:\/\/blogs.uni-bremen.de\/sozpsy\/files\/Expectation-States-Theory-2-1-300x200.jpg 300w, https:\/\/blogs.uni-bremen.de\/sozpsy\/files\/Expectation-States-Theory-2-1-768x512.jpg 768w, https:\/\/blogs.uni-bremen.de\/sozpsy\/files\/Expectation-States-Theory-2-1-1536x1024.jpg 1536w, https:\/\/blogs.uni-bremen.de\/sozpsy\/files\/Expectation-States-Theory-2-1-2048x1365.jpg 2048w\" sizes=\"auto, (max-width: 1024px) 100vw, 1024px\" \/><\/figure>\n\n\n\n<p>Was w\u00fcrde sich ver\u00e4ndern, wenn jede Idee Geh\u00f6r findet?<\/p>\n\n\n\n<div class=\"wp-block-buttons is-layout-flex wp-block-buttons-is-layout-flex\">\n<div class=\"wp-block-button\"><a class=\"wp-block-button__link wp-element-button\" href=\"https:\/\/blogs.uni-bremen.de\/sozpsy\/warum-manche-stimmen-lauter-klingen\/\">Mehr erfahren<\/a><\/div>\n<\/div>\n<\/div>\n\n\n\n<div class=\"wp-block-column is-layout-flow wp-block-column-is-layout-flow\" style=\"flex-basis:100%\">\n<h2 class=\"wp-block-heading\">Selbstwert<\/h2>\n\n\n\n<figure class=\"wp-block-image size-large\"><img loading=\"lazy\" decoding=\"async\" width=\"1024\" height=\"683\" src=\"https:\/\/blogs.uni-bremen.de\/sozpsy\/files\/Self-Verification-Theorie-SVT-1-1024x683.jpg\" alt=\"\" class=\"wp-image-399\" srcset=\"https:\/\/blogs.uni-bremen.de\/sozpsy\/files\/Self-Verification-Theorie-SVT-1-1024x683.jpg 1024w, https:\/\/blogs.uni-bremen.de\/sozpsy\/files\/Self-Verification-Theorie-SVT-1-300x200.jpg 300w, https:\/\/blogs.uni-bremen.de\/sozpsy\/files\/Self-Verification-Theorie-SVT-1-768x512.jpg 768w, https:\/\/blogs.uni-bremen.de\/sozpsy\/files\/Self-Verification-Theorie-SVT-1-1536x1024.jpg 1536w, https:\/\/blogs.uni-bremen.de\/sozpsy\/files\/Self-Verification-Theorie-SVT-1-2048x1365.jpg 2048w\" sizes=\"auto, (max-width: 1024px) 100vw, 1024px\" \/><\/figure>\n\n\n\n<p>Was passiert, wenn sich Feedback nicht richtig anf\u00fchlt?<\/p>\n\n\n\n<div class=\"wp-block-buttons is-layout-flex wp-block-buttons-is-layout-flex\">\n<div class=\"wp-block-button\"><a class=\"wp-block-button__link wp-element-button\" href=\"https:\/\/blogs.uni-bremen.de\/sozpsy\/sehen-sie-mich-wirklich-wie-ich-bin-wenn-das-feedback-von-der-fuehrungskraft-nicht-zur-selbstwahrnehmung-passt\/\">Mehr erfahren<\/a><\/div>\n<\/div>\n<\/div>\n<\/div>\n\n\n\n<div style=\"height:100px\" aria-hidden=\"true\" class=\"wp-block-spacer\"><\/div>\n\n\n\n<div class=\"wp-block-columns is-layout-flex wp-container-core-columns-is-layout-9d6595d7 wp-block-columns-is-layout-flex\">\n<div class=\"wp-block-column is-layout-flow wp-block-column-is-layout-flow\" style=\"flex-basis:100%\">\n<h2 class=\"wp-block-heading\">Kooperation &amp; Wettbewerb<\/h2>\n\n\n\n<figure class=\"wp-block-image size-large\"><img loading=\"lazy\" decoding=\"async\" width=\"1024\" height=\"683\" src=\"https:\/\/blogs.uni-bremen.de\/sozpsy\/files\/Kooperation-und-Wettbewerb-1-1024x683.jpg\" alt=\"\" class=\"wp-image-400\" srcset=\"https:\/\/blogs.uni-bremen.de\/sozpsy\/files\/Kooperation-und-Wettbewerb-1-1024x683.jpg 1024w, https:\/\/blogs.uni-bremen.de\/sozpsy\/files\/Kooperation-und-Wettbewerb-1-300x200.jpg 300w, https:\/\/blogs.uni-bremen.de\/sozpsy\/files\/Kooperation-und-Wettbewerb-1-768x512.jpg 768w, https:\/\/blogs.uni-bremen.de\/sozpsy\/files\/Kooperation-und-Wettbewerb-1-1536x1024.jpg 1536w, https:\/\/blogs.uni-bremen.de\/sozpsy\/files\/Kooperation-und-Wettbewerb-1-2048x1365.jpg 2048w\" sizes=\"auto, (max-width: 1024px) 100vw, 1024px\" \/><\/figure>\n\n\n\n<p>Wie k\u00f6nnen Konflikte bessere Ideen f\u00f6rdern?<\/p>\n\n\n\n<div class=\"wp-block-buttons is-layout-flex wp-block-buttons-is-layout-flex\">\n<div class=\"wp-block-button\"><a class=\"wp-block-button__link wp-element-button\" href=\"https:\/\/blogs.uni-bremen.de\/sozpsy\/kreativitaet-durch-konflikt-wie-produktive-auseinandersetzungen-die-besten-ideen-foerdern-koennen\/\">Mehr erfahren<\/a><\/div>\n<\/div>\n<\/div>\n\n\n\n<div class=\"wp-block-column is-layout-flow wp-block-column-is-layout-flow\" style=\"flex-basis:100%\">\n<h2 class=\"wp-block-heading\">Theorie der sozialen Identit\u00e4t<\/h2>\n\n\n\n<figure class=\"wp-block-image size-large\"><img loading=\"lazy\" decoding=\"async\" width=\"1024\" height=\"683\" src=\"https:\/\/blogs.uni-bremen.de\/sozpsy\/files\/Theorie-der-sozialen-Indentitaet-2-1024x683.jpg\" alt=\"\" class=\"wp-image-401\" srcset=\"https:\/\/blogs.uni-bremen.de\/sozpsy\/files\/Theorie-der-sozialen-Indentitaet-2-1024x683.jpg 1024w, https:\/\/blogs.uni-bremen.de\/sozpsy\/files\/Theorie-der-sozialen-Indentitaet-2-300x200.jpg 300w, https:\/\/blogs.uni-bremen.de\/sozpsy\/files\/Theorie-der-sozialen-Indentitaet-2-768x512.jpg 768w, https:\/\/blogs.uni-bremen.de\/sozpsy\/files\/Theorie-der-sozialen-Indentitaet-2-1536x1024.jpg 1536w, https:\/\/blogs.uni-bremen.de\/sozpsy\/files\/Theorie-der-sozialen-Indentitaet-2-2048x1365.jpg 2048w\" sizes=\"auto, (max-width: 1024px) 100vw, 1024px\" \/><\/figure>\n\n\n\n<p>Wie k\u00f6nnen Frauen ihre Identit\u00e4t als St\u00e4rke nutzen?<\/p>\n\n\n\n<div class=\"wp-block-buttons is-layout-flex wp-block-buttons-is-layout-flex\">\n<div class=\"wp-block-button\"><a class=\"wp-block-button__link wp-element-button\" href=\"https:\/\/blogs.uni-bremen.de\/sozpsy\/die-glaeserne-decke-durchbrechen-wie-frauen-ihre-identitaet-als-staerke-fuer-fuehrungsrollen-nutzen-koennen\/\">Mehr erfahren<\/a><\/div>\n<\/div>\n<\/div>\n\n\n\n<div class=\"wp-block-column is-layout-flow wp-block-column-is-layout-flow\" style=\"flex-basis:100%\">\n<h2 class=\"wp-block-heading\">Entstehung von Aggression<\/h2>\n\n\n\n<figure class=\"wp-block-image size-large\"><img loading=\"lazy\" decoding=\"async\" width=\"1024\" height=\"683\" src=\"https:\/\/blogs.uni-bremen.de\/sozpsy\/files\/Entstehung-von-Aggression-GAAM-3-1-1024x683.jpg\" alt=\"\" class=\"wp-image-402\" srcset=\"https:\/\/blogs.uni-bremen.de\/sozpsy\/files\/Entstehung-von-Aggression-GAAM-3-1-1024x683.jpg 1024w, https:\/\/blogs.uni-bremen.de\/sozpsy\/files\/Entstehung-von-Aggression-GAAM-3-1-300x200.jpg 300w, https:\/\/blogs.uni-bremen.de\/sozpsy\/files\/Entstehung-von-Aggression-GAAM-3-1-768x512.jpg 768w, https:\/\/blogs.uni-bremen.de\/sozpsy\/files\/Entstehung-von-Aggression-GAAM-3-1-1536x1024.jpg 1536w, https:\/\/blogs.uni-bremen.de\/sozpsy\/files\/Entstehung-von-Aggression-GAAM-3-1-2048x1365.jpg 2048w\" sizes=\"auto, (max-width: 1024px) 100vw, 1024px\" \/><\/figure>\n\n\n\n<p>Wie kann Werbung daf\u00fcr sorgen, dass wir aggressiv werden?<\/p>\n\n\n\n<div class=\"wp-block-buttons is-layout-flex wp-block-buttons-is-layout-flex\">\n<div class=\"wp-block-button\"><a class=\"wp-block-button__link wp-element-button\" href=\"https:\/\/blogs.uni-bremen.de\/sozpsy\/du-bist-nicht-du-wenn-du-gewalttaetig-humorvolle-werbung-schaust\/\">Mehr erfahren<\/a><\/div>\n<\/div>\n<\/div>\n<\/div>\n\n\n\n<div style=\"height:100px\" aria-hidden=\"true\" class=\"wp-block-spacer\"><\/div>\n\n\n\n<div class=\"wp-block-columns is-layout-flex wp-container-core-columns-is-layout-9d6595d7 wp-block-columns-is-layout-flex\">\n<div class=\"wp-block-column is-layout-flow wp-block-column-is-layout-flow\" style=\"flex-basis:100%\">\n<h2 class=\"wp-block-heading\">Emotionen und Informationsverarbeitung<\/h2>\n\n\n\n<figure class=\"wp-block-image size-large\"><img loading=\"lazy\" decoding=\"async\" width=\"1024\" height=\"683\" src=\"https:\/\/blogs.uni-bremen.de\/sozpsy\/files\/Feelings-as-Information-Theory-2-1-1024x683.jpg\" alt=\"\" class=\"wp-image-403\" srcset=\"https:\/\/blogs.uni-bremen.de\/sozpsy\/files\/Feelings-as-Information-Theory-2-1-1024x683.jpg 1024w, https:\/\/blogs.uni-bremen.de\/sozpsy\/files\/Feelings-as-Information-Theory-2-1-300x200.jpg 300w, https:\/\/blogs.uni-bremen.de\/sozpsy\/files\/Feelings-as-Information-Theory-2-1-768x512.jpg 768w, https:\/\/blogs.uni-bremen.de\/sozpsy\/files\/Feelings-as-Information-Theory-2-1-1536x1024.jpg 1536w, https:\/\/blogs.uni-bremen.de\/sozpsy\/files\/Feelings-as-Information-Theory-2-1-2048x1365.jpg 2048w\" sizes=\"auto, (max-width: 1024px) 100vw, 1024px\" \/><\/figure>\n\n\n\n<p>Wie k\u00f6nnen Emotionen unsere Entscheidungen steuern?<\/p>\n\n\n\n<div class=\"wp-block-buttons is-layout-flex wp-block-buttons-is-layout-flex\">\n<div class=\"wp-block-button\"><a class=\"wp-block-button__link wp-element-button\" href=\"https:\/\/blogs.uni-bremen.de\/sozpsy\/wie-unsere-gefuehle-unsere-entscheidungen-steuern\/\">Mehr erfahren<\/a><\/div>\n<\/div>\n<\/div>\n\n\n\n<div class=\"wp-block-column is-layout-flow wp-block-column-is-layout-flow\" style=\"flex-basis:100%\">\n<h2 class=\"wp-block-heading\">Macht, Ann\u00e4herung und Hemm-schwellen<\/h2>\n\n\n\n<figure class=\"wp-block-image size-large\"><img loading=\"lazy\" decoding=\"async\" width=\"1024\" height=\"683\" src=\"https:\/\/blogs.uni-bremen.de\/sozpsy\/files\/Blogbeitrag-Macht-5-1024x683.jpeg\" alt=\"\" class=\"wp-image-408\" srcset=\"https:\/\/blogs.uni-bremen.de\/sozpsy\/files\/Blogbeitrag-Macht-5-1024x683.jpeg 1024w, https:\/\/blogs.uni-bremen.de\/sozpsy\/files\/Blogbeitrag-Macht-5-300x200.jpeg 300w, https:\/\/blogs.uni-bremen.de\/sozpsy\/files\/Blogbeitrag-Macht-5-768x512.jpeg 768w, https:\/\/blogs.uni-bremen.de\/sozpsy\/files\/Blogbeitrag-Macht-5-1536x1024.jpeg 1536w, https:\/\/blogs.uni-bremen.de\/sozpsy\/files\/Blogbeitrag-Macht-5-2048x1366.jpeg 2048w\" sizes=\"auto, (max-width: 1024px) 100vw, 1024px\" \/><\/figure>\n\n\n\n<p>Wie beeinflusst Macht, wie wir auf Feedback reagieren?<\/p>\n\n\n\n<div class=\"wp-block-buttons is-layout-flex wp-block-buttons-is-layout-flex\">\n<div class=\"wp-block-button\"><a class=\"wp-block-button__link wp-element-button\" href=\"https:\/\/blogs.uni-bremen.de\/sozpsy\/moege-die-macht-mit-dir-sein-warum-macht-beeinflusst-wie-wir-auf-leistungsfeedback-reagieren\/\">Mehr erfahren<\/a><\/div>\n<\/div>\n<\/div>\n\n\n\n<div class=\"wp-block-column is-layout-flow wp-block-column-is-layout-flow\" style=\"flex-basis:100%\">\n<h2 class=\"wp-block-heading\">Theorie des geplanten Verhaltens<\/h2>\n\n\n\n<figure class=\"wp-block-image size-large\"><img loading=\"lazy\" decoding=\"async\" width=\"1024\" height=\"668\" src=\"https:\/\/blogs.uni-bremen.de\/sozpsy\/files\/TPB_Theorie-des-geplanten-Verhaltens-Option2-1-1024x668.jpeg\" alt=\"\" class=\"wp-image-406\" srcset=\"https:\/\/blogs.uni-bremen.de\/sozpsy\/files\/TPB_Theorie-des-geplanten-Verhaltens-Option2-1-1024x668.jpeg 1024w, https:\/\/blogs.uni-bremen.de\/sozpsy\/files\/TPB_Theorie-des-geplanten-Verhaltens-Option2-1-300x196.jpeg 300w, https:\/\/blogs.uni-bremen.de\/sozpsy\/files\/TPB_Theorie-des-geplanten-Verhaltens-Option2-1-768x501.jpeg 768w, https:\/\/blogs.uni-bremen.de\/sozpsy\/files\/TPB_Theorie-des-geplanten-Verhaltens-Option2-1-1536x1002.jpeg 1536w, https:\/\/blogs.uni-bremen.de\/sozpsy\/files\/TPB_Theorie-des-geplanten-Verhaltens-Option2-1-2048x1336.jpeg 2048w\" sizes=\"auto, (max-width: 1024px) 100vw, 1024px\" \/><\/figure>\n\n\n\n<p>Wovon h\u00e4ngt es ab, dass wir etwas impulsiv kaufen?<\/p>\n\n\n\n<div class=\"wp-block-buttons is-layout-flex wp-block-buttons-is-layout-flex\">\n<div class=\"wp-block-button\"><a class=\"wp-block-button__link wp-element-button\" href=\"https:\/\/blogs.uni-bremen.de\/sozpsy\/huch-warum-liegt-denn-so-viel-im-einkaufswagen-wovon-abhaengt-ob-wir-etwas-impulsiv-kaufen\/\">Mehr erfahren<\/a><\/div>\n<\/div>\n<\/div>\n<\/div>\n\n\n\n<div style=\"height:100px\" aria-hidden=\"true\" class=\"wp-block-spacer\"><\/div>\n\n\n\n<p>Wir w\u00fcnschen euch ganz viel Spa\u00df damit!<br \/>Eure Wipsys<\/p>\n\n\n\n<p><a href=\"https:\/\/blogs.uni-bremen.de\/sozpsy\/glossar\/\" data-type=\"page\" data-id=\"297\">zum Glossar<\/a><\/p>\n","protected":false},"excerpt":{"rendered":"<p>Hallo liebe Leser:innen! Willkommen auf unserem Blog, wo wir, die Masterstudierende Wirtschaftspsychologie 23\/24, euch in die Welt der Sozialpsychologie und ihrer Bedeutung f\u00fcr den Alltag [&hellip;]<\/p>\n","protected":false},"author":16066,"featured_media":0,"parent":0,"menu_order":0,"comment_status":"closed","ping_status":"closed","template":"","meta":{"_bbp_topic_count":0,"_bbp_reply_count":0,"_bbp_total_topic_count":0,"_bbp_total_reply_count":0,"_bbp_voice_count":0,"_bbp_anonymous_reply_count":0,"_bbp_topic_count_hidden":0,"_bbp_reply_count_hidden":0,"_bbp_forum_subforum_count":0,"footnotes":""},"class_list":["post-19","page","type-page","status-publish","hentry"],"_links":{"self":[{"href":"https:\/\/blogs.uni-bremen.de\/sozpsy\/wp-json\/wp\/v2\/pages\/19","targetHints":{"allow":["GET"]}}],"collection":[{"href":"https:\/\/blogs.uni-bremen.de\/sozpsy\/wp-json\/wp\/v2\/pages"}],"about":[{"href":"https:\/\/blogs.uni-bremen.de\/sozpsy\/wp-json\/wp\/v2\/types\/page"}],"author":[{"embeddable":true,"href":"https:\/\/blogs.uni-bremen.de\/sozpsy\/wp-json\/wp\/v2\/users\/16066"}],"replies":[{"embeddable":true,"href":"https:\/\/blogs.uni-bremen.de\/sozpsy\/wp-json\/wp\/v2\/comments?post=19"}],"version-history":[{"count":10,"href":"https:\/\/blogs.uni-bremen.de\/sozpsy\/wp-json\/wp\/v2\/pages\/19\/revisions"}],"predecessor-version":[{"id":413,"href":"https:\/\/blogs.uni-bremen.de\/sozpsy\/wp-json\/wp\/v2\/pages\/19\/revisions\/413"}],"wp:attachment":[{"href":"https:\/\/blogs.uni-bremen.de\/sozpsy\/wp-json\/wp\/v2\/media?parent=19"}],"curies":[{"name":"wp","href":"https:\/\/api.w.org\/{rel}","templated":true}]}}