{"id":296,"date":"2026-01-20T13:51:06","date_gmt":"2026-01-20T12:51:06","guid":{"rendered":"https:\/\/blogs.uni-bremen.de\/solidaritaetimquadrat\/?page_id=296"},"modified":"2026-04-14T14:14:52","modified_gmt":"2026-04-14T12:14:52","slug":"programm","status":"publish","type":"page","link":"https:\/\/blogs.uni-bremen.de\/solidaritaetimquadrat\/programm\/","title":{"rendered":"Programm"},"content":{"rendered":"<p><img loading=\"lazy\" decoding=\"async\" class=\"alignnone size-medium wp-image-300\" src=\"https:\/\/blogs.uni-bremen.de\/solidaritaetimquadrat\/files\/1-212x300.png\" alt=\"\" width=\"212\" height=\"300\" srcset=\"https:\/\/blogs.uni-bremen.de\/solidaritaetimquadrat\/files\/1-212x300.png 212w, https:\/\/blogs.uni-bremen.de\/solidaritaetimquadrat\/files\/1-724x1024.png 724w, https:\/\/blogs.uni-bremen.de\/solidaritaetimquadrat\/files\/1-768x1086.png 768w, https:\/\/blogs.uni-bremen.de\/solidaritaetimquadrat\/files\/1-1086x1536.png 1086w, https:\/\/blogs.uni-bremen.de\/solidaritaetimquadrat\/files\/1.png 1414w\" sizes=\"auto, (max-width: 212px) 100vw, 212px\" \/><img loading=\"lazy\" decoding=\"async\" class=\"alignnone size-medium wp-image-505\" src=\"https:\/\/blogs.uni-bremen.de\/solidaritaetimquadrat\/files\/2-3-213x300.png\" alt=\"\" width=\"213\" height=\"300\" srcset=\"https:\/\/blogs.uni-bremen.de\/solidaritaetimquadrat\/files\/2-3-213x300.png 213w, https:\/\/blogs.uni-bremen.de\/solidaritaetimquadrat\/files\/2-3-726x1024.png 726w, https:\/\/blogs.uni-bremen.de\/solidaritaetimquadrat\/files\/2-3-768x1083.png 768w, https:\/\/blogs.uni-bremen.de\/solidaritaetimquadrat\/files\/2-3-1090x1536.png 1090w, https:\/\/blogs.uni-bremen.de\/solidaritaetimquadrat\/files\/2-3.png 1240w\" sizes=\"auto, (max-width: 213px) 100vw, 213px\" \/><\/p>\n<p>&nbsp;<\/p>\n<p><a href=\"https:\/\/blogs.uni-bremen.de\/solidaritaetimquadrat\/programm\/20-03-2026-postkolonialer-hafenrundgang\/\"><span style=\"font-family: georgia, palatino, serif;font-size: 12pt\">20.03.2026 Postkolonialer Hafenrundgang<\/span><\/a><\/p>\n<p class=\"wp-block-post-title\"><span style=\"font-family: georgia, palatino, serif;font-size: 12pt\"><a href=\"https:\/\/blogs.uni-bremen.de\/solidaritaetimquadrat\/programm\/25-3-2026-dekoloniale-kuenstlerische-forschung-und-interventionen-was-kommt-danach\/\">25.03.2026 Dekoloniale K\u00fcnstlerische Forschung und Interventionen \u2013 Was kommt danach?<\/a><\/span><\/p>\n<p><span style=\"font-family: georgia, palatino, serif;font-size: 12pt\"><a href=\"https:\/\/blogs.uni-bremen.de\/solidaritaetimquadrat\/programm\/26-03-2026-fuehrung-durch-die-ausstellung\/\">26.03.2026 F\u00fchrung durch die Ausstellung<\/a><\/span><\/p>\n<p><span style=\"font-family: georgia, palatino, serif;font-size: 12pt\"><a href=\"https:\/\/blogs.uni-bremen.de\/solidaritaetimquadrat\/programm\/27-03-2026-postkoloniales-museum-fuehrung-und-diskussion-im-uebersee-museum-bremen\/\">27.03.2026 Postkoloniales Museum &#8211; F\u00fchrung und Diskussion im \u00dcbersee-Museum Bremen<\/a><\/span><\/p>\n<p><span style=\"font-family: georgia, palatino, serif;font-size: 12pt\"><a href=\"https:\/\/blogs.uni-bremen.de\/solidaritaetimquadrat\/programm\/21-04-2026-frauen-gegen-apartheit-suedafrika-boykott-der-evangelischen-frauenhilfe-in-bremen\/\">21.04. 2026 Frauen gegen Apartheid &#8211; S\u00fcdafrika-Boykott der Evangelischen Frauenhilfe in Bremen<\/a><\/span><\/p>\n<p><span style=\"font-family: georgia, palatino, serif;font-size: 12pt\"><a href=\"https:\/\/blogs.uni-bremen.de\/solidaritaetimquadrat\/programm\/25-04-2026-von-grossen-worten-und-kleinen-gesten\/\">25.04.2026 Von gro\u00dfen Worten und kleinen Gesten<\/a><\/span><\/p>\n<p><span style=\"font-family: georgia, palatino, serif;font-size: 12pt\"><a href=\"https:\/\/blogs.uni-bremen.de\/solidaritaetimquadrat\/programm\/25-04-2026-poetry-remembrance-resistance-and-repair\/\">25.04.2026 Poetry. Remembrance, Resistance and Repair<\/a><\/span><\/p>\n<p><span style=\"font-family: georgia, palatino, serif;font-size: 12pt\"><a href=\"https:\/\/blogs.uni-bremen.de\/solidaritaetimquadrat\/preview-image-restitution\/\">+++abgesagt+++ 03.05.2026 Preview: Image Restitution +++abgesagt+++<\/a><\/span><\/p>\n<p><a href=\"https:\/\/blogs.uni-bremen.de\/solidaritaetimquadrat\/programm\/namibia-today-philemons-fotografien-am-anfang\/\"><span style=\"font-family: georgia, palatino, serif;font-size: 12pt\">03.05.2026 Kurzfilmprogramm: Namibia Today!<\/span><\/a><\/p>\n<p><span style=\"font-family: georgia, palatino, serif;font-size: 12pt\"><a href=\"https:\/\/blogs.uni-bremen.de\/solidaritaetimquadrat\/programm\/29-05-2026-vernetzung-in-dekolonialer-und-rassismuskritischer-bildungsarbeit\/\">29.05.2026 Vernetzung in dekolonialer und rassismuskritischer Bildungsarbeit<\/a><\/span><\/p>\n<p><span style=\"font-family: georgia, palatino, serif;font-size: 12pt\"><a href=\"https:\/\/blogs.uni-bremen.de\/solidaritaetimquadrat\/programm\/01-06-2026-voices-of-liberation-andimba-toivo-ya-toivo-a-namibian-struggle-icon\/\">01.06.2026 Book Launch &#8211; Voices of Liberation: Andimba Toivo ya Toivo \u2013 A namibian Struggle Icon<\/a><\/span><\/p>\n<p><span style=\"font-family: georgia, palatino, serif;font-size: 12pt\"><a href=\"https:\/\/blogs.uni-bremen.de\/solidaritaetimquadrat\/programm\/05-06-2026-postkolonialer-stadtrundgang\/\">05.06.2026 Postkolonialer Stadtrundgang<\/a><\/span><\/p>\n<p><span style=\"font-family: georgia, palatino, serif;font-size: 12pt\"><a href=\"https:\/\/blogs.uni-bremen.de\/solidaritaetimquadrat\/programm\/09-06-2026-sichtbar-werden-auf-den-spuren-der-kaempfe-linker-afrikanerinnen-in-hamburg\/\">09.06.2026 Sichtbar werden. Auf den Spuren der K\u00e4mpfe linker Afrikaner*innen in Hamburg<\/a><\/span><\/p>\n","protected":false},"excerpt":{"rendered":"<p>&nbsp; 20.03.2026 Postkolonialer Hafenrundgang 25.03.2026 Dekoloniale K\u00fcnstlerische Forschung und Interventionen \u2013 Was kommt danach? 26.03.2026 F\u00fchrung durch die Ausstellung 27.03.2026 Postkoloniales Museum &#8211; F\u00fchrung und Diskussion im \u00dcbersee-Museum Bremen 21.04. 2026 Frauen gegen Apartheid &#8211; S\u00fcdafrika-Boykott der Evangelischen Frauenhilfe in Bremen 25.04.2026 Von gro\u00dfen Worten und kleinen Gesten 25.04.2026 Poetry. Remembrance, Resistance and Repair +++abgesagt+++ [&hellip;]<\/p>\n","protected":false},"author":12721,"featured_media":0,"parent":0,"menu_order":0,"comment_status":"closed","ping_status":"closed","template":"","meta":{"_bbp_topic_count":0,"_bbp_reply_count":0,"_bbp_total_topic_count":0,"_bbp_total_reply_count":0,"_bbp_voice_count":0,"_bbp_anonymous_reply_count":0,"_bbp_topic_count_hidden":0,"_bbp_reply_count_hidden":0,"_bbp_forum_subforum_count":0,"footnotes":""},"class_list":["post-296","page","type-page","status-publish","hentry"],"_links":{"self":[{"href":"https:\/\/blogs.uni-bremen.de\/solidaritaetimquadrat\/wp-json\/wp\/v2\/pages\/296","targetHints":{"allow":["GET"]}}],"collection":[{"href":"https:\/\/blogs.uni-bremen.de\/solidaritaetimquadrat\/wp-json\/wp\/v2\/pages"}],"about":[{"href":"https:\/\/blogs.uni-bremen.de\/solidaritaetimquadrat\/wp-json\/wp\/v2\/types\/page"}],"author":[{"embeddable":true,"href":"https:\/\/blogs.uni-bremen.de\/solidaritaetimquadrat\/wp-json\/wp\/v2\/users\/12721"}],"replies":[{"embeddable":true,"href":"https:\/\/blogs.uni-bremen.de\/solidaritaetimquadrat\/wp-json\/wp\/v2\/comments?post=296"}],"version-history":[{"count":15,"href":"https:\/\/blogs.uni-bremen.de\/solidaritaetimquadrat\/wp-json\/wp\/v2\/pages\/296\/revisions"}],"predecessor-version":[{"id":506,"href":"https:\/\/blogs.uni-bremen.de\/solidaritaetimquadrat\/wp-json\/wp\/v2\/pages\/296\/revisions\/506"}],"wp:attachment":[{"href":"https:\/\/blogs.uni-bremen.de\/solidaritaetimquadrat\/wp-json\/wp\/v2\/media?parent=296"}],"curies":[{"name":"wp","href":"https:\/\/api.w.org\/{rel}","templated":true}]}}